{"id":6,"date":"2024-04-03T23:12:28","date_gmt":"2024-04-03T20:12:28","guid":{"rendered":"https:\/\/sisu.ut.ee\/infoallikad\/faktiandmebaasid\/"},"modified":"2024-04-11T14:02:25","modified_gmt":"2024-04-11T11:02:25","slug":"faktiandmebaasid","status":"publish","type":"page","link":"https:\/\/sisu.ut.ee\/infoallikad\/faktiandmebaasid\/","title":{"rendered":"Faktiandmebaasid"},"content":{"rendered":"<p>Faktiandmebaasid sisaldavad faktiinformatsiooni, n\u00e4iteks aadresse, majandusn\u00e4itajaid, f\u00fc\u00fcsikalisi, keemilisi, geograafilisi ja statistilisi andmeid.<\/p>\n<p><strong>N\u00e4iteid<\/strong><\/p>\n<p><a href=\"http:\/\/arikataloog.ee\/\" target=\"_blank\" rel=\"noopener\">Eesti \u00e4rikataloog\u00a0<\/a><\/p>\n<p><img loading=\"lazy\" decoding=\"async\" class=\"alignnone wp-image-39\" title=\"journal.gif\" src=\"https:\/\/sisu.ut.ee\/wp-content\/uploads\/sites\/34\/journal.gif\" alt=\"journal.gif\" width=\"226\" height=\"305\"><\/p>\n<p><a href=\"https:\/\/www.cia.gov\/library\/publications\/the-world-factbook\/\" target=\"_blank\" rel=\"noopener\">CIA World Factbook<\/a><a href=\"https:\/\/www.cia.gov\/library\/publications\/the-world-factbook\/\" target=\"_blank\" rel=\"noopener\">\u00a0<\/a><\/p>\n<p><img loading=\"lazy\" decoding=\"async\" class=\"alignnone wp-image-40\" title=\"akadeemia.png\" src=\"https:\/\/sisu.ut.ee\/wp-content\/uploads\/sites\/34\/akadeemia.png\" alt=\"akadeemia.png\" width=\"224\" height=\"227\" srcset=\"https:\/\/sisu.ut.ee\/wp-content\/uploads\/sites\/34\/akadeemia.png 373w, https:\/\/sisu.ut.ee\/wp-content\/uploads\/sites\/34\/akadeemia-296x300.png 296w\" sizes=\"auto, (max-width: 224px) 100vw, 224px\"><\/p>\n","protected":false},"excerpt":{"rendered":"<p>Faktiandmebaasid sisaldavad faktiinformatsiooni, n\u00e4iteks aadresse, majandusn\u00e4itajaid, f\u00fc\u00fcsikalisi, keemilisi, geograafilisi ja statistilisi andmeid. N\u00e4iteid Eesti \u00e4rikataloog\u00a0 CIA World Factbook\u00a0<\/p>\n","protected":false},"author":5,"featured_media":0,"parent":0,"menu_order":0,"comment_status":"closed","ping_status":"closed","template":"","meta":{"_acf_changed":false,"inline_featured_image":false,"footnotes":""},"class_list":["post-6","page","type-page","status-publish","hentry"],"acf":[],"_links":{"self":[{"href":"https:\/\/sisu.ut.ee\/infoallikad\/wp-json\/wp\/v2\/pages\/6","targetHints":{"allow":["GET"]}}],"collection":[{"href":"https:\/\/sisu.ut.ee\/infoallikad\/wp-json\/wp\/v2\/pages"}],"about":[{"href":"https:\/\/sisu.ut.ee\/infoallikad\/wp-json\/wp\/v2\/types\/page"}],"author":[{"embeddable":true,"href":"https:\/\/sisu.ut.ee\/infoallikad\/wp-json\/wp\/v2\/users\/5"}],"replies":[{"embeddable":true,"href":"https:\/\/sisu.ut.ee\/infoallikad\/wp-json\/wp\/v2\/comments?post=6"}],"version-history":[{"count":2,"href":"https:\/\/sisu.ut.ee\/infoallikad\/wp-json\/wp\/v2\/pages\/6\/revisions"}],"predecessor-version":[{"id":134,"href":"https:\/\/sisu.ut.ee\/infoallikad\/wp-json\/wp\/v2\/pages\/6\/revisions\/134"}],"wp:attachment":[{"href":"https:\/\/sisu.ut.ee\/infoallikad\/wp-json\/wp\/v2\/media?parent=6"}],"curies":[{"name":"wp","href":"https:\/\/api.w.org\/{rel}","templated":true}]}}