{"id":5,"date":"2024-04-03T23:12:28","date_gmt":"2024-04-03T20:12:28","guid":{"rendered":"https:\/\/sisu.ut.ee\/infoallikad\/taistekstandmebaasid\/"},"modified":"2024-04-03T23:12:43","modified_gmt":"2024-04-03T20:12:43","slug":"taistekstandmebaasid","status":"publish","type":"page","link":"https:\/\/sisu.ut.ee\/infoallikad\/taistekstandmebaasid\/","title":{"rendered":"T\u00e4istekstandmebaasid"},"content":{"rendered":"<p><span data-mce-mark=\"1\">T\u00e4istekstandmebaasid sisaldavad artiklite, raamatute v\u00f5i muude dokumentide t\u00e4istekste, samuti pilte, tabeleid, audio-ja videofaile.<\/span><\/p>\n<p><span>Paljud andmebaasid v\u00f5ivad samaaegselt sisaldada erineva s\u00fcgavusega informatsiooni. M\u00f5ne artikli kohta on ainult bibliograafilised andmed, m\u00f5ne kohta sisukokkuv\u00f5te ning v\u00f5imalusel on lisatud ka t\u00e4istekstid. N\u00e4iteks EBSCO andmebaas <em>Academic Search Complete<\/em> sisaldab \u00fcle 12 000 ajakirja artiklite bibliograafilisi andmeid ja sisukokkuv\u00f5tteid, neist rohkem kui pooltel on ka t\u00e4istekstid k\u00e4ttesaadavad.\u00a0<\/span><\/p>\n","protected":false},"excerpt":{"rendered":"<p>T\u00e4istekstandmebaasid sisaldavad artiklite, raamatute v\u00f5i muude dokumentide t\u00e4istekste, samuti pilte, tabeleid, audio-ja videofaile. Paljud andmebaasid v\u00f5ivad samaaegselt sisaldada erineva s\u00fcgavusega informatsiooni. M\u00f5ne artikli kohta on ainult bibliograafilised andmed, m\u00f5ne kohta sisukokkuv\u00f5te ning v\u00f5imalusel on lisatud ka t\u00e4istekstid. N\u00e4iteks EBSCO andmebaas &#8230;<\/p>\n","protected":false},"author":5,"featured_media":0,"parent":0,"menu_order":0,"comment_status":"closed","ping_status":"closed","template":"","meta":{"_acf_changed":false,"inline_featured_image":false,"footnotes":""},"class_list":["post-5","page","type-page","status-publish","hentry"],"acf":[],"_links":{"self":[{"href":"https:\/\/sisu.ut.ee\/infoallikad\/wp-json\/wp\/v2\/pages\/5","targetHints":{"allow":["GET"]}}],"collection":[{"href":"https:\/\/sisu.ut.ee\/infoallikad\/wp-json\/wp\/v2\/pages"}],"about":[{"href":"https:\/\/sisu.ut.ee\/infoallikad\/wp-json\/wp\/v2\/types\/page"}],"author":[{"embeddable":true,"href":"https:\/\/sisu.ut.ee\/infoallikad\/wp-json\/wp\/v2\/users\/5"}],"replies":[{"embeddable":true,"href":"https:\/\/sisu.ut.ee\/infoallikad\/wp-json\/wp\/v2\/comments?post=5"}],"version-history":[{"count":1,"href":"https:\/\/sisu.ut.ee\/infoallikad\/wp-json\/wp\/v2\/pages\/5\/revisions"}],"predecessor-version":[{"id":97,"href":"https:\/\/sisu.ut.ee\/infoallikad\/wp-json\/wp\/v2\/pages\/5\/revisions\/97"}],"wp:attachment":[{"href":"https:\/\/sisu.ut.ee\/infoallikad\/wp-json\/wp\/v2\/media?parent=5"}],"curies":[{"name":"wp","href":"https:\/\/api.w.org\/{rel}","templated":true}]}}