{"id":4,"date":"2024-04-03T23:12:28","date_gmt":"2024-04-03T20:12:28","guid":{"rendered":"https:\/\/sisu.ut.ee\/infoallikad\/viiteandmebaasid\/"},"modified":"2024-04-11T14:01:41","modified_gmt":"2024-04-11T11:01:41","slug":"viiteandmebaasid","status":"publish","type":"page","link":"https:\/\/sisu.ut.ee\/infoallikad\/viiteandmebaasid\/","title":{"rendered":"Viiteandmebaasid"},"content":{"rendered":"<p><strong>Viiteandmebaasid<\/strong>\u00a0sisaldavad viiteid originaalinformatsioonile, st infot selle kohta, kust materjale leida. Viiteandmebaasid on n\u00e4iteks raamatukogude kataloogid, bibliograafia- ja referaatandmebaasid, \u00a0kuid ka raamatukaupluste andmebaasid.<\/p>\n<p id=\"yui_3_9_1_2_1376294605664_119\"><strong>Bibliograafiaandmebaasid<\/strong><span data-mce-mark=\"1\">\u00a0<\/span>sisaldavad andmeid ilmunud kirjanduse kohta (autor, pealkiri, ajakirja pealkiri, ilmumisaeg, ilmumiskoht jne) . Bibliograafiliste andmete abil saab otsida originaalv\u00e4ljaandeid \u2013 raamatuid, artikleid, konverentsiettekandeid, teadust\u00f6id jne.<span data-mce-mark=\"1\">\u00a0<\/span><\/p>\n<p><strong>N\u00e4ide<\/strong>\u00a0bibliograafilisest kirjest Eesti artiklite andmebaasis ISE. L\u00fchiloetelus on n\u00e4ha andmed, mille j\u00e4rgi on v\u00f5imalik artikkel \u00fcles leida.<\/p>\n<p><img loading=\"lazy\" decoding=\"async\" class=\"alignnone wp-image-37\" title=\"eesti_piirkondlik_valjaanne_2018_0.png\" src=\"https:\/\/sisu.ut.ee\/wp-content\/uploads\/sites\/34\/eesti_piirkondlik_valjaanne_2018_0.png\" alt=\"eesti_piirkondlik_valjaanne_2018_0.png\" width=\"243\" height=\"340\" srcset=\"https:\/\/sisu.ut.ee\/wp-content\/uploads\/sites\/34\/eesti_piirkondlik_valjaanne_2018_0.png 456w, https:\/\/sisu.ut.ee\/wp-content\/uploads\/sites\/34\/eesti_piirkondlik_valjaanne_2018_0-214x300.png 214w\" sizes=\"auto, (max-width: 243px) 100vw, 243px\"><\/p>\n<p><strong>Referaatandmebaasid<\/strong>\u00a0sisaldavad lisaks bibliograafilistele andmetele ka raamatu, artikli, filmi vms sisukokkuv\u00f5tet. Paljudel erialadel on olemas eriala referaatandmebaasid.<\/p>\n<p><strong>N\u00e4ide<\/strong>: kirje haridusalasest andmebaasist ERIC<span data-mce-mark=\"1\">\u00a0<\/span><a href=\"http:\/\/www.eric.ed.gov\/\" target=\"_blank\" rel=\"noopener\">http:\/\/www.eric.ed.gov\/<\/a><\/p>\n<p><img loading=\"lazy\" decoding=\"async\" class=\"alignnone wp-image-38\" title=\"philosophia_mat.gif\" src=\"https:\/\/sisu.ut.ee\/wp-content\/uploads\/sites\/34\/philosophia_mat.gif\" alt=\"philosophia_mat.gif\" width=\"240\" height=\"313\"><\/p>\n","protected":false},"excerpt":{"rendered":"<p>Viiteandmebaasid\u00a0sisaldavad viiteid originaalinformatsioonile, st infot selle kohta, kust materjale leida. Viiteandmebaasid on n\u00e4iteks raamatukogude kataloogid, bibliograafia- ja referaatandmebaasid, \u00a0kuid ka raamatukaupluste andmebaasid. Bibliograafiaandmebaasid\u00a0sisaldavad andmeid ilmunud kirjanduse kohta (autor, pealkiri, ajakirja pealkiri, ilmumisaeg, ilmumiskoht jne) . Bibliograafiliste andmete abil saab otsida &#8230;<\/p>\n","protected":false},"author":5,"featured_media":0,"parent":0,"menu_order":0,"comment_status":"closed","ping_status":"closed","template":"","meta":{"_acf_changed":false,"inline_featured_image":false,"footnotes":""},"class_list":["post-4","page","type-page","status-publish","hentry"],"acf":[],"_links":{"self":[{"href":"https:\/\/sisu.ut.ee\/infoallikad\/wp-json\/wp\/v2\/pages\/4","targetHints":{"allow":["GET"]}}],"collection":[{"href":"https:\/\/sisu.ut.ee\/infoallikad\/wp-json\/wp\/v2\/pages"}],"about":[{"href":"https:\/\/sisu.ut.ee\/infoallikad\/wp-json\/wp\/v2\/types\/page"}],"author":[{"embeddable":true,"href":"https:\/\/sisu.ut.ee\/infoallikad\/wp-json\/wp\/v2\/users\/5"}],"replies":[{"embeddable":true,"href":"https:\/\/sisu.ut.ee\/infoallikad\/wp-json\/wp\/v2\/comments?post=4"}],"version-history":[{"count":2,"href":"https:\/\/sisu.ut.ee\/infoallikad\/wp-json\/wp\/v2\/pages\/4\/revisions"}],"predecessor-version":[{"id":133,"href":"https:\/\/sisu.ut.ee\/infoallikad\/wp-json\/wp\/v2\/pages\/4\/revisions\/133"}],"wp:attachment":[{"href":"https:\/\/sisu.ut.ee\/infoallikad\/wp-json\/wp\/v2\/media?parent=4"}],"curies":[{"name":"wp","href":"https:\/\/api.w.org\/{rel}","templated":true}]}}