{"id":3,"date":"2024-04-03T23:12:28","date_gmt":"2024-04-03T20:12:28","guid":{"rendered":"https:\/\/sisu.ut.ee\/infoallikad\/andmebaasid\/"},"modified":"2024-10-06T14:57:48","modified_gmt":"2024-10-06T11:57:48","slug":"andmebaasid","status":"publish","type":"page","link":"https:\/\/sisu.ut.ee\/infoallikad\/andmebaasid\/","title":{"rendered":"Andmebaasid"},"content":{"rendered":"<h2><\/h2>\n<p>Andmebaas on \u00fchise kasutajaliidese ja andmete otsingut ning k\u00e4itlust v\u00f5imaldava tarkvaraga varustatud elektrooniliselt talletatud andmekogum \u2013 faktid, bibliokirjed (nt raamatukogude e-kataloogid), tekstid jm.<\/p>\n<p>Andmebaasis sisalduvate andmete t\u00fc\u00fcbi j\u00e4rgi saab neid jaotada faktip\u00f5histeks ja tekstip\u00f5histeks. N\u00e4iteks:<\/p>\n<table class=\"table table-hover\" border=\"1\">\n<caption>\u00a0<\/caption>\n<tbody>\n<tr>\n<td><strong>Faktip\u00f5hised<\/strong><\/td>\n<td><strong>Tekstip\u00f5hised<\/strong><\/td>\n<\/tr>\n<tr>\n<td><a href=\"http:\/\/www.arikataloog.ee\/\" target=\"_blank\" rel=\"noopener\">\u00c4rikataloog<\/a><a href=\"http:\/\/pub.stat.ee\/px-web.2001\/dialog\/statfile2.asp\" target=\"_blank\" rel=\"noopener\">Eesti Statistika<\/a>\n<p><a href=\"https:\/\/www.cia.gov\/the-world-factbook\/\" target=\"_blank\" rel=\"noopener\">CIA World Factbook<\/a><\/p><\/td>\n<td><a href=\"http:\/\/riigiteataja.ee\/\" target=\"_blank\" rel=\"noopener\">Riigi Teataja<\/a><a href=\"http:\/\/ise.elnet.ee\/\" target=\"_blank\" rel=\"noopener\">Eesti artiklite andmebaas ISE<\/a>\n<p><a href=\"http:\/\/eric.ed.gov\/\" target=\"_blank\" rel=\"noopener\">Haridusalane andmebaas ERIC<\/a><\/p><\/td>\n<\/tr>\n<\/tbody>\n<\/table>\n<p>\u00dcldise sisuga andmebaasid sisaldavad infot erinevatest valdkondadest. Nt Eesti artiklite andmebaas ISE v\u00f5i EBSCO andmebaasid Academic Search Complete ja MasterFILE Premier. Need sobivad v\u00e4ga h\u00e4sti nii m\u00f5nel \u00fcldhuvitaval teemal kui ka erialaseks infootsinguks.<\/p>\n<p>Erialased andmebaasid koondavad infot \u00fche valdkonna v\u00f5i kitsama eriala ilmunud artiklite kohta, nt EBSCO andmebaaside all k\u00e4ttesaadavad haridusalane andmebaas ERIC, meditsiiniandmebaas MEDLINE jt. Enamasti sisaldavad nad infot ka muude v\u00e4ljaannete kohta, nt raamatud, konverentsimaterjalid, dissertatsioonid).<\/p>\n","protected":false},"excerpt":{"rendered":"<p>Andmebaas on \u00fchise kasutajaliidese ja andmete otsingut ning k\u00e4itlust v\u00f5imaldava tarkvaraga varustatud elektrooniliselt talletatud andmekogum \u2013 faktid, bibliokirjed (nt raamatukogude e-kataloogid), tekstid jm. Andmebaasis sisalduvate andmete t\u00fc\u00fcbi j\u00e4rgi saab neid jaotada faktip\u00f5histeks ja tekstip\u00f5histeks. N\u00e4iteks: \u00a0 Faktip\u00f5hised Tekstip\u00f5hised \u00c4rikataloogEesti Statistika &#8230;<\/p>\n","protected":false},"author":5,"featured_media":0,"parent":0,"menu_order":0,"comment_status":"closed","ping_status":"closed","template":"","meta":{"_acf_changed":false,"inline_featured_image":false,"footnotes":""},"class_list":["post-3","page","type-page","status-publish","hentry"],"acf":[],"_links":{"self":[{"href":"https:\/\/sisu.ut.ee\/infoallikad\/wp-json\/wp\/v2\/pages\/3","targetHints":{"allow":["GET"]}}],"collection":[{"href":"https:\/\/sisu.ut.ee\/infoallikad\/wp-json\/wp\/v2\/pages"}],"about":[{"href":"https:\/\/sisu.ut.ee\/infoallikad\/wp-json\/wp\/v2\/types\/page"}],"author":[{"embeddable":true,"href":"https:\/\/sisu.ut.ee\/infoallikad\/wp-json\/wp\/v2\/users\/5"}],"replies":[{"embeddable":true,"href":"https:\/\/sisu.ut.ee\/infoallikad\/wp-json\/wp\/v2\/comments?post=3"}],"version-history":[{"count":3,"href":"https:\/\/sisu.ut.ee\/infoallikad\/wp-json\/wp\/v2\/pages\/3\/revisions"}],"predecessor-version":[{"id":150,"href":"https:\/\/sisu.ut.ee\/infoallikad\/wp-json\/wp\/v2\/pages\/3\/revisions\/150"}],"wp:attachment":[{"href":"https:\/\/sisu.ut.ee\/infoallikad\/wp-json\/wp\/v2\/media?parent=3"}],"curies":[{"name":"wp","href":"https:\/\/api.w.org\/{rel}","templated":true}]}}