{"id":24,"date":"2024-04-03T23:12:29","date_gmt":"2024-04-03T20:12:29","guid":{"rendered":"https:\/\/sisu.ut.ee\/infoallikad\/teadusajakirjad-0\/"},"modified":"2024-04-11T13:58:13","modified_gmt":"2024-04-11T10:58:13","slug":"teadusajakirjad-0","status":"publish","type":"page","link":"https:\/\/sisu.ut.ee\/infoallikad\/teadusajakirjad-0\/","title":{"rendered":"Teadusajakirjad"},"content":{"rendered":"<p><strong>Teadusajakirja tunnused:<\/strong><\/p>\n<ul style=\"list-style-type: circle;\">\n<li>ajakirja sihtgrupp on teadlased, uurimist\u00f6\u00f6ga tegelejad, erialaspetsialistid;<\/li>\n<li>artiklite autorid on erialaspetsialistid;<\/li>\n<li>ajakirja v\u00e4ljaandja on teadusasutus, erialaorganisatsioon v\u00f5i teaduskirjastus;<\/li>\n<li>ajakiri sisaldab teemat s\u00fcgavuti uurivaid artikleid, millele on lisatud sisukokkuv\u00f5te ja viidatud allikate loetelu (bibliograafia);<\/li>\n<li>tagasihoidlik kujundus, ei sisalda kommertsreklaami.<\/li>\n<\/ul>\n<p>Teadusajakirjad jaotatakse\u00a0<strong style=\"line-height: 1.6em;\">eelretsenseeritud<\/strong>\u00a0(<em>peer-reviewed<\/em>, <em>refereed)<\/em> ja\u00a0eelretsenseerimata ajakirjadeks. Eelretsenseerimine t\u00e4hendab, et enne ilmumist on artikleid hinnanud erialateadlased.<\/p>\n<p>Eriala teadusajakirjadest leiate oma t\u00f6\u00f6de kirjutamisel vajalikke teemakohaseid artikleid, saate olla kursis antud valdkonnas tehtud uurimustega ja nende tulemustega.<\/p>\n<p>Tartu \u00dclikoolile avatud e-ajakirjade leidmiseks kasutage<a href=\"http:\/\/search.ebscohost.com.ezproxy.utlib.ut.ee\/login.aspx?authtype=ip,uid&amp;group=ftf&amp;profile=pfi\" target=\"_blank\" rel=\"noopener\">\u00a0<\/a><a title=\"\" href=\"http:\/\/search.ebscohost.com\/login.aspx?authtype=ip,guest&amp;custid=ylikool&amp;groupid=main&amp;profile=pfi\" target=\"_blank\" rel=\"noopener\" data-url=\"http:\/\/search.ebscohost.com\/login.aspx?authtype=ip,guest&amp;custid=ylikool&amp;groupid=main&amp;profile=pfi\">e-ajakirjade ja e-raamatute kataloogi<\/a><a href=\"http:\/\/search.ebscohost.com.ezproxy.utlib.ut.ee\/login.aspx?authtype=ip,uid&amp;group=ftf&amp;profile=pfi\" target=\"_blank\" rel=\"noopener\">\u00a0<\/a>, raamatukogus olevate paberajakirjade leidmiseks\u00a0e-kataloogi ESTER\u00a0<a href=\"https:\/\/www.ester.ee\" target=\"_blank\" rel=\"noopener\">https:\/\/www.ester.ee<\/a>. Sarnased portaalid ja kataloogid on ka teistel \u00fclikoolidel.<\/p>\n<table class=\"table table-hover\" border=\"0\">\n<tbody>\n<tr>\n<td valign=\"top\"><img loading=\"lazy\" decoding=\"async\" class=\"alignnone wp-image-49\" title=\"oil_shale.png\" src=\"https:\/\/sisu.ut.ee\/wp-content\/uploads\/sites\/34\/oil_shale.png\" alt=\"oil_shale.png\" width=\"137\" height=\"208\"><br>\nOil Shale = \u0413\u043e\u0440\u044e\u0447\u0438\u0435 \u0421\u043b\u0430\u043d\u0446\u044b\n<p>(P\u00f5levkivi,\u00a0Eestis v\u00e4ljaantav\u00a0eelretsenseeritud teadusajakiri)<\/p><\/td>\n<td valign=\"top\"><img loading=\"lazy\" decoding=\"async\" class=\"alignnone wp-image-38\" title=\"philosophia_mat.gif\" src=\"https:\/\/sisu.ut.ee\/wp-content\/uploads\/sites\/34\/philosophia_mat.gif\" alt=\"philosophia_mat.gif\" width=\"158\" height=\"207\"><br>\nPhilosophia Mathematica<\/td>\n<td valign=\"top\"><img loading=\"lazy\" decoding=\"async\" class=\"alignnone wp-image-39\" title=\"journal.gif\" src=\"https:\/\/sisu.ut.ee\/wp-content\/uploads\/sites\/34\/journal.gif\" alt=\"journal.gif\" width=\"152\" height=\"206\"><br>\nEuropean Journal of Political Theory<\/td>\n<\/tr>\n<\/tbody>\n<\/table>\n<p>Teadusajakirjadele on t\u00fc\u00fcpiline esikaane tagasihoidlik kujundus. Sageli on pealkirjast aru saada, mis teemal artikleid ajakiri sisaldab.<\/p>\n<p><strong>Teadusartiklid<\/strong><\/p>\n<p>Teadusartiklis avaldatakse uurimist\u00f6\u00f6 k\u00e4ik ja tehakse k\u00e4ttesaadavaks selle tulemused.<br>\nTeadusartikkel koostatakse kindlate reeglite alusel, et sellest oleks vajalikku informatsiooni v\u00f5imalik kiiresti leida.<\/p>\n<p>Artikli alguses\u00a0on tavaliselt l\u00fchike kokkuv\u00f5te, millele on lisatud olulised v\u00f5tmes\u00f5nad. Artikli struktuuris on olulised sissejuhatus, kirjanduse \u00fclevaade, materjali ja metoodika tutvustus, tulemused ja arutelu.<\/p>\n<p>Artikli l\u00f5pus\u00a0on kasutatud kirjanduse bibliograafia.<\/p>\n","protected":false},"excerpt":{"rendered":"<p>Teadusajakirja tunnused: ajakirja sihtgrupp on teadlased, uurimist\u00f6\u00f6ga tegelejad, erialaspetsialistid; artiklite autorid on erialaspetsialistid; ajakirja v\u00e4ljaandja on teadusasutus, erialaorganisatsioon v\u00f5i teaduskirjastus; ajakiri sisaldab teemat s\u00fcgavuti uurivaid artikleid, millele on lisatud sisukokkuv\u00f5te ja viidatud allikate loetelu (bibliograafia); tagasihoidlik kujundus, ei sisalda kommertsreklaami. &#8230;<\/p>\n","protected":false},"author":5,"featured_media":0,"parent":0,"menu_order":0,"comment_status":"closed","ping_status":"closed","template":"","meta":{"_acf_changed":false,"inline_featured_image":false,"footnotes":""},"class_list":["post-24","page","type-page","status-publish","hentry"],"acf":[],"_links":{"self":[{"href":"https:\/\/sisu.ut.ee\/infoallikad\/wp-json\/wp\/v2\/pages\/24","targetHints":{"allow":["GET"]}}],"collection":[{"href":"https:\/\/sisu.ut.ee\/infoallikad\/wp-json\/wp\/v2\/pages"}],"about":[{"href":"https:\/\/sisu.ut.ee\/infoallikad\/wp-json\/wp\/v2\/types\/page"}],"author":[{"embeddable":true,"href":"https:\/\/sisu.ut.ee\/infoallikad\/wp-json\/wp\/v2\/users\/5"}],"replies":[{"embeddable":true,"href":"https:\/\/sisu.ut.ee\/infoallikad\/wp-json\/wp\/v2\/comments?post=24"}],"version-history":[{"count":2,"href":"https:\/\/sisu.ut.ee\/infoallikad\/wp-json\/wp\/v2\/pages\/24\/revisions"}],"predecessor-version":[{"id":129,"href":"https:\/\/sisu.ut.ee\/infoallikad\/wp-json\/wp\/v2\/pages\/24\/revisions\/129"}],"wp:attachment":[{"href":"https:\/\/sisu.ut.ee\/infoallikad\/wp-json\/wp\/v2\/media?parent=24"}],"curies":[{"name":"wp","href":"https:\/\/api.w.org\/{rel}","templated":true}]}}