{"id":23,"date":"2024-04-03T23:12:29","date_gmt":"2024-04-03T20:12:29","guid":{"rendered":"https:\/\/sisu.ut.ee\/infoallikad\/kasutatud-allikad\/"},"modified":"2024-04-11T14:03:14","modified_gmt":"2024-04-11T11:03:14","slug":"kasutatud-allikad","status":"publish","type":"page","link":"https:\/\/sisu.ut.ee\/infoallikad\/kasutatud-allikad\/","title":{"rendered":"Kasutatud allikad"},"content":{"rendered":"<ul>\n<li>Aarma, A., Kalle, E. (2003). Teadust\u00f6\u00f6 alused. Tallinn: Tallinna Tehnika\u00fclikooli Kirjastus.<\/li>\n<li>Hirsj\u00e4rvi, S., Remes, P., Sajavaara, P. (2005). Uuri ja kirjuta. Tallinn: Medicina.<\/li>\n<li>Informatsioon ja dokumentatsioon. S\u00f5nastik = Information and documentation. Vocabulary. 2004. Tallinn: Eesti Standardikeskus.<\/li>\n<li>Lauk. E. (1995). Algteadmisi teadust\u00f6\u00f6st : \u00f5ppevahend ajakirjanduse osakonna \u00fcli\u00f5pilastele. Tartu.<\/li>\n<li>Raamatukogus\u00f5nastik. Eesti Rahvusraamatukogu.<a style=\"font-size: revert; font-weight: var(--bs-body-font-weight); text-align: var(--bs-body-text-align);\" href=\"http:\/\/termin.nlib.ee\/\" target=\"_blank\" rel=\"noopener\"> http:\/\/termin.nlib.ee\/<\/a><span style=\"font-size: revert; font-weight: var(--bs-body-font-weight); text-align: var(--bs-body-text-align);\">.<\/span><\/li>\n<li>Virkus, S., Uukkivi, A., Kuiv. A., Uverskaja, E.\u00a0 et al. (2003). Infokirjaoskus.\u00a0http:\/\/www.hot.ee\/werro24\/. 17.04.2012.<\/li>\n<\/ul>\n","protected":false},"excerpt":{"rendered":"<p>Aarma, A., Kalle, E. (2003). Teadust\u00f6\u00f6 alused. Tallinn: Tallinna Tehnika\u00fclikooli Kirjastus. Hirsj\u00e4rvi, S., Remes, P., Sajavaara, P. (2005). Uuri ja kirjuta. Tallinn: Medicina. Informatsioon ja dokumentatsioon. S\u00f5nastik = Information and documentation. Vocabulary. 2004. Tallinn: Eesti Standardikeskus. Lauk. E. (1995). Algteadmisi &#8230;<\/p>\n","protected":false},"author":5,"featured_media":0,"parent":0,"menu_order":0,"comment_status":"closed","ping_status":"closed","template":"","meta":{"_acf_changed":false,"inline_featured_image":false,"footnotes":""},"class_list":["post-23","page","type-page","status-publish","hentry"],"acf":[],"_links":{"self":[{"href":"https:\/\/sisu.ut.ee\/infoallikad\/wp-json\/wp\/v2\/pages\/23","targetHints":{"allow":["GET"]}}],"collection":[{"href":"https:\/\/sisu.ut.ee\/infoallikad\/wp-json\/wp\/v2\/pages"}],"about":[{"href":"https:\/\/sisu.ut.ee\/infoallikad\/wp-json\/wp\/v2\/types\/page"}],"author":[{"embeddable":true,"href":"https:\/\/sisu.ut.ee\/infoallikad\/wp-json\/wp\/v2\/users\/5"}],"replies":[{"embeddable":true,"href":"https:\/\/sisu.ut.ee\/infoallikad\/wp-json\/wp\/v2\/comments?post=23"}],"version-history":[{"count":2,"href":"https:\/\/sisu.ut.ee\/infoallikad\/wp-json\/wp\/v2\/pages\/23\/revisions"}],"predecessor-version":[{"id":135,"href":"https:\/\/sisu.ut.ee\/infoallikad\/wp-json\/wp\/v2\/pages\/23\/revisions\/135"}],"wp:attachment":[{"href":"https:\/\/sisu.ut.ee\/infoallikad\/wp-json\/wp\/v2\/media?parent=23"}],"curies":[{"name":"wp","href":"https:\/\/api.w.org\/{rel}","templated":true}]}}