{"id":19,"date":"2024-04-03T23:12:29","date_gmt":"2024-04-03T20:12:29","guid":{"rendered":"https:\/\/sisu.ut.ee\/infoallikad\/populaarteaduslikud-ajakirjad\/"},"modified":"2024-04-11T13:59:40","modified_gmt":"2024-04-11T10:59:40","slug":"populaarteaduslikud-ajakirjad","status":"publish","type":"page","link":"https:\/\/sisu.ut.ee\/infoallikad\/populaarteaduslikud-ajakirjad\/","title":{"rendered":"Populaarteaduslikud ajakirjad"},"content":{"rendered":"<p>Populaarteaduslike ajakirjade eesm\u00e4rk on anda laiemale lugejaskonnale teaduslikult p\u00f5hjendatud teadmisi ning tutvustada teadust. Artiklite autorid on enamasti teadlased.\u00a0Populaarteaduslikud ajakirjad on illustreeritud ning kergemini loetavad kui teadusartiklid.<\/p>\n<table class=\"table table-hover\" border=\"0\">\n<tbody>\n<tr>\n<td><img loading=\"lazy\" decoding=\"async\" width=\"373\" height=\"378\" class=\"alignnone wp-image-40\" title=\"akadeemia.png\" src=\"https:\/\/sisu.ut.ee\/wp-content\/uploads\/sites\/34\/akadeemia.png\" alt=\"akadeem\" srcset=\"https:\/\/sisu.ut.ee\/wp-content\/uploads\/sites\/34\/akadeemia.png 373w, https:\/\/sisu.ut.ee\/wp-content\/uploads\/sites\/34\/akadeemia-296x300.png 296w\" sizes=\"auto, (max-width: 373px) 100vw, 373px\"><\/td>\n<td>Ajakirja\u00a0Akadeemia\u00a0kauaaegne peatoimetaja Ain Kaalep ajakirja 200. numbriga 2006. aastal. Foto: Sille Annuk, Postimees. Akadeemiat kasutatakse palju ka \u00fclikooli \u00f5ppet\u00f6\u00f6s. Nii sisult kui vormilt sarnaneb Akadeemia suuresti teadusajakirjaga.<\/td>\n<\/tr>\n<\/tbody>\n<\/table>\n<p><span style=\"line-height: 1.6em;\">Populaarteaduslike ajakirjade kaas on sageli rikkalikult illustreeritud, olulisemate teemade kohta saab infot nii s\u00f5nas kui pildis:<\/span><\/p>\n<table class=\"table table-hover\" border=\"0\">\n<tbody>\n<tr>\n<td valign=\"top\"><img loading=\"lazy\" decoding=\"async\" width=\"364\" height=\"478\" class=\"alignnone wp-image-41\" title=\"eestiloodus1.png\" src=\"https:\/\/sisu.ut.ee\/wp-content\/uploads\/sites\/34\/eestiloodus1.png\" alt=\"eestiloodus\" srcset=\"https:\/\/sisu.ut.ee\/wp-content\/uploads\/sites\/34\/eestiloodus1.png 364w, https:\/\/sisu.ut.ee\/wp-content\/uploads\/sites\/34\/eestiloodus1-228x300.png 228w\" sizes=\"auto, (max-width: 364px) 100vw, 364px\"><\/td>\n<td valign=\"top\"><img loading=\"lazy\" decoding=\"async\" class=\"alignnone wp-image-42\" title=\"horisont.png\" src=\"https:\/\/sisu.ut.ee\/wp-content\/uploads\/sites\/34\/horisont.png\" alt=\"horisont\" width=\"153\" height=\"207\"><\/td>\n<td valign=\"top\"><span data-mce-mark=\"1\">\u00a0<img loading=\"lazy\" decoding=\"async\" class=\"alignnone wp-image-43\" title=\"nationalgeographic.png\" src=\"https:\/\/sisu.ut.ee\/wp-content\/uploads\/sites\/34\/nationalgeographic.png\" alt=\"nationalgeogr\" width=\"323\" height=\"478\" srcset=\"https:\/\/sisu.ut.ee\/wp-content\/uploads\/sites\/34\/nationalgeographic.png 400w, https:\/\/sisu.ut.ee\/wp-content\/uploads\/sites\/34\/nationalgeographic-203x300.png 203w\" sizes=\"auto, (max-width: 323px) 100vw, 323px\"><\/span><\/td>\n<\/tr>\n<\/tbody>\n<\/table>\n","protected":false},"excerpt":{"rendered":"<p>Populaarteaduslike ajakirjade eesm\u00e4rk on anda laiemale lugejaskonnale teaduslikult p\u00f5hjendatud teadmisi ning tutvustada teadust. Artiklite autorid on enamasti teadlased.\u00a0Populaarteaduslikud ajakirjad on illustreeritud ning kergemini loetavad kui teadusartiklid. Ajakirja\u00a0Akadeemia\u00a0kauaaegne peatoimetaja Ain Kaalep ajakirja 200. numbriga 2006. aastal. Foto: Sille Annuk, Postimees. Akadeemiat &#8230;<\/p>\n","protected":false},"author":5,"featured_media":0,"parent":0,"menu_order":0,"comment_status":"closed","ping_status":"closed","template":"","meta":{"_acf_changed":false,"inline_featured_image":false,"footnotes":""},"class_list":["post-19","page","type-page","status-publish","hentry"],"acf":[],"_links":{"self":[{"href":"https:\/\/sisu.ut.ee\/infoallikad\/wp-json\/wp\/v2\/pages\/19","targetHints":{"allow":["GET"]}}],"collection":[{"href":"https:\/\/sisu.ut.ee\/infoallikad\/wp-json\/wp\/v2\/pages"}],"about":[{"href":"https:\/\/sisu.ut.ee\/infoallikad\/wp-json\/wp\/v2\/types\/page"}],"author":[{"embeddable":true,"href":"https:\/\/sisu.ut.ee\/infoallikad\/wp-json\/wp\/v2\/users\/5"}],"replies":[{"embeddable":true,"href":"https:\/\/sisu.ut.ee\/infoallikad\/wp-json\/wp\/v2\/comments?post=19"}],"version-history":[{"count":3,"href":"https:\/\/sisu.ut.ee\/infoallikad\/wp-json\/wp\/v2\/pages\/19\/revisions"}],"predecessor-version":[{"id":131,"href":"https:\/\/sisu.ut.ee\/infoallikad\/wp-json\/wp\/v2\/pages\/19\/revisions\/131"}],"wp:attachment":[{"href":"https:\/\/sisu.ut.ee\/infoallikad\/wp-json\/wp\/v2\/media?parent=19"}],"curies":[{"name":"wp","href":"https:\/\/api.w.org\/{rel}","templated":true}]}}