{"id":16,"date":"2024-04-03T23:12:29","date_gmt":"2024-04-03T20:12:29","guid":{"rendered":"https:\/\/sisu.ut.ee\/infoallikad\/statistikavaljaanded\/"},"modified":"2024-04-03T23:12:42","modified_gmt":"2024-04-03T20:12:42","slug":"statistikavaljaanded","status":"publish","type":"page","link":"https:\/\/sisu.ut.ee\/infoallikad\/statistikavaljaanded\/","title":{"rendered":"Statistikav\u00e4ljaanded"},"content":{"rendered":"<p>\n\tStatistikaandmetele tuginedes saate p\u00f5hjendada oma argumente. \u00a0Statistilisi andmeid Eesti kohta leiate Statistikaameti v\u00e4ljaannetest <a data-url=\"https:\/\/www.stat.ee\/et\/avasta-statistikat\/valjaanded\" href=\"https:\/\/www.stat.ee\/et\/avasta-statistikat\/valjaanded\" target=\"_blank\" title=\"\" rel=\"noopener\">https:\/\/www.stat.ee\/et\/avasta-statistikat\/valjaanded<\/a>.\u00a0\n<\/p>\n<p>\n\tStatistikakogumiku n\u00e4ide\n<\/p>\n<p>\n\tEesti piirkondlik areng.2018. Noored Eestis. K\u00e4ttesaadav tr\u00fckitud raamatuna (vt e-kataloogst <a data-url=\"https:\/\/www.ester.ee\/record=b2541991*est\" href=\"https:\/\/www.ester.ee\/record=b2541991*est\" target=\"_blank\" title=\"\" rel=\"noopener\">https:\/\/www.ester.ee\/record=b2541991*est<\/a>) ja elektrooniliselt aadressil\u00a0<a data-url=\"https:\/\/www.stat.ee\/et\/uudised\/eesti-piirkondlik-areng-2018-noored-eestis\" href=\"https:\/\/www.stat.ee\/et\/uudised\/eesti-piirkondlik-areng-2018-noored-eestis\" target=\"_blank\" title=\"\" rel=\"noopener\">https:\/\/www.stat.ee\/et\/uudised\/eesti-piirkondlik-areng-2018-noored-eestis<\/a>\n<\/p>\n<p>\n\t<br><a href=\"http:\/\/www.stat.ee\/ee\" target=\"_blank\" rel=\"noopener\">Eesti Statistikaamet<\/a>\u00a0kogub Eesti kohta statistilisi andmeid ja teeb need oma kodulehel k\u00e4ttesaadavaks <a href=\"http:\/\/pub.stat.ee\/px-web.2001\/dialog\/statfile2.asp\" target=\"_blank\" rel=\"noopener\">Eesti statistika andmebaas<\/a>is (vt kasutamise kohta Statistikaandmebaasid\n<\/p>\n<p>\n\tEurosta<a href=\"http:\/\/epp.eurostat.ec.europa.eu\/portal\/page\/portal\/eurostat\/home\/\" target=\"_blank\" rel=\"noopener\">t<\/a>\u00a0<a href=\"http:\/\/ec.europa.eu\/eurostat\/web\/main\/home\" target=\"_blank\" rel=\"noopener\">http:\/\/ec.europa.eu\/eurostat\/web\/main\/home<\/a>\u00a0kogub ja vahendab statistilisi andmeid Euroopa Liidu ja selle liikmesmaade kohta.\n<\/p>\n<p>\n\tWorld Bank Open Data\u00a0<a href=\"http:\/\/data.worldbank.org\/\" target=\"_blank\" rel=\"noopener\">http:\/\/data.worldbank.org\/<\/a>\u00a0sisaldab statistilisi andmeid maailma maade arengu kohta.\n<\/p>\n<p>\n\tT\u00dc Raamatukogul on ostetud juurdep\u00e4\u00e4s statistikaandmebaasile<br>IMD World Competitivenes Online\u00a0<a href=\"https:\/\/www.worldcompetitiveness.com\/OnLine\/App\/Index.htm\" target=\"_blank\" rel=\"noopener\">\u00a0https:\/\/www.worldcompetitiveness.com\/OnLine\/App\/Index.htm<\/a>. Seda\u00a0saab kasutada ainult Tartu \u00dclikooli kasutajatunnustega v\u00f5i T\u00dc raamatukogus kohapeal.<\/p>\n","protected":false},"excerpt":{"rendered":"<p>Statistikaandmetele tuginedes saate p\u00f5hjendada oma argumente. \u00a0Statistilisi andmeid Eesti kohta leiate Statistikaameti v\u00e4ljaannetest https:\/\/www.stat.ee\/et\/avasta-statistikat\/valjaanded.\u00a0 Statistikakogumiku n\u00e4ide Eesti piirkondlik areng.2018. Noored Eestis. K\u00e4ttesaadav tr\u00fckitud raamatuna (vt e-kataloogst https:\/\/www.ester.ee\/record=b2541991*est) ja elektrooniliselt aadressil\u00a0https:\/\/www.stat.ee\/et\/uudised\/eesti-piirkondlik-areng-2018-noored-eestis Eesti Statistikaamet\u00a0kogub Eesti kohta statistilisi andmeid ja teeb need oma &#8230;<\/p>\n","protected":false},"author":5,"featured_media":0,"parent":0,"menu_order":0,"comment_status":"closed","ping_status":"closed","template":"","meta":{"_acf_changed":false,"inline_featured_image":false,"footnotes":""},"class_list":["post-16","page","type-page","status-publish","hentry"],"acf":[],"_links":{"self":[{"href":"https:\/\/sisu.ut.ee\/infoallikad\/wp-json\/wp\/v2\/pages\/16","targetHints":{"allow":["GET"]}}],"collection":[{"href":"https:\/\/sisu.ut.ee\/infoallikad\/wp-json\/wp\/v2\/pages"}],"about":[{"href":"https:\/\/sisu.ut.ee\/infoallikad\/wp-json\/wp\/v2\/types\/page"}],"author":[{"embeddable":true,"href":"https:\/\/sisu.ut.ee\/infoallikad\/wp-json\/wp\/v2\/users\/5"}],"replies":[{"embeddable":true,"href":"https:\/\/sisu.ut.ee\/infoallikad\/wp-json\/wp\/v2\/comments?post=16"}],"version-history":[{"count":1,"href":"https:\/\/sisu.ut.ee\/infoallikad\/wp-json\/wp\/v2\/pages\/16\/revisions"}],"predecessor-version":[{"id":86,"href":"https:\/\/sisu.ut.ee\/infoallikad\/wp-json\/wp\/v2\/pages\/16\/revisions\/86"}],"wp:attachment":[{"href":"https:\/\/sisu.ut.ee\/infoallikad\/wp-json\/wp\/v2\/media?parent=16"}],"curies":[{"name":"wp","href":"https:\/\/api.w.org\/{rel}","templated":true}]}}