{"id":15,"date":"2024-04-03T23:12:29","date_gmt":"2024-04-03T20:12:29","guid":{"rendered":"https:\/\/sisu.ut.ee\/infoallikad\/vaitekirjad\/"},"modified":"2026-01-26T19:19:49","modified_gmt":"2026-01-26T17:19:49","slug":"vaitekirjad","status":"publish","type":"page","link":"https:\/\/sisu.ut.ee\/infoallikad\/vaitekirjad\/","title":{"rendered":"V\u00e4itekirjad"},"content":{"rendered":"<p>V\u00e4itekiri ehk dissertatsioon on teaduskraadi saamiseks kirjutatud uurimus. Tartu \u00dclikoolis kaitstud dissertatsioonid ja magistrit\u00f6\u00f6d on k\u00f5ik raamatukogus k\u00e4ttesaadavad, neid saate otsida e-kataloogist ESTER.<\/p>\n<p>Alates 2004. aastast Tartu \u00dclikoolis kaitstud magistri- ja doktorit\u00f6\u00f6de t\u00e4istekstid on k\u00e4ttesaadavad ka elektrooniliselt T\u00dc digiarhiivis ADA <a href=\"http:\/\/dspace.utlib.ee\/dspace\/\" target=\"_blank\" rel=\"noopener\">http:\/\/dspace.utlib.ee\/dspace\/<\/a>.<\/p>\n<p>N\u00e4iteks\u00a0<em>Postmodernism eesti kirjanduskultuuris<\/em>\u00a0\/ Piret Viires ; [juhendaja: Rein Veidemann ; Tartu \u00dclikooli kirjanduse ja rahvaluule osakond] Tartu : Tartu \u00dclikooli Kirjastus, c2006 \u00a0<a href=\"http:\/\/tartu.ester.ee\/record=b1824233~S1*est\" target=\"_blank\" rel=\"noopener\">(http:\/\/tartu.ester.ee\/record=b1824233~S1*est<\/a>)\u00a0on olemas nii tr\u00fckituna kui elektrooniliselt.<br>\nInfot maailmas kaitstud dissertatsioonidest leiate ka eriala referaatandmebaasidest.<\/p>\n","protected":false},"excerpt":{"rendered":"<p>V\u00e4itekiri ehk dissertatsioon on teaduskraadi saamiseks kirjutatud uurimus. Tartu \u00dclikoolis kaitstud dissertatsioonid ja magistrit\u00f6\u00f6d on k\u00f5ik raamatukogus k\u00e4ttesaadavad, neid saate otsida e-kataloogist ESTER. Alates 2004. aastast Tartu \u00dclikoolis kaitstud magistri- ja doktorit\u00f6\u00f6de t\u00e4istekstid on k\u00e4ttesaadavad ka elektrooniliselt T\u00dc digiarhiivis ADA &#8230;<\/p>\n","protected":false},"author":5,"featured_media":0,"parent":0,"menu_order":0,"comment_status":"closed","ping_status":"closed","template":"","meta":{"_acf_changed":false,"inline_featured_image":false,"footnotes":""},"class_list":["post-15","page","type-page","status-publish","hentry"],"acf":[],"_links":{"self":[{"href":"https:\/\/sisu.ut.ee\/infoallikad\/wp-json\/wp\/v2\/pages\/15","targetHints":{"allow":["GET"]}}],"collection":[{"href":"https:\/\/sisu.ut.ee\/infoallikad\/wp-json\/wp\/v2\/pages"}],"about":[{"href":"https:\/\/sisu.ut.ee\/infoallikad\/wp-json\/wp\/v2\/types\/page"}],"author":[{"embeddable":true,"href":"https:\/\/sisu.ut.ee\/infoallikad\/wp-json\/wp\/v2\/users\/5"}],"replies":[{"embeddable":true,"href":"https:\/\/sisu.ut.ee\/infoallikad\/wp-json\/wp\/v2\/comments?post=15"}],"version-history":[{"count":3,"href":"https:\/\/sisu.ut.ee\/infoallikad\/wp-json\/wp\/v2\/pages\/15\/revisions"}],"predecessor-version":[{"id":154,"href":"https:\/\/sisu.ut.ee\/infoallikad\/wp-json\/wp\/v2\/pages\/15\/revisions\/154"}],"wp:attachment":[{"href":"https:\/\/sisu.ut.ee\/infoallikad\/wp-json\/wp\/v2\/media?parent=15"}],"curies":[{"name":"wp","href":"https:\/\/api.w.org\/{rel}","templated":true}]}}