{"id":12,"date":"2024-04-03T23:12:28","date_gmt":"2024-04-03T20:12:28","guid":{"rendered":"https:\/\/sisu.ut.ee\/infoallikad\/kasiraamatud\/"},"modified":"2024-04-11T13:52:31","modified_gmt":"2024-04-11T10:52:31","slug":"kasiraamatud","status":"publish","type":"page","link":"https:\/\/sisu.ut.ee\/infoallikad\/kasiraamatud\/","title":{"rendered":"K\u00e4siraamatud"},"content":{"rendered":"<div class=\"box generalbox book_content\">\n<p>K\u00e4siraamat on mingi ala s\u00fcstemaatililine esitus raamatuna, erialane teatmeteos.<\/p>\n<p><strong>N\u00e4iteid<\/strong><\/p>\n<\/div>\n\n\n<figure class=\"wp-block-table aligncenter is-style-stripes\"><table class=\"table table-hover\"><tbody><tr><td><img loading=\"lazy\" decoding=\"async\" width=\"113\" height=\"150\" class=\"wp-image-31\" style=\"width: 113px;\" src=\"https:\/\/sisu.ut.ee\/wp-content\/uploads\/sites\/34\/kaesiraamat.jpeg\" alt=\"\"><\/td><td><img loading=\"lazy\" decoding=\"async\" width=\"109\" height=\"161\" class=\"wp-image-32\" style=\"width: 109px;\" src=\"https:\/\/sisu.ut.ee\/wp-content\/uploads\/sites\/34\/handbookinnov.jpeg\" alt=\"\"><\/td><\/tr><tr><td><strong>Eesti\u00a0keele\u00a0k\u00e4siraamat\u00a0\/ Mati Erelt, Tiiu Erelt, Kristiina Ross. Tallinn, 2007<\/strong><\/td><td><strong><em>The Oxford handbook of innovation<\/em>\u00a0\/ edited by Jan Fagerberg \u2026 [et al.].\u00a0<br><\/strong>Oxford : Oxford University Press, 2005.<\/td><\/tr><\/tbody><\/table><\/figure>\n","protected":false},"excerpt":{"rendered":"<p>K\u00e4siraamat on mingi ala s\u00fcstemaatililine esitus raamatuna, erialane teatmeteos. N\u00e4iteid Eesti\u00a0keele\u00a0k\u00e4siraamat\u00a0\/ Mati Erelt, Tiiu Erelt, Kristiina Ross. Tallinn, 2007 The Oxford handbook of innovation\u00a0\/ edited by Jan Fagerberg \u2026 [et al.].\u00a0Oxford : Oxford University Press, 2005.<\/p>\n","protected":false},"author":5,"featured_media":0,"parent":0,"menu_order":0,"comment_status":"closed","ping_status":"closed","template":"","meta":{"_acf_changed":false,"inline_featured_image":false,"footnotes":""},"class_list":["post-12","page","type-page","status-publish","hentry"],"acf":[],"_links":{"self":[{"href":"https:\/\/sisu.ut.ee\/infoallikad\/wp-json\/wp\/v2\/pages\/12","targetHints":{"allow":["GET"]}}],"collection":[{"href":"https:\/\/sisu.ut.ee\/infoallikad\/wp-json\/wp\/v2\/pages"}],"about":[{"href":"https:\/\/sisu.ut.ee\/infoallikad\/wp-json\/wp\/v2\/types\/page"}],"author":[{"embeddable":true,"href":"https:\/\/sisu.ut.ee\/infoallikad\/wp-json\/wp\/v2\/users\/5"}],"replies":[{"embeddable":true,"href":"https:\/\/sisu.ut.ee\/infoallikad\/wp-json\/wp\/v2\/comments?post=12"}],"version-history":[{"count":2,"href":"https:\/\/sisu.ut.ee\/infoallikad\/wp-json\/wp\/v2\/pages\/12\/revisions"}],"predecessor-version":[{"id":124,"href":"https:\/\/sisu.ut.ee\/infoallikad\/wp-json\/wp\/v2\/pages\/12\/revisions\/124"}],"wp:attachment":[{"href":"https:\/\/sisu.ut.ee\/infoallikad\/wp-json\/wp\/v2\/media?parent=12"}],"curies":[{"name":"wp","href":"https:\/\/api.w.org\/{rel}","templated":true}]}}