{"id":10,"date":"2024-04-03T23:12:28","date_gmt":"2024-04-03T20:12:28","guid":{"rendered":"https:\/\/sisu.ut.ee\/infoallikad\/entsuklopeediad\/"},"modified":"2024-04-11T13:56:35","modified_gmt":"2024-04-11T10:56:35","slug":"entsuklopeediad","status":"publish","type":"page","link":"https:\/\/sisu.ut.ee\/infoallikad\/entsuklopeediad\/","title":{"rendered":"Ents\u00fcklopeediad"},"content":{"rendered":"<div class=\"box generalbox book_content\">\n<p>Ents\u00fcklopeedia on\u00a0k\u00f5igi ainealade\u00a0v\u00f5i m\u00f5ne \u00fcksikala teadmust s\u00fcnteesiv dokument, mis tavaliselt koosneb pikematest s\u00fcstemaatiliselt v\u00f5i t\u00e4hestikuliselt korraldatud artiklitest.<br>\nEnts\u00fcklopeediad sisaldavad sisutihedat faktilist infot teemadest ja m\u00f5istetest, samuti definitsioone.<\/p>\n<p>Ents\u00fcklopeediad jagunevad \u00fcld- ja erialaents\u00fcklopeediateks.<br>\n\u00dcldents\u00fcklopeedia on teatmeteos, mis annab kokkuv\u00f5tliku \u00fclevaate ja taustinformatsiooni k\u00f5igist teaduse, kunsti ja praktilise tegevuse aladest.<\/p>\n<table class=\"table table-hover\" style=\"width: 1015px; height: 230px;\" border=\"1\">\n<tbody>\n<tr>\n<td valign=\"top\">\u00a0<img loading=\"lazy\" decoding=\"async\" width=\"213\" height=\"213\" class=\"alignnone wp-image-25\" title=\"encyclopedia-britannica-set-package-2007-lrg.jpg\" src=\"https:\/\/sisu.ut.ee\/wp-content\/uploads\/sites\/34\/encyclopedia-britannica-set-package-2007-lrg.jpg\" alt=\"encyclopedia-britannica-set-package-2007-lrg.jpg\" srcset=\"https:\/\/sisu.ut.ee\/wp-content\/uploads\/sites\/34\/encyclopedia-britannica-set-package-2007-lrg.jpg 213w, https:\/\/sisu.ut.ee\/wp-content\/uploads\/sites\/34\/encyclopedia-britannica-set-package-2007-lrg-150x150.jpg 150w\" sizes=\"auto, (max-width: 213px) 100vw, 213px\"><\/td>\n<td valign=\"top\">\u00dcks tuntumaid ents\u00fcklopeediaid maailmas\n<p><strong>Encyclopedia Britannica<\/strong><\/p>\n<p>on nii paberil, CD-l kui internetis. Osa sellest on vabalt k\u00e4ttesaadav, p\u00f5hjalikuma versiooni jaoks on tarvis parooli.<\/p>\n<p><a href=\"http:\/\/www.britannica.com\/\" target=\"_blank\" rel=\"noopener\">http:\/\/www.britannica.com<\/a><\/p><\/td>\n<\/tr>\n<\/tbody>\n<\/table>\n<p>Erialaents\u00fcklopeedia<\/p>\n<ul style=\"list-style-type: circle;\">\n<li>annab \u00fclevaate \u00fchest teadus- v\u00f5i teemavaldkonnast<\/li>\n<li>ents\u00fcklopeediaartiklite autorid on tunnustatud spetsialistid antud valdkonnas<\/li>\n<li>artiklite l\u00f5pus on teemakohaste allikate loetelu<\/li>\n<li>artiklid sisaldavad reeglina ristviiteid sarnase teemaga artiklitele<\/li>\n<li>artiklid sisaldavad erialatermineid.<\/li>\n<\/ul>\n<table class=\"table table-hover\" style=\"width: 295px; height: 206px;\" border=\"0\">\n<tbody>\n<tr>\n<td><img loading=\"lazy\" decoding=\"async\" class=\"alignnone wp-image-26\" title=\"opilaseents.jpg\" src=\"https:\/\/sisu.ut.ee\/wp-content\/uploads\/sites\/34\/opilaseents.jpg\" alt=\"opilaseents.jpg\" width=\"119\" height=\"150\"><\/td>\n<td><img loading=\"lazy\" decoding=\"async\" class=\"alignnone wp-image-27\" title=\"mytholents.jpeg\" src=\"https:\/\/sisu.ut.ee\/wp-content\/uploads\/sites\/34\/mytholents.jpeg\" alt=\"mytholents.jpeg\" width=\"135\" height=\"150\"><\/td>\n<\/tr>\n<tr>\n<td><\/td>\n<td><\/td>\n<\/tr>\n<\/tbody>\n<\/table>\n<p>Teatmeteosed on tavaliselt raamatukogus kohalkasutamiseks.\u00a0Erialaseid teatmeteoseid leiate T\u00dc raamatukogu valdkonnasaalides vastavate erialade riiulitel.<\/p>\n<p><strong>Elektroonilised teatmeteosed<\/strong><\/p>\n<p><img loading=\"lazy\" decoding=\"async\" width=\"478\" height=\"57\" class=\"alignnone wp-image-28\" title=\"britannicaonline.png\" src=\"https:\/\/sisu.ut.ee\/wp-content\/uploads\/sites\/34\/britannicaonline.png\" alt=\"britannicaonline.png\" srcset=\"https:\/\/sisu.ut.ee\/wp-content\/uploads\/sites\/34\/britannicaonline.png 478w, https:\/\/sisu.ut.ee\/wp-content\/uploads\/sites\/34\/britannicaonline-300x36.png 300w\" sizes=\"auto, (max-width: 478px) 100vw, 478px\"><\/p>\n<p>Kasutada saab ka elektroonilisi teatmeteoseid, mis v\u00f5ivad olla Internetis vabalt k\u00e4ttesaadavad v\u00f5i tasulise juurdep\u00e4\u00e4suga.<\/p>\n<p><strong>N\u00e4iteid<\/strong><\/p>\n<p>Encyclopedia Mytica<a href=\"http:\/\/www.pantheon.org\/\" target=\"_blank\" rel=\"noopener\"> http:\/\/www.pantheon.org\/<\/a>.<br>\nCountries and their Cultures<a href=\"http:\/\/www.everyculture.com\/\" target=\"_blank\" rel=\"noopener\"> http:\/\/www.everyculture.com\/<\/a>.<br>\nThe Internet Encyclopedia of Science <a href=\"http:\/\/www.daviddarling.info\/encyclopedia\/ETEmain.html\" target=\"_blank\" rel=\"noopener\">http:\/\/www.daviddarling.info\/encyclopedia\/ETEmain.html<\/a>.<\/p>\n<p><span style=\"line-height: 1.6em;\">\u00a0<\/span><\/p>\n<\/div>\n","protected":false},"excerpt":{"rendered":"<p>Ents\u00fcklopeedia on\u00a0k\u00f5igi ainealade\u00a0v\u00f5i m\u00f5ne \u00fcksikala teadmust s\u00fcnteesiv dokument, mis tavaliselt koosneb pikematest s\u00fcstemaatiliselt v\u00f5i t\u00e4hestikuliselt korraldatud artiklitest. Ents\u00fcklopeediad sisaldavad sisutihedat faktilist infot teemadest ja m\u00f5istetest, samuti definitsioone. Ents\u00fcklopeediad jagunevad \u00fcld- ja erialaents\u00fcklopeediateks. \u00dcldents\u00fcklopeedia on teatmeteos, mis annab kokkuv\u00f5tliku \u00fclevaate ja &#8230;<\/p>\n","protected":false},"author":5,"featured_media":0,"parent":0,"menu_order":0,"comment_status":"closed","ping_status":"closed","template":"","meta":{"_acf_changed":false,"inline_featured_image":false,"footnotes":""},"class_list":["post-10","page","type-page","status-publish","hentry"],"acf":[],"_links":{"self":[{"href":"https:\/\/sisu.ut.ee\/infoallikad\/wp-json\/wp\/v2\/pages\/10","targetHints":{"allow":["GET"]}}],"collection":[{"href":"https:\/\/sisu.ut.ee\/infoallikad\/wp-json\/wp\/v2\/pages"}],"about":[{"href":"https:\/\/sisu.ut.ee\/infoallikad\/wp-json\/wp\/v2\/types\/page"}],"author":[{"embeddable":true,"href":"https:\/\/sisu.ut.ee\/infoallikad\/wp-json\/wp\/v2\/users\/5"}],"replies":[{"embeddable":true,"href":"https:\/\/sisu.ut.ee\/infoallikad\/wp-json\/wp\/v2\/comments?post=10"}],"version-history":[{"count":3,"href":"https:\/\/sisu.ut.ee\/infoallikad\/wp-json\/wp\/v2\/pages\/10\/revisions"}],"predecessor-version":[{"id":128,"href":"https:\/\/sisu.ut.ee\/infoallikad\/wp-json\/wp\/v2\/pages\/10\/revisions\/128"}],"wp:attachment":[{"href":"https:\/\/sisu.ut.ee\/infoallikad\/wp-json\/wp\/v2\/media?parent=10"}],"curies":[{"name":"wp","href":"https:\/\/api.w.org\/{rel}","templated":true}]}}