{"id":8,"date":"2024-04-04T01:46:15","date_gmt":"2024-04-03T22:46:15","guid":{"rendered":"https:\/\/sisu.ut.ee\/info_hindamine\/ajakohasus\/"},"modified":"2024-04-04T01:46:17","modified_gmt":"2024-04-03T22:46:17","slug":"ajakohasus","status":"publish","type":"page","link":"https:\/\/sisu.ut.ee\/info_hindamine\/ajakohasus\/","title":{"rendered":"Ajakohasus"},"content":{"rendered":"<p>\n\t<img loading=\"lazy\" decoding=\"async\" width=\"431\" height=\"65\" class=\"alignnone wp-image-16\" src=\"https:\/\/sisu.ut.ee\/wp-content\/uploads\/sites\/136\/ajakohasus.png\" title=\"ajakohasus.png\" alt=\"ajakohasus.png\" srcset=\"https:\/\/sisu.ut.ee\/wp-content\/uploads\/sites\/136\/ajakohasus.png 431w, https:\/\/sisu.ut.ee\/wp-content\/uploads\/sites\/136\/ajakohasus-300x45.png 300w\" sizes=\"auto, (max-width: 431px) 100vw, 431px\">\n<\/p>\n<p>\n\tAjakohasus ehk kaasajastatus (ingl k CURRENTNESS)\u00a0\u00a0ei ole v\u00f5rdselt oluline k\u00f5ikide teemade puhul. M\u00f5nel erialal vananeb info kiiresti (nt \u00f5igus ja meditsiin), m\u00f5nel mitte. \u00a0Ajakohasust tuleb t\u00e4hele panna nii raamatute, artiklite kui veebilehtede juures. \u00a0Seda saab hinnata allika v\u00f5rdlemisel teiste sarnaste allikatega, kontrollides,\n<\/p>\n<ul>\n<li>\n\t\tkas info v\u00f5ib olla vananenud,\n\t<\/li>\n<li>\n\t\tkas raamatust on ilmunud uuemaid \u00a0t\u00e4iendatud\u00a0v\u00e4ljaandeid,\n\t<\/li>\n<li>\n\t\tkas lingid veebilehel t\u00f6\u00f6tavad.\n\t<\/li>\n<\/ul>\n<p>\n\tVEEBILEHT ise v\u00f5ib olla k\u00fcll uuendatud, kuid see ei t\u00e4henda, et kogu info seal on kaasajastatud.<\/p>\n","protected":false},"excerpt":{"rendered":"<p>Ajakohasus ehk kaasajastatus (ingl k CURRENTNESS)\u00a0\u00a0ei ole v\u00f5rdselt oluline k\u00f5ikide teemade puhul. M\u00f5nel erialal vananeb info kiiresti (nt \u00f5igus ja meditsiin), m\u00f5nel mitte. \u00a0Ajakohasust tuleb t\u00e4hele panna nii raamatute, artiklite kui veebilehtede juures. \u00a0Seda saab hinnata allika v\u00f5rdlemisel teiste sarnaste &#8230;<\/p>\n","protected":false},"author":5,"featured_media":0,"parent":0,"menu_order":0,"comment_status":"closed","ping_status":"closed","template":"","meta":{"_acf_changed":false,"inline_featured_image":false,"footnotes":""},"class_list":["post-8","page","type-page","status-publish","hentry"],"acf":[],"_links":{"self":[{"href":"https:\/\/sisu.ut.ee\/info_hindamine\/wp-json\/wp\/v2\/pages\/8","targetHints":{"allow":["GET"]}}],"collection":[{"href":"https:\/\/sisu.ut.ee\/info_hindamine\/wp-json\/wp\/v2\/pages"}],"about":[{"href":"https:\/\/sisu.ut.ee\/info_hindamine\/wp-json\/wp\/v2\/types\/page"}],"author":[{"embeddable":true,"href":"https:\/\/sisu.ut.ee\/info_hindamine\/wp-json\/wp\/v2\/users\/5"}],"replies":[{"embeddable":true,"href":"https:\/\/sisu.ut.ee\/info_hindamine\/wp-json\/wp\/v2\/comments?post=8"}],"version-history":[{"count":1,"href":"https:\/\/sisu.ut.ee\/info_hindamine\/wp-json\/wp\/v2\/pages\/8\/revisions"}],"predecessor-version":[{"id":31,"href":"https:\/\/sisu.ut.ee\/info_hindamine\/wp-json\/wp\/v2\/pages\/8\/revisions\/31"}],"wp:attachment":[{"href":"https:\/\/sisu.ut.ee\/info_hindamine\/wp-json\/wp\/v2\/media?parent=8"}],"curies":[{"name":"wp","href":"https:\/\/api.w.org\/{rel}","templated":true}]}}