{"id":7,"date":"2024-04-04T01:46:15","date_gmt":"2024-04-03T22:46:15","guid":{"rendered":"https:\/\/sisu.ut.ee\/info_hindamine\/usaldusvaarsus\/"},"modified":"2026-04-03T18:40:02","modified_gmt":"2026-04-03T15:40:02","slug":"usaldusvaarsus","status":"publish","type":"page","link":"https:\/\/sisu.ut.ee\/info_hindamine\/usaldusvaarsus\/","title":{"rendered":"Usaldusv\u00e4\u00e4rsus"},"content":{"rendered":"<p><img loading=\"lazy\" decoding=\"async\" width=\"429\" height=\"67\" class=\"alignnone wp-image-15\" title=\"usaldusvaarsus.png\" src=\"https:\/\/sisu.ut.ee\/wp-content\/uploads\/sites\/136\/usaldusvaarsus.png\" alt=\"usaldusvaarsus.png\" srcset=\"https:\/\/sisu.ut.ee\/wp-content\/uploads\/sites\/136\/usaldusvaarsus.png 429w, https:\/\/sisu.ut.ee\/wp-content\/uploads\/sites\/136\/usaldusvaarsus-300x47.png 300w\" sizes=\"auto, (max-width: 429px) 100vw, 429px\"><\/p>\n<p>Usaldusv\u00e4\u00e4rsuse (ingl k CREDIBILITY) kindlakstegemiseks tuleb uurida nii autorit kui v\u00e4ljaannet, kus tekst on avaldatud.<\/p>\n<p><strong>Autor<\/strong>\u00a0v\u00f5ib olla artikli, raamatu v\u00f5i veebipostituse autor, \u00a0kuid ka veebilehte haldav isik v\u00f5i asutus. Vastus tuleb leida k\u00fcsimusele,<\/p>\n<ul>\n<li>kas autor on oma ala ekspert, mida ta veel on avaldanud<\/li>\n<li>millise asutusega on autor seotud<\/li>\n<\/ul>\n<p>Autori kohta leiab infot \u00a0Google Scholariga (mida ta on avaldanud, kas ja palju teised autorid talle on viidanud nii Google Scholari kui ka Web of Science\u2019i kaudu). Google\u2019iga v\u00f5ib leida sageli autori CV, kus on n\u00e4ha \u00a0\u00fclikoolid ja asutused, kellega ta on koost\u00f6\u00f6d teinud.<\/p>\n<p><strong>V\u00e4ljaanne<\/strong>, kus info on avaldatud.<\/p>\n<ul>\n<li>kas info avaldaja (kirjastus, veebilehe omanik) on tuntud? Abiks on<a title=\"\" href=\"https:\/\/www.etis.ee\/Portal\/Classifiers\/PublishingHouseDetails\" target=\"_blank\" rel=\"noopener\" data-url=\"https:\/\/www.etis.ee\/Portal\/Classifiers\/PublishingHouseDetails\">\u00a0<\/a><a title=\"\" href=\"https:\/\/www.etis.ee\/PublishingHouse\" target=\"_blank\" rel=\"noopener\" data-url=\"https:\/\/www.etis.ee\/PublishingHouse\">rahvusvaheliselt tunnustatud teaduskirjastuste loetelu<\/a>\u00a0Eesti teadusinfos\u00fcsteemis \u00a0(ETIS).<\/li>\n<li>kas ajakiri kuulub teadusajakirjade hulka ja milline on selle ajakirja kaal.<\/li>\n<\/ul>\n<p>Ajakirjade kohta saab k\u00f5ige t\u00e4psemat infot ajakirja kodulehelt. Seal on tavaliselt rubriigis About \u2026 \u00f6eldud, kas see on eelretsenseeritav, rahvusvahelise toimetuskolleegiumiga, kas seda indekseeritakse viiteandmebaasides (Web of Science, Scopus) ning millistesse andmebaasidesse see on l\u00fclitatud. Tihti avaldavad \u00fclikooli teaduskonnad oma ajakirja, kus saavad \u00f5ppej\u00f5udude k\u00f5rval teadusartikleid avaldada ja toimetada ka tudengid (n\u00e4iteks Michigan Law Review <a href=\"http:\/\/michiganlawreview.org\/about-us\/\" target=\"_blank\" rel=\"noopener\">http:\/\/michiganlawreview.org\/about-us\/<\/a>). Nende ajakirjade kaal pole v\u00f5rreldav eelretsenseeritud rahvusvahelise levikuga teadusajakirjadega, hoolimata sellest, et artiklitel on teadusartikli struktuur jm tunnused.\u00a0EBSCOs valikutes on need\u00a0m\u00f5nikord rubriigis <em>Magazines<\/em> ning otsingul tulevad v\u00e4lja \u00a0koos populaarteaduslike ajakirjadega.<\/p>\n<p>Igal erialal on olemas oma tuumikajakirjad, mida peetakse usaldusv\u00e4\u00e4rseks. Eesti Teadusinfos\u00fcsteemis (ETIS) saavad k\u00f5rgeima klassifikatsiooni artiklid, mis on ilmunud Web of Science\u2019i viitamisandmebaasides Science Citation Index Expanded, Social Science Citation Index v\u00f5i Arts &amp; Humanities Citation Index v\u00f5i andmebaasis Scopus indekseeritud ajakirjades. Raamatute ja kogumike puhul vaadatakse, mis kirjastus on selle v\u00e4lja andnud. Loe l\u00e4hemalt <a title=\"\" href=\"https:\/\/www.etis.ee\/Portal\/Classifiers\/Index\/28?\" target=\"_blank\" rel=\"noopener\" data-url=\"https:\/\/www.etis.ee\/Portal\/Classifiers\/Index\/28?\">ETISe klassifikatsioonidest<\/a>.<\/p>\n<p>Muuseumide, \u00fclikoolide, haridus- ja teadusasutuste, rahvusvaheliste organisatsioonide ning riigiasutuste v\u00e4ljaandeid loetakse reeglina usaldusv\u00e4\u00e4rseteks nii veebis kui paberil.<\/p>\n","protected":false},"excerpt":{"rendered":"<p>Usaldusv\u00e4\u00e4rsuse (ingl k CREDIBILITY) kindlakstegemiseks tuleb uurida nii autorit kui v\u00e4ljaannet, kus tekst on avaldatud. Autor\u00a0v\u00f5ib olla artikli, raamatu v\u00f5i veebipostituse autor, \u00a0kuid ka veebilehte haldav isik v\u00f5i asutus. Vastus tuleb leida k\u00fcsimusele, kas autor on oma ala ekspert, mida &#8230;<\/p>\n","protected":false},"author":5,"featured_media":0,"parent":0,"menu_order":0,"comment_status":"closed","ping_status":"closed","template":"","meta":{"_acf_changed":false,"inline_featured_image":false,"footnotes":""},"class_list":["post-7","page","type-page","status-publish","hentry"],"acf":[],"_links":{"self":[{"href":"https:\/\/sisu.ut.ee\/info_hindamine\/wp-json\/wp\/v2\/pages\/7","targetHints":{"allow":["GET"]}}],"collection":[{"href":"https:\/\/sisu.ut.ee\/info_hindamine\/wp-json\/wp\/v2\/pages"}],"about":[{"href":"https:\/\/sisu.ut.ee\/info_hindamine\/wp-json\/wp\/v2\/types\/page"}],"author":[{"embeddable":true,"href":"https:\/\/sisu.ut.ee\/info_hindamine\/wp-json\/wp\/v2\/users\/5"}],"replies":[{"embeddable":true,"href":"https:\/\/sisu.ut.ee\/info_hindamine\/wp-json\/wp\/v2\/comments?post=7"}],"version-history":[{"count":2,"href":"https:\/\/sisu.ut.ee\/info_hindamine\/wp-json\/wp\/v2\/pages\/7\/revisions"}],"predecessor-version":[{"id":62,"href":"https:\/\/sisu.ut.ee\/info_hindamine\/wp-json\/wp\/v2\/pages\/7\/revisions\/62"}],"wp:attachment":[{"href":"https:\/\/sisu.ut.ee\/info_hindamine\/wp-json\/wp\/v2\/media?parent=7"}],"curies":[{"name":"wp","href":"https:\/\/api.w.org\/{rel}","templated":true}]}}