{"id":6,"date":"2024-04-04T01:46:14","date_gmt":"2024-04-03T22:46:14","guid":{"rendered":"https:\/\/sisu.ut.ee\/info_hindamine\/kallutatus\/"},"modified":"2026-04-03T18:16:52","modified_gmt":"2026-04-03T15:16:52","slug":"kallutatus","status":"publish","type":"page","link":"https:\/\/sisu.ut.ee\/info_hindamine\/kallutatus\/","title":{"rendered":"Kallutatus"},"content":{"rendered":"<p><img loading=\"lazy\" decoding=\"async\" width=\"426\" height=\"65\" class=\"alignnone wp-image-14\" title=\"kallutatus.png\" src=\"https:\/\/sisu.ut.ee\/wp-content\/uploads\/sites\/136\/kallutatus.png\" alt=\"kallutatus.png\" srcset=\"https:\/\/sisu.ut.ee\/wp-content\/uploads\/sites\/136\/kallutatus.png 426w, https:\/\/sisu.ut.ee\/wp-content\/uploads\/sites\/136\/kallutatus-300x46.png 300w\" sizes=\"auto, (max-width: 426px) 100vw, 426px\"><\/p>\n<p>Kallutatuse ehk subjektiivsuse \u00e4ratundmiseks (ingl k BIAS) tuleb uurida,<\/p>\n<ul>\n<li>kas leitud informatsioon on vastuolus p\u00f5hiliste, \u00fcldiselt levinud seisukohtadega, mida olete leidnud muudest allikatest<\/li>\n<li>millal raamat, artikkel v\u00f5i veebi-info avaldati, \u00a0kas sellel perioodil v\u00f5is olla p\u00f5hjust info moonutamiseks<\/li>\n<li>kas autor on seotud m\u00f5ne poliitilise r\u00fchmituse v\u00f5i huvigrupiga<\/li>\n<li>kas mingil p\u00f5hjusel soovitakse lugejat veenda<\/li>\n<li>kas ajakiri, kirjastus v\u00f5i veebileht on seotud m\u00f5ne huvigrupiga.<\/li>\n<\/ul>\n<p>VEEBILEHTEDEL avaldatud uurimisraportid (working paper) \u00a0ja statistika on v\u00e4\u00e4rtuslik info. Enne nende kasutamist uurige, milleks veebileht on loodud (Mission statement, About Us), et hinnata dokumentide neutraalsust. Kasu v\u00f5ib olla veebilehest\u00a0<a href=\"http:\/\/www.procon.org\/\" target=\"_blank\" rel=\"noopener\">http:\/\/www.procon.org\/<\/a>, mille eesm\u00e4rk on edendada kriitilist m\u00f5tlemist.\u00a0Veebilehel tuuakse v\u00e4lja vastuk\u00e4ivaid seisukohti erinevatel teemadel lihtsal ja arusaadaval viisil.<\/p>\n","protected":false},"excerpt":{"rendered":"<p>Kallutatuse ehk subjektiivsuse \u00e4ratundmiseks (ingl k BIAS) tuleb uurida, kas leitud informatsioon on vastuolus p\u00f5hiliste, \u00fcldiselt levinud seisukohtadega, mida olete leidnud muudest allikatest millal raamat, artikkel v\u00f5i veebi-info avaldati, \u00a0kas sellel perioodil v\u00f5is olla p\u00f5hjust info moonutamiseks kas autor on &#8230;<\/p>\n","protected":false},"author":5,"featured_media":0,"parent":0,"menu_order":0,"comment_status":"closed","ping_status":"closed","template":"","meta":{"_acf_changed":false,"inline_featured_image":false,"footnotes":""},"class_list":["post-6","page","type-page","status-publish","hentry"],"acf":[],"_links":{"self":[{"href":"https:\/\/sisu.ut.ee\/info_hindamine\/wp-json\/wp\/v2\/pages\/6","targetHints":{"allow":["GET"]}}],"collection":[{"href":"https:\/\/sisu.ut.ee\/info_hindamine\/wp-json\/wp\/v2\/pages"}],"about":[{"href":"https:\/\/sisu.ut.ee\/info_hindamine\/wp-json\/wp\/v2\/types\/page"}],"author":[{"embeddable":true,"href":"https:\/\/sisu.ut.ee\/info_hindamine\/wp-json\/wp\/v2\/users\/5"}],"replies":[{"embeddable":true,"href":"https:\/\/sisu.ut.ee\/info_hindamine\/wp-json\/wp\/v2\/comments?post=6"}],"version-history":[{"count":2,"href":"https:\/\/sisu.ut.ee\/info_hindamine\/wp-json\/wp\/v2\/pages\/6\/revisions"}],"predecessor-version":[{"id":60,"href":"https:\/\/sisu.ut.ee\/info_hindamine\/wp-json\/wp\/v2\/pages\/6\/revisions\/60"}],"wp:attachment":[{"href":"https:\/\/sisu.ut.ee\/info_hindamine\/wp-json\/wp\/v2\/media?parent=6"}],"curies":[{"name":"wp","href":"https:\/\/api.w.org\/{rel}","templated":true}]}}