{"id":5,"date":"2024-04-04T01:46:14","date_gmt":"2024-04-03T22:46:14","guid":{"rendered":"https:\/\/sisu.ut.ee\/info_hindamine\/korrektsus\/"},"modified":"2024-04-04T01:46:17","modified_gmt":"2024-04-03T22:46:17","slug":"korrektsus","status":"publish","type":"page","link":"https:\/\/sisu.ut.ee\/info_hindamine\/korrektsus\/","title":{"rendered":"Korrektsus"},"content":{"rendered":"<p><img loading=\"lazy\" decoding=\"async\" width=\"427\" height=\"69\" class=\"alignnone wp-image-13\" src=\"https:\/\/sisu.ut.ee\/wp-content\/uploads\/sites\/136\/korrektsus.png\" title=\"korrektsus.png\" alt=\"korrektsus.png\" srcset=\"https:\/\/sisu.ut.ee\/wp-content\/uploads\/sites\/136\/korrektsus.png 427w, https:\/\/sisu.ut.ee\/wp-content\/uploads\/sites\/136\/korrektsus-300x48.png 300w\" sizes=\"auto, (max-width: 427px) 100vw, 427px\"><\/p>\n<p>Info esitamise korrektsus (ingl k ACCURACY) aitab hinnata, kas see on t\u00f5siseltv\u00f5etav allikas uurimist\u00f6\u00f6s kasutamiseks. Eelk\u00f5ige torkab silma keeleline korrektsus, eriti emakeelsete tekstide puhul. Teadusartikli juures tuleb hinnata ka seda,\u00a0<\/p>\n<ul>\n<li>kuiv\u00f5rd autor n\u00f5ustub teiste samateemaliste t\u00f6\u00f6de autoritega ja kuidas ta oma argumente p\u00f5hjendab,<\/li>\n<li>kas esitatud argumendid on t\u00f5estatud, kas on lisatud tekstisiseseid viiteid, kas t\u00f6\u00f6le on lisatud kasutatud allikate loetelu,<\/li>\n<li>kas meetodit on kirjeldatud (uurimuslikes t\u00f6\u00f6des).<\/li>\n<\/ul>\n<p>VEEBILEHTEDELE saab iga\u00fcks infot riputada, seet\u00f5ttu tuleb hindamisel arvestada,<\/p>\n<ul>\n<li>kas veebilehel esitatakse t\u00f5estamata teooriaid, puuduvad viited valdkonna ekspertide t\u00f6\u00f6dele,<\/li>\n<li>kuidas info veebilehele tekib (n\u00e4iteks asutuse v\u00f5i organisatsiooni kaudu v\u00f5i sotsiaalmeedia vahenditega (vikipeedia, blogid, foorumid). \u00a0Sotsiaalmeediast leitud allikate hindamiseks v\u00f5rrelge infot muudest allikatest leitud v\u00e4idetega.\u00a0Lugege ka \u00f5ppematerjali\u00a0<a href=\"https:\/\/sisu.ut.ee\/info_hindamine\/vikipeedia-artikli-hindamine\" target=\"_blank\" rel=\"noopener\">Vikipeedia artikli hindamine<\/a>.<\/li>\n<\/ul>\n","protected":false},"excerpt":{"rendered":"<p>Info esitamise korrektsus (ingl k ACCURACY) aitab hinnata, kas see on t\u00f5siseltv\u00f5etav allikas uurimist\u00f6\u00f6s kasutamiseks. Eelk\u00f5ige torkab silma keeleline korrektsus, eriti emakeelsete tekstide puhul. Teadusartikli juures tuleb hinnata ka seda,\u00a0 kuiv\u00f5rd autor n\u00f5ustub teiste samateemaliste t\u00f6\u00f6de autoritega ja kuidas ta &#8230;<\/p>\n","protected":false},"author":5,"featured_media":0,"parent":0,"menu_order":0,"comment_status":"closed","ping_status":"closed","template":"","meta":{"_acf_changed":false,"inline_featured_image":false,"footnotes":""},"class_list":["post-5","page","type-page","status-publish","hentry"],"acf":[],"_links":{"self":[{"href":"https:\/\/sisu.ut.ee\/info_hindamine\/wp-json\/wp\/v2\/pages\/5","targetHints":{"allow":["GET"]}}],"collection":[{"href":"https:\/\/sisu.ut.ee\/info_hindamine\/wp-json\/wp\/v2\/pages"}],"about":[{"href":"https:\/\/sisu.ut.ee\/info_hindamine\/wp-json\/wp\/v2\/types\/page"}],"author":[{"embeddable":true,"href":"https:\/\/sisu.ut.ee\/info_hindamine\/wp-json\/wp\/v2\/users\/5"}],"replies":[{"embeddable":true,"href":"https:\/\/sisu.ut.ee\/info_hindamine\/wp-json\/wp\/v2\/comments?post=5"}],"version-history":[{"count":1,"href":"https:\/\/sisu.ut.ee\/info_hindamine\/wp-json\/wp\/v2\/pages\/5\/revisions"}],"predecessor-version":[{"id":36,"href":"https:\/\/sisu.ut.ee\/info_hindamine\/wp-json\/wp\/v2\/pages\/5\/revisions\/36"}],"wp:attachment":[{"href":"https:\/\/sisu.ut.ee\/info_hindamine\/wp-json\/wp\/v2\/media?parent=5"}],"curies":[{"name":"wp","href":"https:\/\/api.w.org\/{rel}","templated":true}]}}