{"id":4,"date":"2024-04-04T01:46:14","date_gmt":"2024-04-03T22:46:14","guid":{"rendered":"https:\/\/sisu.ut.ee\/info_hindamine\/auditoorium\/"},"modified":"2024-04-04T01:46:17","modified_gmt":"2024-04-03T22:46:17","slug":"auditoorium","status":"publish","type":"page","link":"https:\/\/sisu.ut.ee\/info_hindamine\/auditoorium\/","title":{"rendered":"Auditoorium"},"content":{"rendered":"<p><img loading=\"lazy\" decoding=\"async\" width=\"428\" height=\"65\" class=\"alignnone wp-image-12\" src=\"https:\/\/sisu.ut.ee\/wp-content\/uploads\/sites\/136\/auditoorium.png\" title=\"auditoorium.png\" alt=\"auditoorium.png\" srcset=\"https:\/\/sisu.ut.ee\/wp-content\/uploads\/sites\/136\/auditoorium.png 428w, https:\/\/sisu.ut.ee\/wp-content\/uploads\/sites\/136\/auditoorium-300x46.png 300w\" sizes=\"auto, (max-width: 428px) 100vw, 428px\"><\/p>\n<p>Erinevale sihtgrupile edastatakse infot erineval viisil vastavalt sellele, millised on sihtgrupi huvid ja eelnevad teadmised.<\/p>\n<table class=\"table table-hover\" border=\"1\" cellpadding=\"0\" cellspacing=\"0\">\n<tbody>\n<tr>\n<td valign=\"top\">\n<p style=\"text-align: center\"><span style=\"font-size: small\">Uurijale, teadlasele<\/span><\/p>\n<\/td>\n<td valign=\"top\">\n<p style=\"text-align: center\"><span style=\"font-size: small\">K\u00f5igile huvilistele<\/span><\/p>\n<\/td>\n<\/tr>\n<tr>\n<td valign=\"top\">\n<ul>\n<li><span style=\"font-size: small\">V\u00e4ljaanne kasutab teaduskeelt ja erialatermineid<\/span><\/li>\n<li><span style=\"font-size: small\">Illustratsioonid puuduvad v\u00f5i on sisu avamiseks vajalikud<\/span><\/li>\n<li><span style=\"font-size: small\">Esitatud v\u00e4ited on t\u00f5estatud (tekst sisaldab viiteid ning kasutatud kirjanduse loetelu)<\/span><\/li>\n<li><span style=\"font-size: small\">Raamatul on toimetuskolleegium, ajakiri on eelretsenseeritud<\/span><\/li>\n<li><span style=\"font-size: small\">Autor on erialateadlane v\u00f5i spetsialist<\/span><\/li>\n<\/ul>\n<\/td>\n<td valign=\"top\">\n<ul>\n<li><span style=\"font-size: small;line-height: 21px;background-color: transparent\">V\u00e4ljaande keel on lihtne<\/span><\/li>\n<li><span style=\"font-size: small;line-height: 21px;background-color: transparent\">Sisaldab illustratsioone<\/span><\/li>\n<li><span style=\"font-size: small;line-height: 21px;background-color: transparent\">V\u00e4idete t\u00f5estamiseks on viiteid v\u00e4he v\u00f5i need puuduvad \u00fcldse<\/span><\/li>\n<li><span style=\"font-size: small;line-height: 21px;background-color: transparent\">V\u00e4ljaanded ei l\u00e4bi eelretsenseerimist<\/span><\/li>\n<li><span style=\"font-size: small;line-height: 21px;background-color: transparent\">Autor ei pea olema teadlane, v\u00f5ib olla n\u00e4iteks ka ajakirjanik<\/span><\/li>\n<\/ul>\n<\/td>\n<\/tr>\n<\/tbody>\n<\/table>\n","protected":false},"excerpt":{"rendered":"<p>Erinevale sihtgrupile edastatakse infot erineval viisil vastavalt sellele, millised on sihtgrupi huvid ja eelnevad teadmised. Uurijale, teadlasele K\u00f5igile huvilistele V\u00e4ljaanne kasutab teaduskeelt ja erialatermineid Illustratsioonid puuduvad v\u00f5i on sisu avamiseks vajalikud Esitatud v\u00e4ited on t\u00f5estatud (tekst sisaldab viiteid ning kasutatud &#8230;<\/p>\n","protected":false},"author":5,"featured_media":0,"parent":0,"menu_order":0,"comment_status":"closed","ping_status":"closed","template":"","meta":{"_acf_changed":false,"inline_featured_image":false,"footnotes":""},"class_list":["post-4","page","type-page","status-publish","hentry"],"acf":[],"_links":{"self":[{"href":"https:\/\/sisu.ut.ee\/info_hindamine\/wp-json\/wp\/v2\/pages\/4","targetHints":{"allow":["GET"]}}],"collection":[{"href":"https:\/\/sisu.ut.ee\/info_hindamine\/wp-json\/wp\/v2\/pages"}],"about":[{"href":"https:\/\/sisu.ut.ee\/info_hindamine\/wp-json\/wp\/v2\/types\/page"}],"author":[{"embeddable":true,"href":"https:\/\/sisu.ut.ee\/info_hindamine\/wp-json\/wp\/v2\/users\/5"}],"replies":[{"embeddable":true,"href":"https:\/\/sisu.ut.ee\/info_hindamine\/wp-json\/wp\/v2\/comments?post=4"}],"version-history":[{"count":1,"href":"https:\/\/sisu.ut.ee\/info_hindamine\/wp-json\/wp\/v2\/pages\/4\/revisions"}],"predecessor-version":[{"id":35,"href":"https:\/\/sisu.ut.ee\/info_hindamine\/wp-json\/wp\/v2\/pages\/4\/revisions\/35"}],"wp:attachment":[{"href":"https:\/\/sisu.ut.ee\/info_hindamine\/wp-json\/wp\/v2\/media?parent=4"}],"curies":[{"name":"wp","href":"https:\/\/api.w.org\/{rel}","templated":true}]}}