{"id":877,"date":"2024-07-17T11:22:39","date_gmt":"2024-07-17T08:22:39","guid":{"rendered":"https:\/\/sisu.ut.ee\/imc\/?page_id=877"},"modified":"2024-07-17T11:22:39","modified_gmt":"2024-07-17T08:22:39","slug":"tu-matemaatikaolumpiaadi-tulemused","status":"publish","type":"page","link":"https:\/\/sisu.ut.ee\/imc\/tu-matemaatikaolumpiaadi-tulemused\/","title":{"rendered":"T\u00dc Matemaatikaol\u00fcmpiaadi tulemused"},"content":{"rendered":"<h2>Tartus, 18. mail 2024. a.<\/h2>\n<table class=\"table table-hover\">\n<tbody>\n<tr>\n<td>Nimi<\/td>\n<td>Aasta<\/td>\n<td>Eriala\/\u00dclikool<\/td>\n<td>\u00dclesanne 1<\/td>\n<td>\u00dclesanne 2<\/td>\n<td>\u00dclesanne 3<\/td>\n<td>\u00dclesanne 4<\/td>\n<td>\u00dclesanne 5<\/td>\n<td>\u00dclesanne 6<\/td>\n<td>Kokku<\/td>\n<\/tr>\n<tr>\n<td>Urmas Luha\u00e4\u00e4r<\/td>\n<td>4<\/td>\n<td>Matemaatika<\/td>\n<td>20<\/td>\n<td>16<\/td>\n<td>10<\/td>\n<td>20<\/td>\n<td>20<\/td>\n<td>0<\/td>\n<td>86<\/td>\n<\/tr>\n<tr>\n<td>Martti Karl Elvisto<\/td>\n<td>2<\/td>\n<td>Matemaatika<\/td>\n<td>20<\/td>\n<td>9<\/td>\n<td>0<\/td>\n<td>19<\/td>\n<td>5<\/td>\n<td>18<\/td>\n<td>71<\/td>\n<\/tr>\n<tr>\n<td>Marko Tsengov<\/td>\n<td>2<\/td>\n<td>Informaatika<\/td>\n<td>17<\/td>\n<td>17<\/td>\n<td>11<\/td>\n<td>5<\/td>\n<td>4<\/td>\n<td>0<\/td>\n<td>54<\/td>\n<\/tr>\n<tr>\n<td>Rain Verrev<\/td>\n<td>1<\/td>\n<td>Matemaatika<\/td>\n<td>20<\/td>\n<td>2<\/td>\n<td>10<\/td>\n<td>20<\/td>\n<td>2<\/td>\n<td>0<\/td>\n<td>54<\/td>\n<\/tr>\n<tr>\n<td>Akbar Anbar Jafari<\/td>\n<td>(dokt)<\/td>\n<td>Tehnika ja tehnoloogia<\/td>\n<td>18<\/td>\n<td>5<\/td>\n<td>10<\/td>\n<td>0<\/td>\n<td>19<\/td>\n<td>0<\/td>\n<td>52<\/td>\n<\/tr>\n<tr>\n<td>Birgit Veldi<\/td>\n<td>2<\/td>\n<td>Matemaatika<\/td>\n<td>0<\/td>\n<td>19<\/td>\n<td>12<\/td>\n<td>12<\/td>\n<td>5<\/td>\n<td>0<\/td>\n<td>48<\/td>\n<\/tr>\n<tr>\n<td>Henri Peterson<\/td>\n<td>1<\/td>\n<td>Matemaatika<\/td>\n<td>20<\/td>\n<td>0<\/td>\n<td>10<\/td>\n<td>12<\/td>\n<td>0<\/td>\n<td>0<\/td>\n<td>42<\/td>\n<\/tr>\n<tr>\n<td>Robert Suigusaar<\/td>\n<td>4<\/td>\n<td>Matemaatika<\/td>\n<td>20<\/td>\n<td>4<\/td>\n<td>11<\/td>\n<td>0<\/td>\n<td>0<\/td>\n<td>0<\/td>\n<td>35<\/td>\n<\/tr>\n<tr>\n<td>Stefan Ehin<\/td>\n<td>2<\/td>\n<td>Matemaatika<\/td>\n<td>7<\/td>\n<td>9<\/td>\n<td>15<\/td>\n<td>0<\/td>\n<td>1<\/td>\n<td>1<\/td>\n<td>33<\/td>\n<\/tr>\n<tr>\n<td>Aleksei Ganyukov<\/td>\n<td>1<\/td>\n<td>Informaatika<\/td>\n<td>0<\/td>\n<td>4<\/td>\n<td>10<\/td>\n<td>0<\/td>\n<td>0<\/td>\n<td>17<\/td>\n<td>31<\/td>\n<\/tr>\n<tr>\n<td>Rio Truija<\/td>\n<td>1<\/td>\n<td>Informaatika<\/td>\n<td>0<\/td>\n<td>0<\/td>\n<td>0<\/td>\n<td>5<\/td>\n<td>0<\/td>\n<td>12<\/td>\n<td>17<\/td>\n<\/tr>\n<tr>\n<td>Olari Kikas<\/td>\n<td>2<\/td>\n<td>Matemaatika<\/td>\n<td>0<\/td>\n<td>0<\/td>\n<td>2<\/td>\n<td>0<\/td>\n<td>6<\/td>\n<td>0<\/td>\n<td>8<\/td>\n<\/tr>\n<tr>\n<td>Orlando Merino<\/td>\n<td>\u2013<\/td>\n<td>\u2013<\/td>\n<td>7<\/td>\n<td>0<\/td>\n<td>0<\/td>\n<td>0<\/td>\n<td>0<\/td>\n<td>0<\/td>\n<td>7<\/td>\n<\/tr>\n<tr>\n<td>Taavi P\u00e4rt Tammaru<\/td>\n<td>2<\/td>\n<td>F\u00fc\u00fcsika<\/td>\n<td>0<\/td>\n<td>4<\/td>\n<td>0<\/td>\n<td>0<\/td>\n<td>0<\/td>\n<td>0<\/td>\n<td>4<\/td>\n<\/tr>\n<tr>\n<td>Virmo Papagoi<\/td>\n<td>2<\/td>\n<td>Informaatika<\/td>\n<td>2<\/td>\n<td>0<\/td>\n<td>0<\/td>\n<td>0<\/td>\n<td>0<\/td>\n<td>0<\/td>\n<td>2<\/td>\n<\/tr>\n<tr>\n<td>MAX<\/td>\n<td><\/td>\n<td><\/td>\n<td>20<\/td>\n<td>20<\/td>\n<td>20<\/td>\n<td>20<\/td>\n<td>20<\/td>\n<td>20<\/td>\n<td>120<\/td>\n<\/tr>\n<\/tbody>\n<\/table>\n<p>IMC 2024. aasta T\u00dc v\u00f5istkonna liikmeteks m\u00e4\u00e4rati<br>\n<b>Urmas Luha\u00e4\u00e4r<\/b>, <b>Birgit Veldi<\/b>, <b>Marko Tsengov<\/b> ja <b>Rain Verrev<\/b>.<\/p>\n<hr>\n<p><i> 15. juulil 2024<\/i><\/p>\n<p>Rainis Haller, Johann Langemets, J\u00fcri Lember, Kaido L\u00e4tt, \u00dclo Reimaa, Joonas Sova, Indrek Zolk<\/p>\n","protected":false},"excerpt":{"rendered":"<p>Tartus, 18. mail 2024. a. Nimi Aasta Eriala\/\u00dclikool \u00dclesanne 1 \u00dclesanne 2 \u00dclesanne 3 \u00dclesanne 4 \u00dclesanne 5 \u00dclesanne 6 Kokku Urmas Luha\u00e4\u00e4r 4 Matemaatika 20 16 10 20 20 0 86 Martti Karl Elvisto 2 Matemaatika 20 9 0 &#8230;<\/p>\n","protected":false},"author":324,"featured_media":0,"parent":0,"menu_order":0,"comment_status":"closed","ping_status":"closed","template":"","meta":{"_acf_changed":false,"inline_featured_image":false,"footnotes":""},"class_list":["post-877","page","type-page","status-publish","hentry"],"acf":[],"_links":{"self":[{"href":"https:\/\/sisu.ut.ee\/imc\/wp-json\/wp\/v2\/pages\/877","targetHints":{"allow":["GET"]}}],"collection":[{"href":"https:\/\/sisu.ut.ee\/imc\/wp-json\/wp\/v2\/pages"}],"about":[{"href":"https:\/\/sisu.ut.ee\/imc\/wp-json\/wp\/v2\/types\/page"}],"author":[{"embeddable":true,"href":"https:\/\/sisu.ut.ee\/imc\/wp-json\/wp\/v2\/users\/324"}],"replies":[{"embeddable":true,"href":"https:\/\/sisu.ut.ee\/imc\/wp-json\/wp\/v2\/comments?post=877"}],"version-history":[{"count":1,"href":"https:\/\/sisu.ut.ee\/imc\/wp-json\/wp\/v2\/pages\/877\/revisions"}],"predecessor-version":[{"id":878,"href":"https:\/\/sisu.ut.ee\/imc\/wp-json\/wp\/v2\/pages\/877\/revisions\/878"}],"wp:attachment":[{"href":"https:\/\/sisu.ut.ee\/imc\/wp-json\/wp\/v2\/media?parent=877"}],"curies":[{"name":"wp","href":"https:\/\/api.w.org\/{rel}","templated":true}]}}