{"id":872,"date":"2024-07-17T11:23:14","date_gmt":"2024-07-17T08:23:14","guid":{"rendered":"https:\/\/sisu.ut.ee\/imc\/?page_id=872"},"modified":"2025-03-17T01:45:41","modified_gmt":"2025-03-16T23:45:41","slug":"matemaatikavoistluse-tulemused","status":"publish","type":"page","link":"https:\/\/sisu.ut.ee\/imc\/avaleht\/matemaatikavoistluse-tulemused\/","title":{"rendered":"Matemaatikav\u00f5istluse tulemused"},"content":{"rendered":"<h1 class=\"wp-block-heading\">Tartus, 8. m\u00e4rtsil 2024. a.<\/h1>\n\n\n\n<figure class=\"wp-block-table\"><table class=\"table table-hover\"><tbody><tr><td>Nimi<\/td><td>\u00dclesanne 1<\/td><td>\u00dclesanne 2<\/td><td>\u00dclesanne 3<\/td><td>\u00dclesanne 4<\/td><td>\u00dclesanne 5<\/td><td>Kokku<\/td><\/tr><tr><td>Urmas Luha\u00e4\u00e4r<\/td><td>20<\/td><td>20<\/td><td>8<\/td><td>20<\/td><td>0<\/td><td>68<\/td><\/tr><tr><td>Stefan Ehin<\/td><td>20<\/td><td>18<\/td><td>15<\/td><td>2<\/td><td>10<\/td><td>65<\/td><\/tr><tr><td>Marko Tsengov<\/td><td>18<\/td><td>19<\/td><td>0<\/td><td>20<\/td><td>\u2013<\/td><td>57<\/td><\/tr><tr><td>Rain Verrev<\/td><td>20<\/td><td>17<\/td><td>18<\/td><td>2<\/td><td>0<\/td><td>57<\/td><\/tr><tr><td>Aleksei Ganyukov<\/td><td>20<\/td><td>0<\/td><td>5<\/td><td>12<\/td><td>10<\/td><td>47<\/td><\/tr><tr><td>Martti Karl Elvisto<\/td><td>16<\/td><td>0<\/td><td>12<\/td><td>18<\/td><td>\u2013<\/td><td>46<\/td><\/tr><tr><td>Martin Pu\u0161kin<\/td><td>16<\/td><td>0<\/td><td>8<\/td><td>20<\/td><td>\u2013<\/td><td>44<\/td><\/tr><tr><td>Birgit Veldi<\/td><td>20<\/td><td>2<\/td><td>2<\/td><td>12<\/td><td>2<\/td><td>38<\/td><\/tr><tr><td>Robert Suigusaar<\/td><td>19<\/td><td>5<\/td><td>8<\/td><td>0<\/td><td>2<\/td><td>34<\/td><\/tr><tr><td>Henri Peterson<\/td><td>20<\/td><td>0<\/td><td>10<\/td><td>2<\/td><td>\u2013<\/td><td>32<\/td><\/tr><tr><td>Rio Truija<\/td><td>20<\/td><td>3<\/td><td>5<\/td><td>\u2013<\/td><td>\u2013<\/td><td>28<\/td><\/tr><tr><td>Taavi P\u00e4rt Tammaru<\/td><td>4<\/td><td>0<\/td><td>7<\/td><td>\u2013<\/td><td>0<\/td><td>11<\/td><\/tr><tr><td>Henri Kivi<\/td><td>\u2013<\/td><td>0<\/td><td>7<\/td><td>0<\/td><td>0<\/td><td>7<\/td><\/tr><tr><td>Olari Kikas<\/td><td>\u2013<\/td><td>0<\/td><td>0<\/td><td>2<\/td><td>\u2013<\/td><td>2<\/td><\/tr><tr><td>Liisi Metsoja<\/td><td>0<\/td><td>0<\/td><td>1<\/td><td>\u2013<\/td><td>0<\/td><td>1<\/td><\/tr><tr><td>MAX<\/td><td>20<\/td><td>20<\/td><td>20<\/td><td>20<\/td><td>20<\/td><td>100<\/td><\/tr><\/tbody><\/table><\/figure>\n\n\n\n<hr class=\"wp-block-separator has-alpha-channel-opacity\">\n\n\n\n<p><i> 27. mail 2024<br><br>Viktor Abramov, Kalle Kaarli, Raul Kangro, M\u00e4rt M\u00f6ls, Natalia Saealle, Indrek Zolk<\/i><\/p>\n","protected":false},"excerpt":{"rendered":"<p>Tartus, 8. m\u00e4rtsil 2024. a. Nimi \u00dclesanne 1 \u00dclesanne 2 \u00dclesanne 3 \u00dclesanne 4 \u00dclesanne 5 Kokku Urmas Luha\u00e4\u00e4r 20 20 8 20 0 68 Stefan Ehin 20 18 15 2 10 65 Marko Tsengov 18 19 0 20 \u2013 &#8230;<\/p>\n","protected":false},"author":324,"featured_media":0,"parent":3,"menu_order":0,"comment_status":"closed","ping_status":"closed","template":"","meta":{"_acf_changed":false,"inline_featured_image":false,"footnotes":""},"class_list":["post-872","page","type-page","status-publish","hentry"],"acf":[],"_links":{"self":[{"href":"https:\/\/sisu.ut.ee\/imc\/wp-json\/wp\/v2\/pages\/872","targetHints":{"allow":["GET"]}}],"collection":[{"href":"https:\/\/sisu.ut.ee\/imc\/wp-json\/wp\/v2\/pages"}],"about":[{"href":"https:\/\/sisu.ut.ee\/imc\/wp-json\/wp\/v2\/types\/page"}],"author":[{"embeddable":true,"href":"https:\/\/sisu.ut.ee\/imc\/wp-json\/wp\/v2\/users\/324"}],"replies":[{"embeddable":true,"href":"https:\/\/sisu.ut.ee\/imc\/wp-json\/wp\/v2\/comments?post=872"}],"version-history":[{"count":1,"href":"https:\/\/sisu.ut.ee\/imc\/wp-json\/wp\/v2\/pages\/872\/revisions"}],"predecessor-version":[{"id":873,"href":"https:\/\/sisu.ut.ee\/imc\/wp-json\/wp\/v2\/pages\/872\/revisions\/873"}],"up":[{"embeddable":true,"href":"https:\/\/sisu.ut.ee\/imc\/wp-json\/wp\/v2\/pages\/3"}],"wp:attachment":[{"href":"https:\/\/sisu.ut.ee\/imc\/wp-json\/wp\/v2\/media?parent=872"}],"curies":[{"name":"wp","href":"https:\/\/api.w.org\/{rel}","templated":true}]}}