{"id":3,"date":"2024-04-04T09:00:27","date_gmt":"2024-04-04T06:00:27","guid":{"rendered":"https:\/\/sisu.ut.ee\/imc\/avaleht\/"},"modified":"2026-04-11T19:53:20","modified_gmt":"2026-04-11T16:53:20","slug":"avaleht","status":"publish","type":"page","link":"https:\/\/sisu.ut.ee\/imc\/","title":{"rendered":"Tudengite matemaatikav\u00f5istlused"},"content":{"rendered":"<div style=\"height:35px\" aria-hidden=\"true\" class=\"wp-block-spacer\"><\/div>\n\n\n\n<h1 class=\"wp-block-heading\">Tartu \u00dclikooli matemaatikav\u00f5istlused<\/h1>\n\n\n\n<p>Tudengite jaoks m\u00f5eldud matemaatikav\u00f5istlused toimuvad Tartu \u00dclikoolis kaks korda aastas \u2013 m\u00e4rtsis ja novembris. V\u00f5istlusel antakse lahendamiseks 5 \u00fclesannet, millest iga\u00fcht hinnatakse t\u00e4isarvuga nullist kahek\u00fcmneni. Lahendamiseks on 5 tundi. V\u00f5istluse formaat ning \u00fclesannete temaatika ja raskusaste j\u00e4ljendavad rahvusvahelist matemaatikav\u00f5istlust IMC (International Mathematics Competition). Ennast toimuvaga kursis hoidmiseks j\u00e4lgi seda veebilehte v\u00f5i Tartu \u00dclikooli matemaatika ja statistika instituudi <a href=\"https:\/\/www.facebook.com\/unitartumath\">Facebooki lehte<\/a>.<\/p>\n\n\n\n<p><strong>Selgunud on 14. m\u00e4rtsil toimunud v\u00f5istluse esialgsed tulemused. Aega tulemuste apelleerimiseks on 19. aprilli l\u00f5puni.<\/strong><\/p>\n\n\n\n<div class=\"wp-block-buttons is-layout-flex wp-block-buttons-is-layout-flex\">\n<div class=\"wp-block-button\"><a class=\"wp-block-button__link wp-element-button\" href=\"https:\/\/sisu.ut.ee\/wp-content\/uploads\/sites\/658\/2026K_ylesanded.pdf\">\u00dclesanded ja lahendused<\/a><\/div>\n\n\n\n<div class=\"wp-block-button\"><a class=\"wp-block-button__link wp-element-button\" href=\"https:\/\/sisu.ut.ee\/wp-content\/uploads\/sites\/658\/2026K_hindamisskeemid.pdf\">Hindamisskeemid<\/a><\/div>\n\n\n\n<div class=\"wp-block-button\"><a class=\"wp-block-button__link wp-element-button\" href=\"https:\/\/sisu.ut.ee\/wp-content\/uploads\/sites\/658\/2026K_esialgsed_tulemused.pdf\">Esialgsed tulemused<\/a><\/div>\n<\/div>\n\n\n\n<div style=\"height:25px\" aria-hidden=\"true\" class=\"wp-block-spacer\"><\/div>\n\n\n\n<p>\u00d5ppeaasta kestel toimunud v\u00f5istluste p\u00f5hjal selgitatakse v\u00e4lja 4 inimest, kes esindavad Tartu \u00dclikooli juulis-augustis toimuval rahvusvahelisel matemaatikav\u00f5istlusel IMC. V\u00f5istkonna moodustamise aluseks on s\u00fcgisese ja kevadise v\u00f5istluse tulemuste summa. Kandidaadid peavad vastama IMC kodulehel toodud tingimustele. Osalustasud ja transpordikulud maksab kinni Tartu \u00dclikool ning Eesti Matemaatika Selts. Rohkem infot IMC kohta leiab selle <a href=\"https:\/\/sisu.ut.ee\/imc\/rahvusvahelised-voistlused\/\">kodulehelt<\/a>.<\/p>\n\n\n\n<p>K\u00fcsimuste korral kirjuta aadressile nikita.leo@ut.ee.<\/p>\n\n\n\n<h1 class=\"wp-block-heading\">Toimunud v\u00f5istluste materjalid<\/h1>\n\n\n\n<h2 class=\"wp-block-heading\">Tartu \u00dclikooli matemaatikav\u00f5istlus<\/h2>\n\n\n\n<p>Toimub kaks korda aastas \u2013 m\u00e4rtsis ja novembris. V\u00f5istlusel antakse lahendamiseks 5 \u00fclesannet, iga \u00fclesanne annab 20 punkti. Lahendamiseks on 5 tundi.<\/p>\n\n\n\n<p>Kevadiste v\u00f5istluse materjalid:<\/p>\n\n\n\n<ul class=\"wp-block-list\">\n<li>05.04.2015: <a href=\"https:\/\/sisu.ut.ee\/wp-content\/uploads\/sites\/658\/ut_math_pre15.pdf\">\u00fclesanded ja lahendused<\/a>, <a href=\"https:\/\/sisu.ut.ee\/wp-content\/uploads\/sites\/658\/tul15-peterburi-valik.html\">tulemused<\/a><a href=\"..\/wp-content\/uploads\/sites\/658\/tul15-peterburi-valik.html\"><\/a><\/li>\n\n\n\n<li>31.03.2016: <a href=\"https:\/\/sisu.ut.ee\/wp-content\/uploads\/sites\/658\/ut_math_pre16.pdf\">\u00fclesanded ja lahendused<\/a>, <a href=\"https:\/\/sisu.ut.ee\/wp-content\/uploads\/sites\/658\/ut_math_pre_16_tulemused.pdf\">tulemused<\/a><a href=\"..\/wp-content\/uploads\/sites\/658\/ut_math_pre_16_tulemused.pdf\"><\/a><\/li>\n\n\n\n<li>17.02.2017: <a href=\"https:\/\/sisu.ut.ee\/wp-content\/uploads\/sites\/658\/v170217.pdf\">\u00fclesanded ja lahendused<\/a>, <a href=\"https:\/\/sisu.ut.ee\/wp-content\/uploads\/sites\/658\/v170217_tulemused.html\">tulemused<\/a><\/li>\n\n\n\n<li>16.03.2018: <a href=\"https:\/\/sisu.ut.ee\/wp-content\/uploads\/sites\/658\/spring18.pdf\">\u00fclesanded ja lahendused<\/a>, <a href=\"https:\/\/sisu.ut.ee\/wp-content\/uploads\/sites\/658\/v160318_tulemused.html\">tulemused<\/a><a href=\"..\/wp-content\/uploads\/sites\/658\/v160318_tulemused.html\"><\/a><\/li>\n\n\n\n<li>08.03.2019: <a href=\"https:\/\/sisu.ut.ee\/wp-content\/uploads\/sites\/658\/spring19.pdf\">\u00fclesanded ja lahendused<\/a>, <a href=\"https:\/\/sisu.ut.ee\/wp-content\/uploads\/sites\/658\/spring19_tulemused.html\">tulemused<\/a><a href=\"..\/wp-content\/uploads\/sites\/658\/spring19_tulemused.html\"><\/a><\/li>\n\n\n\n<li>13.03.2020: <a href=\"https:\/\/sisu.ut.ee\/wp-content\/uploads\/sites\/658\/spring20.pdf\">\u00fclesanded ja lahendused<\/a>, <a href=\"https:\/\/sisu.ut.ee\/wp-content\/uploads\/sites\/658\/spring20_tulemused.html\">tulemused<\/a><a href=\"..\/wp-content\/uploads\/sites\/658\/spring20_tulemused.html\"><\/a><\/li>\n\n\n\n<li>19.03.2021: <a href=\"https:\/\/sisu.ut.ee\/wp-content\/uploads\/sites\/658\/spring21.pdf\">\u00fclesanded ja lahendused<\/a>, <a href=\"https:\/\/sisu.ut.ee\/wp-content\/uploads\/sites\/658\/spring21_tulemused.html\">tulemused<\/a><a href=\"..\/wp-content\/uploads\/sites\/658\/spring21_tulemused.html\"><\/a><\/li>\n\n\n\n<li>11.03.2022: <a href=\"https:\/\/sisu.ut.ee\/wp-content\/uploads\/sites\/658\/spring22.pdf\">\u00fclesanded ja lahendused<\/a>, <a href=\"https:\/\/sisu.ut.ee\/wp-content\/uploads\/sites\/658\/spring22_tulemused.html\">tulemused<\/a><a href=\"..\/wp-content\/uploads\/sites\/658\/spring22_tulemused.html\"><\/a><\/li>\n\n\n\n<li>10.03.2023: <a href=\"https:\/\/sisu.ut.ee\/wp-content\/uploads\/sites\/658\/spring23.pdf\">\u00fclesanded ja lahendused<\/a>, <a href=\"https:\/\/sisu.ut.ee\/wp-content\/uploads\/sites\/658\/spring23_tulemused.html\">tulemused<\/a><a href=\"..\/wp-content\/uploads\/sites\/658\/spring23_tulemused.html\"><\/a><\/li>\n\n\n\n<li>08.03.2024: <a href=\"https:\/\/sisu.ut.ee\/wp-content\/uploads\/sites\/658\/spring24.pdf\">\u00fclesanded ja lahendused<\/a>, <a href=\"https:\/\/sisu.ut.ee\/imc\/avaleht\/matemaatikavoistluse-tulemused\/\">tulemused<\/a><a href=\"\/imc\/?page_id=872\"><\/a><\/li>\n\n\n\n<li>15.03.2025: <a href=\"https:\/\/sisu.ut.ee\/wp-content\/uploads\/sites\/658\/2025K_ylesanded.pdf\" data-type=\"attachment\" data-id=\"1576\">\u00fclesanded ja lahendused<\/a>, <a href=\"https:\/\/sisu.ut.ee\/wp-content\/uploads\/sites\/658\/2025K_tulemused.pdf\" data-type=\"attachment\" data-id=\"1585\">tulemused<\/a><\/li>\n\n\n\n<li>14.03.2026: <a href=\"https:\/\/sisu.ut.ee\/wp-content\/uploads\/sites\/658\/2026K_ylesanded.pdf\" data-type=\"attachment\" data-id=\"1755\">\u00fclesanded ja lahendused<\/a>, <a href=\"https:\/\/sisu.ut.ee\/wp-content\/uploads\/sites\/658\/2026K_hindamisskeemid.pdf\" data-type=\"attachment\" data-id=\"1757\">hindamisskeemid<\/a>, <a href=\"https:\/\/sisu.ut.ee\/wp-content\/uploads\/sites\/658\/2026K_esialgsed_tulemused.pdf\" data-type=\"attachment\" data-id=\"1756\">esialgsed tulemused<\/a><\/li>\n<\/ul>\n\n\n\n<p>S\u00fcgiseste v\u00f5istluste materjalid:<\/p>\n\n\n\n<ul class=\"wp-block-list\">\n<li>14.10.2016: <a href=\"https:\/\/sisu.ut.ee\/wp-content\/uploads\/sites\/658\/ut_math_pre141016.pdf\">\u00fclesanded ja lahendused<\/a>, <a href=\"https:\/\/sisu.ut.ee\/wp-content\/uploads\/sites\/658\/ut_math_pre141016_tulemused.html\">tulemused<\/a><a href=\"..\/wp-content\/uploads\/sites\/658\/ut_math_pre141016_tulemused.html\"><\/a><\/li>\n\n\n\n<li>27.10.2017: <a href=\"https:\/\/sisu.ut.ee\/wp-content\/uploads\/sites\/658\/v271017.pdf\">\u00fclesanded ja lahendused<\/a>, <a href=\"https:\/\/sisu.ut.ee\/wp-content\/uploads\/sites\/658\/v271017_tulemused.html\">tulemused<\/a><a href=\"..\/wp-content\/uploads\/sites\/658\/v271017_tulemused.html\"><\/a><\/li>\n\n\n\n<li>19.10.2018: <a href=\"https:\/\/sisu.ut.ee\/wp-content\/uploads\/sites\/658\/autumn18.pdf\">\u00fclesanded ja lahendused<\/a>, <a href=\"https:\/\/sisu.ut.ee\/wp-content\/uploads\/sites\/658\/autumn18-tulemused.html\">tulemused<\/a><a href=\"..\/wp-content\/uploads\/sites\/658\/autumn18-tulemused.html\"><\/a><\/li>\n\n\n\n<li>11.10.2019: <a href=\"https:\/\/sisu.ut.ee\/wp-content\/uploads\/sites\/658\/autumn19.pdf\">\u00fclesanded ja lahendused<\/a>, <a href=\"https:\/\/sisu.ut.ee\/wp-content\/uploads\/sites\/658\/autumn19-tulemused.html\">tulemused<\/a><a href=\"..\/wp-content\/uploads\/sites\/658\/autumn19-tulemused.html\"><\/a><\/li>\n\n\n\n<li>30.10.2020: <a href=\"https:\/\/sisu.ut.ee\/wp-content\/uploads\/sites\/658\/autumn20.pdf\">\u00fclesanded ja lahendused<\/a>, <a href=\"https:\/\/sisu.ut.ee\/wp-content\/uploads\/sites\/658\/autumn20-tulemused.html\">tulemused<\/a><a href=\"..\/wp-content\/uploads\/sites\/658\/autumn20-tulemused.html\"><\/a><\/li>\n\n\n\n<li>05.11.2021: <a href=\"https:\/\/sisu.ut.ee\/wp-content\/uploads\/sites\/658\/autumn21.pdf\">\u00fclesanded ja lahendused<\/a>, <a href=\"https:\/\/sisu.ut.ee\/wp-content\/uploads\/sites\/658\/autumn21-tulemused.html\">tulemused<\/a><a href=\"..\/wp-content\/uploads\/sites\/658\/autumn21-tulemused.html\"><\/a><\/li>\n\n\n\n<li>04.11.2022: <a href=\"https:\/\/sisu.ut.ee\/wp-content\/uploads\/sites\/658\/autumn22.pdf\">\u00fclesanded ja lahendused<\/a>, <a href=\"https:\/\/sisu.ut.ee\/wp-content\/uploads\/sites\/658\/autumn22-tulemused.html\">tulemused<\/a><a href=\"..\/wp-content\/uploads\/sites\/658\/autumn22-tulemused.html\"><\/a><\/li>\n\n\n\n<li>03.11.2023: <a href=\"https:\/\/sisu.ut.ee\/wp-content\/uploads\/sites\/658\/autumn23.pdf\">\u00fclesanded ja lahendused<\/a>, <a href=\"https:\/\/sisu.ut.ee\/wp-content\/uploads\/sites\/658\/autumn23-tulemused.html\">tulemused<\/a><a href=\"..\/wp-content\/uploads\/sites\/658\/autumn23-tulemused.html\"><\/a><\/li>\n\n\n\n<li>22.11.2024: <a href=\"https:\/\/sisu.ut.ee\/wp-content\/uploads\/sites\/658\/2024S_ylesanded.pdf\" data-type=\"attachment\" data-id=\"1760\">\u00fclesanded ja lahendused<\/a>, <a href=\"https:\/\/sisu.ut.ee\/wp-content\/uploads\/sites\/658\/2024S_tulemused.pdf\" data-type=\"attachment\" data-id=\"1727\">tulemused<\/a><\/li>\n\n\n\n<li>15.11.2025: <a href=\"https:\/\/sisu.ut.ee\/wp-content\/uploads\/sites\/658\/2025S_ylesanded.pdf\" data-type=\"attachment\" data-id=\"1732\">\u00fclesanded ja lahendused<\/a>, <a href=\"https:\/\/sisu.ut.ee\/wp-content\/uploads\/sites\/658\/2025S_tulemused.pdf\" data-type=\"attachment\" data-id=\"1740\">tulemused<\/a><\/li>\n<\/ul>\n\n\n\n<h2 class=\"wp-block-heading\">Tartu \u00dclikooli matemaatikaol\u00fcmpiaad<\/h2>\n\n\n\n<p>Toimus aastatel 1999-2024 kord aastas, maikuus. Lahendamiseks oli 6 \u00fclesannet. Aastani 2006 andsid erinevad \u00fclesanded erinevat arvu punkte, aastast 2007 andis iga \u00fclesanne 20 punkti. Lahendamiseks anti 5 tundi. Aastast 2025 enam erinevatel p\u00f5hjustel ei toimu.<\/p>\n\n\n\n<p>V\u00f5istluse materjalid:<\/p>\n\n\n\n<ul class=\"wp-block-list\">\n<li>2013: <a href=\"https:\/\/sisu.ut.ee\/wp-content\/uploads\/sites\/658\/ut_math_ol_13.pdf\">\u00fclesanded ja lahendused<\/a>, <a href=\"https:\/\/sisu.ut.ee\/wp-content\/uploads\/sites\/658\/tulemused13.html\">tulemused<\/a><a href=\"..\/wp-content\/uploads\/sites\/658\/tulemused13.html\"><\/a><\/li>\n\n\n\n<li>2014: <a href=\"https:\/\/sisu.ut.ee\/wp-content\/uploads\/sites\/658\/ut_math_ol_14.pdf\">\u00fclesanded ja lahendused<\/a>, <a href=\"https:\/\/sisu.ut.ee\/wp-content\/uploads\/sites\/658\/tulemused14.html\">tulemused<\/a><a href=\"..\/wp-content\/uploads\/sites\/658\/tulemused14.html\"><\/a><\/li>\n\n\n\n<li>2015: <a href=\"https:\/\/sisu.ut.ee\/wp-content\/uploads\/sites\/658\/ut_math_ol_15.pdf\">\u00fclesanded ja lahendused<\/a>, <a href=\"https:\/\/sisu.ut.ee\/wp-content\/uploads\/sites\/658\/tulemused15.html\">tulemused<\/a><a href=\"..\/wp-content\/uploads\/sites\/658\/tulemused15.html\"><\/a><\/li>\n\n\n\n<li>2016: <a href=\"https:\/\/sisu.ut.ee\/wp-content\/uploads\/sites\/658\/ut_math_ol_16.pdf\">\u00fclesanded ja lahendused<\/a>, <a href=\"https:\/\/sisu.ut.ee\/wp-content\/uploads\/sites\/658\/tulemused16.html\">tulemused<\/a><a href=\"..\/wp-content\/uploads\/sites\/658\/tulemused16.html\"><\/a><\/li>\n\n\n\n<li>2017: <a href=\"https:\/\/sisu.ut.ee\/wp-content\/uploads\/sites\/658\/ut_math_ol_17.pdf\">\u00fclesanded ja lahendused<\/a>, <a href=\"https:\/\/sisu.ut.ee\/wp-content\/uploads\/sites\/658\/tulemused17.html\">tulemused<\/a><a href=\"..\/wp-content\/uploads\/sites\/658\/tulemused17.html\"><\/a><\/li>\n\n\n\n<li>2018: <a href=\"https:\/\/sisu.ut.ee\/wp-content\/uploads\/sites\/658\/tumo18.pdf\">\u00fclesanded ja lahendused<\/a>, <a href=\"https:\/\/sisu.ut.ee\/wp-content\/uploads\/sites\/658\/tulemused18.html\">tulemused<\/a><a href=\"..\/wp-content\/uploads\/sites\/658\/tulemused18.html\"><\/a><\/li>\n\n\n\n<li>2019: <a href=\"https:\/\/sisu.ut.ee\/wp-content\/uploads\/sites\/658\/tumo19.pdf\">\u00fclesanded ja lahendused<\/a>, <a href=\"https:\/\/sisu.ut.ee\/wp-content\/uploads\/sites\/658\/tulemused19.html\">tulemused<\/a><a href=\"..\/wp-content\/uploads\/sites\/658\/tulemused19.html\"><\/a><\/li>\n\n\n\n<li>2020: <a href=\"https:\/\/sisu.ut.ee\/wp-content\/uploads\/sites\/658\/tumo20.pdf\">\u00fclesanded ja lahendused<\/a>, <a href=\"https:\/\/sisu.ut.ee\/wp-content\/uploads\/sites\/658\/tulemused20.html\">tulemused<\/a><a href=\"..\/wp-content\/uploads\/sites\/658\/tulemused20.html\"><\/a><\/li>\n\n\n\n<li>2021: <a href=\"https:\/\/sisu.ut.ee\/wp-content\/uploads\/sites\/658\/tumo21.pdf\">\u00fclesanded ja lahendused<\/a>, <a href=\"https:\/\/sisu.ut.ee\/wp-content\/uploads\/sites\/658\/tulemused21.html\">tulemused<\/a><a href=\"..\/wp-content\/uploads\/sites\/658\/tulemused21.html\"><\/a><\/li>\n\n\n\n<li>2022: <a href=\"https:\/\/sisu.ut.ee\/wp-content\/uploads\/sites\/658\/tumo22.pdf\">\u00fclesanded ja lahendused<\/a>, <a href=\"https:\/\/sisu.ut.ee\/wp-content\/uploads\/sites\/658\/tulemused22.html\">tulemused<\/a><a href=\"..\/wp-content\/uploads\/sites\/658\/tulemused22.html\"><\/a><\/li>\n\n\n\n<li>2023: <a href=\"https:\/\/sisu.ut.ee\/wp-content\/uploads\/sites\/658\/tumo23.pdf\">\u00fclesanded ja lahendused<\/a>, <a href=\"https:\/\/sisu.ut.ee\/wp-content\/uploads\/sites\/658\/tulemused23.html\">tulemused<\/a><a href=\"..\/wp-content\/uploads\/sites\/658\/tulemused23.html\"><\/a><\/li>\n\n\n\n<li>2024: <a href=\"https:\/\/sisu.ut.ee\/wp-content\/uploads\/sites\/658\/tumo24.pdf\">\u00fclesanded ja lahendused<\/a>, <a href=\"https:\/\/sisu.ut.ee\/imc\/tu-matemaatikaolumpiaadi-tulemused\/\">tulemused<\/a><a href=\"\/imc\/tu-matemaatikaolumpiaadi-tulemused\/\"><\/a><\/li>\n<\/ul>\n\n\n\n<h2 class=\"wp-block-heading\">Peegelv\u00f5istlused<\/h2>\n\n\n\n<p>Toimunud on ka m\u00f5ned peegelv\u00f5istlused. Peegelv\u00f5istlus on kohale minemist n\u00f5udvast v\u00f5istlusest mitteametlik distantsilt osa v\u00f5tmine.<\/p>\n\n\n\n<p>Peegelv\u00f5istluste materjalid:<\/p>\n\n\n\n<ul class=\"wp-block-list\">\n<li>Putnam Competition\n<ul class=\"wp-block-list\">\n<li>Putnami peegelv\u00f5istlus 06.12.2015: <a href=\"https:\/\/sisu.ut.ee\/wp-content\/uploads\/sites\/658\/shadow-putnam-est-2015-results.html\">tulemused<\/a><a href=\"..\/wp-content\/uploads\/sites\/658\/shadow-putnam-est-2015-results.html\"><\/a><\/li>\n\n\n\n<li>Putnami peegelv\u00f5istlus 04.12.2016: <a href=\"https:\/\/sisu.ut.ee\/wp-content\/uploads\/sites\/658\/shadow-putnam-est-2016-results.html\">tulemused<\/a><a href=\"..\/wp-content\/uploads\/sites\/658\/shadow-putnam-est-2016-results.html\"><\/a><\/li>\n\n\n\n<li>Putnami peegelv\u00f5istlus 03.12.2017: <a href=\"https:\/\/sisu.ut.ee\/wp-content\/uploads\/sites\/658\/shadow-putnam-est-2017-results.html\">tulemused<\/a><a href=\"..\/wp-content\/uploads\/sites\/658\/shadow-putnam-est-2017-results.html\"><\/a><\/li>\n\n\n\n<li>Putnami peegelv\u00f5istlus 02.12.2018: <a href=\"https:\/\/sisu.ut.ee\/wp-content\/uploads\/sites\/658\/shadow-putnam-est-2018-results.html\">tulemused<\/a><a href=\"..\/wp-content\/uploads\/sites\/658\/shadow-putnam-est-2018-results.html\"><\/a><\/li>\n\n\n\n<li>Putnami peegelv\u00f5istlus 08.12.2019: <a href=\"https:\/\/sisu.ut.ee\/wp-content\/uploads\/sites\/658\/shadow-putnam-est-2019-results.html\">tulemused<\/a><a href=\"..\/wp-content\/uploads\/sites\/658\/shadow-putnam-est-2019-results.html\"><\/a><\/li>\n<\/ul>\n<\/li>\n\n\n\n<li>Vojt\u011bch Jarn\u00edk International Mathematical Competition\n<ul class=\"wp-block-list\">\n<li>VJIMC peegelv\u00f5istlus 31.03.2017: <a href=\"https:\/\/sisu.ut.ee\/wp-content\/uploads\/sites\/658\/vjimc17_c1_tulemused.html\">C1 tulemused<\/a>, <a href=\"https:\/\/sisu.ut.ee\/wp-content\/uploads\/sites\/658\/vjimc17_c2_tulemused.html\">C2 tulemused<\/a><br><a href=\"..\/wp-content\/uploads\/sites\/658\/vjimc17_c2_tulemused.html\"><\/a><\/li>\n<\/ul>\n<\/li>\n<\/ul>\n\n\n\n<h1 class=\"wp-block-heading\">International Mathematics Competition<\/h1>\n\n\n\n<div style=\"height:15px\" aria-hidden=\"true\" class=\"wp-block-spacer\"><\/div>\n\n\n\n<div class=\"wp-block-buttons is-layout-flex wp-block-buttons-is-layout-flex\">\n<div class=\"wp-block-button\"><a class=\"wp-block-button__link wp-element-button\" href=\"https:\/\/www.imc-math.org.uk\/\">V\u00f5istluse pealeht<\/a><\/div>\n\n\n\n<div class=\"wp-block-button\"><a class=\"wp-block-button__link wp-element-button\" href=\"https:\/\/sisu.ut.ee\/wp-content\/uploads\/sites\/658\/IMC_tulemused.pdf\">Tartu \u00dclikooli esindajate tulemused<\/a><\/div>\n<\/div>\n\n\n\n<div style=\"height:35px\" aria-hidden=\"true\" class=\"wp-block-spacer\"><\/div>\n\n\n\n<div class=\"wp-block-columns is-layout-flex wp-container-core-columns-is-layout-9d6595d7 wp-block-columns-is-layout-flex\">\n<div class=\"wp-block-column is-layout-flow wp-block-column-is-layout-flow\" style=\"flex-basis:66.66%\">\n<p><strong>International Mathematics Competition for University Students<\/strong> (l\u00fchendatult <strong>International Mathematics Competition<\/strong> v\u00f5i <strong>IMC<\/strong>) on \u00fcli\u00f5pilastele m\u00f5eldud rahvusvaheline matemaatikav\u00f5istlus, mis leiab aset iga aasta juulis-augustis. Korraldajaks on University College London, toimumispaigaks American University in Bulgaria (Blagoevgrad, Bulgaaria). Esimene v\u00f5istlus toimus aastal 1994. V\u00f5istlus on m\u00f5eldud \u00fcli\u00f5pilastele, kes on kuni 23 aastat vanad ning on l\u00f5petamas oma esimest kuni neljandat \u00fclikooliaastat.<\/p>\n\n\n\n<p>Aastatel 1994-2009 toimus erinevates riikides: Bulgaaria, Ungari, Inglismaa, T\u0161ehhi, Poola, Rumeenia, Makedoonia, Ukraina. Edaspidi on toimumispaigaks olnud AUBG (American University in Bulgaria). Aastatel 2020 ja 2021 oli v\u00f5istlus koroonaviiruse pandeemia t\u00f5ttu distantsilt peetud. Distantsilt lahendamise v\u00f5imalus oli ka aastal 2022.<\/p>\n\n\n\n<p>V\u00f5istlus koosneb kahest v\u00f5istlusp\u00e4evast. Aastatel 1994-2008 oli kummalgi p\u00e4eval lahendamiseks 6 \u00fclesannet. Alates aastast 2009 on kummalgi p\u00e4eval 5 \u00fclesannet (v.a aastad 2020-2022, kui oli 4 \u00fclesannet p\u00e4eva kohta). Igat \u00fclesannet hinnatakse t\u00e4isarvuga nullist k\u00fcmneni. Lahendamiseks on kummalgi p\u00e4eval 5 tundi. V\u00f5istlusel jagatakse kuut t\u00fc\u00fcpi erinevaid auhindu: Honourable Mention, Third Prize, Second Prize, First Prize, Grand First Prize ja Grand Grand First Prize.<\/p>\n\n\n\n<p>Tartu \u00dclikooli esindajad on v\u00f5istlusest osa v\u00f5tnud alates 1996. aastast.<\/p>\n<\/div>\n\n\n\n<div class=\"wp-block-column is-layout-flow wp-block-column-is-layout-flow\" style=\"flex-basis:33.33%\">\n<figure class=\"wp-block-image size-large is-resized\"><img decoding=\"async\" src=\"https:\/\/www.imc-math.org.uk\/images\/imc-logo.jpg\" alt=\"\" style=\"aspect-ratio:0.8146997537412388;width:294px;height:auto\"><\/figure>\n<\/div>\n<\/div>\n\n\n\n<p><\/p>\n","protected":false},"excerpt":{"rendered":"<p>Tartu \u00dclikooli matemaatikav\u00f5istlused Tudengite jaoks m\u00f5eldud matemaatikav\u00f5istlused toimuvad Tartu \u00dclikoolis kaks korda aastas \u2013 m\u00e4rtsis ja novembris. V\u00f5istlusel antakse lahendamiseks 5 \u00fclesannet, millest iga\u00fcht hinnatakse t\u00e4isarvuga nullist kahek\u00fcmneni. Lahendamiseks on 5 tundi. V\u00f5istluse formaat ning \u00fclesannete temaatika ja raskusaste j\u00e4ljendavad &#8230;<\/p>\n","protected":false},"author":324,"featured_media":1609,"parent":0,"menu_order":0,"comment_status":"closed","ping_status":"closed","template":"","meta":{"_acf_changed":false,"inline_featured_image":false,"footnotes":""},"class_list":["post-3","page","type-page","status-publish","has-post-thumbnail","hentry"],"acf":[],"_links":{"self":[{"href":"https:\/\/sisu.ut.ee\/imc\/wp-json\/wp\/v2\/pages\/3","targetHints":{"allow":["GET"]}}],"collection":[{"href":"https:\/\/sisu.ut.ee\/imc\/wp-json\/wp\/v2\/pages"}],"about":[{"href":"https:\/\/sisu.ut.ee\/imc\/wp-json\/wp\/v2\/types\/page"}],"author":[{"embeddable":true,"href":"https:\/\/sisu.ut.ee\/imc\/wp-json\/wp\/v2\/users\/324"}],"replies":[{"embeddable":true,"href":"https:\/\/sisu.ut.ee\/imc\/wp-json\/wp\/v2\/comments?post=3"}],"version-history":[{"count":30,"href":"https:\/\/sisu.ut.ee\/imc\/wp-json\/wp\/v2\/pages\/3\/revisions"}],"predecessor-version":[{"id":1768,"href":"https:\/\/sisu.ut.ee\/imc\/wp-json\/wp\/v2\/pages\/3\/revisions\/1768"}],"wp:featuredmedia":[{"embeddable":true,"href":"https:\/\/sisu.ut.ee\/imc\/wp-json\/wp\/v2\/media\/1609"}],"wp:attachment":[{"href":"https:\/\/sisu.ut.ee\/imc\/wp-json\/wp\/v2\/media?parent=3"}],"curies":[{"name":"wp","href":"https:\/\/api.w.org\/{rel}","templated":true}]}}