{"id":1658,"date":"2025-10-27T00:54:25","date_gmt":"2025-10-26T22:54:25","guid":{"rendered":"https:\/\/sisu.ut.ee\/imc\/?page_id=1658"},"modified":"2025-12-13T04:18:52","modified_gmt":"2025-12-13T02:18:52","slug":"rahvusvahelised-voistlused","status":"publish","type":"page","link":"https:\/\/sisu.ut.ee\/imc\/rahvusvahelised-voistlused\/","title":{"rendered":"Rahvusvahelised matemaatikav\u00f5istlused"},"content":{"rendered":"<div style=\"height:35px\" aria-hidden=\"true\" class=\"wp-block-spacer\"><\/div>\n\n\n\n<h2 class=\"wp-block-heading\">International Mathematics Competition for University Students<\/h2>\n\n\n\n<div style=\"height:15px\" aria-hidden=\"true\" class=\"wp-block-spacer\"><\/div>\n\n\n\n<div class=\"wp-block-buttons is-layout-flex wp-block-buttons-is-layout-flex\">\n<div class=\"wp-block-button\"><a class=\"wp-block-button__link wp-element-button\" href=\"https:\/\/www.imc-math.org.uk\/\">V\u00f5istluse pealeht<\/a><\/div>\n\n\n\n<div class=\"wp-block-button\"><a class=\"wp-block-button__link wp-element-button\" href=\"https:\/\/sisu.ut.ee\/wp-content\/uploads\/sites\/658\/IMC_tulemused.pdf\">Tartu \u00dclikooli esindajate tulemused<\/a><\/div>\n<\/div>\n\n\n\n<div style=\"height:35px\" aria-hidden=\"true\" class=\"wp-block-spacer\"><\/div>\n\n\n\n<div class=\"wp-block-columns is-layout-flex wp-container-core-columns-is-layout-9d6595d7 wp-block-columns-is-layout-flex\">\n<div class=\"wp-block-column is-layout-flow wp-block-column-is-layout-flow\" style=\"flex-basis:66.66%\">\n<p><strong>International Mathematics Competition for University Students<\/strong> (l\u00fchendatult <strong>International Mathematics Competition<\/strong> v\u00f5i <strong>IMC<\/strong>) on \u00fcli\u00f5pilastele m\u00f5eldud rahvusvaheline matemaatikav\u00f5istlus, mis leiab aset iga aasta juulis-augustis. Korraldajaks on University College London, toimumispaigaks American University in Bulgaria (Blagoevgrad, Bulgaaria). Esimene v\u00f5istlus toimus aastal 1994. V\u00f5istlus on m\u00f5eldud \u00fcli\u00f5pilastele, kes on \u00fclimalt 23 aastat vanad ning on l\u00f5petamas oma esimest kuni neljandat \u00fclikooliaastat.<\/p>\n\n\n\n<p>Aastatel 1994-2009 toimus erinevates riikides: Bulgaaria, Ungari, Inglismaa, T\u0161ehhi, Poola, Rumeenia, Makedoonia, Ukraina. Edaspidi on toimumispaigaks olnud AUBG (American University in Bulgaria). Aastatel 2020 ja 2021 oli v\u00f5istlus koroonaviiruse pandeemia t\u00f5ttu distantsilt peetud. Distantsilt lahendamise v\u00f5imalus oli ka aastal 2022.<\/p>\n\n\n\n<p>V\u00f5istlus koosneb kahest v\u00f5istlusp\u00e4evast. Aastatel 1994-2008 oli kummalgi p\u00e4eval lahendamiseks 6 \u00fclesannet. Alates aastast 2009 on kummalgi p\u00e4eval 5 \u00fclesannet (v.a aastad 2020-2022, kui oli 4 \u00fclesannet p\u00e4eva kohta). Igat \u00fclesannet hinnatakse t\u00e4isarvuga nullist k\u00fcmneni. Lahendamiseks on kummalgi p\u00e4eval 5 tundi. V\u00f5istlusel jagatakse kuut t\u00fc\u00fcpi erinevaid auhindu: Honourable Mention, Third Prize, Second Prize, First Prize, Grand First Prize ja Grand Grand First Prize.<\/p>\n\n\n\n<p>Tartu \u00dclikooli esindajad on v\u00f5istlusest osa v\u00f5tnud alates 1996. aastast. \u00d5ppeaasta kestel Tartu \u00dclikoolis toimunud matemaatikav\u00f5istluste tulemuste p\u00f5hjal selgitatakse iga aasta v\u00e4lja 4 inimest, kes esindavad Tartu \u00dclikooli rahvusvahelisel matemaatikav\u00f5istlusel IMC. Osalustasud ja transpordikulud maksab kinni Tartu \u00dclikool ning Eesti Matemaatika Selts, majutus ja toitlustus sisalduvad osalustasus. Rohkem infot Tartu \u00dclikoolis toimuvate matemaatikav\u00f5istluste kohta leiab <a href=\"https:\/\/sisu.ut.ee\/imc\/\" data-type=\"page\" data-id=\"3\">siit<\/a>.<\/p>\n<\/div>\n\n\n\n<div class=\"wp-block-column is-layout-flow wp-block-column-is-layout-flow\" style=\"flex-basis:33.33%\">\n<figure class=\"wp-block-image size-large is-resized\"><img decoding=\"async\" src=\"https:\/\/www.imc-math.org.uk\/images\/imc-logo.jpg\" alt=\"\" style=\"width:336px;height:auto\"><\/figure>\n<\/div>\n<\/div>\n\n\n\n<h2 class=\"wp-block-heading\">Muud v\u00f5istlused<\/h2>\n\n\n\n<ul class=\"wp-block-list\">\n<li><a href=\"https:\/\/maa.org\/putnam\/\">William Lowell Putnam Mathematical Competition<\/a><\/li>\n\n\n\n<li><a href=\"https:\/\/vjimc.osu.cz\/\">Vojt\u011bch Jarn\u00edk International Mathematical Competition<\/a><a href=\"http:\/\/www.unl.edu\/amc\/a-activities\/a7-problems\/putnamindex.shtml\"><\/a><\/li>\n\n\n\n<li><a href=\"https:\/\/mathdep.itmo.ru\/ncumc\/\">North Countries Universities Mathematical Competition<\/a><\/li>\n\n\n\n<li><a href=\"https:\/\/akhimo.urdu.uz\/\">Al-Khorezmi International Mathematical Olympiad<\/a><\/li>\n<\/ul>\n\n\n\n<div style=\"height:15px\" aria-hidden=\"true\" class=\"wp-block-spacer\"><\/div>\n\n\n\n<div class=\"wp-block-buttons is-layout-flex wp-block-buttons-is-layout-flex\">\n<div class=\"wp-block-button\"><a class=\"wp-block-button__link wp-element-button\" href=\"https:\/\/sisu.ut.ee\/imc\/\">Tartu \u00dclikooli v\u00f5istlused<\/a><\/div>\n<\/div>\n\n\n\n<div style=\"height:35px\" aria-hidden=\"true\" class=\"wp-block-spacer\"><\/div>\n\n\n\n<p>K\u00fcsimuste korral kirjuta aadressile nikita.leo@ut.ee.<\/p>\n","protected":false},"excerpt":{"rendered":"<p>International Mathematics Competition for University Students International Mathematics Competition for University Students (l\u00fchendatult International Mathematics Competition v\u00f5i IMC) on \u00fcli\u00f5pilastele m\u00f5eldud rahvusvaheline matemaatikav\u00f5istlus, mis leiab aset iga aasta juulis-augustis. Korraldajaks on University College London, toimumispaigaks American University in Bulgaria (Blagoevgrad, &#8230;<\/p>\n","protected":false},"author":734,"featured_media":1609,"parent":0,"menu_order":0,"comment_status":"closed","ping_status":"closed","template":"","meta":{"_acf_changed":false,"inline_featured_image":false,"footnotes":""},"class_list":["post-1658","page","type-page","status-publish","has-post-thumbnail","hentry"],"acf":[],"_links":{"self":[{"href":"https:\/\/sisu.ut.ee\/imc\/wp-json\/wp\/v2\/pages\/1658","targetHints":{"allow":["GET"]}}],"collection":[{"href":"https:\/\/sisu.ut.ee\/imc\/wp-json\/wp\/v2\/pages"}],"about":[{"href":"https:\/\/sisu.ut.ee\/imc\/wp-json\/wp\/v2\/types\/page"}],"author":[{"embeddable":true,"href":"https:\/\/sisu.ut.ee\/imc\/wp-json\/wp\/v2\/users\/734"}],"replies":[{"embeddable":true,"href":"https:\/\/sisu.ut.ee\/imc\/wp-json\/wp\/v2\/comments?post=1658"}],"version-history":[{"count":19,"href":"https:\/\/sisu.ut.ee\/imc\/wp-json\/wp\/v2\/pages\/1658\/revisions"}],"predecessor-version":[{"id":1738,"href":"https:\/\/sisu.ut.ee\/imc\/wp-json\/wp\/v2\/pages\/1658\/revisions\/1738"}],"wp:featuredmedia":[{"embeddable":true,"href":"https:\/\/sisu.ut.ee\/imc\/wp-json\/wp\/v2\/media\/1609"}],"wp:attachment":[{"href":"https:\/\/sisu.ut.ee\/imc\/wp-json\/wp\/v2\/media?parent=1658"}],"curies":[{"name":"wp","href":"https:\/\/api.w.org\/{rel}","templated":true}]}}