{"id":9,"date":"2024-04-03T23:19:37","date_gmt":"2024-04-03T20:19:37","guid":{"rendered":"https:\/\/sisu.ut.ee\/ikt\/kevadseminar-13-mail-2014\/"},"modified":"2024-04-03T23:20:07","modified_gmt":"2024-04-03T20:20:07","slug":"kevadseminar-13-mail-2014","status":"publish","type":"page","link":"https:\/\/sisu.ut.ee\/ikt\/kevadseminar-13-mail-2014\/","title":{"rendered":"Kevadseminar 13. mail 2014"},"content":{"rendered":"<p>Haridusuuenduskeskuses, aadress: Lossi 38 ruum 71, Tartu<\/p>\n<table class=\"table table-hover\" border=\"1\" cellpadding=\"0\" cellspacing=\"0\">\n<tbody>\n<tr>\n<td valign=\"top\">\n<p>12.00 \u2013 12.15<\/p>\n<\/td>\n<td valign=\"top\">\n<p>Sissejuhatus<\/p>\n<\/td>\n<td valign=\"top\">\n<p>Margus Pedaste<\/p>\n<\/td>\n<\/tr>\n<tr>\n<td colspan=\"3\" valign=\"top\">\n<p><strong><span style=\"text-decoration: underline;line-height: 1.6em\"><!--break--><\/span><span style=\"text-decoration: underline;line-height: 1.6em\">Tehtu tutvustamine ja arutelu<\/span><\/strong><\/p>\n<\/td>\n<\/tr>\n<tr>\n<td valign=\"top\">\n<p>12.15 \u2013 13.00<\/p>\n<\/td>\n<td valign=\"top\">\n<p><a href=\"https:\/\/sisu.ut.ee\/sites\/default\/files\/ict\/files\/kori_kulli_erinevused_esimese_semestri_ja_teise_semestri_kusitluste_tulemuste_vahel.pdf\" target=\"_blank\" rel=\"noopener\">Erinevused esimese ja teise semestri k\u00fcsitluste tulemuste vahel<\/a><\/p>\n<\/td>\n<td valign=\"top\">\n<p>K\u00fclli Kori<\/p>\n<\/td>\n<\/tr>\n<tr>\n<td valign=\"top\">\n<p>13.00 \u2013 13.45<\/p>\n<\/td>\n<td valign=\"top\">\n<p>Tekkivad mustrid esimese semestri ja teise semestri k\u00fcsitluste tulemuste vahel<\/p>\n<\/td>\n<td valign=\"top\">\n<p>Tauno Palts<\/p>\n<\/td>\n<\/tr>\n<tr>\n<td valign=\"top\">\n<p>13.45 \u2013 14.00<\/p>\n<\/td>\n<td colspan=\"2\" valign=\"top\">\n<p>Kohvipaus<\/p>\n<\/td>\n<\/tr>\n<tr>\n<td valign=\"top\">\n<p>14.00 \u2013 14.45<\/p>\n<\/td>\n<td valign=\"top\">\n<p><a href=\"https:\/\/sisu.ut.ee\/sites\/default\/files\/ict\/files\/paales_mirjam_informaatika_eriala_uliopilaste_edasijoudmise_ja_lopetamise_ennustajad.pdf\" target=\"_blank\" rel=\"noopener\">Informaatika eriala \u00fcli\u00f5pilaste edasij\u00f5udmise ja l\u00f5petamise ennustajad<\/a><\/p>\n<\/td>\n<td valign=\"top\">\n<p>Mirjam Paales<\/p>\n<\/td>\n<\/tr>\n<tr>\n<td valign=\"top\">\n<p>14.45 \u2013 15.30<\/p>\n<\/td>\n<td valign=\"top\">\n<p><a href=\"https:\/\/sisu.ut.ee\/sites\/default\/files\/ict\/files\/tonisson_eno_mis_motteid_andsid_intervjuudel_pohinevad_bakalaureusetood.pdf\" target=\"_blank\" rel=\"noopener\">Mis m\u00f5tteid andsid intervjuudel p\u00f5hinevad bakalaureuset\u00f6\u00f6d?<\/a><\/p>\n<\/td>\n<td valign=\"top\">\n<p>Eno T\u00f5nisson<\/p>\n<\/td>\n<\/tr>\n<tr>\n<td valign=\"top\">\n<p>15.30 \u2013 16.15<\/p>\n<\/td>\n<td valign=\"top\">\n<p><a href=\"https:\/\/sisu.ut.ee\/sites\/default\/files\/ict\/files\/murtazin_kristina_moningad_aspektid_ankeetide_taitmise_kohta.pdf\" target=\"_blank\" rel=\"noopener\">M\u00f5ningad aspektid ankeetide t\u00e4itmise kohta<\/a><\/p>\n<p><a href=\"https:\/\/sisu.ut.ee\/sites\/default\/files\/ict\/files\/ubi_jaan_tudengite_valjalangevuse_ennustamine_esimese_semestri_tulemuste_ja_demograafiliste_andmete_pohjal.pdf\" target=\"_blank\" rel=\"noopener\">Tudengite v\u00e4ljalangevuse ennustamine esimese semestri tulemuste ja <\/a><\/p>\n<p><a href=\"https:\/\/sisu.ut.ee\/sites\/default\/files\/ict\/files\/ubi_jaan_tudengite_valjalangevuse_ennustamine_esimese_semestri_tulemuste_ja_demograafiliste_andmete_pohjal.pdf\" target=\"_blank\" rel=\"noopener\">demograafiliste andmete p\u00f5hjal<\/a><\/p>\n<\/td>\n<td valign=\"top\">\n<p>Kristina Murtazin<\/p>\n<p>Jaan \u00dcbi<\/p>\n<\/td>\n<\/tr>\n<tr>\n<td valign=\"top\">\n<p>16.15 \u2013 16.30<\/p>\n<\/td>\n<td colspan=\"2\" valign=\"top\">\n<p>Kohvipaus ja ringk\u00e4ik Haridusuuenduskeskuses<\/p>\n<\/td>\n<\/tr>\n<tr>\n<td colspan=\"3\" valign=\"top\">\n<p><strong style=\"line-height: 1.6em\"><span style=\"text-decoration: underline\"><!--break--><\/span><\/strong><\/p>\n<p><strong><span style=\"text-decoration: underline\">Arutelu edasiste<\/span><span style=\"text-decoration: underline\">st plaanidest<\/span><\/strong><\/p>\n<\/td>\n<\/tr>\n<tr>\n<td valign=\"top\">\n<p>16.30 \u2013 17.00<\/p>\n<\/td>\n<td colspan=\"2\" valign=\"top\">\n<p>Kuidas andmeid edasi anal\u00fc\u00fcsida?<\/p>\n<\/td>\n<\/tr>\n<tr>\n<td valign=\"top\">\n<p>17.00 \u2013 17.30<\/p>\n<\/td>\n<td colspan=\"2\" valign=\"top\">\n<p>Milliseid andmeid ja kuidas veel koguda?<\/p>\n<\/td>\n<\/tr>\n<tr>\n<td valign=\"top\">\n<p>17.30 \u2013 17.45<\/p>\n<\/td>\n<td colspan=\"2\" valign=\"top\">\n<p>Kokkuv\u00f5te<\/p>\n<\/td>\n<\/tr>\n<\/tbody>\n<\/table>\n","protected":false},"excerpt":{"rendered":"<p>Haridusuuenduskeskuses, aadress: Lossi 38 ruum 71, Tartu 12.00 \u2013 12.15 Sissejuhatus Margus Pedaste Tehtu tutvustamine ja arutelu 12.15 \u2013 13.00 Erinevused esimese ja teise semestri k\u00fcsitluste tulemuste vahel K\u00fclli Kori 13.00 \u2013 13.45 Tekkivad mustrid esimese semestri ja teise semestri &#8230;<\/p>\n","protected":false},"author":30,"featured_media":0,"parent":0,"menu_order":0,"comment_status":"closed","ping_status":"closed","template":"","meta":{"_acf_changed":false,"inline_featured_image":false,"footnotes":""},"class_list":["post-9","page","type-page","status-publish","hentry"],"acf":[],"_links":{"self":[{"href":"https:\/\/sisu.ut.ee\/ikt\/wp-json\/wp\/v2\/pages\/9","targetHints":{"allow":["GET"]}}],"collection":[{"href":"https:\/\/sisu.ut.ee\/ikt\/wp-json\/wp\/v2\/pages"}],"about":[{"href":"https:\/\/sisu.ut.ee\/ikt\/wp-json\/wp\/v2\/types\/page"}],"author":[{"embeddable":true,"href":"https:\/\/sisu.ut.ee\/ikt\/wp-json\/wp\/v2\/users\/30"}],"replies":[{"embeddable":true,"href":"https:\/\/sisu.ut.ee\/ikt\/wp-json\/wp\/v2\/comments?post=9"}],"version-history":[{"count":1,"href":"https:\/\/sisu.ut.ee\/ikt\/wp-json\/wp\/v2\/pages\/9\/revisions"}],"predecessor-version":[{"id":109,"href":"https:\/\/sisu.ut.ee\/ikt\/wp-json\/wp\/v2\/pages\/9\/revisions\/109"}],"wp:attachment":[{"href":"https:\/\/sisu.ut.ee\/ikt\/wp-json\/wp\/v2\/media?parent=9"}],"curies":[{"name":"wp","href":"https:\/\/api.w.org\/{rel}","templated":true}]}}