{"id":3,"date":"2024-04-03T23:19:37","date_gmt":"2024-04-03T20:19:37","guid":{"rendered":"https:\/\/sisu.ut.ee\/ikt\/avaleht\/"},"modified":"2024-04-09T07:44:09","modified_gmt":"2024-04-09T04:44:09","slug":"avaleht","status":"publish","type":"page","link":"https:\/\/sisu.ut.ee\/ikt\/","title":{"rendered":"Avaleht"},"content":{"rendered":"<div class=\"wp-block-columns is-layout-flex wp-container-core-columns-is-layout-9d6595d7 wp-block-columns-is-layout-flex\">\n<div class=\"wp-block-column is-layout-flow wp-block-column-is-layout-flow\" style=\"flex-basis:66.66%\">\n<h1 class=\"wp-block-heading\">Avaleht<\/h1>\n\n\n\n<p>Projekti \u201eKontseptuaalne raamistik suurendamaks \u00fchiskonna p\u00fchendumist IKTsse: IKTga seonduvaid karj\u00e4\u00e4rivalikuid motiveerivad ning IKT rakendamiseks ja arendamiseks vajalikku kompetentsust arendavad l\u00e4henemised \u00fcld- ja k\u00f5rghariduses\u201c toetab Euroopa Regionaalarengu Fond info- ja kommunikatsioonitehnoloogia alase teadus- ja arendustegevuse programmi kaudu. Projekt kestab 1. aprillist 2013 kuni 31. augustini 2015.<\/p>\n\n\n\n<p>Uurimisprojekti \u00fcldeesm\u00e4rgiks on leida, milliseid lahendusi ja l\u00e4henemisi tuleks rakendada \u00fcldharidus- ja k\u00f5rgkoolides, et m\u00f5jutada positiivselt IKT-ga seonduvaid hoiakuid, teadmisi ja oskusi (mis on k\u00f5ik vajalikud, et suurem osa kodanikest seostaks oma karj\u00e4\u00e4ri teadlikult IKT sektoriga).<\/p>\n\n\n\n<p>Uuring viiakse l\u00e4bi Tartu \u00dclikooli, Tallinna Tehnika\u00fclikooli ja Eesti Infotehnoloogia Kolled\u017eiga. Tegevustesse on kaasatud ettev\u00f5tjate esindajana Eesti Infotehnoloogia ja Telekommunikatsiooni Liit ning teaduskonsultantidena v\u00e4lispartnerid Saksamaalt, Hollandist, Kreekast ja Soomest.<\/p>\n<\/div>\n\n\n\n<div class=\"wp-block-column is-layout-flow wp-block-column-is-layout-flow\" style=\"flex-basis:33.33%\">\n<figure class=\"wp-block-image aligncenter size-full is-resized\"><img loading=\"lazy\" decoding=\"async\" width=\"279\" height=\"934\" src=\"https:\/\/sisu.ut.ee\/wp-content\/uploads\/sites\/79\/logodikt-01-1.jpg\" alt=\"\" class=\"wp-image-85\" style=\"width:150px\" srcset=\"https:\/\/sisu.ut.ee\/wp-content\/uploads\/sites\/79\/logodikt-01-1.jpg 279w, https:\/\/sisu.ut.ee\/wp-content\/uploads\/sites\/79\/logodikt-01-1-90x300.jpg 90w\" sizes=\"auto, (max-width: 279px) 100vw, 279px\"><\/figure>\n<\/div>\n<\/div>\n","protected":false},"excerpt":{"rendered":"<p>Avaleht Projekti \u201eKontseptuaalne raamistik suurendamaks \u00fchiskonna p\u00fchendumist IKTsse: IKTga seonduvaid karj\u00e4\u00e4rivalikuid motiveerivad ning IKT rakendamiseks ja arendamiseks vajalikku kompetentsust arendavad l\u00e4henemised \u00fcld- ja k\u00f5rghariduses\u201c toetab Euroopa Regionaalarengu Fond info- ja kommunikatsioonitehnoloogia alase teadus- ja arendustegevuse programmi kaudu. Projekt kestab 1. &#8230;<\/p>\n","protected":false},"author":30,"featured_media":0,"parent":0,"menu_order":0,"comment_status":"closed","ping_status":"closed","template":"","meta":{"_acf_changed":false,"inline_featured_image":false,"footnotes":""},"class_list":["post-3","page","type-page","status-publish","hentry"],"acf":[],"_links":{"self":[{"href":"https:\/\/sisu.ut.ee\/ikt\/wp-json\/wp\/v2\/pages\/3","targetHints":{"allow":["GET"]}}],"collection":[{"href":"https:\/\/sisu.ut.ee\/ikt\/wp-json\/wp\/v2\/pages"}],"about":[{"href":"https:\/\/sisu.ut.ee\/ikt\/wp-json\/wp\/v2\/types\/page"}],"author":[{"embeddable":true,"href":"https:\/\/sisu.ut.ee\/ikt\/wp-json\/wp\/v2\/users\/30"}],"replies":[{"embeddable":true,"href":"https:\/\/sisu.ut.ee\/ikt\/wp-json\/wp\/v2\/comments?post=3"}],"version-history":[{"count":3,"href":"https:\/\/sisu.ut.ee\/ikt\/wp-json\/wp\/v2\/pages\/3\/revisions"}],"predecessor-version":[{"id":127,"href":"https:\/\/sisu.ut.ee\/ikt\/wp-json\/wp\/v2\/pages\/3\/revisions\/127"}],"wp:attachment":[{"href":"https:\/\/sisu.ut.ee\/ikt\/wp-json\/wp\/v2\/media?parent=3"}],"curies":[{"name":"wp","href":"https:\/\/api.w.org\/{rel}","templated":true}]}}