{"id":17,"date":"2024-04-03T23:19:38","date_gmt":"2024-04-03T20:19:38","guid":{"rendered":"https:\/\/sisu.ut.ee\/ikt\/loputood\/"},"modified":"2024-04-03T23:20:07","modified_gmt":"2024-04-03T20:20:07","slug":"loputood","status":"publish","type":"page","link":"https:\/\/sisu.ut.ee\/ikt\/loputood\/","title":{"rendered":"L\u00f5put\u00f6\u00f6d"},"content":{"rendered":"<p>Projektiga seotud loputood on k\u00e4ttesaadavad j\u00e4rgmiste linkide kaudu:<\/p><br><div class=\"wp-block-group attached-files-group is-layout-constrained wp-block-group-is-layout-constrained\"><div class=\"wp-block-file\"><a href=\"https:\/\/sisu.ut.ee\/wp-content\/uploads\/sites\/79\/bakalaureusetoo_ethel_kirsimae_0.pdf\" target=\"_blank\" rel=\"noreferrer noopener\">Bakalaureuset\u00f6\u00f6: Informaatika erialale sisseastunute \u00f5ppima tulemise p\u00f5hjused ja ootused aastal 2013<\/a><\/div><div class=\"wp-block-file\"><a href=\"https:\/\/sisu.ut.ee\/wp-content\/uploads\/sites\/79\/bakalaureusetoo_helen_linn.pdf\" target=\"_blank\" rel=\"noreferrer noopener\">Bakalaureuset\u00f6\u00f6: Arvutiteaduse instituudi \u00fcli\u00f5pilaste \u00f5pingute katkestamise ja t\u00f6\u00f6leminemise p\u00f5hjused<\/a><\/div><div class=\"wp-block-file\"><a href=\"https:\/\/sisu.ut.ee\/wp-content\/uploads\/sites\/79\/bakalaureusetoo_helina_ziugand.pdf\" target=\"_blank\" rel=\"noreferrer noopener\">Bakalaureuset\u00f6\u00f6: Naistudengid arvutiteaduse instituudi erialadel<\/a><\/div><div class=\"wp-block-file\"><a href=\"https:\/\/sisu.ut.ee\/wp-content\/uploads\/sites\/79\/bakalaureusetoo_karl_peedosk.pdf\" target=\"_blank\" rel=\"noreferrer noopener\">Bakalaureuset\u00f6\u00f6: Eesti k\u00f5rgkoolide programmeerimise algkursused<\/a><\/div><div class=\"wp-block-file\"><a href=\"https:\/\/sisu.ut.ee\/wp-content\/uploads\/sites\/79\/kadri_mardo_magistritoo.pdf\" target=\"_blank\" rel=\"noreferrer noopener\">Magistrit\u00f6\u00f6: Info- ja kommunikatsioonitehnoloogia eralade tudengite \u00f5pingud k\u00f5rgkoolis: esimesel aastal v\u00e4ljalangemine ja \u00f5pingute j\u00e4tkamine<\/a><\/div><\/div>","protected":false},"excerpt":{"rendered":"<p>Projektiga seotud loputood on k\u00e4ttesaadavad j\u00e4rgmiste linkide kaudu:<\/p>\n","protected":false},"author":30,"featured_media":0,"parent":0,"menu_order":0,"comment_status":"closed","ping_status":"closed","template":"","meta":{"_acf_changed":false,"inline_featured_image":false,"footnotes":""},"class_list":["post-17","page","type-page","status-publish","hentry"],"acf":[],"_links":{"self":[{"href":"https:\/\/sisu.ut.ee\/ikt\/wp-json\/wp\/v2\/pages\/17","targetHints":{"allow":["GET"]}}],"collection":[{"href":"https:\/\/sisu.ut.ee\/ikt\/wp-json\/wp\/v2\/pages"}],"about":[{"href":"https:\/\/sisu.ut.ee\/ikt\/wp-json\/wp\/v2\/types\/page"}],"author":[{"embeddable":true,"href":"https:\/\/sisu.ut.ee\/ikt\/wp-json\/wp\/v2\/users\/30"}],"replies":[{"embeddable":true,"href":"https:\/\/sisu.ut.ee\/ikt\/wp-json\/wp\/v2\/comments?post=17"}],"version-history":[{"count":2,"href":"https:\/\/sisu.ut.ee\/ikt\/wp-json\/wp\/v2\/pages\/17\/revisions"}],"predecessor-version":[{"id":117,"href":"https:\/\/sisu.ut.ee\/ikt\/wp-json\/wp\/v2\/pages\/17\/revisions\/117"}],"wp:attachment":[{"href":"https:\/\/sisu.ut.ee\/ikt\/wp-json\/wp\/v2\/media?parent=17"}],"curies":[{"name":"wp","href":"https:\/\/api.w.org\/{rel}","templated":true}]}}