{"id":13,"date":"2024-04-03T23:19:38","date_gmt":"2024-04-03T20:19:38","guid":{"rendered":"https:\/\/sisu.ut.ee\/ikt\/projekti-2-rahvusvahelinee-teadusseminar-2014\/"},"modified":"2024-04-03T23:20:07","modified_gmt":"2024-04-03T20:20:07","slug":"projekti-2-rahvusvahelinee-teadusseminar-2014","status":"publish","type":"page","link":"https:\/\/sisu.ut.ee\/ikt\/projekti-2-rahvusvahelinee-teadusseminar-2014\/","title":{"rendered":"Projekti 2. rahvusvaheline teadusseminar 2014"},"content":{"rendered":"<h2>13. november 2014<\/h2>\n<table class=\"table table-hover\" style=\"width: 824px\" border=\"1\" cellpadding=\"0\" cellspacing=\"0\">\n<tbody>\n<tr>\n<td valign=\"top\">\n<p>11.00-11.15<\/p>\n<\/td>\n<td valign=\"top\">\n<p>Sissejuhatus<\/p>\n<\/td>\n<td valign=\"top\">\n<p>Margus Pedaste<\/p>\n<\/td>\n<\/tr>\n<tr>\n<td valign=\"top\">\n<p>11.15-12.00<\/p>\n<\/td>\n<td valign=\"top\">\n<p><a href=\"https:\/\/sisu.ut.ee\/wp-content\/uploads\/sites\/79\/results.pdf\" target=\"_blank\" rel=\"noopener\">Viimase andmekogumise tulemused<\/a><\/p>\n<\/td>\n<td valign=\"top\">\n<p>K\u00fclli Kori, Heilo Altin<\/p>\n<\/td>\n<\/tr>\n<tr>\n<td valign=\"top\">\n<p>12.00-13.00<\/p>\n<\/td>\n<td valign=\"top\">\n<p><a href=\"https:\/\/sisu.ut.ee\/wp-content\/uploads\/sites\/79\/dropout_models.pdf\" target=\"_blank\" rel=\"noopener\">V\u00e4ljalangemise mudelid<\/a><\/p>\n<\/td>\n<td valign=\"top\">\n<p>K\u00fclli Kori<\/p>\n<\/td>\n<\/tr>\n<tr>\n<td valign=\"top\">\n<p>13.00-14.00<\/p>\n<\/td>\n<td colspan=\"2\" valign=\"top\">\n<p>L\u00f5unas\u00f6\u00f6k lokaalis Suudlevad tudengid<\/p>\n<\/td>\n<\/tr>\n<tr>\n<td valign=\"top\">\n<p>14.00-15.45<\/p>\n<\/td>\n<td valign=\"top\">\n<p>\u00dclevaade esialgsest kontseptisoonist<\/p>\n<\/td>\n<td valign=\"top\">\n<p>Margus Pedaste<\/p>\n<\/td>\n<\/tr>\n<tr>\n<td valign=\"top\">\n<p>15.45-16.00<\/p>\n<\/td>\n<td colspan=\"2\" valign=\"top\">\n<p>Kohvipaus<\/p>\n<\/td>\n<\/tr>\n<tr>\n<td valign=\"top\">\n<p>16.00-17.00<\/p>\n<\/td>\n<td valign=\"top\">\n<p><a href=\"https:\/\/sisu.ut.ee\/wp-content\/uploads\/sites\/79\/iktseminar_questionnaires_for_schools.pdf\" target=\"_blank\" rel=\"noopener\">K\u00fcsimustik koolidele<\/a><\/p>\n<\/td>\n<td valign=\"top\">\n<p>Eno T\u00f5nisson, Tauno Palts<\/p>\n<\/td>\n<\/tr>\n<tr>\n<td valign=\"top\">\n<p>17.00-18.00<\/p>\n<\/td>\n<td valign=\"top\">\n<p><a href=\"https:\/\/sisu.ut.ee\/wp-content\/uploads\/sites\/79\/study_of_dropouts.pdf\" target=\"_blank\" rel=\"noopener\">Intervjuud \u00fcli\u00f5pilastega, kes on v\u00e4ljalangenud<\/a><\/p>\n<\/td>\n<td valign=\"top\">\n<p>Heilo Altin, Ramon Rantsus<\/p>\n<\/td>\n<\/tr>\n<tr>\n<td valign=\"top\">\n<p>19.00<\/p>\n<\/td>\n<td colspan=\"2\" valign=\"top\">\n<p>\u00d5htus\u00f6\u00f6k restoranis Atlantis<\/p>\n<\/td>\n<\/tr>\n<\/tbody>\n<\/table>\n<p>\u00a0<\/p>\n<h2>14.\u00a0<sup> <\/sup>november 2014<\/h2>\n<table class=\"table table-hover\" style=\"width: 824px\" border=\"1\" cellpadding=\"0\" cellspacing=\"0\">\n<tbody>\n<tr>\n<td valign=\"top\">\n<p>9.00-10.00<\/p>\n<\/td>\n<td valign=\"top\">\n<p>Koost\u00f6\u00f6 IT Akadeemia ja IKTP programmi tegevustega<\/p>\n<\/td>\n<td valign=\"top\">\n<p>Varmo Vene<\/p>\n<\/td>\n<\/tr>\n<tr>\n<td valign=\"top\">\n<p>10.00-12.00<\/p>\n<\/td>\n<td colspan=\"2\" valign=\"top\">\n<p>Kontseptsiooni arutelu<\/p>\n<\/td>\n<\/tr>\n<tr>\n<td valign=\"top\">\n<p>12.00-13.00<\/p>\n<\/td>\n<td colspan=\"2\" valign=\"top\">\n<p>L\u00f5unas\u00f6\u00f6k lokaalis Suudlevad tudengid<\/p>\n<\/td>\n<\/tr>\n<tr>\n<td valign=\"top\">\n<p>13.00-14.00<\/p>\n<\/td>\n<td valign=\"top\">\n<p>Soovitused tulevasteks uuringuteks, taotlused projektile j\u00e4rgnevateks tegevusteks<\/p>\n<\/td>\n<td valign=\"top\">\n<p>Margus Pedaste<\/p>\n<\/td>\n<\/tr>\n<tr>\n<td valign=\"top\">\n<p>14.00-14.15<\/p>\n<\/td>\n<td valign=\"top\">\n<p>Kokkuv\u00f5te<\/p>\n<\/td>\n<td valign=\"top\">\n<p>Margus Pedaste<\/p>\n<\/td>\n<\/tr>\n<\/tbody>\n<\/table>\n<p>\u00a0<\/p>\n<p>Lisainfo: K\u00fclli Kori, +372 56237966<\/p>\n","protected":false},"excerpt":{"rendered":"<p>13. november 2014 11.00-11.15 Sissejuhatus Margus Pedaste 11.15-12.00 Viimase andmekogumise tulemused K\u00fclli Kori, Heilo Altin 12.00-13.00 V\u00e4ljalangemise mudelid K\u00fclli Kori 13.00-14.00 L\u00f5unas\u00f6\u00f6k lokaalis Suudlevad tudengid 14.00-15.45 \u00dclevaade esialgsest kontseptisoonist Margus Pedaste 15.45-16.00 Kohvipaus 16.00-17.00 K\u00fcsimustik koolidele Eno T\u00f5nisson, Tauno Palts &#8230;<\/p>\n","protected":false},"author":30,"featured_media":0,"parent":0,"menu_order":0,"comment_status":"closed","ping_status":"closed","template":"","meta":{"_acf_changed":false,"inline_featured_image":false,"footnotes":""},"class_list":["post-13","page","type-page","status-publish","hentry"],"acf":[],"_links":{"self":[{"href":"https:\/\/sisu.ut.ee\/ikt\/wp-json\/wp\/v2\/pages\/13","targetHints":{"allow":["GET"]}}],"collection":[{"href":"https:\/\/sisu.ut.ee\/ikt\/wp-json\/wp\/v2\/pages"}],"about":[{"href":"https:\/\/sisu.ut.ee\/ikt\/wp-json\/wp\/v2\/types\/page"}],"author":[{"embeddable":true,"href":"https:\/\/sisu.ut.ee\/ikt\/wp-json\/wp\/v2\/users\/30"}],"replies":[{"embeddable":true,"href":"https:\/\/sisu.ut.ee\/ikt\/wp-json\/wp\/v2\/comments?post=13"}],"version-history":[{"count":1,"href":"https:\/\/sisu.ut.ee\/ikt\/wp-json\/wp\/v2\/pages\/13\/revisions"}],"predecessor-version":[{"id":105,"href":"https:\/\/sisu.ut.ee\/ikt\/wp-json\/wp\/v2\/pages\/13\/revisions\/105"}],"wp:attachment":[{"href":"https:\/\/sisu.ut.ee\/ikt\/wp-json\/wp\/v2\/media?parent=13"}],"curies":[{"name":"wp","href":"https:\/\/api.w.org\/{rel}","templated":true}]}}