{"id":11,"date":"2024-04-03T23:19:37","date_gmt":"2024-04-03T20:19:37","guid":{"rendered":"https:\/\/sisu.ut.ee\/ikt\/konverents-mis-saab-it-haridusest\/"},"modified":"2024-04-03T23:20:07","modified_gmt":"2024-04-03T20:20:07","slug":"konverents-mis-saab-it-haridusest","status":"publish","type":"page","link":"https:\/\/sisu.ut.ee\/ikt\/konverents-mis-saab-it-haridusest\/","title":{"rendered":"Konverents &#8220;Mis saab Eesti IT-haridusest?&#8221;"},"content":{"rendered":"<p><span>Tartu \u00dclikool, Tallinna Tehnika\u00fclikool ja Eesti Infotehnoloogia Kolled\u017e on koost\u00f6\u00f6s Eesti Infotehnoloogia ja Telekommunikatsiooni Liidu, Tallinna \u00dclikooli ja v\u00e4lispartneritega uurinud kahe aasta v\u00e4ltel Euroopa Regionaalfondi toel, mis m\u00f5jutab Eestis huvi tekkimist IT valdkonna vastu, valikut asuda IT valdkonnas k\u00f5rgharidust omandama ning motivatsiooni j\u00e4tkata k\u00f5rgharidus\u00f5pinguid.\u00a0<\/span><\/p><p><span><span>Olete oodatud konverentsile\u00a0<\/span><strong>\u201eMis saab Eesti IT-haridusest?\u201c<\/strong><span>, kus tutvustatakse uuringu kokkuv\u00f5tet ja arutatakse laiemalt IT-hariduse teemal. Konverents toimub\u00a0<\/span><strong>8. juunil kell 10.30\u201316.00 Tallinnas Eesti Rahvusraamatukogus.<\/strong><span><br><\/span><\/span><\/p><p>\u00dcrituse ajakava:<br>\u00a0 \u00a0 \u00a0 \u00a0 \u00a0 10.00\u201310.15 kogunemine<br>\u00a0 \u00a0 \u00a0 \u00a0 \u00a0 10.15\u201310.30 tervituskohv<br>\u00a0 \u00a0 \u00a0 \u00a0 \u00a0 10.30\u201310.40 avas\u00f5nad<br>\u00a0 \u00a0 \u00a0 \u00a0 \u00a0 10.40\u201311.40 kokkuv\u00f5te projektist<br>\u00a0 \u00a0 \u00a0 \u00a0 \u00a0 \u00a0 \u00a0 \u00a0 \u00a0 \u00a0 \u00a0 \u00a0 \u00a0 \u00a0 \u00a0 \u00a0 Margus Pedaste: \u201cMida Eesti k\u00f5rgkoolid uurisid?\u201d<br>\u00a0 \u00a0 \u00a0 \u00a0 \u00a0 \u00a0 \u00a0 \u00a0 \u00a0 \u00a0 \u00a0 \u00a0 \u00a0 \u00a0 \u00a0 \u00a0 Eno T\u00f5nisson: \u201cKas erinevus rikastab?\u201d<br>\u00a0 \u00a0 \u00a0 \u00a0 \u00a0 \u00a0 \u00a0 \u00a0 \u00a0 \u00a0 \u00a0 \u00a0 \u00a0 \u00a0 \u00a0 \u00a0 Heilo Altin: \u201eKas iga\u00fchest v\u00f5iks saada programmeerija?\u201c<br>\u00a0 \u00a0 \u00a0 \u00a0 \u00a0 \u00a0 \u00a0 \u00a0 \u00a0 \u00a0 \u00a0 \u00a0 \u00a0 \u00a0 \u00a0 \u00a0 K\u00fclli Kori: \u201cMiks \u00f5ppida IT-d?\u201d<br>\u00a0 \u00a0 \u00a0 \u00a0 \u00a0 11.40\u201312.30 k\u00fclalisettekanded<br>\u00a0 \u00a0 \u00a0 \u00a0 \u00a0 \u00a0 \u00a0 \u00a0 \u00a0 \u00a0 \u00a0 \u00a0 \u00a0 \u00a0 \u00a0 \u00a0 IT-ettev\u00f5tete esindaja Erik J\u00f5gi (Codeborne)<br>\u00a0 \u00a0 \u00a0 \u00a0 \u00a0 \u00a0 \u00a0 \u00a0 \u00a0 \u00a0 \u00a0 \u00a0 \u00a0 \u00a0 \u00a0 \u00a0 \u00dcldhariduskoolide esindaja Birgy Lorenz (Pelgulinna G\u00fcmnaasium)<br>\u00a0 \u00a0 \u00a0 \u00a0 \u00a0 \u00a0 \u00a0 \u00a0 \u00a0 \u00a0 \u00a0 \u00a0 \u00a0 \u00a0 \u00a0 \u00a0 \u00dcli\u00f5pilaste esindaja Joosep Norma (Tartu \u00dclikool, informaatika \u00f5ppekava)<br>\u00a0 \u00a0 \u00a0 \u00a0 \u00a0 12.30\u201313.15 l\u00f5una<br>\u00a0 \u00a0 \u00a0 \u00a0 \u00a0 13.15\u201314.00 projekti soovitused \u00f5pilastele, \u00fcli\u00f5pilastele, lapsevanematele,<br>\u00a0 \u00a0 \u00a0 \u00a0 \u00a0 \u00a0 \u00a0 \u00a0 \u00a0 \u00a0 \u00a0 \u00a0 \u00a0 \u00a0 \u00a0 \u00a0 IT-ettev\u00f5tetele, \u00fcldhariduskoolidele, k\u00f5rgkoolidele ning poliitikakujundajatele<br>\u00a0 \u00a0 \u00a0 \u00a0 \u00a0 14.00\u201315.00 r\u00fchmat\u00f6\u00f6: soovituste anal\u00fc\u00fcs ja hindamine<br>\u00a0 \u00a0 \u00a0 \u00a0 \u00a0 15.00\u201315.45 l\u00f5pus\u00f5nad<\/p><p><\/p><p><strong>Materjalid<\/strong>:<\/p><br><div class=\"wp-block-group attached-files-group is-layout-constrained wp-block-group-is-layout-constrained\"><div class=\"wp-block-file\"><a href=\"https:\/\/sisu.ut.ee\/wp-content\/uploads\/sites\/79\/uuringuprojekti_raport.pdf\" target=\"_blank\" rel=\"noreferrer noopener\">Uuringuprojekti raport<\/a><\/div><div class=\"wp-block-file\"><a href=\"https:\/\/sisu.ut.ee\/wp-content\/uploads\/sites\/79\/ikt_kutse.pdf\" target=\"_blank\" rel=\"noreferrer noopener\">Kutse konverentsile<\/a><\/div><div class=\"wp-block-file\"><a href=\"https:\/\/sisu.ut.ee\/wp-content\/uploads\/sites\/79\/margus_pedaste.pdf\" target=\"_blank\" rel=\"noreferrer noopener\">Margus Pedaste ettekanne<\/a><\/div><div class=\"wp-block-file\"><a href=\"https:\/\/sisu.ut.ee\/wp-content\/uploads\/sites\/79\/eno_tonisson.pdf\" target=\"_blank\" rel=\"noreferrer noopener\">Eno T\u00f5nisson ettekanne<\/a><\/div><div class=\"wp-block-file\"><a href=\"https:\/\/sisu.ut.ee\/wp-content\/uploads\/sites\/79\/kulli_kori.pdf\" target=\"_blank\" rel=\"noreferrer noopener\">K\u00fclli Kori ettekanne<\/a><\/div><div class=\"wp-block-file\"><a href=\"https:\/\/sisu.ut.ee\/wp-content\/uploads\/sites\/79\/erik_jogi.pdf\" target=\"_blank\" rel=\"noreferrer noopener\">Erik J\u00f5gi ettekanne<\/a><\/div><div class=\"wp-block-file\"><a href=\"https:\/\/sisu.ut.ee\/wp-content\/uploads\/sites\/79\/birgy_lorenz.pdf\" target=\"_blank\" rel=\"noreferrer noopener\">Birgy Lorenz ettekanne<\/a><\/div><div class=\"wp-block-file\"><a href=\"https:\/\/sisu.ut.ee\/wp-content\/uploads\/sites\/79\/joosep_norma.pdf\" target=\"_blank\" rel=\"noreferrer noopener\">Joosep Norma ettekanne<\/a><\/div><div class=\"wp-block-file\"><a href=\"https:\/\/sisu.ut.ee\/wp-content\/uploads\/sites\/79\/soovitused.pdf\" target=\"_blank\" rel=\"noreferrer noopener\">Soovitused<\/a><\/div><div class=\"wp-block-file\"><a href=\"https:\/\/sisu.ut.ee\/wp-content\/uploads\/sites\/79\/heilo_altin.pdf\" target=\"_blank\" rel=\"noreferrer noopener\">Heilo Altin ettekanne<\/a><\/div><\/div>","protected":false},"excerpt":{"rendered":"<p>Tartu \u00dclikool, Tallinna Tehnika\u00fclikool ja Eesti Infotehnoloogia Kolled\u017e on koost\u00f6\u00f6s Eesti Infotehnoloogia ja Telekommunikatsiooni Liidu, Tallinna \u00dclikooli ja v\u00e4lispartneritega uurinud kahe aasta v\u00e4ltel Euroopa Regionaalfondi toel, mis m\u00f5jutab Eestis huvi tekkimist IT valdkonna vastu, valikut asuda IT valdkonnas k\u00f5rgharidust omandama &#8230;<\/p>\n","protected":false},"author":30,"featured_media":0,"parent":0,"menu_order":0,"comment_status":"closed","ping_status":"closed","template":"","meta":{"_acf_changed":false,"inline_featured_image":false,"footnotes":""},"class_list":["post-11","page","type-page","status-publish","hentry"],"acf":[],"_links":{"self":[{"href":"https:\/\/sisu.ut.ee\/ikt\/wp-json\/wp\/v2\/pages\/11","targetHints":{"allow":["GET"]}}],"collection":[{"href":"https:\/\/sisu.ut.ee\/ikt\/wp-json\/wp\/v2\/pages"}],"about":[{"href":"https:\/\/sisu.ut.ee\/ikt\/wp-json\/wp\/v2\/types\/page"}],"author":[{"embeddable":true,"href":"https:\/\/sisu.ut.ee\/ikt\/wp-json\/wp\/v2\/users\/30"}],"replies":[{"embeddable":true,"href":"https:\/\/sisu.ut.ee\/ikt\/wp-json\/wp\/v2\/comments?post=11"}],"version-history":[{"count":2,"href":"https:\/\/sisu.ut.ee\/ikt\/wp-json\/wp\/v2\/pages\/11\/revisions"}],"predecessor-version":[{"id":120,"href":"https:\/\/sisu.ut.ee\/ikt\/wp-json\/wp\/v2\/pages\/11\/revisions\/120"}],"wp:attachment":[{"href":"https:\/\/sisu.ut.ee\/ikt\/wp-json\/wp\/v2\/media?parent=11"}],"curies":[{"name":"wp","href":"https:\/\/api.w.org\/{rel}","templated":true}]}}