{"id":10,"date":"2024-04-03T23:19:37","date_gmt":"2024-04-03T20:19:37","guid":{"rendered":"https:\/\/sisu.ut.ee\/ikt\/rahvusvaheline-seminar-13-15-novembril-2013\/"},"modified":"2024-04-03T23:20:07","modified_gmt":"2024-04-03T20:20:07","slug":"rahvusvaheline-seminar-13-15-novembril-2013","status":"publish","type":"page","link":"https:\/\/sisu.ut.ee\/ikt\/rahvusvaheline-seminar-13-15-novembril-2013\/","title":{"rendered":"Projekti 1. rahvusvaheline teadusseminar 13.-15. novembril 2013"},"content":{"rendered":"<p>Projekti 1. rahvusvahelise teadusseminari materjalid<\/p>\n<h2>13.\u00a0november 2013<\/h2>\n<p>17.00-19.00 Tervitusdiskussioon \u2013\u00a0ootus rahvusvahelisele koost\u00f6\u00f6le<\/p>\n<h2>14.\u00a0november 2013<\/h2>\n<table class=\"table table-hover\" style=\"width: 1013px;height: 437px\" border=\"1\" cellpadding=\"0\" cellspacing=\"0\">\n<tbody>\n<tr>\n<td valign=\"top\">\n<p>10.00-11.00<\/p>\n<\/td>\n<td valign=\"top\">\n<p><a href=\"https:\/\/sisu.ut.ee\/sites\/default\/files\/ict\/files\/introduction.pdf\" target=\"_blank\" rel=\"noopener\">Sissejuhatus \u2013 projekt, partnerid, tulemuste \u00fclevaade<\/a><\/p>\n<\/td>\n<td valign=\"top\">\n<p>Margus Pedaste<\/p>\n<\/td>\n<\/tr>\n<tr>\n<td valign=\"top\">\n<p>11.00-12.00<\/p>\n<\/td>\n<td valign=\"top\">\n<p><a href=\"https:\/\/sisu.ut.ee\/sites\/default\/files\/ict\/files\/leo_siiman_0.pdf\" target=\"_blank\" rel=\"noopener\">\u00dclevaade rahvusvahelistest uuringutest IKT kasutamisest hariduses<\/a><\/p>\n<\/td>\n<td valign=\"top\">\n<p>Leo Siiman<\/p>\n<\/td>\n<\/tr>\n<tr>\n<td valign=\"top\">\n<p>13.00-13.40<\/p>\n<\/td>\n<td valign=\"top\">\n<p><a href=\"https:\/\/sisu.ut.ee\/sites\/default\/files\/ict\/files\/margus_niitsoo.pdf\" target=\"_blank\" rel=\"noopener\">Mida teame eelmise aasta T\u00dc informaatika sisseastunute kohta?<\/a><br><em><\/em><\/p>\n<\/td>\n<td valign=\"top\">\n<p>Margus Niitsoo<\/p>\n<\/td>\n<\/tr>\n<tr>\n<td valign=\"top\">\n<p>13.40-15.00<\/p>\n<\/td>\n<td valign=\"top\">\n<p><a href=\"https:\/\/sisu.ut.ee\/sites\/default\/files\/ict\/files\/kulli_kori_heilo_altin.pdf\" target=\"_blank\" rel=\"noopener\">Miks on \u00fcli\u00f5pilased huvitatud IKT \u00f5ppimisest? Esimesed tulemused \u00fcli\u00f5pilaste vastuv\u00f5tul ja esimeses \u00fclevaateuuringus kogutud andmete p\u00f5hjal<\/a><\/p>\n<\/td>\n<td valign=\"top\">\n<p>K\u00fclli Kori, Heilo Altin<\/p>\n<\/td>\n<\/tr>\n<tr>\n<td rowspan=\"5\" valign=\"top\">\n<p>15.15-16.30<\/p>\n\n<\/td>\n<td valign=\"top\">\n<p><a href=\"https:\/\/sisu.ut.ee\/sites\/default\/files\/ict\/files\/eno_tonisson.pdf\" target=\"_blank\" rel=\"noopener\">\u00dclevaade Eestis tehtud t\u00f6\u00f6st suurendamaks \u00fchiskonna p\u00fchendumist IKTsse<\/a><\/p>\n<\/td>\n<td valign=\"top\">\n<p>Eno T\u00f5nisson<\/p>\n<\/td>\n<\/tr>\n<tr>\n<td valign=\"top\">\n<p><a href=\"https:\/\/sisu.ut.ee\/sites\/default\/files\/ict\/files\/doris_pold.pdf\" target=\"_blank\" rel=\"noopener\">Praktiline n\u00e4ide kooli ja ettev\u00f5tja koost\u00f6\u00f6st IKT valdkonnas<\/a><a href=\"https:\/\/sisu.ut.ee\/sites\/default\/files\/ict\/files\/tonissontallinn5.ppt\" target=\"_blank\" rel=\"noopener\"><\/a><\/p>\n<\/td>\n<td valign=\"top\">\n<p>Doris P\u00f5ld, J\u00fcri J\u00f5ema<\/p>\n<\/td>\n<\/tr>\n<tr>\n<td valign=\"top\">\n<p><a href=\"https:\/\/sisu.ut.ee\/sites\/default\/files\/ict\/files\/heilo_altin.pdf\" target=\"_blank\" rel=\"noopener\">Hariduslik robootika Eestis<\/a><\/p>\n<\/td>\n<td valign=\"top\">\n<p>Ramon Rantsus, Heilo Altin<\/p>\n<\/td>\n<\/tr>\n<tr>\n<td valign=\"top\">\n<p><a href=\"https:\/\/sisu.ut.ee\/sites\/default\/files\/ict\/files\/rtlc_ab_raivo_0.png\" target=\"_blank\" rel=\"noopener\">Robootika \u00f5petamise ja \u00f5ppimise kontseptsioon<\/a><a href=\"https:\/\/sisu.ut.ee\/sites\/default\/files\/ict\/files\/doris_pold.ppt\" target=\"_blank\" rel=\"noopener\"><\/a><\/p>\n<\/td>\n<td valign=\"top\">\n<p>Raivo Sell<\/p>\n<\/td>\n<\/tr>\n<tr>\n<td valign=\"top\">\n<p><a href=\"https:\/\/sisu.ut.ee\/sites\/default\/files\/ict\/files\/tauno_palts.pdf\" target=\"_blank\" rel=\"noopener\">Programmeerimine kooli huviringis (Scratch)(Python)\u00a0<\/a><a href=\"https:\/\/sisu.ut.ee\/sites\/default\/files\/ict\/files\/rtlc_ab_raivo_0.png\" target=\"_blank\" rel=\"noopener\"><\/a><\/p>\n<\/td>\n<td valign=\"top\">\n<p>Tauno Palts<\/p>\n<\/td>\n<\/tr>\n<tr>\n<td rowspan=\"4\" valign=\"top\">\n<p>16.30-18.00<\/p>\n\n<\/td>\n<td colspan=\"2\" valign=\"top\">\n<p>\u00dclevaade partnerite tehtud t\u00f6\u00f6st suurendamaks \u00fchiskonna p\u00fchendumist IKTsse<\/p>\n<\/td>\n<\/tr>\n<tr>\n<td valign=\"top\">\n<p><a href=\"https:\/\/sisu.ut.ee\/sites\/default\/files\/ict\/files\/dimitris_alimisis.pdf\" target=\"_blank\" rel=\"noopener\">Kreeka kogemused<\/a><\/p>\n<\/td>\n<td valign=\"top\">\n<p>Dimitris Alimisis<\/p>\n<\/td>\n<\/tr>\n<tr>\n<td valign=\"top\">\n<p><a href=\"https:\/\/sisu.ut.ee\/sites\/default\/files\/ict\/files\/tomi_jaakkola_0.pdf\" target=\"_blank\" rel=\"noopener\">IKT Soome hariduses ja IKT haridus Soomes<\/a><a href=\"https:\/\/sisu.ut.ee\/sites\/default\/files\/ict\/files\/presentation_alimisis.pptx\" target=\"_blank\" rel=\"noopener\"><\/a><\/p>\n<\/td>\n<td valign=\"top\">\n<p>Tomi Jaakkola<\/p>\n<\/td>\n<\/tr>\n<tr>\n<td valign=\"top\">\n<p><a href=\"https:\/\/sisu.ut.ee\/sites\/default\/files\/ict\/files\/wouter_van_joolingen_0.pdf\" target=\"_blank\" rel=\"noopener\">\u00d5petamine IKT-ga ja IKT jaoks Hollandis<\/a><a href=\"ICT%20in%20Finnish%20education%20and%20ICT%20education%20in%20Finland\" target=\"_blank\" rel=\"noopener\"><\/a><\/p>\n<\/td>\n<td valign=\"top\">\n<p>Wouter van Joolingen<\/p>\n<\/td>\n<\/tr>\n<\/tbody>\n<\/table>\n<p>\u00a0<\/p>\n<h2>15.\u00a0november 2013<\/h2>\n<table class=\"table table-hover\" style=\"width: 823px;height: 190px\" border=\"1\" cellpadding=\"0\" cellspacing=\"0\">\n<tbody>\n<tr>\n<td valign=\"top\">\n<p>9.00-10.30<\/p>\n<\/td>\n<td valign=\"top\">\n<p><a href=\"https:\/\/sisu.ut.ee\/sites\/default\/files\/ict\/files\/studies_of_the_project.pdf\" target=\"_blank\" rel=\"noopener\">Edasised uuringud \u2013 uurimisk\u00fcsimused ja metoodika<\/a><\/p>\n<\/td>\n<td valign=\"top\">\n<p>Margus Pedaste<\/p>\n<\/td>\n<\/tr>\n<tr>\n<td valign=\"top\">\n<p>10.40-12.00<\/p>\n<\/td>\n<td valign=\"top\">\n<p><a href=\"https:\/\/sisu.ut.ee\/sites\/default\/files\/ict\/files\/roles_and_timeline.pdf\" target=\"_blank\" rel=\"noopener\">Partnerite rollid ja projekti ajakava<\/a><\/p>\n<\/td>\n<td valign=\"top\">\n<p>Margus Pedaste<\/p>\n<\/td>\n<\/tr>\n<tr>\n<td valign=\"top\">\n<p>13.30-14.30<\/p>\n<\/td>\n<td valign=\"top\">\n<p><a href=\"https:\/\/sisu.ut.ee\/sites\/default\/files\/ict\/files\/project_plans.pdf\" target=\"_blank\" rel=\"noopener\">Projekti plaanid<\/a><\/p>\n<\/td>\n<td valign=\"top\">\n<p>Leo Siiman<\/p>\n<\/td>\n<\/tr>\n<tr>\n<td valign=\"top\">\n<p>15.00-16.30<\/p>\n<\/td>\n<td valign=\"top\">\n<p><a href=\"https:\/\/sisu.ut.ee\/sites\/default\/files\/ict\/files\/memo_project_seminar_14.-15.11.pdf\" target=\"_blank\" rel=\"noopener\">Kokkuv\u00f5te seminari tulemustest<\/a><\/p>\n<\/td>\n<td valign=\"top\">\n<p>\u00a0<\/p>\n<\/td>\n<\/tr>\n<tr>\n<td valign=\"top\">\n<p>16.40-17.30<\/p>\n<\/td>\n<td valign=\"top\">\n<p><a href=\"https:\/\/sisu.ut.ee\/sites\/default\/files\/ict\/files\/communication_and_dissemination.pdf\" target=\"_blank\" rel=\"noopener\">Projekti tulemuste kommunikatsioon ja levitamine<\/a><\/p>\n<\/td>\n<td valign=\"top\">\n<p>\u00a0<\/p>\n\n<\/td>\n<\/tr>\n<\/tbody>\n<\/table>\n","protected":false},"excerpt":{"rendered":"<p>Projekti 1. rahvusvahelise teadusseminari materjalid 13.\u00a0november 2013 17.00-19.00 Tervitusdiskussioon \u2013\u00a0ootus rahvusvahelisele koost\u00f6\u00f6le 14.\u00a0november 2013 10.00-11.00 Sissejuhatus \u2013 projekt, partnerid, tulemuste \u00fclevaade Margus Pedaste 11.00-12.00 \u00dclevaade rahvusvahelistest uuringutest IKT kasutamisest hariduses Leo Siiman 13.00-13.40 Mida teame eelmise aasta T\u00dc informaatika sisseastunute &#8230;<\/p>\n","protected":false},"author":30,"featured_media":0,"parent":0,"menu_order":0,"comment_status":"closed","ping_status":"closed","template":"","meta":{"_acf_changed":false,"inline_featured_image":false,"footnotes":""},"class_list":["post-10","page","type-page","status-publish","hentry"],"acf":[],"_links":{"self":[{"href":"https:\/\/sisu.ut.ee\/ikt\/wp-json\/wp\/v2\/pages\/10","targetHints":{"allow":["GET"]}}],"collection":[{"href":"https:\/\/sisu.ut.ee\/ikt\/wp-json\/wp\/v2\/pages"}],"about":[{"href":"https:\/\/sisu.ut.ee\/ikt\/wp-json\/wp\/v2\/types\/page"}],"author":[{"embeddable":true,"href":"https:\/\/sisu.ut.ee\/ikt\/wp-json\/wp\/v2\/users\/30"}],"replies":[{"embeddable":true,"href":"https:\/\/sisu.ut.ee\/ikt\/wp-json\/wp\/v2\/comments?post=10"}],"version-history":[{"count":1,"href":"https:\/\/sisu.ut.ee\/ikt\/wp-json\/wp\/v2\/pages\/10\/revisions"}],"predecessor-version":[{"id":108,"href":"https:\/\/sisu.ut.ee\/ikt\/wp-json\/wp\/v2\/pages\/10\/revisions\/108"}],"wp:attachment":[{"href":"https:\/\/sisu.ut.ee\/ikt\/wp-json\/wp\/v2\/media?parent=10"}],"curies":[{"name":"wp","href":"https:\/\/api.w.org\/{rel}","templated":true}]}}