{"id":82,"date":"2025-04-08T15:32:26","date_gmt":"2025-04-08T12:32:26","guid":{"rendered":"https:\/\/sisu.ut.ee\/igaunuvaloda\/?page_id=82"},"modified":"2025-04-12T14:20:55","modified_gmt":"2025-04-12T11:20:55","slug":"34-37-lpp","status":"publish","type":"page","link":"https:\/\/sisu.ut.ee\/igaunuvaloda\/34-37-lpp\/","title":{"rendered":"34.-37. lpp."},"content":{"rendered":"<p><\/p>\n\n\n\n<p>Tere! \u2013 Labdien! Sveiki!<\/p>\n\n\n\n<figure class=\"wp-block-audio\"><audio controls src=\"https:\/\/sisu.ut.ee\/wp-content\/uploads\/sites\/891\/34_tere.wav\"><\/audio><\/figure>\n\n\n\n<p>Tere tulemast! \u2013 Laipni l\u016bdzam!<\/p>\n\n\n\n<figure class=\"wp-block-audio\"><audio controls src=\"https:\/\/sisu.ut.ee\/wp-content\/uploads\/sites\/891\/34_teretulemast.wav\"><\/audio><\/figure>\n\n\n\n<hr class=\"wp-block-separator has-alpha-channel-opacity\">\n\n\n\n<p>Tere hommikust! \u2013 Labr\u012bt!<\/p>\n\n\n\n<figure class=\"wp-block-audio\"><audio controls src=\"https:\/\/sisu.ut.ee\/wp-content\/uploads\/sites\/891\/35_terehommikust.wav\"><\/audio><\/figure>\n\n\n\n<p>Tere p\u00e4evast! \u2013 Labdien!<\/p>\n\n\n\n<figure class=\"wp-block-audio\"><audio controls src=\"https:\/\/sisu.ut.ee\/wp-content\/uploads\/sites\/891\/35_terepaevast.wav\"><\/audio><\/figure>\n\n\n\n<p>Tere \u00f5htust! \u2013 Labvakar!<\/p>\n\n\n\n<figure class=\"wp-block-audio\"><audio controls src=\"https:\/\/sisu.ut.ee\/wp-content\/uploads\/sites\/891\/35_tereohtust-1.wav\"><\/audio><\/figure>\n\n\n\n<p>Head \u00f6\u00f6d! \u2013 Ar labunakti!<\/p>\n\n\n\n<figure class=\"wp-block-audio\"><audio controls src=\"https:\/\/sisu.ut.ee\/wp-content\/uploads\/sites\/891\/35_headood.wav\"><\/audio><\/figure>\n\n\n\n<hr class=\"wp-block-separator has-alpha-channel-opacity\">\n\n\n\n<p>Palju \u00f5nne s\u00fcnnip\u00e4evaks! \u2013 Daudz laimes dzim\u0161anas dien\u0101!<\/p>\n\n\n\n<figure class=\"wp-block-audio\"><audio controls src=\"https:\/\/sisu.ut.ee\/wp-content\/uploads\/sites\/891\/36_Palju-onne-sunnipaevaks.wav\"><\/audio><\/figure>\n\n\n\n<p>Palun! \u2013 L\u016bdzu!<\/p>\n\n\n\n<figure class=\"wp-block-audio\"><audio controls src=\"https:\/\/sisu.ut.ee\/wp-content\/uploads\/sites\/891\/36_Palun.wav\"><\/audio><\/figure>\n\n\n\n<p>Ait\u00e4h! \u2013 Paldies!<\/p>\n\n\n\n<figure class=\"wp-block-audio\"><audio controls src=\"https:\/\/sisu.ut.ee\/wp-content\/uploads\/sites\/891\/36_Aitah.wav\"><\/audio><\/figure>\n\n\n\n<hr class=\"wp-block-separator has-alpha-channel-opacity\">\n\n\n\n<p>Terviseks! \u2013 Priek\u0101! \/ Uz vesel\u012bbu!<\/p>\n\n\n\n<figure class=\"wp-block-audio\"><audio controls src=\"https:\/\/sisu.ut.ee\/wp-content\/uploads\/sites\/891\/37_terviseks.wav\"><\/audio><\/figure>\n\n\n\n<p>Head aega! \u2013 Visu labu!<\/p>\n\n\n\n<figure class=\"wp-block-audio\"><audio controls src=\"https:\/\/sisu.ut.ee\/wp-content\/uploads\/sites\/891\/37_Head-aega.wav\"><\/audio><\/figure>\n\n\n\n<p>T\u0161au! \u2013 \u010cau!<\/p>\n\n\n\n<figure class=\"wp-block-audio\"><audio controls src=\"https:\/\/sisu.ut.ee\/wp-content\/uploads\/sites\/891\/37_tsau.wav\"><\/audio><\/figure>\n\n\n\n<p>Aidaa! \u2013 At\u0101!<\/p>\n\n\n\n<figure class=\"wp-block-audio\"><audio controls src=\"https:\/\/sisu.ut.ee\/wp-content\/uploads\/sites\/891\/37_Aidaa.wav\"><\/audio><\/figure>\n\n\n\n<p>N\u00e4gemiseni! \u2013 Uz redz\u0113\u0161anos! <\/p>\n\n\n\n<figure class=\"wp-block-audio\"><audio controls src=\"https:\/\/sisu.ut.ee\/wp-content\/uploads\/sites\/891\/37_Nagemiseni.wav\"><\/audio><\/figure>\n\n\n\n<p><\/p>\n","protected":false},"excerpt":{"rendered":"<p>Tere! \u2013 Labdien! Sveiki! Tere tulemast! \u2013 Laipni l\u016bdzam! Tere hommikust! \u2013 Labr\u012bt! Tere p\u00e4evast! \u2013 Labdien! Tere \u00f5htust! \u2013 Labvakar! Head \u00f6\u00f6d! \u2013 Ar labunakti! Palju \u00f5nne s\u00fcnnip\u00e4evaks! \u2013 Daudz laimes dzim\u0161anas dien\u0101! Palun! \u2013 L\u016bdzu! Ait\u00e4h! \u2013 Paldies! &#8230;<\/p>\n","protected":false},"author":77,"featured_media":0,"parent":0,"menu_order":0,"comment_status":"closed","ping_status":"closed","template":"","meta":{"_acf_changed":false,"inline_featured_image":false,"footnotes":""},"class_list":["post-82","page","type-page","status-publish","hentry"],"acf":[],"_links":{"self":[{"href":"https:\/\/sisu.ut.ee\/igaunuvaloda\/wp-json\/wp\/v2\/pages\/82","targetHints":{"allow":["GET"]}}],"collection":[{"href":"https:\/\/sisu.ut.ee\/igaunuvaloda\/wp-json\/wp\/v2\/pages"}],"about":[{"href":"https:\/\/sisu.ut.ee\/igaunuvaloda\/wp-json\/wp\/v2\/types\/page"}],"author":[{"embeddable":true,"href":"https:\/\/sisu.ut.ee\/igaunuvaloda\/wp-json\/wp\/v2\/users\/77"}],"replies":[{"embeddable":true,"href":"https:\/\/sisu.ut.ee\/igaunuvaloda\/wp-json\/wp\/v2\/comments?post=82"}],"version-history":[{"count":7,"href":"https:\/\/sisu.ut.ee\/igaunuvaloda\/wp-json\/wp\/v2\/pages\/82\/revisions"}],"predecessor-version":[{"id":264,"href":"https:\/\/sisu.ut.ee\/igaunuvaloda\/wp-json\/wp\/v2\/pages\/82\/revisions\/264"}],"wp:attachment":[{"href":"https:\/\/sisu.ut.ee\/igaunuvaloda\/wp-json\/wp\/v2\/media?parent=82"}],"curies":[{"name":"wp","href":"https:\/\/api.w.org\/{rel}","templated":true}]}}