{"id":80,"date":"2025-04-08T15:29:15","date_gmt":"2025-04-08T12:29:15","guid":{"rendered":"https:\/\/sisu.ut.ee\/igaunuvaloda\/?page_id=80"},"modified":"2025-04-12T14:15:44","modified_gmt":"2025-04-12T11:15:44","slug":"31-33-lpp","status":"publish","type":"page","link":"https:\/\/sisu.ut.ee\/igaunuvaloda\/31-33-lpp\/","title":{"rendered":"31.-33. lpp."},"content":{"rendered":"<p>pudel \u2013 pudele<\/p>\n\n\n\n<figure class=\"wp-block-audio\"><audio controls src=\"https:\/\/sisu.ut.ee\/wp-content\/uploads\/sites\/891\/31_pudel.wav\"><\/audio><\/figure>\n\n\n\n<p>kleit \u2013 kleita<\/p>\n\n\n\n<figure class=\"wp-block-audio\"><audio controls src=\"https:\/\/sisu.ut.ee\/wp-content\/uploads\/sites\/891\/31_kleit.wav\"><\/audio><\/figure>\n\n\n\n<p>naba \u2013 naba<\/p>\n\n\n\n<figure class=\"wp-block-audio\"><audio controls src=\"https:\/\/sisu.ut.ee\/wp-content\/uploads\/sites\/891\/31_naba.wav\"><\/audio><\/figure>\n\n\n\n<p>lamp \u2013 lampa<\/p>\n\n\n\n<figure class=\"wp-block-audio\"><audio controls src=\"https:\/\/sisu.ut.ee\/wp-content\/uploads\/sites\/891\/31_lamp.wav\"><\/audio><\/figure>\n\n\n\n<p>vaas \u2013 v\u0101ze<\/p>\n\n\n\n<figure class=\"wp-block-audio\"><audio controls src=\"https:\/\/sisu.ut.ee\/wp-content\/uploads\/sites\/891\/31_vaas.wav\"><\/audio><\/figure>\n\n\n\n<hr class=\"wp-block-separator has-alpha-channel-opacity\">\n\n\n\n<p>veel putru \u2013 v\u0113l putru<\/p>\n\n\n\n<figure class=\"wp-block-audio\"><audio controls src=\"https:\/\/sisu.ut.ee\/wp-content\/uploads\/sites\/891\/32_veelputru.wav\"><\/audio><\/figure>\n\n\n\n<p>veel \u0161okolaadi \u2013 v\u0113l \u0161okol\u0101di<\/p>\n\n\n\n<figure class=\"wp-block-audio\"><audio controls src=\"https:\/\/sisu.ut.ee\/wp-content\/uploads\/sites\/891\/32_veelsokolaadi.wav\"><\/audio><\/figure>\n\n\n\n<p>veel limonaadi \u2013 v\u0113l limon\u0101di<\/p>\n\n\n\n<figure class=\"wp-block-audio\"><audio controls src=\"https:\/\/sisu.ut.ee\/wp-content\/uploads\/sites\/891\/32_veellimonaadi.wav\"><\/audio><\/figure>\n\n\n\n<p>veel torti \u2013 v\u0113l torti<\/p>\n\n\n\n<figure class=\"wp-block-audio\"><audio controls src=\"https:\/\/sisu.ut.ee\/wp-content\/uploads\/sites\/891\/32_veeltorti.wav\"><\/audio><\/figure>\n\n\n\n<hr class=\"wp-block-separator has-alpha-channel-opacity\">\n\n\n\n<p><br>sula \u2013 atkusnis <\/p>\n\n\n\n<figure class=\"wp-block-audio\"><audio controls src=\"https:\/\/sisu.ut.ee\/wp-content\/uploads\/sites\/891\/33_sula.wav\"><\/audio><\/figure>\n\n\n\n<p>kaste \u2013 m\u0113rce<\/p>\n\n\n\n<figure class=\"wp-block-audio\"><audio controls src=\"https:\/\/sisu.ut.ee\/wp-content\/uploads\/sites\/891\/33_kaste.wav\"><\/audio><\/figure>\n\n\n\n<p>kivi \u2013 akmens<\/p>\n\n\n\n<figure class=\"wp-block-audio\"><audio controls src=\"https:\/\/sisu.ut.ee\/wp-content\/uploads\/sites\/891\/33_kivi.wav\"><\/audio><\/figure>\n\n\n\n<p>plika \u2013 sku\u0137is<\/p>\n\n\n\n<figure class=\"wp-block-audio\"><audio controls src=\"https:\/\/sisu.ut.ee\/wp-content\/uploads\/sites\/891\/33_plika.wav\"><\/audio><\/figure>\n","protected":false},"excerpt":{"rendered":"<p>pudel \u2013 pudele kleit \u2013 kleita naba \u2013 naba lamp \u2013 lampa vaas \u2013 v\u0101ze veel putru \u2013 v\u0113l putru veel \u0161okolaadi \u2013 v\u0113l \u0161okol\u0101di veel limonaadi \u2013 v\u0113l limon\u0101di veel torti \u2013 v\u0113l torti sula \u2013 atkusnis kaste \u2013 &#8230;<\/p>\n","protected":false},"author":77,"featured_media":0,"parent":0,"menu_order":0,"comment_status":"closed","ping_status":"closed","template":"","meta":{"_acf_changed":false,"inline_featured_image":false,"footnotes":""},"class_list":["post-80","page","type-page","status-publish","hentry"],"acf":[],"_links":{"self":[{"href":"https:\/\/sisu.ut.ee\/igaunuvaloda\/wp-json\/wp\/v2\/pages\/80","targetHints":{"allow":["GET"]}}],"collection":[{"href":"https:\/\/sisu.ut.ee\/igaunuvaloda\/wp-json\/wp\/v2\/pages"}],"about":[{"href":"https:\/\/sisu.ut.ee\/igaunuvaloda\/wp-json\/wp\/v2\/types\/page"}],"author":[{"embeddable":true,"href":"https:\/\/sisu.ut.ee\/igaunuvaloda\/wp-json\/wp\/v2\/users\/77"}],"replies":[{"embeddable":true,"href":"https:\/\/sisu.ut.ee\/igaunuvaloda\/wp-json\/wp\/v2\/comments?post=80"}],"version-history":[{"count":3,"href":"https:\/\/sisu.ut.ee\/igaunuvaloda\/wp-json\/wp\/v2\/pages\/80\/revisions"}],"predecessor-version":[{"id":255,"href":"https:\/\/sisu.ut.ee\/igaunuvaloda\/wp-json\/wp\/v2\/pages\/80\/revisions\/255"}],"wp:attachment":[{"href":"https:\/\/sisu.ut.ee\/igaunuvaloda\/wp-json\/wp\/v2\/media?parent=80"}],"curies":[{"name":"wp","href":"https:\/\/api.w.org\/{rel}","templated":true}]}}