{"id":78,"date":"2025-04-08T15:26:09","date_gmt":"2025-04-08T12:26:09","guid":{"rendered":"https:\/\/sisu.ut.ee\/igaunuvaloda\/?page_id=78"},"modified":"2025-04-12T14:02:00","modified_gmt":"2025-04-12T11:02:00","slug":"30-lpp","status":"publish","type":"page","link":"https:\/\/sisu.ut.ee\/igaunuvaloda\/30-lpp\/","title":{"rendered":"30. lpp."},"content":{"rendered":"<p>ma olen \u2013 es esmu \/ es b\u016b\u0161u<br><\/p>\n\n\n\n<figure class=\"wp-block-audio\"><audio controls src=\"https:\/\/sisu.ut.ee\/wp-content\/uploads\/sites\/891\/30_maolen.wav\"><\/audio><\/figure>\n\n\n\n<p>ma olin \u2013 es biju<\/p>\n\n\n\n<figure class=\"wp-block-audio\"><audio controls src=\"https:\/\/sisu.ut.ee\/wp-content\/uploads\/sites\/891\/30_maolin.wav\"><\/audio><\/figure>\n\n\n\n<hr class=\"wp-block-separator has-alpha-channel-opacity\">\n\n\n\n<p>Olla v\u00f5i mitte olla?<\/p>\n\n\n\n<figure class=\"wp-block-audio\"><audio controls src=\"https:\/\/sisu.ut.ee\/wp-content\/uploads\/sites\/891\/30_ollavoimitteolla.wav\"><\/audio><\/figure>\n\n\n\n<p>Ma m\u00f5tlen, j\u00e4relikult olen. <\/p>\n\n\n\n<figure class=\"wp-block-audio\"><audio controls src=\"https:\/\/sisu.ut.ee\/wp-content\/uploads\/sites\/891\/30_motlenjarelikultolen.wav\"><\/audio><\/figure>\n\n\n\n<p>Ma tulen tagasi. <\/p>\n\n\n\n<figure class=\"wp-block-audio\"><audio controls src=\"https:\/\/sisu.ut.ee\/wp-content\/uploads\/sites\/891\/30_matulentagasi.wav\"><\/audio><\/figure>\n\n\n\n<p><\/p>\n","protected":false},"excerpt":{"rendered":"<p>ma olen \u2013 es esmu \/ es b\u016b\u0161u ma olin \u2013 es biju Olla v\u00f5i mitte olla? Ma m\u00f5tlen, j\u00e4relikult olen. Ma tulen tagasi.<\/p>\n","protected":false},"author":77,"featured_media":0,"parent":0,"menu_order":0,"comment_status":"closed","ping_status":"closed","template":"","meta":{"_acf_changed":false,"inline_featured_image":false,"footnotes":""},"class_list":["post-78","page","type-page","status-publish","hentry"],"acf":[],"_links":{"self":[{"href":"https:\/\/sisu.ut.ee\/igaunuvaloda\/wp-json\/wp\/v2\/pages\/78","targetHints":{"allow":["GET"]}}],"collection":[{"href":"https:\/\/sisu.ut.ee\/igaunuvaloda\/wp-json\/wp\/v2\/pages"}],"about":[{"href":"https:\/\/sisu.ut.ee\/igaunuvaloda\/wp-json\/wp\/v2\/types\/page"}],"author":[{"embeddable":true,"href":"https:\/\/sisu.ut.ee\/igaunuvaloda\/wp-json\/wp\/v2\/users\/77"}],"replies":[{"embeddable":true,"href":"https:\/\/sisu.ut.ee\/igaunuvaloda\/wp-json\/wp\/v2\/comments?post=78"}],"version-history":[{"count":2,"href":"https:\/\/sisu.ut.ee\/igaunuvaloda\/wp-json\/wp\/v2\/pages\/78\/revisions"}],"predecessor-version":[{"id":239,"href":"https:\/\/sisu.ut.ee\/igaunuvaloda\/wp-json\/wp\/v2\/pages\/78\/revisions\/239"}],"wp:attachment":[{"href":"https:\/\/sisu.ut.ee\/igaunuvaloda\/wp-json\/wp\/v2\/media?parent=78"}],"curies":[{"name":"wp","href":"https:\/\/api.w.org\/{rel}","templated":true}]}}