{"id":76,"date":"2025-04-08T15:24:43","date_gmt":"2025-04-08T12:24:43","guid":{"rendered":"https:\/\/sisu.ut.ee\/igaunuvaloda\/?page_id=76"},"modified":"2025-04-12T13:57:24","modified_gmt":"2025-04-12T10:57:24","slug":"28-29-lpp","status":"publish","type":"page","link":"https:\/\/sisu.ut.ee\/igaunuvaloda\/28-29-lpp\/","title":{"rendered":"28.-29. lpp."},"content":{"rendered":"<p>punane, punase, punast (sarkans)<\/p>\n\n\n\n<figure class=\"wp-block-audio\"><audio controls src=\"https:\/\/sisu.ut.ee\/wp-content\/uploads\/sites\/891\/28_punane.wav\"><\/audio><\/figure>\n\n\n\n<p>Mul on \u00fcks punane tool. \u2013 Man ir viens sarkans kr\u0113sls.<\/p>\n\n\n\n<figure class=\"wp-block-audio\"><audio controls src=\"https:\/\/sisu.ut.ee\/wp-content\/uploads\/sites\/891\/28_mulonpunanetool.wav\"><\/audio><\/figure>\n\n\n\n<p>Mul on \u00fcks punane raamat. \u2013 Man ir viena sarkana gr\u0101mata.<\/p>\n\n\n\n<figure class=\"wp-block-audio\"><audio controls src=\"https:\/\/sisu.ut.ee\/wp-content\/uploads\/sites\/891\/28_mulpunaneraamat.wav\"><\/audio><\/figure>\n\n\n\n<p>Toas on neli punast tooli. \u2013 Istab\u0101 ir \u010detri sarkani kr\u0113sli.<\/p>\n\n\n\n<figure class=\"wp-block-audio\"><audio controls src=\"https:\/\/sisu.ut.ee\/wp-content\/uploads\/sites\/891\/29_mulonnelipunast.wav\"><\/audio><\/figure>\n\n\n\n<p>Laual on viis punast raamatut. \u2013 Uz galda ir piecas sarkanas gr\u0101matas.<\/p>\n\n\n\n<figure class=\"wp-block-audio\"><audio controls src=\"https:\/\/sisu.ut.ee\/wp-content\/uploads\/sites\/891\/29_laualpunastraamatut.wav\"><\/audio><\/figure>\n","protected":false},"excerpt":{"rendered":"<p>punane, punase, punast (sarkans) Mul on \u00fcks punane tool. \u2013 Man ir viens sarkans kr\u0113sls. Mul on \u00fcks punane raamat. \u2013 Man ir viena sarkana gr\u0101mata. Toas on neli punast tooli. \u2013 Istab\u0101 ir \u010detri sarkani kr\u0113sli. Laual on viis &#8230;<\/p>\n","protected":false},"author":77,"featured_media":0,"parent":0,"menu_order":0,"comment_status":"closed","ping_status":"closed","template":"","meta":{"_acf_changed":false,"inline_featured_image":false,"footnotes":""},"class_list":["post-76","page","type-page","status-publish","hentry"],"acf":[],"_links":{"self":[{"href":"https:\/\/sisu.ut.ee\/igaunuvaloda\/wp-json\/wp\/v2\/pages\/76","targetHints":{"allow":["GET"]}}],"collection":[{"href":"https:\/\/sisu.ut.ee\/igaunuvaloda\/wp-json\/wp\/v2\/pages"}],"about":[{"href":"https:\/\/sisu.ut.ee\/igaunuvaloda\/wp-json\/wp\/v2\/types\/page"}],"author":[{"embeddable":true,"href":"https:\/\/sisu.ut.ee\/igaunuvaloda\/wp-json\/wp\/v2\/users\/77"}],"replies":[{"embeddable":true,"href":"https:\/\/sisu.ut.ee\/igaunuvaloda\/wp-json\/wp\/v2\/comments?post=76"}],"version-history":[{"count":2,"href":"https:\/\/sisu.ut.ee\/igaunuvaloda\/wp-json\/wp\/v2\/pages\/76\/revisions"}],"predecessor-version":[{"id":232,"href":"https:\/\/sisu.ut.ee\/igaunuvaloda\/wp-json\/wp\/v2\/pages\/76\/revisions\/232"}],"wp:attachment":[{"href":"https:\/\/sisu.ut.ee\/igaunuvaloda\/wp-json\/wp\/v2\/media?parent=76"}],"curies":[{"name":"wp","href":"https:\/\/api.w.org\/{rel}","templated":true}]}}