{"id":74,"date":"2025-04-08T15:23:21","date_gmt":"2025-04-08T12:23:21","guid":{"rendered":"https:\/\/sisu.ut.ee\/igaunuvaloda\/?page_id=74"},"modified":"2025-04-12T13:49:59","modified_gmt":"2025-04-12T10:49:59","slug":"26-27-lpp","status":"publish","type":"page","link":"https:\/\/sisu.ut.ee\/igaunuvaloda\/26-27-lpp\/","title":{"rendered":"26.-27. lpp."},"content":{"rendered":"<p><\/p>\n\n\n\n<p>Palun \u00fcks kook ja \u00fcks kohv. \u2013 L\u016bdzu, vienu k\u016bku un vienu kafiju.<\/p>\n\n\n\n<figure class=\"wp-block-audio\"><audio controls src=\"https:\/\/sisu.ut.ee\/wp-content\/uploads\/sites\/891\/26_palunukskookkohv.wav\"><\/audio><\/figure>\n\n\n\n<p>kook \u2013 k\u016bka<\/p>\n\n\n\n<figure class=\"wp-block-audio\"><audio controls src=\"https:\/\/sisu.ut.ee\/wp-content\/uploads\/sites\/891\/26_kook.wav\"><\/audio><\/figure>\n\n\n\n<p>kohv \u2013 kafija<\/p>\n\n\n\n<figure class=\"wp-block-audio\"><audio controls src=\"https:\/\/sisu.ut.ee\/wp-content\/uploads\/sites\/891\/26_kohv.wav\"><\/audio><\/figure>\n\n\n\n<p>Palun \u00fcks \u00f5un ja \u00fcks k\u00f5rvits. \u2013 L\u016bdzu, vienu \u0101bolu un vienu \u0137irbi.<\/p>\n\n\n\n<figure class=\"wp-block-audio\"><audio controls src=\"https:\/\/sisu.ut.ee\/wp-content\/uploads\/sites\/891\/26_palunuksounkorvits.wav\"><\/audio><\/figure>\n\n\n\n<p>\u00f5un \u2013  \u0101bols<\/p>\n\n\n\n<figure class=\"wp-block-audio\"><audio controls src=\"https:\/\/sisu.ut.ee\/wp-content\/uploads\/sites\/891\/26_oun-1.wav\"><\/audio><\/figure>\n\n\n\n<p>k\u00f5rvits \u2013 \u0137irbis<\/p>\n\n\n\n<figure class=\"wp-block-audio\"><audio controls src=\"https:\/\/sisu.ut.ee\/wp-content\/uploads\/sites\/891\/26_korvits.wav\"><\/audio><\/figure>\n\n\n\n<hr class=\"wp-block-separator has-alpha-channel-opacity\">\n\n\n\n<p>Palun kaks kooki ja kaks kohvi. \u2013 L\u016bdzu, divas k\u016bkas un divas kafijas. <\/p>\n\n\n\n<figure class=\"wp-block-audio\"><audio controls src=\"https:\/\/sisu.ut.ee\/wp-content\/uploads\/sites\/891\/27_palunkaks.wav\"><\/audio><\/figure>\n\n\n\n<p>koogid \u2013 k\u016bkas<\/p>\n\n\n\n<figure class=\"wp-block-audio\"><audio controls src=\"https:\/\/sisu.ut.ee\/wp-content\/uploads\/sites\/891\/27_koogid.wav\"><\/audio><\/figure>\n\n\n\n<p>kohvid \u2013 kafijas<\/p>\n\n\n\n<figure class=\"wp-block-audio\"><audio controls src=\"https:\/\/sisu.ut.ee\/wp-content\/uploads\/sites\/891\/27_kohvid.wav\"><\/audio><\/figure>\n\n\n\n<p>Palun kaks \u00f5una ja kaks k\u00f5rvitsat. \u2013 L\u016bdzu, divus \u0101bolus un divus \u0137irbjus. <\/p>\n\n\n\n<figure class=\"wp-block-audio\"><audio controls src=\"https:\/\/sisu.ut.ee\/wp-content\/uploads\/sites\/891\/27_palunkaksouna.wav\"><\/audio><\/figure>\n\n\n\n<p>\u00f5unad \u2013 \u0101boli<\/p>\n\n\n\n<figure class=\"wp-block-audio\"><audio controls src=\"https:\/\/sisu.ut.ee\/wp-content\/uploads\/sites\/891\/27_ounad.wav\"><\/audio><\/figure>\n\n\n\n<p>k\u00f5rvitsad \u2013 \u0137irbji<\/p>\n\n\n\n<figure class=\"wp-block-audio\"><audio controls src=\"https:\/\/sisu.ut.ee\/wp-content\/uploads\/sites\/891\/27_korvitsad.wav\"><\/audio><\/figure>\n","protected":false},"excerpt":{"rendered":"<p>Palun \u00fcks kook ja \u00fcks kohv. \u2013 L\u016bdzu, vienu k\u016bku un vienu kafiju. kook \u2013 k\u016bka kohv \u2013 kafija Palun \u00fcks \u00f5un ja \u00fcks k\u00f5rvits. \u2013 L\u016bdzu, vienu \u0101bolu un vienu \u0137irbi. \u00f5un \u2013 \u0101bols k\u00f5rvits \u2013 \u0137irbis Palun kaks &#8230;<\/p>\n","protected":false},"author":77,"featured_media":0,"parent":0,"menu_order":0,"comment_status":"closed","ping_status":"closed","template":"","meta":{"_acf_changed":false,"inline_featured_image":false,"footnotes":""},"class_list":["post-74","page","type-page","status-publish","hentry"],"acf":[],"_links":{"self":[{"href":"https:\/\/sisu.ut.ee\/igaunuvaloda\/wp-json\/wp\/v2\/pages\/74","targetHints":{"allow":["GET"]}}],"collection":[{"href":"https:\/\/sisu.ut.ee\/igaunuvaloda\/wp-json\/wp\/v2\/pages"}],"about":[{"href":"https:\/\/sisu.ut.ee\/igaunuvaloda\/wp-json\/wp\/v2\/types\/page"}],"author":[{"embeddable":true,"href":"https:\/\/sisu.ut.ee\/igaunuvaloda\/wp-json\/wp\/v2\/users\/77"}],"replies":[{"embeddable":true,"href":"https:\/\/sisu.ut.ee\/igaunuvaloda\/wp-json\/wp\/v2\/comments?post=74"}],"version-history":[{"count":2,"href":"https:\/\/sisu.ut.ee\/igaunuvaloda\/wp-json\/wp\/v2\/pages\/74\/revisions"}],"predecessor-version":[{"id":225,"href":"https:\/\/sisu.ut.ee\/igaunuvaloda\/wp-json\/wp\/v2\/pages\/74\/revisions\/225"}],"wp:attachment":[{"href":"https:\/\/sisu.ut.ee\/igaunuvaloda\/wp-json\/wp\/v2\/media?parent=74"}],"curies":[{"name":"wp","href":"https:\/\/api.w.org\/{rel}","templated":true}]}}