{"id":63,"date":"2025-04-08T15:04:24","date_gmt":"2025-04-08T12:04:24","guid":{"rendered":"https:\/\/sisu.ut.ee\/igaunuvaloda\/?page_id=63"},"modified":"2025-04-12T12:57:19","modified_gmt":"2025-04-12T09:57:19","slug":"20-21-lpp","status":"publish","type":"page","link":"https:\/\/sisu.ut.ee\/igaunuvaloda\/20-21-lpp\/","title":{"rendered":"20.-21. lpp."},"content":{"rendered":"<p>laud, laua, lauda (galds)<\/p>\n\n\n\n<figure class=\"wp-block-audio\"><audio controls src=\"https:\/\/sisu.ut.ee\/wp-content\/uploads\/sites\/891\/20_laud.wav\"><\/audio><\/figure>\n\n\n\n<p>kook, koogi, kooki (k\u016bka)<\/p>\n\n\n\n<figure class=\"wp-block-audio\"><audio controls src=\"https:\/\/sisu.ut.ee\/wp-content\/uploads\/sites\/891\/20_kook.wav\"><\/audio><\/figure>\n\n\n\n<p>limonaad, limonaadi, limonaadi (limon\u0101de) <\/p>\n\n\n\n<figure class=\"wp-block-audio\"><audio controls src=\"https:\/\/sisu.ut.ee\/wp-content\/uploads\/sites\/891\/20_limonaad.wav\"><\/audio><\/figure>\n\n\n\n<p>tool, tooli, tooli (kr\u0113sls)<\/p>\n\n\n\n<figure class=\"wp-block-audio\"><audio controls src=\"https:\/\/sisu.ut.ee\/wp-content\/uploads\/sites\/891\/21_tool.wav\"><\/audio><\/figure>\n\n\n\n<p>raamat, raamatu, raamatut (gr\u0101mata)<\/p>\n\n\n\n<figure class=\"wp-block-audio\"><audio controls src=\"https:\/\/sisu.ut.ee\/wp-content\/uploads\/sites\/891\/21_raamat.wav\"><\/audio><\/figure>\n\n\n\n<p>\u00f5un, \u00f5una, \u00f5una (\u0101bols)<\/p>\n\n\n\n<figure class=\"wp-block-audio\"><audio controls src=\"https:\/\/sisu.ut.ee\/wp-content\/uploads\/sites\/891\/21_oun.wav\"><\/audio><\/figure>\n\n\n\n<p>k\u00f5rvits, k\u00f5rvitsa, k\u00f5rvitsat (\u0137irbis)<\/p>\n\n\n\n<figure class=\"wp-block-audio\"><audio controls src=\"https:\/\/sisu.ut.ee\/wp-content\/uploads\/sites\/891\/21_korvits.wav\"><\/audio><\/figure>\n\n\n\n<p><\/p>\n","protected":false},"excerpt":{"rendered":"<p>laud, laua, lauda (galds) kook, koogi, kooki (k\u016bka) limonaad, limonaadi, limonaadi (limon\u0101de) tool, tooli, tooli (kr\u0113sls) raamat, raamatu, raamatut (gr\u0101mata) \u00f5un, \u00f5una, \u00f5una (\u0101bols) k\u00f5rvits, k\u00f5rvitsa, k\u00f5rvitsat (\u0137irbis)<\/p>\n","protected":false},"author":77,"featured_media":0,"parent":0,"menu_order":0,"comment_status":"closed","ping_status":"closed","template":"","meta":{"_acf_changed":false,"inline_featured_image":false,"footnotes":""},"class_list":["post-63","page","type-page","status-publish","hentry"],"acf":[],"_links":{"self":[{"href":"https:\/\/sisu.ut.ee\/igaunuvaloda\/wp-json\/wp\/v2\/pages\/63","targetHints":{"allow":["GET"]}}],"collection":[{"href":"https:\/\/sisu.ut.ee\/igaunuvaloda\/wp-json\/wp\/v2\/pages"}],"about":[{"href":"https:\/\/sisu.ut.ee\/igaunuvaloda\/wp-json\/wp\/v2\/types\/page"}],"author":[{"embeddable":true,"href":"https:\/\/sisu.ut.ee\/igaunuvaloda\/wp-json\/wp\/v2\/users\/77"}],"replies":[{"embeddable":true,"href":"https:\/\/sisu.ut.ee\/igaunuvaloda\/wp-json\/wp\/v2\/comments?post=63"}],"version-history":[{"count":2,"href":"https:\/\/sisu.ut.ee\/igaunuvaloda\/wp-json\/wp\/v2\/pages\/63\/revisions"}],"predecessor-version":[{"id":202,"href":"https:\/\/sisu.ut.ee\/igaunuvaloda\/wp-json\/wp\/v2\/pages\/63\/revisions\/202"}],"wp:attachment":[{"href":"https:\/\/sisu.ut.ee\/igaunuvaloda\/wp-json\/wp\/v2\/media?parent=63"}],"curies":[{"name":"wp","href":"https:\/\/api.w.org\/{rel}","templated":true}]}}