{"id":56,"date":"2025-04-08T14:43:51","date_gmt":"2025-04-08T11:43:51","guid":{"rendered":"https:\/\/sisu.ut.ee\/igaunuvaloda\/?page_id=56"},"modified":"2025-04-12T12:45:13","modified_gmt":"2025-04-12T09:45:13","slug":"16-17-lpp","status":"publish","type":"page","link":"https:\/\/sisu.ut.ee\/igaunuvaloda\/16-17-lpp\/","title":{"rendered":"16.-17. lpp."},"content":{"rendered":"<p>\u00f5petaja \u2013 skolot\u0101js, skolot\u0101ja<\/p>\n\n\n\n<figure class=\"wp-block-audio\"><audio controls src=\"https:\/\/sisu.ut.ee\/wp-content\/uploads\/sites\/891\/16_opetaja.wav\"><\/audio><\/figure>\n\n\n\n<p>l\u00e4tlane \u2013 latvietis, latviete<\/p>\n\n\n\n<figure class=\"wp-block-audio\"><audio controls src=\"https:\/\/sisu.ut.ee\/wp-content\/uploads\/sites\/891\/16_latlane.wav\"><\/audio><\/figure>\n\n\n\n<p>tema \u2013 vi\u0146\u0161, vi\u0146a<\/p>\n\n\n\n<figure class=\"wp-block-audio\"><audio controls src=\"https:\/\/sisu.ut.ee\/wp-content\/uploads\/sites\/891\/16_tema.wav\"><\/audio><\/figure>\n\n\n\n<hr class=\"wp-block-separator has-alpha-channel-opacity\">\n\n\n\n<p>\u00f5petajanna \u2013 skolot\u0101ja<\/p>\n\n\n\n<figure class=\"wp-block-audio\"><audio controls src=\"https:\/\/sisu.ut.ee\/wp-content\/uploads\/sites\/891\/17_opetajanna.wav\"><\/audio><\/figure>\n\n\n\n<p>l\u00e4tlanna \u2013 latviete<\/p>\n\n\n\n<figure class=\"wp-block-audio\"><audio controls src=\"https:\/\/sisu.ut.ee\/wp-content\/uploads\/sites\/891\/17_latlanna.wav\"><\/audio><\/figure>\n\n\n\n<p>n\u00e4itlejatar, n\u00e4itlejanna \u2013 aktrise<\/p>\n\n\n\n<figure class=\"wp-block-audio\"><audio controls src=\"https:\/\/sisu.ut.ee\/wp-content\/uploads\/sites\/891\/17_naitlejatar.wav\"><\/audio><\/figure>\n\n\n\n<hr class=\"wp-block-separator has-alpha-channel-opacity\">\n\n\n\n<p>kuningas \u2013 karalis<\/p>\n\n\n\n<figure class=\"wp-block-audio\"><audio controls src=\"https:\/\/sisu.ut.ee\/wp-content\/uploads\/sites\/891\/17_kuningas.wav\"><\/audio><\/figure>\n\n\n\n<p>kuninganna \u2013 karaliene <\/p>\n\n\n\n<figure class=\"wp-block-audio\"><audio controls src=\"https:\/\/sisu.ut.ee\/wp-content\/uploads\/sites\/891\/17_kuninganna.wav\"><\/audio><\/figure>\n","protected":false},"excerpt":{"rendered":"<p>\u00f5petaja \u2013 skolot\u0101js, skolot\u0101ja l\u00e4tlane \u2013 latvietis, latviete tema \u2013 vi\u0146\u0161, vi\u0146a \u00f5petajanna \u2013 skolot\u0101ja l\u00e4tlanna \u2013 latviete n\u00e4itlejatar, n\u00e4itlejanna \u2013 aktrise kuningas \u2013 karalis kuninganna \u2013 karaliene<\/p>\n","protected":false},"author":77,"featured_media":0,"parent":0,"menu_order":0,"comment_status":"closed","ping_status":"closed","template":"","meta":{"_acf_changed":false,"inline_featured_image":false,"footnotes":""},"class_list":["post-56","page","type-page","status-publish","hentry"],"acf":[],"_links":{"self":[{"href":"https:\/\/sisu.ut.ee\/igaunuvaloda\/wp-json\/wp\/v2\/pages\/56","targetHints":{"allow":["GET"]}}],"collection":[{"href":"https:\/\/sisu.ut.ee\/igaunuvaloda\/wp-json\/wp\/v2\/pages"}],"about":[{"href":"https:\/\/sisu.ut.ee\/igaunuvaloda\/wp-json\/wp\/v2\/types\/page"}],"author":[{"embeddable":true,"href":"https:\/\/sisu.ut.ee\/igaunuvaloda\/wp-json\/wp\/v2\/users\/77"}],"replies":[{"embeddable":true,"href":"https:\/\/sisu.ut.ee\/igaunuvaloda\/wp-json\/wp\/v2\/comments?post=56"}],"version-history":[{"count":2,"href":"https:\/\/sisu.ut.ee\/igaunuvaloda\/wp-json\/wp\/v2\/pages\/56\/revisions"}],"predecessor-version":[{"id":191,"href":"https:\/\/sisu.ut.ee\/igaunuvaloda\/wp-json\/wp\/v2\/pages\/56\/revisions\/191"}],"wp:attachment":[{"href":"https:\/\/sisu.ut.ee\/igaunuvaloda\/wp-json\/wp\/v2\/media?parent=56"}],"curies":[{"name":"wp","href":"https:\/\/api.w.org\/{rel}","templated":true}]}}