{"id":34,"date":"2025-04-08T14:03:43","date_gmt":"2025-04-08T11:03:43","guid":{"rendered":"https:\/\/sisu.ut.ee\/igaunuvaloda\/?page_id=34"},"modified":"2025-04-12T12:07:59","modified_gmt":"2025-04-12T09:07:59","slug":"6-9-lpp","status":"publish","type":"page","link":"https:\/\/sisu.ut.ee\/igaunuvaloda\/6-9-lpp\/","title":{"rendered":"6.-9. lpp."},"content":{"rendered":"<p>t\u00e4hestik \u2013 alfab\u0113ts<\/p>\n\n\n\n<figure class=\"wp-block-audio\"><audio controls src=\"https:\/\/sisu.ut.ee\/wp-content\/uploads\/sites\/891\/6_Tahestik.wav\"><\/audio><\/figure>\n\n\n\n<hr class=\"wp-block-separator has-alpha-channel-opacity\">\n\n\n\n<p>garaa\u017e \u2013 gar\u0101\u017ea<\/p>\n\n\n\n<figure class=\"wp-block-audio\"><audio controls src=\"https:\/\/sisu.ut.ee\/wp-content\/uploads\/sites\/891\/6_garaaz.wav\"><\/audio><\/figure>\n\n\n\n<p>zooloog \u2013 zoologs<\/p>\n\n\n\n<figure class=\"wp-block-audio\"><audio controls src=\"https:\/\/sisu.ut.ee\/wp-content\/uploads\/sites\/891\/6_zooloog.wav\"><\/audio><\/figure>\n\n\n\n<p>forell \u2013 forele<\/p>\n\n\n\n<figure class=\"wp-block-audio\"><audio controls src=\"https:\/\/sisu.ut.ee\/wp-content\/uploads\/sites\/891\/6_Forell.wav\"><\/audio><\/figure>\n\n\n\n<p>\u0161okolaad \u2013 \u0161okol\u0101de<\/p>\n\n\n\n<figure class=\"wp-block-audio\"><audio controls src=\"https:\/\/sisu.ut.ee\/wp-content\/uploads\/sites\/891\/6_sokolaad.wav\"><\/audio><\/figure>\n\n\n\n<hr class=\"wp-block-separator has-alpha-channel-opacity\">\n\n\n\n<p>AA : vaas \u2013 v\u0101ze<\/p>\n\n\n\n<figure class=\"wp-block-audio\"><audio controls src=\"https:\/\/sisu.ut.ee\/wp-content\/uploads\/sites\/891\/7_aa_vaas.wav\"><\/audio><\/figure>\n\n\n\n<p>EE : seen \u2013 s\u0113ne<\/p>\n\n\n\n<figure class=\"wp-block-audio\"><audio controls src=\"https:\/\/sisu.ut.ee\/wp-content\/uploads\/sites\/891\/7_ee_seen.wav\"><\/audio><\/figure>\n\n\n\n<p>II : pliiats \u2013 z\u012bmulis<\/p>\n\n\n\n<figure class=\"wp-block-audio\"><audio controls src=\"https:\/\/sisu.ut.ee\/wp-content\/uploads\/sites\/891\/7_ii_pliiats.wav\"><\/audio><\/figure>\n\n\n\n<p>OO : ooper \u2013 opera<\/p>\n\n\n\n<figure class=\"wp-block-audio\"><audio controls src=\"https:\/\/sisu.ut.ee\/wp-content\/uploads\/sites\/891\/7_oo_ooper.wav\"><\/audio><\/figure>\n\n\n\n<p>UU: kuusk \u2013 egle<\/p>\n\n\n\n<figure class=\"wp-block-audio\"><audio controls src=\"https:\/\/sisu.ut.ee\/wp-content\/uploads\/sites\/891\/7_uu_kuusk.wav\"><\/audio><\/figure>\n\n\n\n<hr class=\"wp-block-separator has-alpha-channel-opacity\">\n\n\n\n<p>\u00d5 : \u00f5lu \u2013 alus  <\/p>\n\n\n\n<figure class=\"wp-block-audio\"><audio controls src=\"https:\/\/sisu.ut.ee\/wp-content\/uploads\/sites\/891\/8_o_olu.wav\"><\/audio><\/figure>\n\n\n\n<p>Anna \u00f5lu \u00fcle \u00dclo \u00f5e \u00f5la! \u2013 Pasniedz ali\u0146u p\u0101r Ilo m\u0101sas plecu!<\/p>\n\n\n\n<figure class=\"wp-block-audio\"><audio controls src=\"https:\/\/sisu.ut.ee\/wp-content\/uploads\/sites\/891\/7_anna_olu_ule_Ulo_oe_ola.wav\"><\/audio><\/figure>\n\n\n\n<p>\u00c4 : m\u00e4gi \u2013 kalns<\/p>\n\n\n\n<figure class=\"wp-block-audio\"><audio controls src=\"https:\/\/sisu.ut.ee\/wp-content\/uploads\/sites\/891\/8_a_magi.wav\"><\/audio><\/figure>\n\n\n\n<p>Munam\u00e4gi \u2013 Muname\u0123is<\/p>\n\n\n\n<figure class=\"wp-block-audio\"><audio controls src=\"https:\/\/sisu.ut.ee\/wp-content\/uploads\/sites\/891\/8_munamagi.wav\"><\/audio><\/figure>\n\n\n\n<p>\u00d6 : t\u00f6\u00f6 \u2013 darbs<\/p>\n\n\n\n<figure class=\"wp-block-audio\"><audio controls src=\"https:\/\/sisu.ut.ee\/wp-content\/uploads\/sites\/891\/9_o_too.wav\"><\/audio><\/figure>\n\n\n\n<p>\u00f6\u00f6t\u00f6\u00f6 \u2013 nakts darbs<\/p>\n\n\n\n<figure class=\"wp-block-audio\"><audio controls src=\"https:\/\/sisu.ut.ee\/wp-content\/uploads\/sites\/891\/9_ootoo.wav\"><\/audio><\/figure>\n\n\n\n<p>\u00dc : \u00fclikool \u2013 universit\u0101te<\/p>\n\n\n\n<figure class=\"wp-block-audio\"><audio controls src=\"https:\/\/sisu.ut.ee\/wp-content\/uploads\/sites\/891\/9_u_ulikoo.wav\"><\/audio><\/figure>\n","protected":false},"excerpt":{"rendered":"<p>t\u00e4hestik \u2013 alfab\u0113ts garaa\u017e \u2013 gar\u0101\u017ea zooloog \u2013 zoologs forell \u2013 forele \u0161okolaad \u2013 \u0161okol\u0101de AA : vaas \u2013 v\u0101ze EE : seen \u2013 s\u0113ne II : pliiats \u2013 z\u012bmulis OO : ooper \u2013 opera UU: kuusk \u2013 egle \u00d5 &#8230;<\/p>\n","protected":false},"author":77,"featured_media":0,"parent":0,"menu_order":0,"comment_status":"closed","ping_status":"closed","template":"","meta":{"_acf_changed":false,"inline_featured_image":false,"footnotes":""},"class_list":["post-34","page","type-page","status-publish","hentry"],"acf":[],"_links":{"self":[{"href":"https:\/\/sisu.ut.ee\/igaunuvaloda\/wp-json\/wp\/v2\/pages\/34","targetHints":{"allow":["GET"]}}],"collection":[{"href":"https:\/\/sisu.ut.ee\/igaunuvaloda\/wp-json\/wp\/v2\/pages"}],"about":[{"href":"https:\/\/sisu.ut.ee\/igaunuvaloda\/wp-json\/wp\/v2\/types\/page"}],"author":[{"embeddable":true,"href":"https:\/\/sisu.ut.ee\/igaunuvaloda\/wp-json\/wp\/v2\/users\/77"}],"replies":[{"embeddable":true,"href":"https:\/\/sisu.ut.ee\/igaunuvaloda\/wp-json\/wp\/v2\/comments?post=34"}],"version-history":[{"count":4,"href":"https:\/\/sisu.ut.ee\/igaunuvaloda\/wp-json\/wp\/v2\/pages\/34\/revisions"}],"predecessor-version":[{"id":160,"href":"https:\/\/sisu.ut.ee\/igaunuvaloda\/wp-json\/wp\/v2\/pages\/34\/revisions\/160"}],"wp:attachment":[{"href":"https:\/\/sisu.ut.ee\/igaunuvaloda\/wp-json\/wp\/v2\/media?parent=34"}],"curies":[{"name":"wp","href":"https:\/\/api.w.org\/{rel}","templated":true}]}}