{"id":21,"date":"2025-04-08T13:41:34","date_gmt":"2025-04-08T10:41:34","guid":{"rendered":"https:\/\/sisu.ut.ee\/igaunuvaloda\/?page_id=21"},"modified":"2025-04-16T15:30:37","modified_gmt":"2025-04-16T12:30:37","slug":"parunasim-par-igaunu-valodu-audio-ieraksti","status":"publish","type":"page","link":"https:\/\/sisu.ut.ee\/igaunuvaloda\/parunasim-par-igaunu-valodu-audio-ieraksti\/","title":{"rendered":"&#8220;Parun\u0101sim par igau\u0146u valodu&#8221; audio ieraksti"},"content":{"rendered":"<p>\u0160aj\u0101 lap\u0101 varat noklaus\u012bties gr\u0101mat\u0101 sniegtos piem\u0113rus. Audio piem\u0113rus ierakst\u012bjusi Aive Mandele (Aive Mandel).<\/p>\n\n\n\n<p><a href=\"https:\/\/sisu.ut.ee\/igaunuvaloda\/4-lpp\/\">4. lpp.<\/a><\/p>\n\n\n\n<p><a href=\"https:\/\/sisu.ut.ee\/igaunuvaloda\/6-9-lpp\/\">6.-9. lpp.<\/a><\/p>\n\n\n\n<p><a href=\"https:\/\/sisu.ut.ee\/igaunuvaloda\/10-11-lpp\/\">10.-11. lpp.<\/a><\/p>\n\n\n\n<p><a href=\"https:\/\/sisu.ut.ee\/igaunuvaloda\/13-lpp\/\">13. lpp.<\/a><\/p>\n\n\n\n<p><a href=\"https:\/\/sisu.ut.ee\/igaunuvaloda\/14-lpp\/\">14. lpp.<\/a><\/p>\n\n\n\n<p><a href=\"https:\/\/sisu.ut.ee\/igaunuvaloda\/16-17-lpp\/\">16.-17. lpp.<\/a><\/p>\n\n\n\n<p><a href=\"https:\/\/sisu.ut.ee\/igaunuvaloda\/18-19-lpp\/\">18.-19. lpp.<\/a><\/p>\n\n\n\n<p><a href=\"https:\/\/sisu.ut.ee\/igaunuvaloda\/20-21-lpp\/\">20.-21. lpp.<\/a><\/p>\n\n\n\n<p><a href=\"https:\/\/sisu.ut.ee\/igaunuvaloda\/22-23-lpp\/\">22.-23. lpp.<\/a><\/p>\n\n\n\n<p><a href=\"https:\/\/sisu.ut.ee\/igaunuvaloda\/24-lpp\/\">24.lpp.<\/a><\/p>\n\n\n\n<p><a href=\"https:\/\/sisu.ut.ee\/igaunuvaloda\/25-lpp\/\">25. lpp.<\/a><\/p>\n\n\n\n<p><a href=\"https:\/\/sisu.ut.ee\/igaunuvaloda\/26-27-lpp\/\">26.-27. lpp.<\/a><\/p>\n\n\n\n<p><a href=\"https:\/\/sisu.ut.ee\/igaunuvaloda\/28-29-lpp\/\">28.-29. lpp.<\/a><\/p>\n\n\n\n<p><a href=\"https:\/\/sisu.ut.ee\/igaunuvaloda\/30-lpp\/\">30. lpp.<\/a><\/p>\n\n\n\n<p><a href=\"https:\/\/sisu.ut.ee\/igaunuvaloda\/31-33-lpp\/\">31.-33. lpp.<\/a><\/p>\n\n\n\n<p><a href=\"https:\/\/sisu.ut.ee\/igaunuvaloda\/34-37-lpp\/\">34.-37. lpp.<\/a><\/p>\n","protected":false},"excerpt":{"rendered":"<p>\u0160aj\u0101 lap\u0101 varat noklaus\u012bties gr\u0101mat\u0101 sniegtos piem\u0113rus. Audio piem\u0113rus ierakst\u012bjusi Aive Mandele (Aive Mandel). 4. lpp. 6.-9. lpp. 10.-11. lpp. 13. lpp. 14. lpp. 16.-17. lpp. 18.-19. lpp. 20.-21. lpp. 22.-23. lpp. 24.lpp. 25. lpp. 26.-27. lpp. 28.-29. lpp. 30. &#8230;<\/p>\n","protected":false},"author":77,"featured_media":0,"parent":0,"menu_order":0,"comment_status":"closed","ping_status":"closed","template":"","meta":{"_acf_changed":false,"inline_featured_image":false,"footnotes":""},"class_list":["post-21","page","type-page","status-publish","hentry"],"acf":[],"_links":{"self":[{"href":"https:\/\/sisu.ut.ee\/igaunuvaloda\/wp-json\/wp\/v2\/pages\/21","targetHints":{"allow":["GET"]}}],"collection":[{"href":"https:\/\/sisu.ut.ee\/igaunuvaloda\/wp-json\/wp\/v2\/pages"}],"about":[{"href":"https:\/\/sisu.ut.ee\/igaunuvaloda\/wp-json\/wp\/v2\/types\/page"}],"author":[{"embeddable":true,"href":"https:\/\/sisu.ut.ee\/igaunuvaloda\/wp-json\/wp\/v2\/users\/77"}],"replies":[{"embeddable":true,"href":"https:\/\/sisu.ut.ee\/igaunuvaloda\/wp-json\/wp\/v2\/comments?post=21"}],"version-history":[{"count":12,"href":"https:\/\/sisu.ut.ee\/igaunuvaloda\/wp-json\/wp\/v2\/pages\/21\/revisions"}],"predecessor-version":[{"id":268,"href":"https:\/\/sisu.ut.ee\/igaunuvaloda\/wp-json\/wp\/v2\/pages\/21\/revisions\/268"}],"wp:attachment":[{"href":"https:\/\/sisu.ut.ee\/igaunuvaloda\/wp-json\/wp\/v2\/media?parent=21"}],"curies":[{"name":"wp","href":"https:\/\/api.w.org\/{rel}","templated":true}]}}