{"id":2,"date":"2025-02-28T10:51:30","date_gmt":"2025-02-28T10:51:30","guid":{"rendered":"https:\/\/sisu.ut.ee\/igaunuvaloda\/?page_id=2"},"modified":"2025-04-16T15:29:59","modified_gmt":"2025-04-16T12:29:59","slug":"sample-page","status":"publish","type":"page","link":"https:\/\/sisu.ut.ee\/igaunuvaloda\/","title":{"rendered":"Tere! Sveiki!"},"content":{"rendered":"<figure class=\"wp-block-image alignright size-large is-resized\"><a href=\"https:\/\/sisu.ut.ee\/igaunuvaloda\/parunasim-par-igaunu-valodu-audio-ieraksti\/\"><img loading=\"lazy\" decoding=\"async\" width=\"878\" height=\"1024\" src=\"https:\/\/sisu.ut.ee\/wp-content\/uploads\/sites\/891\/Raagime-eesti-keelest_kaas-1-878x1024.png\" alt=\"\" class=\"wp-image-9\" style=\"width:354px;height:auto\" srcset=\"https:\/\/sisu.ut.ee\/wp-content\/uploads\/sites\/891\/Raagime-eesti-keelest_kaas-1-878x1024.png 878w, https:\/\/sisu.ut.ee\/wp-content\/uploads\/sites\/891\/Raagime-eesti-keelest_kaas-1-257x300.png 257w, https:\/\/sisu.ut.ee\/wp-content\/uploads\/sites\/891\/Raagime-eesti-keelest_kaas-1-768x896.png 768w, https:\/\/sisu.ut.ee\/wp-content\/uploads\/sites\/891\/Raagime-eesti-keelest_kaas-1-1317x1536.png 1317w, https:\/\/sisu.ut.ee\/wp-content\/uploads\/sites\/891\/Raagime-eesti-keelest_kaas-1.png 1418w\" sizes=\"auto, (max-width: 878px) 100vw, 878px\"><\/a><\/figure>\n\n\n\n<p><\/p>\n\n\n\n<p><strong>Gr\u0101mati\u0146a \u201cParun\u0101sim par igau\u0146u valodu\u201d \u012bsi un interesanti iepaz\u012bstina ar igau\u0146u valodu. Latvie\u0161i un igau\u0146i ir \u013coti tuvi kaimi\u0146i, ta\u010du mums tr\u016bkst savstarp\u0113ju zin\u0101\u0161anu par ab\u0101m valod\u0101m. \u0160aj\u0101 gr\u0101mati\u0146\u0101 var \u012bsum\u0101 uzzin\u0101t par igau\u0146u valodas dialektiem, g\u016bt priek\u0161tatu par igau\u0146u valodas gramatisko sist\u0113mu un l\u012bdz\u012bb\u0101m ar latvie\u0161u valodu, k\u0101 ar\u012b iem\u0101c\u012bties da\u017eas piekl\u0101j\u012bbas, sasveicin\u0101\u0161an\u0101s un atvad\u012b\u0161an\u0101s fr\u0101zes.<\/strong><\/p>\n\n\n\n<p><strong>Gr\u0101mati\u0146as audio failus varat noklaus\u012bties <a href=\"https:\/\/sisu.ut.ee\/igaunuvaloda\/parunasim-par-igaunu-valodu-audio-ieraksti\/\" data-type=\"link\" data-id=\"https:\/\/sisu.ut.ee\/igaunuvaloda\/parunasim-par-igaunu-valodu-audio-ieraksti\/\">\u0160EIT<\/a>. <\/strong><\/p>\n\n\n\n<p>Audio piem\u0113rus ierakst\u012bjusi Aive Mandele (Aive Mandel). <\/p>\n\n\n\n<p>Gr\u0101matas izdo\u0161anu ir atbalst\u012bjusi Tartu Universit\u0101te.<\/p>\n\n\n\n<p>Autore: Ilze T\u0101lberga<br>Redaktore: Aive Mandele (Aive Mandel)<br>Konsultante: Andra Kalna\u010da<br>Ilustr\u0101cijas: Kadri Jeula (Kadri J\u00f5ul)<br>Makets: Kadri Jeula (Kadri J\u00f5ul)<br>Izdev\u0113js: VEEL PUTRU O\u00dc<\/p>\n\n\n\n<p><\/p>\n\n\n\n<hr class=\"wp-block-separator has-alpha-channel-opacity\">\n\n\n\n<p><em>Raamat \u201cR\u00e4\u00e4gime eesti keelest\u201d tutvustab l\u00fchidalt ja huvitavalt eesti keelt. L\u00e4tlased ja eestlased on v\u00e4ga l\u00e4hedased naabrid, kuid meil napib teadmisi teineteise keele kohta. Siin saab p\u00f5gusalt tutvuda eesti keele murretega, saada aimu eesti keele grammatilisest s\u00fcsteemist ja sarnasustest l\u00e4ti keelega. Samuti saab \u00f5ppida m\u00f5ningaid viisakus-, tervitus- ja h\u00fcvastij\u00e4tufraase.<\/em><\/p>\n\n\n\n<p><em>Audion\u00e4iteid lindistas Aive Mandel. <\/em><\/p>\n\n\n\n<p><em>Raamatu v\u00e4ljaandmist on toetanud Tartu \u00dclikool.<\/em> <\/p>\n\n\n\n<p><em>Autor: Ilze T\u0101lberga<br>Toimetaja: Aive Mandel<br>Konsultant: Andra Kalna\u010da<br>Illustratsioonid: Kadri J\u00f5ul<br>K\u00fcljendaja: Kadri J\u00f5ul<br>Kirjastaja: VEEL PUTRU O\u00dc<\/em><\/p>\n","protected":false},"excerpt":{"rendered":"<p>Gr\u0101mati\u0146a \u201cParun\u0101sim par igau\u0146u valodu\u201d \u012bsi un interesanti iepaz\u012bstina ar igau\u0146u valodu. Latvie\u0161i un igau\u0146i ir \u013coti tuvi kaimi\u0146i, ta\u010du mums tr\u016bkst savstarp\u0113ju zin\u0101\u0161anu par ab\u0101m valod\u0101m. \u0160aj\u0101 gr\u0101mati\u0146\u0101 var \u012bsum\u0101 uzzin\u0101t par igau\u0146u valodas dialektiem, g\u016bt priek\u0161tatu par igau\u0146u &#8230;<\/p>\n","protected":false},"author":77,"featured_media":0,"parent":0,"menu_order":0,"comment_status":"closed","ping_status":"open","template":"","meta":{"_acf_changed":false,"inline_featured_image":false,"footnotes":""},"class_list":["post-2","page","type-page","status-publish","hentry"],"acf":[],"_links":{"self":[{"href":"https:\/\/sisu.ut.ee\/igaunuvaloda\/wp-json\/wp\/v2\/pages\/2","targetHints":{"allow":["GET"]}}],"collection":[{"href":"https:\/\/sisu.ut.ee\/igaunuvaloda\/wp-json\/wp\/v2\/pages"}],"about":[{"href":"https:\/\/sisu.ut.ee\/igaunuvaloda\/wp-json\/wp\/v2\/types\/page"}],"author":[{"embeddable":true,"href":"https:\/\/sisu.ut.ee\/igaunuvaloda\/wp-json\/wp\/v2\/users\/77"}],"replies":[{"embeddable":true,"href":"https:\/\/sisu.ut.ee\/igaunuvaloda\/wp-json\/wp\/v2\/comments?post=2"}],"version-history":[{"count":10,"href":"https:\/\/sisu.ut.ee\/igaunuvaloda\/wp-json\/wp\/v2\/pages\/2\/revisions"}],"predecessor-version":[{"id":267,"href":"https:\/\/sisu.ut.ee\/igaunuvaloda\/wp-json\/wp\/v2\/pages\/2\/revisions\/267"}],"wp:attachment":[{"href":"https:\/\/sisu.ut.ee\/igaunuvaloda\/wp-json\/wp\/v2\/media?parent=2"}],"curies":[{"name":"wp","href":"https:\/\/api.w.org\/{rel}","templated":true}]}}