{"id":9,"date":"2024-04-03T23:10:55","date_gmt":"2024-04-03T20:10:55","guid":{"rendered":"https:\/\/sisu.ut.ee\/idioms\/module-3-exercise-2\/"},"modified":"2024-04-30T16:19:13","modified_gmt":"2024-04-30T13:19:13","slug":"module-3-exercise-2","status":"publish","type":"page","link":"https:\/\/sisu.ut.ee\/idioms\/module-3-exercise-2\/","title":{"rendered":"Module 3 Exercise 2"},"content":{"rendered":"<p><span style=\"color: #008000;\"><strong>Translate or explain!<\/strong><\/span><\/p>\n<p><span style=\"font-family: arial,helvetica,sans-serif; font-size: small;\">1. It takes all sorts (to make the world).<\/span><\/p>\n<p><span style=\"font-family: arial, helvetica, sans-serif; font-size: small; font-weight: var(--bs-body-font-weight); text-align: var(--bs-body-text-align);\"><div class=\"accordion mb-3\">\n        <div class=\"accordion-item accordion-item--white\">\n        <h2 class=\"accordion-header\" id=\"accordion-69de2df947521-heading\">\n            <button class=\"accordion-button collapsed\" type=\"button\" data-bs-toggle=\"collapse\" data-bs-target=\"#accordion-69de2df947521-collapse\" aria-expanded=\"true\" aria-controls=\"accordion-69de2df947521-collapse\">Kontrolli<\/button>\n        <\/h2>\n        <div id=\"accordion-69de2df947521-collapse\" class=\"accordion-collapse collapse\" aria-labelledby=\"accordion-69de2df947521-heading\">\n            <div class=\"accordion-body\"><span style=\"font-family: arial, helvetica, sans-serif; font-size: small; font-weight: var(--bs-body-font-weight); text-align: var(--bs-body-text-align);\">Elus kohtame ikka erinevaid inimesi<\/span><span style=\"font-family: arial, helvetica, sans-serif; font-size: small; font-weight: var(--bs-body-font-weight); text-align: var(--bs-body-text-align);\">.<\/span><span style=\"font-family: arial, helvetica, sans-serif; font-size: small; font-weight: var(--bs-body-font-weight); text-align: var(--bs-body-text-align);\"><\/span><\/div>\n        <\/div>\n        <\/div>\n    <\/div><\/span><\/p>\n<p><span style=\"font-family: arial,helvetica,sans-serif; font-size: small;\">2. Joys shared with others are more enjoyed.<\/span><\/p>\n<p><span style=\"font-family: arial, helvetica, sans-serif; font-size: small; font-weight: var(--bs-body-font-weight); text-align: var(--bs-body-text-align);\"><div class=\"accordion mb-3\">\n        <div class=\"accordion-item accordion-item--white\">\n        <h2 class=\"accordion-header\" id=\"accordion-69de2df947529-heading\">\n            <button class=\"accordion-button collapsed\" type=\"button\" data-bs-toggle=\"collapse\" data-bs-target=\"#accordion-69de2df947529-collapse\" aria-expanded=\"true\" aria-controls=\"accordion-69de2df947529-collapse\">Kontrolli<\/button>\n        <\/h2>\n        <div id=\"accordion-69de2df947529-collapse\" class=\"accordion-collapse collapse\" aria-labelledby=\"accordion-69de2df947529-heading\">\n            <div class=\"accordion-body\"><span style=\"font-family: arial, helvetica, sans-serif; font-size: small; font-weight: var(--bs-body-font-weight); text-align: var(--bs-body-text-align);\">Jagatud r\u00f5\u00f5m on kahekordne r\u00f5\u00f5m<\/span><span style=\"font-family: arial, helvetica, sans-serif; font-size: small; font-weight: var(--bs-body-font-weight); text-align: var(--bs-body-text-align);\">.<\/span><span style=\"font-family: arial, helvetica, sans-serif; font-size: small; font-weight: var(--bs-body-font-weight); text-align: var(--bs-body-text-align);\"><\/span><\/div>\n        <\/div>\n        <\/div>\n    <\/div><\/span><\/p>\n<p><span style=\"font-family: arial,helvetica,sans-serif; font-size: small;\">3. A joke never gains an enemy but often loses a friend.<\/span><\/p>\n<p><span style=\"font-family: arial, helvetica, sans-serif; font-size: small; font-weight: var(--bs-body-font-weight); text-align: var(--bs-body-text-align);\"><div class=\"accordion mb-3\">\n        <div class=\"accordion-item accordion-item--white\">\n        <h2 class=\"accordion-header\" id=\"accordion-69de2df94752c-heading\">\n            <button class=\"accordion-button collapsed\" type=\"button\" data-bs-toggle=\"collapse\" data-bs-target=\"#accordion-69de2df94752c-collapse\" aria-expanded=\"true\" aria-controls=\"accordion-69de2df94752c-collapse\">Kontrolli<\/button>\n        <\/h2>\n        <div id=\"accordion-69de2df94752c-collapse\" class=\"accordion-collapse collapse\" aria-labelledby=\"accordion-69de2df94752c-heading\">\n            <div class=\"accordion-body\"><span style=\"font-family: arial, helvetica, sans-serif; font-size: small; font-weight: var(--bs-body-font-weight); text-align: var(--bs-body-text-align);\">Naljaga ei v\u00f5ida vaenlast, kuid v\u00f5ib kaotada s\u00f5bra<\/span><span style=\"font-family: arial, helvetica, sans-serif; font-size: small; font-weight: var(--bs-body-font-weight); text-align: var(--bs-body-text-align);\">.<\/span><span style=\"font-family: arial, helvetica, sans-serif; font-size: small; font-weight: var(--bs-body-font-weight); text-align: var(--bs-body-text-align);\"><\/span><\/div>\n        <\/div>\n        <\/div>\n    <\/div><\/span><\/p>\n<p><span style=\"font-family: arial,helvetica,sans-serif; font-size: small;\">4. Virtue is its own reward.<\/span><\/p>\n<p><span style=\"font-family: arial, helvetica, sans-serif; font-size: small; font-weight: var(--bs-body-font-weight); text-align: var(--bs-body-text-align);\"><div class=\"accordion mb-3\">\n        <div class=\"accordion-item accordion-item--white\">\n        <h2 class=\"accordion-header\" id=\"accordion-69de2df947530-heading\">\n            <button class=\"accordion-button collapsed\" type=\"button\" data-bs-toggle=\"collapse\" data-bs-target=\"#accordion-69de2df947530-collapse\" aria-expanded=\"true\" aria-controls=\"accordion-69de2df947530-collapse\">Kontrolli<\/button>\n        <\/h2>\n        <div id=\"accordion-69de2df947530-collapse\" class=\"accordion-collapse collapse\" aria-labelledby=\"accordion-69de2df947530-heading\">\n            <div class=\"accordion-body\"><span style=\"font-family: arial, helvetica, sans-serif; font-size: small; font-weight: var(--bs-body-font-weight); text-align: var(--bs-body-text-align);\">Voorus on iseendale tasuks<\/span><span style=\"font-family: arial, helvetica, sans-serif; font-size: small; font-weight: var(--bs-body-font-weight); text-align: var(--bs-body-text-align);\">.<\/span><span style=\"font-family: arial, helvetica, sans-serif; font-size: small; font-weight: var(--bs-body-font-weight); text-align: var(--bs-body-text-align);\"><\/span><\/div>\n        <\/div>\n        <\/div>\n    <\/div><\/span><\/p>\n<p><span style=\"font-family: arial,helvetica,sans-serif; font-size: small;\">5. Where there\u00b4s a will there\u00b4s a way.<\/span><\/p>\n<div id=\"accordion\" class=\"accordion\">\n<div><span style=\"font-family: arial,helvetica,sans-serif; font-size: small;\"><span style=\"font-family: arial, helvetica, sans-serif; font-size: small; font-weight: var(--bs-body-font-weight); text-align: var(--bs-body-text-align);\"><div class=\"accordion mb-3\">\n        <div class=\"accordion-item accordion-item--white\">\n        <h2 class=\"accordion-header\" id=\"accordion-69de2df947532-heading\">\n            <button class=\"accordion-button collapsed\" type=\"button\" data-bs-toggle=\"collapse\" data-bs-target=\"#accordion-69de2df947532-collapse\" aria-expanded=\"true\" aria-controls=\"accordion-69de2df947532-collapse\">Kontrolli<\/button>\n        <\/h2>\n        <div id=\"accordion-69de2df947532-collapse\" class=\"accordion-collapse collapse\" aria-labelledby=\"accordion-69de2df947532-heading\">\n            <div class=\"accordion-body\">Kui soovid, siis suudad<span style=\"font-family: arial, helvetica, sans-serif; font-size: small; font-weight: var(--bs-body-font-weight); text-align: var(--bs-body-text-align);\">.<\/span><span style=\"font-family: arial, helvetica, sans-serif; font-size: small; font-weight: var(--bs-body-font-weight); text-align: var(--bs-body-text-align);\"><\/span><\/div>\n        <\/div>\n        <\/div>\n    <\/div><\/span><\/span><\/div>\n<\/div>\n","protected":false},"excerpt":{"rendered":"<p>Translate or explain! 1. It takes all sorts (to make the world). Kontrolli Elus kohtame ikka erinevaid inimesi. 2. Joys shared with others are more enjoyed. Kontrolli Jagatud r\u00f5\u00f5m on kahekordne r\u00f5\u00f5m. 3. A joke never gains an enemy but &#8230;<\/p>\n","protected":false},"author":15,"featured_media":0,"parent":0,"menu_order":0,"comment_status":"closed","ping_status":"closed","template":"","meta":{"_acf_changed":false,"inline_featured_image":false,"footnotes":""},"class_list":["post-9","page","type-page","status-publish","hentry"],"acf":[],"_links":{"self":[{"href":"https:\/\/sisu.ut.ee\/idioms\/wp-json\/wp\/v2\/pages\/9","targetHints":{"allow":["GET"]}}],"collection":[{"href":"https:\/\/sisu.ut.ee\/idioms\/wp-json\/wp\/v2\/pages"}],"about":[{"href":"https:\/\/sisu.ut.ee\/idioms\/wp-json\/wp\/v2\/types\/page"}],"author":[{"embeddable":true,"href":"https:\/\/sisu.ut.ee\/idioms\/wp-json\/wp\/v2\/users\/15"}],"replies":[{"embeddable":true,"href":"https:\/\/sisu.ut.ee\/idioms\/wp-json\/wp\/v2\/comments?post=9"}],"version-history":[{"count":2,"href":"https:\/\/sisu.ut.ee\/idioms\/wp-json\/wp\/v2\/pages\/9\/revisions"}],"predecessor-version":[{"id":87,"href":"https:\/\/sisu.ut.ee\/idioms\/wp-json\/wp\/v2\/pages\/9\/revisions\/87"}],"wp:attachment":[{"href":"https:\/\/sisu.ut.ee\/idioms\/wp-json\/wp\/v2\/media?parent=9"}],"curies":[{"name":"wp","href":"https:\/\/api.w.org\/{rel}","templated":true}]}}