{"id":4,"date":"2024-04-03T23:10:55","date_gmt":"2024-04-03T20:10:55","guid":{"rendered":"https:\/\/sisu.ut.ee\/idioms\/exercise-2\/"},"modified":"2024-04-30T16:12:49","modified_gmt":"2024-04-30T13:12:49","slug":"exercise-2","status":"publish","type":"page","link":"https:\/\/sisu.ut.ee\/idioms\/exercise-2\/","title":{"rendered":"Module 1 Exercise 2"},"content":{"rendered":"<p><span style=\"color: #008000;\"><strong>Translate or explain!<\/strong><\/span><\/p>\n<p><span style=\"font-family: arial,helvetica,sans-serif; font-size: small;\">1. Silence gives consent.<\/span><\/p>\n<p><span style=\"font-family: arial,helvetica,sans-serif; font-size: small;\"><span style=\"font-family: arial, helvetica, sans-serif; font-size: small; font-weight: var(--bs-body-font-weight); text-align: var(--bs-body-text-align);\"><div class=\"accordion mb-3\">\n        <div class=\"accordion-item accordion-item--white\">\n        <h2 class=\"accordion-header\" id=\"accordion-69de2d95d85a8-heading\">\n            <button class=\"accordion-button collapsed\" type=\"button\" data-bs-toggle=\"collapse\" data-bs-target=\"#accordion-69de2d95d85a8-collapse\" aria-expanded=\"true\" aria-controls=\"accordion-69de2d95d85a8-collapse\">Kontrolli<\/button>\n        <\/h2>\n        <div id=\"accordion-69de2d95d85a8-collapse\" class=\"accordion-collapse collapse\" aria-labelledby=\"accordion-69de2d95d85a8-heading\">\n            <div class=\"accordion-body\">Vaikimine on n\u00f5usolek.<span style=\"font-family: arial, helvetica, sans-serif; font-size: small; font-weight: var(--bs-body-font-weight); text-align: var(--bs-body-text-align);\">.<\/span><span style=\"font-family: arial, helvetica, sans-serif; font-size: small; font-weight: var(--bs-body-font-weight); text-align: var(--bs-body-text-align);\"><\/span><\/div>\n        <\/div>\n        <\/div>\n    <\/div><\/span><\/span><\/p>\n<p><span style=\"font-family: arial,helvetica,sans-serif; font-size: small;\">2. As you sow, so you shall reap.<\/span><\/p>\n<p><span style=\"font-family: arial, helvetica, sans-serif; font-size: small; font-weight: var(--bs-body-font-weight); text-align: var(--bs-body-text-align);\"><div class=\"accordion mb-3\">\n        <div class=\"accordion-item accordion-item--white\">\n        <h2 class=\"accordion-header\" id=\"accordion-69de2d95d85bb-heading\">\n            <button class=\"accordion-button collapsed\" type=\"button\" data-bs-toggle=\"collapse\" data-bs-target=\"#accordion-69de2d95d85bb-collapse\" aria-expanded=\"true\" aria-controls=\"accordion-69de2d95d85bb-collapse\">Kontrolli<\/button>\n        <\/h2>\n        <div id=\"accordion-69de2d95d85bb-collapse\" class=\"accordion-collapse collapse\" aria-labelledby=\"accordion-69de2d95d85bb-heading\">\n            <div class=\"accordion-body\">Kuidas k\u00fclvad, n\u00f5nda l\u00f5ikad.<span style=\"font-family: arial, helvetica, sans-serif; font-size: small; font-weight: var(--bs-body-font-weight); text-align: var(--bs-body-text-align);\"><\/span><\/div>\n        <\/div>\n        <\/div>\n    <\/div><\/span><\/p>\n<p><span style=\"font-family: arial,helvetica,sans-serif; font-size: small;\">3. Speak fair and think what you like.<\/span><\/p>\n<p><span style=\"font-family: arial, helvetica, sans-serif; font-size: small; font-weight: var(--bs-body-font-weight); text-align: var(--bs-body-text-align);\"><div class=\"accordion mb-3\">\n        <div class=\"accordion-item accordion-item--white\">\n        <h2 class=\"accordion-header\" id=\"accordion-69de2d95d85be-heading\">\n            <button class=\"accordion-button collapsed\" type=\"button\" data-bs-toggle=\"collapse\" data-bs-target=\"#accordion-69de2d95d85be-collapse\" aria-expanded=\"true\" aria-controls=\"accordion-69de2d95d85be-collapse\">Kontrolli<\/button>\n        <\/h2>\n        <div id=\"accordion-69de2d95d85be-collapse\" class=\"accordion-collapse collapse\" aria-labelledby=\"accordion-69de2d95d85be-heading\">\n            <div class=\"accordion-body\">R\u00e4\u00e4gi ilusasti, aga m\u00f5tle, mida tahad.<span style=\"font-family: arial, helvetica, sans-serif; font-size: small; font-weight: var(--bs-body-font-weight); text-align: var(--bs-body-text-align);\"><\/span><\/div>\n        <\/div>\n        <\/div>\n    <\/div><\/span><\/p>\n<p><span style=\"font-family: arial,helvetica,sans-serif; font-size: small;\">4. Doing is better than saying.<\/span><\/p>\n<p><span style=\"font-family: arial, helvetica, sans-serif; font-size: small; font-weight: var(--bs-body-font-weight); text-align: var(--bs-body-text-align);\"><div class=\"accordion mb-3\">\n        <div class=\"accordion-item accordion-item--white\">\n        <h2 class=\"accordion-header\" id=\"accordion-69de2d95d85c0-heading\">\n            <button class=\"accordion-button collapsed\" type=\"button\" data-bs-toggle=\"collapse\" data-bs-target=\"#accordion-69de2d95d85c0-collapse\" aria-expanded=\"true\" aria-controls=\"accordion-69de2d95d85c0-collapse\">Kontrolli<\/button>\n        <\/h2>\n        <div id=\"accordion-69de2d95d85c0-collapse\" class=\"accordion-collapse collapse\" aria-labelledby=\"accordion-69de2d95d85c0-heading\">\n            <div class=\"accordion-body\">Kes palju r\u00e4\u00e4gib, see v\u00e4he teeb; enne r\u00e4\u00e4gi, siis tee.<span style=\"font-family: arial, helvetica, sans-serif; font-size: small; font-weight: var(--bs-body-font-weight); text-align: var(--bs-body-text-align);\"><\/span><\/div>\n        <\/div>\n        <\/div>\n    <\/div><\/span><\/p>\n","protected":false},"excerpt":{"rendered":"<p>Translate or explain! 1. Silence gives consent. Kontrolli Vaikimine on n\u00f5usolek.. 2. As you sow, so you shall reap. Kontrolli Kuidas k\u00fclvad, n\u00f5nda l\u00f5ikad. 3. Speak fair and think what you like. Kontrolli R\u00e4\u00e4gi ilusasti, aga m\u00f5tle, mida tahad. 4. &#8230;<\/p>\n","protected":false},"author":15,"featured_media":0,"parent":0,"menu_order":0,"comment_status":"closed","ping_status":"closed","template":"","meta":{"_acf_changed":false,"inline_featured_image":false,"footnotes":""},"class_list":["post-4","page","type-page","status-publish","hentry"],"acf":[],"_links":{"self":[{"href":"https:\/\/sisu.ut.ee\/idioms\/wp-json\/wp\/v2\/pages\/4","targetHints":{"allow":["GET"]}}],"collection":[{"href":"https:\/\/sisu.ut.ee\/idioms\/wp-json\/wp\/v2\/pages"}],"about":[{"href":"https:\/\/sisu.ut.ee\/idioms\/wp-json\/wp\/v2\/types\/page"}],"author":[{"embeddable":true,"href":"https:\/\/sisu.ut.ee\/idioms\/wp-json\/wp\/v2\/users\/15"}],"replies":[{"embeddable":true,"href":"https:\/\/sisu.ut.ee\/idioms\/wp-json\/wp\/v2\/comments?post=4"}],"version-history":[{"count":3,"href":"https:\/\/sisu.ut.ee\/idioms\/wp-json\/wp\/v2\/pages\/4\/revisions"}],"predecessor-version":[{"id":82,"href":"https:\/\/sisu.ut.ee\/idioms\/wp-json\/wp\/v2\/pages\/4\/revisions\/82"}],"wp:attachment":[{"href":"https:\/\/sisu.ut.ee\/idioms\/wp-json\/wp\/v2\/media?parent=4"}],"curies":[{"name":"wp","href":"https:\/\/api.w.org\/{rel}","templated":true}]}}