{"id":3,"date":"2024-04-04T08:01:15","date_gmt":"2024-04-04T05:01:15","guid":{"rendered":"https:\/\/sisu.ut.ee\/ideedetestimine\/avaleht\/"},"modified":"2024-05-13T09:53:55","modified_gmt":"2024-05-13T06:53:55","slug":"avaleht","status":"publish","type":"page","link":"https:\/\/sisu.ut.ee\/ideedetestimine\/","title":{"rendered":"\u00c4riideede testimine"},"content":{"rendered":"<h3>\n\t<img loading=\"lazy\" decoding=\"async\" width=\"300\" height=\"405\" class=\"alignnone wp-image-9\" style=\"float: right;width: 200px;height: 270px;border-radius: 4px;margin-left: 20px\" src=\"https:\/\/sisu.ut.ee\/wp-content\/uploads\/sites\/559\/juko.jpg\" title=\"Juko-Mart K\u00f5lar\" alt=\"Juko-Mart K\u00f5lar on T\u00dc Viljandi kultuuriakadeemia direktor ja loovettev\u00f5tluse lektor.\" srcset=\"https:\/\/sisu.ut.ee\/wp-content\/uploads\/sites\/559\/juko.jpg 300w, https:\/\/sisu.ut.ee\/wp-content\/uploads\/sites\/559\/juko-222x300.jpg 222w\" sizes=\"auto, (max-width: 300px) 100vw, 300px\">Tere tulemast sissejuhatavale l\u00fchikursusele \u201c<strong>\u00c4riideede testimine<\/strong>\u201c!<br>\n<\/h3>\n<p>\n\t<strong>Autorist l\u00e4hemalt<\/strong>\n<\/p>\n<p>\n\tJuko-Mart K\u00f5lar on Tartu \u00dclikooli Viljandi kultuuriakadeemia direktor, ettev\u00f5tluse ja juhtimise lektor ning loovettev\u00f5tluse eestvedaja. Ta annab erinevates \u00fclikoolides ja ettev\u00f5tlusprogrammides loenguid ja praktilisi t\u00f6\u00f6tubasid \u00e4riideede mudeldamise, arendamise ja innovatsiooni ning meeskondade juhtimise teemadel. Juko-Mart K\u00f5lari doktorit\u00f6\u00f6 k\u00e4sitles digitaliseerimise m\u00f5ju muusikat\u00f6\u00f6stusele ning ta on \u00fchtlasi kahe muusikavaldkonna iduettev\u00f5tte kaasasutaja.\n<\/p>\n<p>\n\t<strong>Kursusest l\u00e4hemalt<\/strong>\n<\/p>\n<p>\n\tTemaatilised videod annavad \u00fclevaate \u00e4riideede\u00a0testimisega seotud olulisematest teemadest:\n<\/p>\n<ul>\n<li>\n\t\tmis on \u00e4rimudel;\n\t<\/li>\n<li>\n\t\tmiks on m\u00f5istlik \u00e4riideid\u00a0testida;\n\t<\/li>\n<li>\n\t\tmis on h\u00fcpotees ja kuidas formuleerida \u00e4rih\u00fcpoteese;\n\t<\/li>\n<li>\n\t\tmillised on olulised \u00e4rih\u00fcpoteesid IDEO k\u00e4sitluse kohaselt;\n\t<\/li>\n<li>\n\t\tkuidas toimib\u00a0\u00e4rih\u00fcpoteeside katsetamise protsess;\n\t<\/li>\n<li>\n\t\tmillised kogutud andmed annavad meile tugevaid ja millised n\u00f5rku t\u00f5endeid;\n\t<\/li>\n<li>\n\t\tmilliseid \u00e4rilisi otsuseid on v\u00f5imalik teha omandatud teadmiste pinnalt;\n\t<\/li>\n<li>\n\t\tmillised on levinud katsed ja testid \u00e4rih\u00fcpoteeside kontrollimiseks.\n\t<\/li>\n<\/ul>\n<p>\n\t<br>L\u00fchikursus l\u00f5ppeb enesekontrolliks m\u00f5eldud valikvastustega testiga, toetavaks materjaliks on loenguslaidid.\u00a0<br>\u00a0<\/p>\n","protected":false},"excerpt":{"rendered":"<p>Tere tulemast sissejuhatavale l\u00fchikursusele \u201c\u00c4riideede testimine\u201c! Autorist l\u00e4hemalt Juko-Mart K\u00f5lar on Tartu \u00dclikooli Viljandi kultuuriakadeemia direktor, ettev\u00f5tluse ja juhtimise lektor ning loovettev\u00f5tluse eestvedaja. Ta annab erinevates \u00fclikoolides ja ettev\u00f5tlusprogrammides loenguid ja praktilisi t\u00f6\u00f6tubasid \u00e4riideede mudeldamise, arendamise ja innovatsiooni ning meeskondade &#8230;<\/p>\n","protected":false},"author":281,"featured_media":0,"parent":0,"menu_order":0,"comment_status":"closed","ping_status":"closed","template":"","meta":{"_acf_changed":false,"inline_featured_image":false,"footnotes":""},"class_list":["post-3","page","type-page","status-publish","hentry"],"acf":[],"_links":{"self":[{"href":"https:\/\/sisu.ut.ee\/ideedetestimine\/wp-json\/wp\/v2\/pages\/3","targetHints":{"allow":["GET"]}}],"collection":[{"href":"https:\/\/sisu.ut.ee\/ideedetestimine\/wp-json\/wp\/v2\/pages"}],"about":[{"href":"https:\/\/sisu.ut.ee\/ideedetestimine\/wp-json\/wp\/v2\/types\/page"}],"author":[{"embeddable":true,"href":"https:\/\/sisu.ut.ee\/ideedetestimine\/wp-json\/wp\/v2\/users\/281"}],"replies":[{"embeddable":true,"href":"https:\/\/sisu.ut.ee\/ideedetestimine\/wp-json\/wp\/v2\/comments?post=3"}],"version-history":[{"count":2,"href":"https:\/\/sisu.ut.ee\/ideedetestimine\/wp-json\/wp\/v2\/pages\/3\/revisions"}],"predecessor-version":[{"id":37,"href":"https:\/\/sisu.ut.ee\/ideedetestimine\/wp-json\/wp\/v2\/pages\/3\/revisions\/37"}],"wp:attachment":[{"href":"https:\/\/sisu.ut.ee\/ideedetestimine\/wp-json\/wp\/v2\/media?parent=3"}],"curies":[{"name":"wp","href":"https:\/\/api.w.org\/{rel}","templated":true}]}}