{"id":8,"date":"2025-06-20T11:24:46","date_gmt":"2025-06-20T08:24:46","guid":{"rendered":"https:\/\/sisu.ut.ee\/idbn\/?page_id=8"},"modified":"2025-07-31T00:14:38","modified_gmt":"2025-07-30T21:14:38","slug":"call-for-papers","status":"publish","type":"page","link":"https:\/\/sisu.ut.ee\/idbn\/call-for-papers\/","title":{"rendered":"Call for Papers"},"content":{"rendered":"<h2 class=\"wp-block-heading has-text-align-center has-primary-color has-text-color has-link-color wp-elements-6977b5e5e144188ebfe68636b9888798\"><strong>CfP: Interdisziplin\u00e4re deutsch-baltische <\/strong><br><strong>Nachwuchstagung 2025 (IdbN)<\/strong><\/h2>\n\n\n\n<p class=\"has-text-align-center\"><strong>04.-05. Oktober 2025<br>Tartu, Estland<\/strong><\/p>\n\n\n\n<div class=\"wp-block-columns is-layout-flex wp-container-core-columns-is-layout-9d6595d7 wp-block-columns-is-layout-flex\">\n<div class=\"wp-block-column is-layout-flow wp-block-column-is-layout-flow\" style=\"flex-basis:20%\"><\/div>\n\n\n\n<div class=\"wp-block-column is-layout-flow wp-block-column-is-layout-flow\" style=\"flex-basis:60%\">\n<p>Veranstalter: Deutsches Kulturforum \u00f6stliches Europa (Potsdam), in Kooperation mit der Abteilung f\u00fcr Germanistik der Universit\u00e4t Tartu und dem Institut f\u00fcr Germanistik der Universit\u00e4t Potsdam im Rahmen der \u201eGermanistischen Institutspartnerschaft Potsdam\/Tartu\u201c<br><\/p>\n\n\n\n<p>Die deutschbaltische Literatur ist \u2013 so begann Gero von Wilpert seine Deutschbaltische Literaturgeschichte \u2013 eine \u201ekleine Literatur, eine Literatur der Vergangenheit und eine Literatur ohne Zukunft, eine Literatur, die im Aussterben ist und die es nur noch so lange geben wird, wie Menschen sich ihrer annehmen, sie lesen und vielleicht gar er\u00f6rtern.\u201c M\u00f6glicherweise w\u00fcrde der 2009 verstorbene Germanist staunen, wie lebhaft an estnischen und lettischen Universit\u00e4ten heute noch eben diese deutschbaltische Literatur \u2013 als Teil einer Baltischen Literatur in deutscher Sprache \u2013 von jungen Germanist:innen akademisch er\u00f6rtert wird. Auch wenn unter den Student:innen der Geschichte an den baltischen Universit\u00e4ten die Deutschkenntnisse r\u00fcckl\u00e4ufig sind und die meisten sich prim\u00e4r der j\u00fcngeren Geschichte zuwenden, gibt es in auch hier \u2013 wie auch in anderen kulturwissenschaftlichen\/-geschichtlichen F\u00e4chern \u2013 weiterhin Nachwuchswissenschaftler:innen, die sich mit Themen befassen, die den deutsch(baltisch)en Anteil an Geschichte und Kultur der baltischen L\u00e4nder ber\u00fchren. Ebenso entscheiden sich auch an deutschen Universit\u00e4ten Student:innen und Doktorand:innen \u2013 immer wieder daf\u00fcr, \u201ebaltische Themen\u201c zu erforschen.\u00a0<\/p>\n\n\n\n<p>An all diese Nachwuchswissenschaftler:innen richtet sich die Interdisziplin\u00e4re deutsch-baltische Nachwuchstagung (IDBN), die ihnen j\u00e4hrlich einen Ort bieten soll, eigene Forschungsergebnisse zu pr\u00e4sentieren, miteinander zu diskutieren und sich zu vernetzen.\u00a0<\/p>\n\n\n\n<p>Die Tagungssprache ist deutsch, englischsprachige Beitr\u00e4ge sind ebenfalls willkommen. Kosten f\u00fcr Fahrt und \u00dcbernachtung k\u00f6nnen durch die Tagung \u2013 unter Vorbehalt der Bewilligung der Zuwendungsmittel 2025 f\u00fcr das Kulturforum \u2013 teilweise \u00fcbernommen werden.\u00a0<\/p>\n\n\n\n<p>Bitte senden Sie ein Abstract mit maximal 2.000 Zeichen, inkl. Leerzeichen, dazu eine kurze biographische Notiz (maximal eine halbe Seite) bis zum 01. Juli 2025 an: Dr. Martin Pabst (pabst@kulturforum.info)<\/p>\n\n\n\n<p><\/p>\n<\/div>\n\n\n\n<div class=\"wp-block-column is-layout-flow wp-block-column-is-layout-flow\" style=\"flex-basis:20%\"><\/div>\n<\/div>\n\n\n\n<p><\/p>\n","protected":false},"excerpt":{"rendered":"<p>CfP: Interdisziplin\u00e4re deutsch-baltische Nachwuchstagung 2025 (IdbN) 04.-05. Oktober 2025Tartu, Estland Veranstalter: Deutsches Kulturforum \u00f6stliches Europa (Potsdam), in Kooperation mit der Abteilung f\u00fcr Germanistik der Universit\u00e4t Tartu und dem Institut f\u00fcr Germanistik der Universit\u00e4t Potsdam im Rahmen der \u201eGermanistischen Institutspartnerschaft Potsdam\/Tartu\u201c &#8230;<\/p>\n","protected":false},"author":99,"featured_media":0,"parent":0,"menu_order":0,"comment_status":"closed","ping_status":"closed","template":"","meta":{"_acf_changed":false,"inline_featured_image":false,"footnotes":""},"class_list":["post-8","page","type-page","status-publish","hentry"],"acf":[],"_links":{"self":[{"href":"https:\/\/sisu.ut.ee\/idbn\/wp-json\/wp\/v2\/pages\/8","targetHints":{"allow":["GET"]}}],"collection":[{"href":"https:\/\/sisu.ut.ee\/idbn\/wp-json\/wp\/v2\/pages"}],"about":[{"href":"https:\/\/sisu.ut.ee\/idbn\/wp-json\/wp\/v2\/types\/page"}],"author":[{"embeddable":true,"href":"https:\/\/sisu.ut.ee\/idbn\/wp-json\/wp\/v2\/users\/99"}],"replies":[{"embeddable":true,"href":"https:\/\/sisu.ut.ee\/idbn\/wp-json\/wp\/v2\/comments?post=8"}],"version-history":[{"count":8,"href":"https:\/\/sisu.ut.ee\/idbn\/wp-json\/wp\/v2\/pages\/8\/revisions"}],"predecessor-version":[{"id":41,"href":"https:\/\/sisu.ut.ee\/idbn\/wp-json\/wp\/v2\/pages\/8\/revisions\/41"}],"wp:attachment":[{"href":"https:\/\/sisu.ut.ee\/idbn\/wp-json\/wp\/v2\/media?parent=8"}],"curies":[{"name":"wp","href":"https:\/\/api.w.org\/{rel}","templated":true}]}}