{"id":44,"date":"2025-07-31T00:24:34","date_gmt":"2025-07-30T21:24:34","guid":{"rendered":"https:\/\/sisu.ut.ee\/idbn\/?page_id=44"},"modified":"2025-10-03T17:06:26","modified_gmt":"2025-10-03T14:06:26","slug":"programm","status":"publish","type":"page","link":"https:\/\/sisu.ut.ee\/idbn\/programm\/","title":{"rendered":"Programm"},"content":{"rendered":"<p>*** <em>\u00c4nderungen im Programm vorbehalten.<\/em> ****<\/p>\n\n\n\n<p>Zoom Meeting<br>https:\/\/ut-ee.zoom.us\/j\/99527878591?pwd=kFtpx5Uya5VAwCY0Gi9UBDaX6mOM0l.1<br><br>Meeting ID: 995 2787 8591<br>Passcode: 201611<br>Sollten Probleme mit Zoom auftreten, wenden Sie sich bitte an: kadi.kahar@gmail.com<\/p>\n\n\n\n<div class=\"wp-block-columns is-layout-flex wp-container-core-columns-is-layout-9d6595d7 wp-block-columns-is-layout-flex\">\n<div class=\"wp-block-column is-layout-flow wp-block-column-is-layout-flow\" style=\"flex-basis:20%\">\n<p><strong>Samstag, 04.10. 2025<\/strong><br>Lossi 3-207, Tartu<\/p>\n<\/div>\n\n\n\n<div class=\"wp-block-column is-layout-flow wp-block-column-is-layout-flow\" style=\"flex-basis:66.66%\">\n<p><strong>10:00 Begr\u00fc\u00dfung und Keynote<\/strong><br><\/p>\n\n\n\n<p>Begr\u00fc\u00dfung<br><em><em>Terje Loogus (Direktorin des Instituts f\u00fcr Fremdsprachen und Kulturen)<\/em><\/em><br><em><em>Martin Pabst (Deutsches Kulturforum \u00f6stliches Europa)<\/em><\/em><\/p>\n\n\n\n<p>Vom Geschehenen und (Nicht-)Geschriebenen: Die lange Umsiedlung der Deutschbalten w\u00e4hrend des Zweiten Weltkriegs<br><em>Olev Liivik (Tartu)<\/em><\/p>\n\n\n\n<p><strong>11:00\u201312:00\u00a0 Panel I:<\/strong><\/p>\n\n\n\n<p>Die hansische Konf\u00f6deration w\u00e4hren des Livl\u00e4ndischen Kriegs (1558-1582)<br><em>Justin Reimers (Hamburg)<\/em><\/p>\n\n\n\n<p>Merchants, privileges, customs: the disputed integration of the Ostsee provinces in the Russian Empire during the XVIII century<br><em>Pawel Demchenko (Neapel)<\/em><\/p>\n\n\n\n<p><strong>13:00\u201314:30 Panel II:<\/strong><\/p>\n\n\n\n<p>Enzyklop\u00e4dien als normativ-pr\u00e4gende Quellen. Die Litauen-Artikel in Zedlers Universallexikon<br><em>Tomas Kotovi\u010dius (Vilnius)<\/em><\/p>\n\n\n\n<p>Machtm\u00f6glichkeiten eines suzer\u00e4nen F\u00fcrsten \u2013 Peter von Biron, der letzte Herzog von Kurland und Semgallen (1769\u20131795)<br><em>Leander Treuwerth (Potsdam)<\/em><\/p>\n\n\n\n<p>Das Monstr\u00f6se und das Fremde: Therese Hubers Blick auf Litauen<br><em>Violeta Birbilait\u0117 (Vilnius)<\/em><\/p>\n\n\n\n<p><strong>15:00-16:30 Panel III:<\/strong><\/p>\n\n\n\n<p>Krisenbew\u00e4ltigung durch Loyalit\u00e4tswechsel? Eine Diskursgeschichte deutschbaltischer Identit\u00e4tssuche 1914-1918<br><em>David Lang (Mainz)<\/em><\/p>\n\n\n\n<p>Das materielle Erinnerungskulturerbe des estnischen Freiheitskrieges 1918-1920 in der Zwischenkriegszeit Estlands (1920\u20131939) \u2013 mit besonderem Fokus auf das Baltenregiment<br><em>Jaagup Randi (Tartu)<\/em> (via Zoom)<\/p>\n\n\n\n<p>Siegfried von Vegesacks Pastorenfiguren. Betrachtungen (alt)livl\u00e4ndischer Exegeten als deutschbaltisches Ordnungsangebot der Dinge<br><em>Amanda Beser (Potsdam)<\/em><\/p>\n\n\n\n<p><strong>16:30\u201318:00 <\/strong><br>Stadtf\u00fchrung mit Lili K\u00e4ngsepp-Puun\u00a0f\u00fcr Tagungsteilnehmer<\/p>\n<\/div>\n<\/div>\n\n\n\n<div class=\"wp-block-columns is-layout-flex wp-container-core-columns-is-layout-9d6595d7 wp-block-columns-is-layout-flex\">\n<div class=\"wp-block-column is-layout-flow wp-block-column-is-layout-flow\" style=\"flex-basis:20%\">\n<p><strong><strong>Sonntag, 05.10. 2025<\/strong><\/strong><br>Lossi 3-207, Tartu<\/p>\n<\/div>\n\n\n\n<div class=\"wp-block-column is-layout-flow wp-block-column-is-layout-flow\" style=\"flex-basis:66.66%\">\n<p><strong>10:30\u201311:30 Panel IV:<\/strong><\/p>\n\n\n\n<p>Die Umsiedlung der Deutschbalten aus dem Baltikum und ihre Darstellung in der deutschen Presse im Jahr 1939<br><em>Rute Priedul\u0101ja (Riga)<\/em><\/p>\n\n\n\n<p>Die Problematik die Repatriierung der Esten, die mit den Deutschbalten umgesiedelt wurden<br><em>Anna Elisabeth Benno (Tartu)<\/em><\/p>\n\n\n\n<p><strong>12:00\u201313:00 Panel V:<\/strong><\/p>\n\n\n\n<p>Verlorene gemeinsame Heimat: Deutschbaltische Erinnerungen an die Zwischenkriegszeit in Estland \u2013 eine Grundlage f\u00fcr die Zusammenarbeit mit den estnischen Landsleuten im Exil?<br><em>Kristiina Kivilaan (Tallinn)<\/em><\/p>\n\n\n\n<p>Geschichte auf dem Teller: das Erbe der deutschbaltischen K\u00fcche<br><em>Silvi Rohesalu und Lisette Kaasiku (Tartu)<\/em><\/p>\n\n\n\n<p><strong>13:00\u201313:30<\/strong><\/p>\n\n\n\n<p>Abschlussdiskussion<\/p>\n\n\n\n<p><em>Die Teilnahme ist f\u00fcr alle Interessierten kostenlos.<br>Eine Anmeldung ist nicht erforderlich.<\/em><\/p>\n<\/div>\n<\/div>\n\n\n\n<p><\/p>\n","protected":false},"excerpt":{"rendered":"<p>*** \u00c4nderungen im Programm vorbehalten. **** Zoom Meetinghttps:\/\/ut-ee.zoom.us\/j\/99527878591?pwd=kFtpx5Uya5VAwCY0Gi9UBDaX6mOM0l.1 Meeting ID: 995 2787 8591Passcode: 201611Sollten Probleme mit Zoom auftreten, wenden Sie sich bitte an: kadi.kahar@gmail.com Samstag, 04.10. 2025Lossi 3-207, Tartu 10:00 Begr\u00fc\u00dfung und Keynote Begr\u00fc\u00dfungTerje Loogus (Direktorin des Instituts f\u00fcr Fremdsprachen &#8230;<\/p>\n","protected":false},"author":99,"featured_media":0,"parent":0,"menu_order":0,"comment_status":"closed","ping_status":"closed","template":"","meta":{"_acf_changed":false,"inline_featured_image":false,"footnotes":""},"class_list":["post-44","page","type-page","status-publish","hentry"],"acf":[],"_links":{"self":[{"href":"https:\/\/sisu.ut.ee\/idbn\/wp-json\/wp\/v2\/pages\/44","targetHints":{"allow":["GET"]}}],"collection":[{"href":"https:\/\/sisu.ut.ee\/idbn\/wp-json\/wp\/v2\/pages"}],"about":[{"href":"https:\/\/sisu.ut.ee\/idbn\/wp-json\/wp\/v2\/types\/page"}],"author":[{"embeddable":true,"href":"https:\/\/sisu.ut.ee\/idbn\/wp-json\/wp\/v2\/users\/99"}],"replies":[{"embeddable":true,"href":"https:\/\/sisu.ut.ee\/idbn\/wp-json\/wp\/v2\/comments?post=44"}],"version-history":[{"count":11,"href":"https:\/\/sisu.ut.ee\/idbn\/wp-json\/wp\/v2\/pages\/44\/revisions"}],"predecessor-version":[{"id":64,"href":"https:\/\/sisu.ut.ee\/idbn\/wp-json\/wp\/v2\/pages\/44\/revisions\/64"}],"wp:attachment":[{"href":"https:\/\/sisu.ut.ee\/idbn\/wp-json\/wp\/v2\/media?parent=44"}],"curies":[{"name":"wp","href":"https:\/\/api.w.org\/{rel}","templated":true}]}}