{"id":34,"date":"2025-07-31T00:06:29","date_gmt":"2025-07-30T21:06:29","guid":{"rendered":"https:\/\/sisu.ut.ee\/idbn\/?page_id=34"},"modified":"2025-07-31T00:37:50","modified_gmt":"2025-07-30T21:37:50","slug":"iii-idbn","status":"publish","type":"page","link":"https:\/\/sisu.ut.ee\/idbn\/","title":{"rendered":"III. IdbN"},"content":{"rendered":"<h2 class=\"wp-block-heading has-primary-color has-text-color has-link-color wp-elements-4b78f54b3f8809b9d060005b4bb34a9c\"><\/h2>\n\n\n\n<div class=\"wp-block-columns is-layout-flex wp-container-core-columns-is-layout-9d6595d7 wp-block-columns-is-layout-flex\">\n<div class=\"wp-block-column is-layout-flow wp-block-column-is-layout-flow\" style=\"flex-basis:20%\"><\/div>\n\n\n\n<div class=\"wp-block-column is-layout-flow wp-block-column-is-layout-flow\">\n<h2 class=\"wp-block-heading has-text-align-center has-primary-color has-text-color has-link-color wp-elements-1f6895d05657890fbecd483d1edcfa5d\"><strong>Von Geschehenem und Geschriebenem<\/strong><\/h2>\n\n\n\n<h2 class=\"wp-block-heading has-text-align-center has-primary-color has-text-color has-link-color wp-elements-2121e01b56596d5f359cc9fe835d6441\">III. Interdisziplin\u00e4re deutsch-baltische Nachwuchstagung<\/h2>\n\n\n\n<p class=\"has-text-align-center\">\u00a0<br><strong>Samstag, 04. und Sonntag, 05. Oktober 2025<\/strong><\/p>\n\n\n\n<p>Geschichte, Literaturwissenschaft, Sprachwissenschaft, Politikwissenschaft, Arch\u00e4ologie\u2026 in verschiedenen F\u00e4chern widmen sich Nachwuchswissenschaftlerinnen und Nachwuchswissenschaftler an baltischen und deutschen Universit\u00e4ten Forschungsthemen, in denen es (auch) um den deutschen Anteil an der Geschichte und Kultur der baltischen L\u00e4nder geht. Ihnen bietet die Internationale deutsch-baltische Nachwuchstagung (IdbN) die M\u00f6glichkeit, ihre eigenen Ergebnisse zu pr\u00e4sentieren, zu diskutieren und Kontakte \u00fcber Fach- und L\u00e4ndergrenzen zu kn\u00fcpfen. All diesen\u00a0<strong>Studierenden und Promovierenden\u00a0<\/strong>bietet die j\u00e4hrliche\u00a0<strong>Interdisziplin\u00e4re deutsch-baltische Nachwuchstagung (IdbN)<\/strong>\u00a0seit 2023 einen Ort, eigene Forschungsergebnisse zu pr\u00e4sentieren, miteinander zu diskutieren und sich zu vernetzen.<\/p>\n\n\n\n<p>Von Bachelorstudentin bis Doktorand, vom Livl\u00e4ndischen Krieg im 16. Jahrhundert bis zur verlorenen Heimat von Esten und Deutschbalten nach 1945 spannt sich der Bogen der Vortragenden und ihrer Themen.<\/p>\n\n\n\n<p><strong>Die Tagung ist \u00f6ffentlich und alle Interessierten sind zur Teilnahme eingeladen.<\/strong><\/p>\n\n\n\n<p>Die Interdisziplin\u00e4re deutsch-baltische Nachwuchstagung ist ein Projekt des\u00a0<a href=\"http:\/\/www.kulturforum.info\/\" target=\"_blank\" rel=\"noreferrer noopener\">Deutschen Kulturforums \u00f6stliches Europa (Potsdam)<\/a>, in Kooperation mit der\u00a0<a href=\"https:\/\/ut.ee\/en\/department-german-studies\" target=\"_blank\" rel=\"noreferrer noopener\">Abteilung f\u00fcr Germanistik der Universit\u00e4t Tartu<\/a>\u00a0und dem\u00a0<a href=\"https:\/\/www.uni-potsdam.de\/de\/germanistik\/\" target=\"_blank\" rel=\"noreferrer noopener\">Institut f\u00fcr Germanistik der Universit\u00e4t Potsdam<\/a>\u00a0im Rahmen der \u201e<a href=\"https:\/\/www.uni-potsdam.de\/de\/gip-tartu\/\" target=\"_blank\" rel=\"noreferrer noopener\">Germanistischen Institutspartnerschaft Potsdam\u2013Tartu\u2013Riga<\/a>\u201c, unter Mitwirkung von Zentrum f\u00fcr deutschbaltische Forschungen und Forschungsprojekt\u00a0<a href=\"https:\/\/heimatrevisited.ut.ee\/de\/\">\u201eHeimat Revisited\u201c<\/a>.<\/p>\n<\/div>\n\n\n\n<div class=\"wp-block-column is-layout-flow wp-block-column-is-layout-flow\" style=\"flex-basis:20%\"><\/div>\n<\/div>\n","protected":false},"excerpt":{"rendered":"<p>Von Geschehenem und Geschriebenem III. Interdisziplin\u00e4re deutsch-baltische Nachwuchstagung \u00a0Samstag, 04. und Sonntag, 05. Oktober 2025 Geschichte, Literaturwissenschaft, Sprachwissenschaft, Politikwissenschaft, Arch\u00e4ologie\u2026 in verschiedenen F\u00e4chern widmen sich Nachwuchswissenschaftlerinnen und Nachwuchswissenschaftler an baltischen und deutschen Universit\u00e4ten Forschungsthemen, in denen es (auch) um den &#8230;<\/p>\n","protected":false},"author":99,"featured_media":0,"parent":0,"menu_order":0,"comment_status":"closed","ping_status":"closed","template":"","meta":{"_acf_changed":false,"inline_featured_image":false,"footnotes":""},"class_list":["post-34","page","type-page","status-publish","hentry"],"acf":[],"_links":{"self":[{"href":"https:\/\/sisu.ut.ee\/idbn\/wp-json\/wp\/v2\/pages\/34","targetHints":{"allow":["GET"]}}],"collection":[{"href":"https:\/\/sisu.ut.ee\/idbn\/wp-json\/wp\/v2\/pages"}],"about":[{"href":"https:\/\/sisu.ut.ee\/idbn\/wp-json\/wp\/v2\/types\/page"}],"author":[{"embeddable":true,"href":"https:\/\/sisu.ut.ee\/idbn\/wp-json\/wp\/v2\/users\/99"}],"replies":[{"embeddable":true,"href":"https:\/\/sisu.ut.ee\/idbn\/wp-json\/wp\/v2\/comments?post=34"}],"version-history":[{"count":7,"href":"https:\/\/sisu.ut.ee\/idbn\/wp-json\/wp\/v2\/pages\/34\/revisions"}],"predecessor-version":[{"id":49,"href":"https:\/\/sisu.ut.ee\/idbn\/wp-json\/wp\/v2\/pages\/34\/revisions\/49"}],"wp:attachment":[{"href":"https:\/\/sisu.ut.ee\/idbn\/wp-json\/wp\/v2\/media?parent=34"}],"curies":[{"name":"wp","href":"https:\/\/api.w.org\/{rel}","templated":true}]}}