{"id":8,"date":"2024-04-03T23:20:09","date_gmt":"2024-04-03T20:20:09","guid":{"rendered":"https:\/\/sisu.ut.ee\/ict\/1st-international-research-seminar-project-13-15-november-2013\/"},"modified":"2024-04-03T23:20:44","modified_gmt":"2024-04-03T20:20:44","slug":"1st-international-research-seminar-project-13-15-november-2013","status":"publish","type":"page","link":"https:\/\/sisu.ut.ee\/ict\/1st-international-research-seminar-project-13-15-november-2013\/","title":{"rendered":"1st international research seminar of the project, 13-15 November 2013"},"content":{"rendered":"<p>Materials of the 1<span>st<\/span>\u00a0international research seminar of the project<\/p>\n<h2>13<span>th<\/span>\u00a0November 2013<\/h2>\n<p>17.00-19.00\u00a0Welcome discussion \u2013 expectations for international collaboration<span>\u00a0<\/span><\/p>\n<h2>14<span>th<\/span>\u00a0November 2013<\/h2>\n<table class=\"table table-hover\" border=\"1\" cellpadding=\"0\" cellspacing=\"0\">\n<tbody>\n<tr>\n<td valign=\"top\">\n<p>10.00-11.00<\/p>\n<\/td>\n<td valign=\"top\">\n<p><a href=\"https:\/\/sisu.ut.ee\/wp-content\/uploads\/sites\/80\/introduction.pdf\" target=\"_blank\" rel=\"noopener\">Introduction \u2013 project, partners, overview of outcomes<\/a><\/p>\n<\/td>\n<td valign=\"top\">\n<p>Margus Pedaste<\/p>\n<\/td>\n<\/tr>\n<tr>\n<td valign=\"top\">\n<p>11.00-12.00<\/p>\n<\/td>\n<td valign=\"top\">\n<p><a href=\"https:\/\/sisu.ut.ee\/wp-content\/uploads\/sites\/80\/leo_siiman_0.pdf\" target=\"_blank\" rel=\"noopener\">Review of international research on ICT use in education<\/a><\/p>\n<\/td>\n<td valign=\"top\">\n<p>Leo Siiman<\/p>\n<\/td>\n<\/tr>\n<tr>\n<td valign=\"top\">\n<p>13.00-13.40<\/p>\n<\/td>\n<td valign=\"top\">\n<p><a href=\"https:\/\/sisu.ut.ee\/wp-content\/uploads\/sites\/80\/margus_niitsoo.pdf\" target=\"_blank\" rel=\"noopener\">What do we know about the CS students who started studying at UT last year?<\/a><em><\/em><\/p>\n<\/td>\n<td valign=\"top\">\n<p>Margus Niitsoo<\/p>\n<\/td>\n<\/tr>\n<tr>\n<td valign=\"top\">\n<p>13.40-15.00<\/p>\n<\/td>\n<td valign=\"top\">\n<p><a href=\"https:\/\/sisu.ut.ee\/wp-content\/uploads\/sites\/80\/kulli_kori_heilo_altin.pdf\" target=\"_blank\" rel=\"noopener\">Why are students interested in studying Information and Communication Technology? Results from admission and ICT students\u2019 introductory questionnaire<\/a><\/p>\n<\/td>\n<td valign=\"top\">\n<p>K\u00fclli Kori, Heilo Altin<\/p>\n<\/td>\n<\/tr>\n<tr>\n<td rowspan=\"5\" valign=\"top\">\n<p>15.15-16.30<\/p>\n\n<\/td>\n<td valign=\"top\">\n<p><a href=\"https:\/\/sisu.ut.ee\/wp-content\/uploads\/sites\/80\/eno_tonisson.pdf\" target=\"_blank\" rel=\"noopener\">Overview of work done in Estonia for increasing society\u2019s commitment in ICT<\/a><\/p>\n<\/td>\n<td valign=\"top\">\n<p>Eno T\u00f5nisson<\/p>\n<\/td>\n<\/tr>\n<tr>\n<td valign=\"top\">\n<p><a href=\"https:\/\/sisu.ut.ee\/wp-content\/uploads\/sites\/80\/doris_pold.pdf\" target=\"_blank\" rel=\"noopener\">Practical example about school and industry collaboration in ICT sector<\/a><a href=\"https:\/\/sisu.ut.ee\/wp-content\/uploads\/sites\/80\/eno_tonisson.pdf\" target=\"_blank\" rel=\"noopener\"><\/a><\/p>\n<\/td>\n<td valign=\"top\">\n<p>Doris P\u00f5ld, J\u00fcri J\u00f5ema<\/p>\n<\/td>\n<\/tr>\n<tr>\n<td valign=\"top\"><a href=\"https:\/\/sisu.ut.ee\/wp-content\/uploads\/sites\/80\/heilo_altin.pdf\" target=\"_blank\" rel=\"noopener\">Educational robotics in Estonia<\/a><\/td>\n<td valign=\"top\">\n<p>Ramon Rantsus, Heilo Altin<\/p>\n<\/td>\n<\/tr>\n<tr>\n<td valign=\"top\"><a href=\"https:\/\/sisu.ut.ee\/wp-content\/uploads\/sites\/80\/rtlc_ab_raivo_0.png\" target=\"_blank\" rel=\"noopener\">Robotic Teaching and Learning Concept<\/a><a href=\"https:\/\/sisu.ut.ee\/wp-content\/uploads\/sites\/80\/heilo_altin.pdf\" target=\"_blank\" rel=\"noopener\"><\/a><\/td>\n<td valign=\"top\">\n<p>Raivo Sell<\/p>\n<\/td>\n<\/tr>\n<tr>\n<td valign=\"top\"><a href=\"https:\/\/sisu.ut.ee\/wp-content\/uploads\/sites\/80\/tauno_palts.pdf\" target=\"_blank\" rel=\"noopener\">Programming in school computer club (Scratch)(Python)\u00a0<\/a><a href=\"https:\/\/sisu.ut.ee\/wp-content\/uploads\/sites\/80\/rtlc_ab_raivo_0.png\" target=\"_blank\" rel=\"noopener\"><\/a><\/td>\n<td valign=\"top\">\n<p>Tauno Palts<\/p>\n<\/td>\n<\/tr>\n<tr>\n<td rowspan=\"4\" valign=\"top\">\n<p>16.30-18.00<\/p>\n\n<\/td>\n<td colspan=\"2\" valign=\"top\">\n<p>Work done by our partners for increasing society\u2019s commitment in ICT<\/p>\n<\/td>\n<\/tr>\n<tr>\n<td valign=\"top\">\n<p><a href=\"https:\/\/sisu.ut.ee\/wp-content\/uploads\/sites\/80\/dimitris_alimisis.pdf\" target=\"_blank\" rel=\"noopener\">Greek experiences<\/a><\/p>\n<\/td>\n<td valign=\"top\">\n<p>Dimitris Alimisis<\/p>\n<\/td>\n<\/tr>\n<tr>\n<td valign=\"top\">\n<p><a href=\"https:\/\/sisu.ut.ee\/wp-content\/uploads\/sites\/80\/tomi_jaakkola_0.pdf\" target=\"_blank\" rel=\"noopener\">ICT in Finnish education\u00a0and ICT education in\u00a0Finland<\/a><a href=\"https:\/\/sisu.ut.ee\/wp-content\/uploads\/sites\/80\/dimitris_alimisis.pdf\" target=\"_blank\" rel=\"noopener\"><\/a><\/p>\n<\/td>\n<td valign=\"top\">\n<p>Tomi Jaakkola<\/p>\n<\/td>\n<\/tr>\n<tr>\n<td valign=\"top\">\n<p><a href=\"https:\/\/sisu.ut.ee\/wp-content\/uploads\/sites\/80\/wouter_van_joolingen_0.pdf\" target=\"_blank\" rel=\"noopener\">Educating with and for ICT in the Netherlands<\/a><a href=\"ICT%20in%20Finnish%20education%20and%20ICT%20education%20in%20Finland\" target=\"_blank\" rel=\"noopener\"><\/a><\/p>\n<\/td>\n<td valign=\"top\">\n<p>Wouter van Joolingen<\/p>\n<\/td>\n<\/tr>\n<\/tbody>\n<\/table>\n<p>\u00a0<\/p>\n<h2>15<span>th<\/span>\u00a0November 2013<\/h2>\n<table class=\"table table-hover\" style=\"width: 821px;height: 190px\" border=\"1\" cellpadding=\"0\" cellspacing=\"0\">\n<tbody>\n<tr>\n<td valign=\"top\">\n<p>9.00-10.30<\/p>\n<\/td>\n<td valign=\"top\">\n<p><a href=\"https:\/\/sisu.ut.ee\/wp-content\/uploads\/sites\/80\/studies_of_the_project.pdf\" target=\"_blank\" rel=\"noopener\">Studies of our project \u2013 research questions and methodology<\/a><\/p>\n<\/td>\n<td valign=\"top\">\n<p>Margus Pedaste<\/p>\n<\/td>\n<\/tr>\n<tr>\n<td valign=\"top\">\n<p>10.40-12.00<\/p>\n<\/td>\n<td valign=\"top\">\n<p><a href=\"https:\/\/sisu.ut.ee\/wp-content\/uploads\/sites\/80\/roles_and_timeline.pdf\" target=\"_blank\" rel=\"noopener\">Roles of partners and project timeline<\/a><\/p>\n<\/td>\n<td valign=\"top\">\n<p>Margus Pedaste<\/p>\n<\/td>\n<\/tr>\n<tr>\n<td valign=\"top\">\n<p>13.30-14.30<\/p>\n<\/td>\n<td valign=\"top\">\n<p><a href=\"https:\/\/sisu.ut.ee\/wp-content\/uploads\/sites\/80\/project_plans.pdf\" target=\"_blank\" rel=\"noopener\">Project plans<\/a><\/p>\n<\/td>\n<td valign=\"top\">\n<p>Leo Siiman<\/p>\n<\/td>\n<\/tr>\n<tr>\n<td valign=\"top\">\n<p>15.00-16.30<\/p>\n<\/td>\n<td valign=\"top\">\n<p><a href=\"https:\/\/sisu.ut.ee\/wp-content\/uploads\/sites\/80\/memo_project_seminar_14.-15.11.pdf\" target=\"_blank\" rel=\"noopener\">Summary of the seminar outcomes<\/a><\/p>\n<\/td>\n<td valign=\"top\">\n<p>\u00a0<\/p>\n<\/td>\n<\/tr>\n<tr>\n<td valign=\"top\">\n<p>16.40-17.30<\/p>\n<\/td>\n<td valign=\"top\">\n<p><a href=\"https:\/\/sisu.ut.ee\/wp-content\/uploads\/sites\/80\/communication_and_dissemination.pdf\" target=\"_blank\" rel=\"noopener\">Communication and dissemination of project results<\/a><\/p>\n<\/td>\n<td valign=\"top\">\n<p>\u00a0<\/p>\n\n<\/td>\n<\/tr>\n<\/tbody>\n<\/table>\n","protected":false},"excerpt":{"rendered":"<p>Materials of the 1st\u00a0international research seminar of the project 13th\u00a0November 2013 17.00-19.00\u00a0Welcome discussion \u2013 expectations for international collaboration\u00a0 14th\u00a0November 2013 10.00-11.00 Introduction \u2013 project, partners, overview of outcomes Margus Pedaste 11.00-12.00 Review of international research on ICT use in education &#8230;<\/p>\n","protected":false},"author":30,"featured_media":0,"parent":0,"menu_order":0,"comment_status":"closed","ping_status":"closed","template":"","meta":{"_acf_changed":false,"inline_featured_image":false,"footnotes":""},"class_list":["post-8","page","type-page","status-publish","hentry"],"acf":[],"_links":{"self":[{"href":"https:\/\/sisu.ut.ee\/ict\/wp-json\/wp\/v2\/pages\/8","targetHints":{"allow":["GET"]}}],"collection":[{"href":"https:\/\/sisu.ut.ee\/ict\/wp-json\/wp\/v2\/pages"}],"about":[{"href":"https:\/\/sisu.ut.ee\/ict\/wp-json\/wp\/v2\/types\/page"}],"author":[{"embeddable":true,"href":"https:\/\/sisu.ut.ee\/ict\/wp-json\/wp\/v2\/users\/30"}],"replies":[{"embeddable":true,"href":"https:\/\/sisu.ut.ee\/ict\/wp-json\/wp\/v2\/comments?post=8"}],"version-history":[{"count":1,"href":"https:\/\/sisu.ut.ee\/ict\/wp-json\/wp\/v2\/pages\/8\/revisions"}],"predecessor-version":[{"id":98,"href":"https:\/\/sisu.ut.ee\/ict\/wp-json\/wp\/v2\/pages\/8\/revisions\/98"}],"wp:attachment":[{"href":"https:\/\/sisu.ut.ee\/ict\/wp-json\/wp\/v2\/media?parent=8"}],"curies":[{"name":"wp","href":"https:\/\/api.w.org\/{rel}","templated":true}]}}