{"id":20,"date":"2024-04-04T02:04:56","date_gmt":"2024-04-03T23:04:56","guid":{"rendered":"https:\/\/sisu.ut.ee\/iclc14\/travel-information\/"},"modified":"2024-04-04T02:24:18","modified_gmt":"2024-04-03T23:24:18","slug":"travel-information","status":"publish","type":"page","link":"https:\/\/sisu.ut.ee\/iclc14\/travel-information\/","title":{"rendered":"Travel information"},"content":{"rendered":"<p style=\"text-align: justify\">\n\tEstonia is a member of the European Union which makes tr<span style=\"line-height: 1.6em\">avelling to Estonia easier for ICLA members from the EU countries. For members travelling from outside Europe Estonia is easily accessible by connector flights from several major European airports.<\/span>\n<\/p>\n<p style=\"text-align: justify\">\n\tTallinn airport has direct flights to a number of European cities and many flights a day to airports in Helsinki and Stockholm \u00a0where it is easy to find connect<span style=\"line-height: 1.6em\">or flights to other destinations. Connector <strong>flight<\/strong> from Helsinki to Tartu is available once a day.<\/span>\n<\/p>\n<p style=\"text-align: justify\">\n\tThe easiest way to travel from Tallinn to Tartu is <strong>by bus<\/strong>. Buses between Tallinn and Tartu run every hour, sometimes even more often. \u00a0The distance between Tallinn and Tartu is 186 km and travel time by bus is approximately 2.5 hours. Buses are usually comfortable and many\u00a0<span style=\"line-height: 1.6em\">offer WiFI connection making it possible to work while travelling. In Tallinn the buses stop at the airport and in Tartu the bus station is right in the city center requiring no additional transportation to the conference venue. Bus time table is available <\/span><a href=\"http:\/\/www.tpilet.ee\/en\" style=\"line-height: 1.6em\" target=\"_blank\" title=\"http:\/\/www.tpilet.ee\/en\" rel=\"noopener\">here<\/a><span style=\"line-height: 1.6em\">\u00a0where it is also possible to purchace tickets online.<\/span>\n<\/p>\n<p style=\"text-align: justify\">\n\tThere is also a <strong>train connection<\/strong> between Tallinn and Tartu. Express trains run 5 times a day and the travel time is just over 2 hours. WiFi connection is available in all trains. Train timetable and ticket information can be seen <a href=\"https:\/\/pilet.elron.ee\/en\" target=\"_blank\" title=\"https:\/\/pilet.elron.ee\/en\" rel=\"noopener\">here<\/a>.\n<\/p>\n<p style=\"text-align: justify\">\n\tIt is possible to travel to Tartu from Riga by bus but the \u00a0travel time is longer than travelling from Tallinn \u2013 approximately 3.5 to 4.5 hours depending on the bus company \u2013 and buses do not run as often. For additional information see\u00a0<a data-url=\"https:\/\/ecolines.net\/en\/\" href=\"https:\/\/ecolines.net\/en\/\" target=\"_blank\" rel=\"noopener\">https:\/\/ecolines.net\/en\/<\/a>\u00a0or\u00a0<a data-url=\"http:\/\/www.luxexpress.eu\/en\" href=\"http:\/\/www.luxexpress.eu\/en\" target=\"_blank\" rel=\"noopener\">http:\/\/www.luxexpress.eu\/en<\/a>.\n<\/p>\n<p>\n\t\u00a0\n<\/p>\n<p>\n\t<div class=\"video-placeholder-wrapper video-placeholder-wrapper--fixed\" style=\"height: 450px;\">\n\t\t\t    <div class=\"video-placeholder d-flex justify-content-center align-items-center\">\n\t\t\t        <div class=\"overlay text-white p-2 w-100 text-center d-block justify-content-center align-items-center\">\n\t\t\t            <div>Kolmandate osapoolte sisu n\u00e4gemiseks palun n\u00f5ustu k\u00fcpsistega.<\/div>\n\t\t\t            <button class=\"btn btn-secondary btn-sm mt-1 consent-change\">Muuda n\u00f5usolekut<\/button>\n\t\t\t        <\/div>\n\t\t\t    <\/div>\n\t\t\t<\/div>\n\n<\/p>\n<p>\n\t\u00a0<\/p>\n","protected":false},"excerpt":{"rendered":"<p>Estonia is a member of the European Union which makes travelling to Estonia easier for ICLA members from the EU countries. For members travelling from outside Europe Estonia is easily accessible by connector flights from several major European airports. Tallinn &#8230;<\/p>\n","protected":false},"author":83,"featured_media":0,"parent":0,"menu_order":0,"comment_status":"closed","ping_status":"closed","template":"","meta":{"_acf_changed":false,"inline_featured_image":false,"footnotes":""},"class_list":["post-20","page","type-page","status-publish","hentry"],"acf":[],"_links":{"self":[{"href":"https:\/\/sisu.ut.ee\/iclc14\/wp-json\/wp\/v2\/pages\/20","targetHints":{"allow":["GET"]}}],"collection":[{"href":"https:\/\/sisu.ut.ee\/iclc14\/wp-json\/wp\/v2\/pages"}],"about":[{"href":"https:\/\/sisu.ut.ee\/iclc14\/wp-json\/wp\/v2\/types\/page"}],"author":[{"embeddable":true,"href":"https:\/\/sisu.ut.ee\/iclc14\/wp-json\/wp\/v2\/users\/83"}],"replies":[{"embeddable":true,"href":"https:\/\/sisu.ut.ee\/iclc14\/wp-json\/wp\/v2\/comments?post=20"}],"version-history":[{"count":1,"href":"https:\/\/sisu.ut.ee\/iclc14\/wp-json\/wp\/v2\/pages\/20\/revisions"}],"predecessor-version":[{"id":591,"href":"https:\/\/sisu.ut.ee\/iclc14\/wp-json\/wp\/v2\/pages\/20\/revisions\/591"}],"wp:attachment":[{"href":"https:\/\/sisu.ut.ee\/iclc14\/wp-json\/wp\/v2\/media?parent=20"}],"curies":[{"name":"wp","href":"https:\/\/api.w.org\/{rel}","templated":true}]}}