{"id":11,"date":"2024-04-04T05:25:05","date_gmt":"2024-04-04T02:25:05","guid":{"rendered":"https:\/\/sisu.ut.ee\/icalt2020\/program-and-sessions\/"},"modified":"2024-04-04T05:26:00","modified_gmt":"2024-04-04T02:26:00","slug":"program-and-sessions","status":"publish","type":"page","link":"https:\/\/sisu.ut.ee\/icalt2020\/program-and-sessions\/","title":{"rendered":"Program and sessions"},"content":{"rendered":"<p>\n\t<a href=\"https:\/\/sisu.ut.ee\/wp-content\/uploads\/sites\/379\/icalt2020_program_final.pdf\"><img loading=\"lazy\" decoding=\"async\" width=\"200\" height=\"120\" class=\"alignnone wp-image-74\" style=\"width: 200px;height: 120px\" src=\"https:\/\/sisu.ut.ee\/wp-content\/uploads\/sites\/379\/nupp9_01.png\" title=\"nupp9_01.png\" alt=\"nupp_program\"><\/a>\u00a0 \u00a0<a href=\"https:\/\/sisu.ut.ee\/icalt2020\/program-and-sessions#keynotes\"><img loading=\"lazy\" decoding=\"async\" width=\"200\" height=\"120\" class=\"alignnone wp-image-76\" style=\"width: 200px;height: 120px\" src=\"https:\/\/sisu.ut.ee\/wp-content\/uploads\/sites\/379\/nupp6_01.png\" title=\"nupp6_01.png\" alt=\"nupp_keynotes\"><\/a>\u00a0\u00a0\u00a0<a href=\"https:\/\/sisu.ut.ee\/icalt2020\/program-and-sessions#panels\"><img loading=\"lazy\" decoding=\"async\" width=\"200\" height=\"120\" class=\"alignnone wp-image-77\" src=\"https:\/\/sisu.ut.ee\/wp-content\/uploads\/sites\/379\/nupp14.png\" title=\"nupp14.png\" alt=\"nupp_panels\"><\/a>\u00a0 \u00a0<a href=\"https:\/\/sisu.ut.ee\/icalt2020\/discussion-papers\"><img loading=\"lazy\" decoding=\"async\" width=\"200\" height=\"120\" class=\"alignnone wp-image-78\" style=\"width: 200px;height: 120px\" src=\"https:\/\/sisu.ut.ee\/wp-content\/uploads\/sites\/379\/nupp21.png\" title=\"nupp21.png\" alt=\"nupp_discussion\"><\/a>\n<\/p>\n<p>\n\t\u00a0\n<\/p>\n<hr>\n<h2>\n\t<a id=\"Panels\" name=\"Panels\"><\/a>Panel Discussions<br>\n<\/h2>\n<p>\n\t<span style=\"font-size:18px\">July 9, 13:00-14:00 (GMT)<br><strong>Future Collaboration Panel<\/strong><\/span> (open for everyone)\n<\/p>\n<p style=\"text-align: justify\">\n\tChaired by:\u00a0Phillip Benachour, Lancaster University, UK\n<\/p>\n<p style=\"text-align: justify\">\n\tThe first presentation is from Philip Benachour himself, who is doing a presentation about this current work Gender-economic development in West Africa and how this can be linked with the work conducted by Diana Andone and her colleagues on \u00a0Students as OER co-creators and Students as OER co-creators.\n<\/p>\n<p style=\"text-align: justify\">\n\t<br>Second presentation will be by Aparna Alingkar who is interested in the work on by\u00a0Pankaj Chejara, Supervisors:\u00a0Adolfo Ruiz-Calleja, Luis P. Prieto,\u00a0\u00a0Maria Jesus Rodriguez Triana\u00a0[Multimodal Learning Analytics for Understanding ollocated Collaboration in Authentic Classroom Settings]\u00a0and\u00a0Anastasios Karakostas, Efstathios Nikolaidis, Stavros Demetriadis, Stefanos Vrochidis1 and Ioannis [colMOOC \u2013 an Innovative Conversational Agent Platform to Support MOOCs]\n<\/p>\n<p style=\"text-align: justify\">\n\t\u00a0\n<\/p>\n<p style=\"text-align: justify\">\n\tThe third presentation is by Muhammad Adamu,\u00a0\u00a0who has expressed an interest in the following work on\u00a0The Impact of Perceived Security on Intention to use E-Learning Among Students by Ali Farooq, Farhan Ahmad, Nyla Khadam, Birgy Lorenz,\u00a0 and Jouni Isaoho.\u00a0\n<\/p>\n<p style=\"text-align: justify\">\n\tFuture Collaboration Panel is mainly for ICALT participants and offers a platform for participants who have intention, ideas, and plan to collaborate with other participants after they see the correspondent published works, or attend the correspondent presentations, or be inspired by the talks, conversations and discussions.\n<\/p>\n<p>\n\tAll applications will be further reviewed and invited to submit an article to the\u00a0\u201cCollaboration Opportunity\u201d\u00a0section in the Bulletin of the Technical Committee on Learning Technology (<a data-url=\"https:\/\/tc.computer.org\/tclt\/author-guidelines\/\" href=\"https:\/\/tc.computer.org\/tclt\/author-guidelines\/\" target=\"_blank\" title=\"\" rel=\"noopener\">https:\/\/tc.computer.org\/tclt\/author-guidelines\/<\/a>). The Bulletin is published by IEEE TCLT and is included in Web of Science\u2019s Emerging Sources Citation Index (ESCI,\u00a0<a data-url=\"https:\/\/mjl.clarivate.com\/search-results?issn=2306-0212\" href=\"https:\/\/mjl.clarivate.com\/search-results?issn=2306-0212\" target=\"_blank\" title=\"\" rel=\"noopener\">https:\/\/mjl.clarivate.com\/search-results?issn=2306-0212<\/a>)<br>\u00a0\n<\/p>\n<hr>\n<p>\n\t<span>July 7, 13:00-13:50 (GMT)<\/span><br><strong><span>Women in Engineering Panel<\/span> <\/strong>(open for everyone)\n<\/p>\n<p style=\"text-align:justify\">\n\tPanelists Abasi-amefon O. Affia, Institute of Computer Science, University of Tartu Michelle Banawan, Arizona State University, USA &amp; Ateneo de Davao University, Philippines Rita Kuo, New Mexico Institute of Mining and Technology, USA Mar\u00eda Jes\u00fas Rodr\u00edguez-Triana, Centre of Excellence in Educational Innovation, Tallinn University, Estonia<br>Discussant Elvira Popescu, Computers and Information Technology Department, University of Craiova, Romania &amp; Vice Chair for the IEEE Women in Engineering Romania Section Affinity Group<br>Chaired by: Irene-Angelica Chounta, Tartu University, Estonia.\n<\/p>\n<p style=\"text-align:justify\">\n\tEvery year, IEEE TCLT has a Women in Engineering Panel held during ICALT. IEEE Women in Engineering is \u201cone of the largest international professional organizations dedicated to promoting women engineers and scientists and inspiring girls around the world to follow their academic interests to a career in engineering.\u201d<a href=\"https:\/\/tc.computer.org\/tclt\/2020\/06\/29\/icalt-2020-women-engineering-panel\/?fbclid=IwAR2AsWUZimuAKKeh1Ij1I_M7uRua-dc29E-IeqeYyAFgKWZ7-uXZOPGMSCs#_ftn1\" name=\"_ftnref1\">[1]<\/a>\u00a0The main idea of the panel in ICALT is to discuss issues around this goal.\n<\/p>\n<p style=\"text-align:justify\">\n\tThe panelists are going to touch the following three questions:\n<\/p>\n<ol>\n<li style=\"text-align:justify\">\n\t\tWhat challenges have you perceived (if any) for women in engineering at any level and in particular for minority or marginalized groups, such as Women of Colour?\n\t<\/li>\n<li style=\"text-align:justify\">\n\t\tWhat are the challenges that emergency situations \u2013 such as COVID19 \u2013 pose for women in engineering and what is their impact?\n\t<\/li>\n<li style=\"text-align:justify\">\n\t\tWhat are potential solutions \u2013 from your experience \u2013 to address these challenges?\n\t<\/li>\n<\/ol>\n<p style=\"text-align:justify\">\n\tElvira Popescu, the Vice Chair of WiE Romania Section in the end will give us a short overview of the situation in numbers regarding Europe and also to share her insights regarding how organisations like IEEE TCLT and IEEE can offer support to addressing these challenges.\n<\/p>\n<p style=\"text-align:justify\">\n\t<a href=\"https:\/\/tc.computer.org\/tclt\/2020\/06\/29\/icalt-2020-women-engineering-panel\/?fbclid=IwAR2AsWUZimuAKKeh1Ij1I_M7uRua-dc29E-IeqeYyAFgKWZ7-uXZOPGMSCs#_ftnref1\" name=\"_ftn1\">[1]<\/a>\u00a0<a href=\"https:\/\/www.ieee.org\/membership\/women-in-engineering.html\">https:\/\/www.ieee.org\/membership\/women-in-engineering.html<\/a>\n<\/p>\n<p>\n\t\u00a0\n<\/p>\n<p style=\"text-align: justify\">\n\t\u00a0\n<\/p>\n<hr>\n<h2>\n\t<a id=\"keynotes\" name=\"keynotes\"><\/a>Keynotes<br>\n<\/h2>\n<h3>\n\t<strong><span style=\"font-size:18px\">\u201cHelping Young Learners Develop Inquiry and Critical Thinking Skills\u201d<\/span><\/strong><br>\n<\/h3>\n<p>\n\tAssistant Professor\u00a0<a href=\"https:\/\/scholar.google.com.tw\/citations?user=zE9msuwAAAAJ&amp;hl=en\" target=\"_blank\" title=\"\" rel=\"noopener\">Kaushal Kumar Bhagat<\/a><br>Centre for Educational Technology, Indian Institute of Technology Kharagpur<br>Associate Editor of British Journal of Educational Technology<br>Editor-in-Chief of Contemporary Educational Technology\n<\/p>\n<p>\n\tProfessor\u00a0<a href=\"https:\/\/scholar.google.com\/citations?user=Ucl-2j8AAAAJ&amp;hl=en\" target=\"_blank\" title=\"\" rel=\"noopener\">Mike Spector<\/a><br>Learning Technologies Department, College of Information, The University of North Texas<br>Member of the NATO-AECT Steering Committee<br>Editor of Educational Technology Research &amp; Development\n<\/p>\n<p style=\"text-align: justify\">\n\tMany have advocated for the development of the knowledge and skills necessary to become life-long learners. Some have called those skills the 4 Cs: communication, collaboration, critical thinking and creativity. Others cite renewed emphasis on a new set of 3Rs: rather than reading, writing, and arithmetic, it might be re-examining, reasoning, and reflection or more emphasis on higher-order reasoning skills at an earlier age. One way to conceptualize critical thinking is in terms of the other three Cs \u2013 communication (getting information and insights from others), collaboration (working on complex and challenging learning tasks with others), and creativity (trying out alternative approaches and new ideas).\n<\/p>\n<p style=\"text-align: justify\">\n\tPrior efforts have focused on young adults and science, technology, engineering and mathematics subject areas. Our approach focuses on young learners who do not encounter their worlds in terms of traditional disciplines. In addition, prior efforts have been limited to one unit of instruction or one course. Our notion is that inquiry and critical thinking skills need to be developed early so that those skills become habits of mind. Such an approach requires sustained interventions over a number of years.\n<\/p>\n<p style=\"text-align: justify\">\n\tThis presentation will present the background philosophy, theory, and research, along with examples of development efforts and plans to evaluate the impact on learning and instruction. Constraints and obstacles to progress will also be discussed since so many prior efforts have had so little sustained impact.\n<\/p>\n<p style=\"text-align: justify\">\n\t\u00a0\n<\/p>\n<hr>\n<h3 style=\"text-align: justify\">\n\t<strong><span style=\"font-size:18px\">\u201cLearning Analytics: State of Adoption and Evidence of Effectiveness\u201d<\/span><\/strong><br>\n<\/h3>\n<p style=\"text-align: justify\">\n\tProfessor\u00a0<a href=\"https:\/\/scholar.google.com\/citations?user=FUwrOc8AAAAJ&amp;hl=en\" target=\"_blank\" title=\"\" rel=\"noopener\">Dirk Ifenthaler<\/a><br>Chair of Learning, Design and Technology, University of Mannheim<br>UNESCO Deputy Chair of Data Science in Higher Education Learning and Teaching, Curtin University<br>Editor-in-Chief, Technology, Knowledge and Learning\n<\/p>\n<p style=\"text-align: justify\">\n\tSince a decade, the potentials of learning analytics for educational organisations have been discussed, however, there remains a lack of organisation-wide examples demonstrating a systematic and holistic adoption of learning analytics. Accordingly, actionable frameworks and adoption models focusing on learning analytics are required for successful integration of learning analytics systems into educational organisations. Current research and practice shows that higher education organisations are aware of learning analytics and start experimenting with dashboards for students and teachers, however, they are far from organisational transformation. Hence, rigorous empirical evidence on the successful usage of learning analytics for supporting and improving students\u2019 learning and success in higher education is still lacking. A recent systematic review with an initial set of 6,220 articles and a final sample including 46 key publications will be discussed. The findings obtained suggest that there are a considerable number of learning analytics approaches which utilise effective techniques in supporting study success and at-risk students of dropping out. Despite the high interest, the adoption of learning analytics in educational organisations requires capabilities not yet fully developed.\n<\/p>\n<hr>\n<h3>\n\t<strong><span style=\"font-size:18px\">\u201cEmpowering Communities of the World to Contribute into Improving Digital Learning\u201d<\/span><\/strong><br>\n<\/h3>\n<p>\n\t<a href=\"https:\/\/ee.linkedin.com\/in\/mart-aro\" target=\"_blank\" title=\"\" rel=\"noopener\">M\u00e4rt Aro<\/a><br>Co-Founder, DreamApply<br>Chairman of the Board, Nordic EdTech Forum \u2013 N8<br>Co-Founder, European EdTech Alliance\n<\/p>\n<p style=\"text-align: justify\">\n\tThe general approach of purchasing complex software solutions is often not bringing great results in education development. Let\u2019s look at why this could be and possible solutions for achieving better. The work we are doing in Estonian government initiative Education Nation and on the Northern Europe level with Nordic EdTech Forum \u2013 N8 and on the global level with UN Technology Innovation Labs enabling communities to provide solutions for the educational issues they see to have better outcomes for education development globally. Last but not least, let\u2019s have a look at some of the fascinating education innovations developed using start-up model.\n<\/p>\n<p>\n\t\u00a0<\/p>\n","protected":false},"excerpt":{"rendered":"<p>\u00a0 \u00a0\u00a0\u00a0\u00a0\u00a0 \u00a0 \u00a0 Panel Discussions July 9, 13:00-14:00 (GMT)Future Collaboration Panel (open for everyone) Chaired by:\u00a0Phillip Benachour, Lancaster University, UK The first presentation is from Philip Benachour himself, who is doing a presentation about this current work Gender-economic development &#8230;<\/p>\n","protected":false},"author":30,"featured_media":0,"parent":0,"menu_order":0,"comment_status":"closed","ping_status":"closed","template":"","meta":{"_acf_changed":false,"inline_featured_image":false,"footnotes":""},"class_list":["post-11","page","type-page","status-publish","hentry"],"acf":[],"_links":{"self":[{"href":"https:\/\/sisu.ut.ee\/icalt2020\/wp-json\/wp\/v2\/pages\/11","targetHints":{"allow":["GET"]}}],"collection":[{"href":"https:\/\/sisu.ut.ee\/icalt2020\/wp-json\/wp\/v2\/pages"}],"about":[{"href":"https:\/\/sisu.ut.ee\/icalt2020\/wp-json\/wp\/v2\/types\/page"}],"author":[{"embeddable":true,"href":"https:\/\/sisu.ut.ee\/icalt2020\/wp-json\/wp\/v2\/users\/30"}],"replies":[{"embeddable":true,"href":"https:\/\/sisu.ut.ee\/icalt2020\/wp-json\/wp\/v2\/comments?post=11"}],"version-history":[{"count":1,"href":"https:\/\/sisu.ut.ee\/icalt2020\/wp-json\/wp\/v2\/pages\/11\/revisions"}],"predecessor-version":[{"id":223,"href":"https:\/\/sisu.ut.ee\/icalt2020\/wp-json\/wp\/v2\/pages\/11\/revisions\/223"}],"wp:attachment":[{"href":"https:\/\/sisu.ut.ee\/icalt2020\/wp-json\/wp\/v2\/media?parent=11"}],"curies":[{"name":"wp","href":"https:\/\/api.w.org\/{rel}","templated":true}]}}