{"id":67,"date":"2024-04-04T07:30:21","date_gmt":"2024-04-04T04:30:21","guid":{"rendered":"https:\/\/sisu.ut.ee\/huvitavkeemia\/5-mittemetallid\/"},"modified":"2024-04-04T07:32:47","modified_gmt":"2024-04-04T04:32:47","slug":"5-mittemetallid","status":"publish","type":"page","link":"https:\/\/sisu.ut.ee\/huvitavkeemia\/5-mittemetallid\/","title":{"rendered":"5. Mittemetallid"},"content":{"rendered":"<p>\n\tMittemetallid moodustavad umbes 1\/3 k\u00f5igist elementidest. Selles peat\u00fckis vaatlemegi mittemetallide f\u00fc\u00fcsikalisi ja keemilisi omadusi.<\/p>\n","protected":false},"excerpt":{"rendered":"<p>Mittemetallid moodustavad umbes 1\/3 k\u00f5igist elementidest. Selles peat\u00fckis vaatlemegi mittemetallide f\u00fc\u00fcsikalisi ja keemilisi omadusi.<\/p>\n","protected":false},"author":269,"featured_media":0,"parent":0,"menu_order":0,"comment_status":"closed","ping_status":"closed","template":"","meta":{"_acf_changed":false,"inline_featured_image":false,"footnotes":""},"class_list":["post-67","page","type-page","status-publish","hentry"],"acf":[],"_links":{"self":[{"href":"https:\/\/sisu.ut.ee\/huvitavkeemia\/wp-json\/wp\/v2\/pages\/67","targetHints":{"allow":["GET"]}}],"collection":[{"href":"https:\/\/sisu.ut.ee\/huvitavkeemia\/wp-json\/wp\/v2\/pages"}],"about":[{"href":"https:\/\/sisu.ut.ee\/huvitavkeemia\/wp-json\/wp\/v2\/types\/page"}],"author":[{"embeddable":true,"href":"https:\/\/sisu.ut.ee\/huvitavkeemia\/wp-json\/wp\/v2\/users\/269"}],"replies":[{"embeddable":true,"href":"https:\/\/sisu.ut.ee\/huvitavkeemia\/wp-json\/wp\/v2\/comments?post=67"}],"version-history":[{"count":1,"href":"https:\/\/sisu.ut.ee\/huvitavkeemia\/wp-json\/wp\/v2\/pages\/67\/revisions"}],"predecessor-version":[{"id":424,"href":"https:\/\/sisu.ut.ee\/huvitavkeemia\/wp-json\/wp\/v2\/pages\/67\/revisions\/424"}],"wp:attachment":[{"href":"https:\/\/sisu.ut.ee\/huvitavkeemia\/wp-json\/wp\/v2\/media?parent=67"}],"curies":[{"name":"wp","href":"https:\/\/api.w.org\/{rel}","templated":true}]}}