{"id":66,"date":"2024-04-04T07:30:20","date_gmt":"2024-04-04T04:30:20","guid":{"rendered":"https:\/\/sisu.ut.ee\/huvitavkeemia\/4-metallid\/"},"modified":"2024-04-04T07:32:47","modified_gmt":"2024-04-04T04:32:47","slug":"4-metallid","status":"publish","type":"page","link":"https:\/\/sisu.ut.ee\/huvitavkeemia\/4-metallid\/","title":{"rendered":"4. Metallid"},"content":{"rendered":"<p>Metallid \u00fcmbritsevad meid k\u00f5ikjal. Nendest valmistatakse nii konstruktsioonidetaile, ehteid kui ka tarbeesemeid. Selles peat\u00fckis tutvud metallide oluliste f\u00fc\u00fcsikaliste ja keemiliste omaduste ning kasutusvaldkondadega. Saad teada, miks h\u00e4vivad metallid keskkonna toimel ja kuidas toimub redoksreaktsioon. Samuti saad teada, kuidas metalle toodetakse.<\/p>\n","protected":false},"excerpt":{"rendered":"<p>Metallid \u00fcmbritsevad meid k\u00f5ikjal. Nendest valmistatakse nii konstruktsioonidetaile, ehteid kui ka tarbeesemeid. Selles peat\u00fckis tutvud metallide oluliste f\u00fc\u00fcsikaliste ja keemiliste omaduste ning kasutusvaldkondadega. Saad teada, miks h\u00e4vivad metallid keskkonna toimel ja kuidas toimub redoksreaktsioon. Samuti saad teada, kuidas metalle toodetakse.<\/p>\n","protected":false},"author":269,"featured_media":0,"parent":0,"menu_order":0,"comment_status":"closed","ping_status":"closed","template":"","meta":{"_acf_changed":false,"inline_featured_image":false,"footnotes":""},"class_list":["post-66","page","type-page","status-publish","hentry"],"acf":[],"_links":{"self":[{"href":"https:\/\/sisu.ut.ee\/huvitavkeemia\/wp-json\/wp\/v2\/pages\/66","targetHints":{"allow":["GET"]}}],"collection":[{"href":"https:\/\/sisu.ut.ee\/huvitavkeemia\/wp-json\/wp\/v2\/pages"}],"about":[{"href":"https:\/\/sisu.ut.ee\/huvitavkeemia\/wp-json\/wp\/v2\/types\/page"}],"author":[{"embeddable":true,"href":"https:\/\/sisu.ut.ee\/huvitavkeemia\/wp-json\/wp\/v2\/users\/269"}],"replies":[{"embeddable":true,"href":"https:\/\/sisu.ut.ee\/huvitavkeemia\/wp-json\/wp\/v2\/comments?post=66"}],"version-history":[{"count":1,"href":"https:\/\/sisu.ut.ee\/huvitavkeemia\/wp-json\/wp\/v2\/pages\/66\/revisions"}],"predecessor-version":[{"id":425,"href":"https:\/\/sisu.ut.ee\/huvitavkeemia\/wp-json\/wp\/v2\/pages\/66\/revisions\/425"}],"wp:attachment":[{"href":"https:\/\/sisu.ut.ee\/huvitavkeemia\/wp-json\/wp\/v2\/media?parent=66"}],"curies":[{"name":"wp","href":"https:\/\/api.w.org\/{rel}","templated":true}]}}