{"id":61,"date":"2024-04-04T07:30:20","date_gmt":"2024-04-04T04:30:20","guid":{"rendered":"https:\/\/sisu.ut.ee\/huvitavkeemia\/78-orgaaniliste-ainete-klasside-kokkuvote\/"},"modified":"2024-04-04T07:32:48","modified_gmt":"2024-04-04T04:32:48","slug":"78-orgaaniliste-ainete-klasside-kokkuvote","status":"publish","type":"page","link":"https:\/\/sisu.ut.ee\/huvitavkeemia\/78-orgaaniliste-ainete-klasside-kokkuvote\/","title":{"rendered":"7.8. Orgaaniliste ainete klasside kokkuv\u00f5te"},"content":{"rendered":"<h6 style=\"text-align: center\">\n\tTabel 1. Orgaaniliste ainete polaarsus<br>\n<\/h6>\n<table class=\"table table-hover\" align=\"center\" border=\"1\" style=\"border-collapse:collapse;border:solidwindowtext1.0pt\">\n<tbody>\n<tr>\n<td style=\"width: 121.6pt\" width=\"162\">\n<p style=\"margin-bottom: 0cm;text-align: center\">\n\t\t\t\t\t<span style=\"line-height:normal\"><b>Praktiliselt mittepolaarsed ained<\/b><\/span>\n\t\t\t\t<\/p>\n<\/td>\n<td style=\"width: 121pt;border-left: none\" width=\"161\">\n<p style=\"margin-bottom: 0cm;text-align: center\">\n\t\t\t\t\t<span style=\"line-height:normal\"><b>V\u00e4hepolaarsed ained<\/b><\/span>\n\t\t\t\t<\/p>\n<\/td>\n<td style=\"width: 113.9pt;border-left: none\" width=\"152\">\n<p style=\"margin-bottom: 0cm;text-align: center\">\n\t\t\t\t\t<span style=\"line-height:normal\"><b>M\u00f5\u00f5dukalt<br>polaarsed ained<\/b><\/span>\n\t\t\t\t<\/p>\n<\/td>\n<td style=\"width: 94.3pt;border-left: none\" width=\"126\">\n<p style=\"margin-bottom: 0cm;text-align: center\">\n\t\t\t\t\t<span style=\"line-height:normal\"><b>Tugevalt polaarsed ained<\/b><\/span>\n\t\t\t\t<\/p>\n<\/td>\n<\/tr>\n<tr>\n<td style=\"width:121.6pt;border:solidwindowtext1.0pt;border-top:none\" width=\"162\">\n<p style=\"margin-bottom: 0cm;text-align: center\">\n\t\t\t\t\t<span style=\"line-height:normal\">S\u00fcsivesinikud<\/span>\n\t\t\t\t<\/p>\n<\/td>\n<td style=\"width:121.0pt;border-top:none;border-left:none;border-bottom:solidwindowtext1.0pt;border-right:solidwindowtext1.0pt\" width=\"161\">\n<p style=\"margin-bottom: 0cm;text-align: center\">\n\t\t\t\t\t<span style=\"line-height:normal\">Eetrid, estrid, halogeeni\u00fchendid<\/span>\n\t\t\t\t<\/p>\n<\/td>\n<td style=\"width:113.9pt;border-top:none;border-left:none;border-bottom:solidwindowtext1.0pt;border-right:solidwindowtext1.0pt\" width=\"152\">\n<p style=\"margin-bottom: 0cm;text-align: center\">\n\t\t\t\t\t<span style=\"line-height:normal\">Amiinid, aldeh\u00fc\u00fcdid, ketoonid<\/span>\n\t\t\t\t<\/p>\n<\/td>\n<td style=\"width:94.3pt;border-top:none;border-left:none;border-bottom:solidwindowtext1.0pt;border-right:solidwindowtext1.0pt\" width=\"126\">\n<p style=\"margin-bottom: 0cm;text-align: center\">\n\t\t\t\t\t<span style=\"line-height:normal\">Amiidid, karboks\u00fc\u00fclhapped, alkoholid<\/span>\n\t\t\t\t<\/p>\n<\/td>\n<\/tr>\n<\/tbody>\n<\/table>\n<p>\n\t\u00a0\n<\/p>\n<h6 style=\"text-align: center\">\n\tTabel 2. Aineklassid ja vesiniksidemed<br>\n<\/h6>\n<table class=\"table table-hover\" align=\"center\" border=\"1\" style=\"border-collapse:collapse;border:solidwindowtext1.0pt\">\n<tbody>\n<tr>\n<td style=\"width: 131.55pt\" width=\"175\">\n<p style=\"margin-bottom: 0cm;text-align: center\">\n\t\t\t\t\t<span style=\"line-height:normal\"><b>Funktsionaalr\u00fchm\/<br>iseloomulik struktuuriosa<\/b><\/span>\n\t\t\t\t<\/p>\n<\/td>\n<td style=\"width: 107.7pt;border-left: none\" width=\"144\">\n<p style=\"margin-bottom: 0cm;text-align: center\">\n\t\t\t\t\t<span style=\"line-height:normal\"><b>Aineklass<\/b><\/span>\n\t\t\t\t<\/p>\n<\/td>\n<td style=\"width: 105.8pt;border-left: none\" width=\"141\">\n<p style=\"margin-bottom: 0cm;text-align: center\">\n\t\t\t\t\t<span style=\"line-height:normal\"><b>Kas molekulid annavad omavahel vesiniksidemeid?<\/b><\/span>\n\t\t\t\t<\/p>\n<\/td>\n<\/tr>\n<tr>\n<td style=\"width:131.55pt;border:solidwindowtext1.0pt;border-top:none\" width=\"175\">\n<p style=\"margin-bottom: 0cm;text-align: center\">\n\t\t\t\t\t<span style=\"line-height:normal\">\u2013OH<\/span>\n\t\t\t\t<\/p>\n<\/td>\n<td style=\"width:107.7pt;border-top:none;border-left:none;border-bottom:solidwindowtext1.0pt;border-right:solidwindowtext1.0pt\" width=\"144\">\n<p style=\"margin-bottom: 0cm;text-align: center\">\n\t\t\t\t\t<span style=\"line-height:normal\">alkohol<\/span>\n\t\t\t\t<\/p>\n<\/td>\n<td style=\"width:105.8pt;border-top:none;border-left:none;border-bottom:solidwindowtext1.0pt;border-right:solidwindowtext1.0pt\" width=\"141\">\n<p style=\"margin-bottom: 0cm;text-align: center\">\n\t\t\t\t\t<span style=\"line-height:normal\">jah<\/span>\n\t\t\t\t<\/p>\n<\/td>\n<\/tr>\n<tr>\n<td style=\"width:131.55pt;border:solidwindowtext1.0pt;border-top:none\" width=\"175\">\n<p style=\"margin-bottom: 0cm;text-align: center\">\n\t\t\t\t\t<span style=\"line-height:normal\">\u2013O\u2013<\/span>\n\t\t\t\t<\/p>\n<\/td>\n<td style=\"width:107.7pt;border-top:none;border-left:none;border-bottom:solidwindowtext1.0pt;border-right:solidwindowtext1.0pt\" width=\"144\">\n<p style=\"margin-bottom: 0cm;text-align: center\">\n\t\t\t\t\t<span style=\"line-height:normal\">eeter<\/span>\n\t\t\t\t<\/p>\n<\/td>\n<td style=\"width:105.8pt;border-top:none;border-left:none;border-bottom:solidwindowtext1.0pt;border-right:solidwindowtext1.0pt\" width=\"141\">\n<p style=\"margin-bottom: 0cm;text-align: center\">\n\t\t\t\t\t<span style=\"line-height:normal\">ei<\/span>\n\t\t\t\t<\/p>\n<\/td>\n<\/tr>\n<tr>\n<td style=\"width:131.55pt;border:solidwindowtext1.0pt;border-top:none\" width=\"175\">\n<p style=\"margin-bottom: 0cm;text-align: center\">\n\t\t\t\t\t<span style=\"line-height:normal\">\u2013NH<sub>2<\/sub>, \u2013NHR, \u2013NR<sub>2<\/sub><\/span>\n\t\t\t\t<\/p>\n<\/td>\n<td style=\"width:107.7pt;border-top:none;border-left:none;border-bottom:solidwindowtext1.0pt;border-right:solidwindowtext1.0pt\" width=\"144\">\n<p style=\"margin-bottom: 0cm;text-align: center\">\n\t\t\t\t\t<span style=\"line-height:normal\">amiin<\/span>\n\t\t\t\t<\/p>\n<\/td>\n<td style=\"width:105.8pt;border-top:none;border-left:none;border-bottom:solidwindowtext1.0pt;border-right:solidwindowtext1.0pt\" width=\"141\">\n<p style=\"margin-bottom: 0cm;text-align: center\">\n\t\t\t\t\t<span style=\"line-height:normal\">jah, v.a \u2013NR<sub>2<\/sub><\/span>\n\t\t\t\t<\/p>\n<\/td>\n<\/tr>\n<tr>\n<td style=\"width:131.55pt;border:solidwindowtext1.0pt;border-top:none\" width=\"175\">\n<p style=\"margin-bottom: 0cm;text-align: center\">\n\t\t\t\t\t<span style=\"line-height:normal\">\u2013CHO<\/span>\n\t\t\t\t<\/p>\n<\/td>\n<td style=\"width:107.7pt;border-top:none;border-left:none;border-bottom:solidwindowtext1.0pt;border-right:solidwindowtext1.0pt\" width=\"144\">\n<p style=\"margin-bottom: 0cm;text-align: center\">\n\t\t\t\t\t<span style=\"line-height:normal\">aldeh\u00fc\u00fcd<\/span>\n\t\t\t\t<\/p>\n<\/td>\n<td style=\"width:105.8pt;border-top:none;border-left:none;border-bottom:solidwindowtext1.0pt;border-right:solidwindowtext1.0pt\" width=\"141\">\n<p style=\"margin-bottom: 0cm;text-align: center\">\n\t\t\t\t\t<span style=\"line-height:normal\">ei<\/span>\n\t\t\t\t<\/p>\n<\/td>\n<\/tr>\n<tr>\n<td style=\"width:131.55pt;border:solidwindowtext1.0pt;border-top:none\" width=\"175\">\n<p style=\"margin-bottom: 0cm;text-align: center\">\n\t\t\t\t\t<span style=\"line-height:normal\">\u2013CO\u2013<\/span>\n\t\t\t\t<\/p>\n<\/td>\n<td style=\"width:107.7pt;border-top:none;border-left:none;border-bottom:solidwindowtext1.0pt;border-right:solidwindowtext1.0pt\" width=\"144\">\n<p style=\"margin-bottom: 0cm;text-align: center\">\n\t\t\t\t\t<span style=\"line-height:normal\">ketoon<\/span>\n\t\t\t\t<\/p>\n<\/td>\n<td style=\"width:105.8pt;border-top:none;border-left:none;border-bottom:solidwindowtext1.0pt;border-right:solidwindowtext1.0pt\" width=\"141\">\n<p style=\"margin-bottom: 0cm;text-align: center\">\n\t\t\t\t\t<span style=\"line-height:normal\">ei<\/span>\n\t\t\t\t<\/p>\n<\/td>\n<\/tr>\n<tr>\n<td style=\"width:131.55pt;border:solidwindowtext1.0pt;border-top:none\" width=\"175\">\n<p style=\"margin-bottom: 0cm;text-align: center\">\n\t\t\t\t\t<span style=\"line-height:normal\">\u2013COOH<\/span>\n\t\t\t\t<\/p>\n<\/td>\n<td style=\"width:107.7pt;border-top:none;border-left:none;border-bottom:solidwindowtext1.0pt;border-right:solidwindowtext1.0pt\" width=\"144\">\n<p style=\"margin-bottom: 0cm;text-align: center\">\n\t\t\t\t\t<span style=\"line-height:normal\">karboks\u00fc\u00fclhape<\/span>\n\t\t\t\t<\/p>\n<\/td>\n<td style=\"width:105.8pt;border-top:none;border-left:none;border-bottom:solidwindowtext1.0pt;border-right:solidwindowtext1.0pt\" width=\"141\">\n<p style=\"margin-bottom: 0cm;text-align: center\">\n\t\t\t\t\t<span style=\"line-height:normal\">jah<\/span>\n\t\t\t\t<\/p>\n<\/td>\n<\/tr>\n<tr>\n<td style=\"width:131.55pt;border:solidwindowtext1.0pt;border-top:none\" width=\"175\">\n<p style=\"margin-bottom: 0cm;text-align: center\">\n\t\t\t\t\t<span style=\"line-height:normal\">\u2013COO\u2013<\/span>\n\t\t\t\t<\/p>\n<\/td>\n<td style=\"width:107.7pt;border-top:none;border-left:none;border-bottom:solidwindowtext1.0pt;border-right:solidwindowtext1.0pt\" width=\"144\">\n<p style=\"margin-bottom: 0cm;text-align: center\">\n\t\t\t\t\t<span style=\"line-height:normal\">ester<\/span>\n\t\t\t\t<\/p>\n<\/td>\n<td style=\"width:105.8pt;border-top:none;border-left:none;border-bottom:solidwindowtext1.0pt;border-right:solidwindowtext1.0pt\" width=\"141\">\n<p style=\"margin-bottom: 0cm;text-align: center\">\n\t\t\t\t\t<span style=\"line-height:normal\">ei<\/span>\n\t\t\t\t<\/p>\n<\/td>\n<\/tr>\n<tr>\n<td style=\"width:131.55pt;border:solidwindowtext1.0pt;border-top:none\" width=\"175\">\n<p style=\"margin-bottom: 0cm;text-align: center\">\n\t\t\t\t\t<span style=\"line-height:normal\">\u2013CONH<sub>2<\/sub>, \u2013CONHR, \u2013CONR<sub>2<\/sub><\/span>\n\t\t\t\t<\/p>\n<\/td>\n<td style=\"width:107.7pt;border-top:none;border-left:none;border-bottom:solidwindowtext1.0pt;border-right:solidwindowtext1.0pt\" width=\"144\">\n<p style=\"margin-bottom: 0cm;text-align: center\">\n\t\t\t\t\t<span style=\"line-height:normal\">amiid<\/span>\n\t\t\t\t<\/p>\n<\/td>\n<td style=\"width:105.8pt;border-top:none;border-left:none;border-bottom:solidwindowtext1.0pt;border-right:solidwindowtext1.0pt\" width=\"141\">\n<p style=\"margin-bottom: 0cm;text-align: center\">\n\t\t\t\t\t<span style=\"line-height:normal\">jah, v.a \u2013CONR<sub>2<\/sub><\/span>\n\t\t\t\t<\/p>\n<\/td>\n<\/tr>\n<\/tbody>\n<\/table>\n<p style=\"text-align: center\">\n\t\u00a0\n<\/p>\n<h2>\n\tOlulisemad reaktsioonid<br>\n<\/h2>\n<ol>\n<li>\n\t\talkaan + halogeen <span lang=\"ET\" style=\",serif\">\u2192<\/span> halogeeni\u00fchend + vesinikhalogeniid (toimumiseks on vaja UV-kiirgust v\u00f5i kuumutamist)\n\t<\/li>\n<li>\n\t\talkeen + halogeen <span lang=\"ET\" style=\",serif\">\u2192<\/span> halogeeni\u00fchend\n\t<\/li>\n<li>\n\t\talkeen + vesinikhalogeniid <span lang=\"ET\" style=\",serif\">\u2192<\/span> halogeeni\u00fchend\n\t<\/li>\n<li>\n\t\talkeen + vesinik <span lang=\"ET\" style=\",serif\">\u2192<\/span> alkaan (toimumiseks on vaja katal\u00fcsaatorit, nt Pt)\n\t<\/li>\n<li>\n\t\tareen + halogeen <span lang=\"ET\" style=\",serif\">\u2192<\/span> halogeeni\u00fchend + vesinikhalogeniid (toimumiseks v\u00f5ib olla vajalik katal\u00fcsaatori, nt Fe<sup>3+<\/sup>\u2013 v\u00f5i Al<sup>3+<\/sup>-soola\u00a0 kasutamine)\n\t<\/li>\n<li>\n\t\talkoholi oks\u00fcdeerumine <span lang=\"ET\" style=\",serif\">\u2192<\/span> aldeh\u00fc\u00fcd v\u00f5i ketoon\n\t<\/li>\n<li>\n\t\taldeh\u00fc\u00fcdi oks\u00fcdeerumine <span lang=\"ET\" style=\",serif\">\u2192<\/span> karboks\u00fc\u00fclhape\n\t<\/li>\n<li>\n\t\tkarboks\u00fc\u00fclhape + alus <span lang=\"ET\" style=\",serif\">\u2192<\/span> karboks\u00fc\u00fclhappe sool + vesi\n\t<\/li>\n<li>\n\t\tkarboks\u00fc\u00fclhape + aluseline oksiid <span lang=\"ET\" style=\",serif\">\u2192<\/span> karboks\u00fc\u00fclhappe sool + vesi\n\t<\/li>\n<li>\n\t\tkarboks\u00fc\u00fclhape + (suhteliselt) aktiivne metall <span lang=\"ET\" style=\",serif\">\u2192<\/span> karboks\u00fc\u00fclhappe sool + vesinik\n\t<\/li>\n<li>\n\t\tkarboks\u00fc\u00fclhape + n\u00f5rgema\/ebap\u00fcsivama happe sool <span lang=\"ET\" style=\",serif\">\u2192<\/span> karboks\u00fc\u00fclhappe sool + n\u00f5rgem hape (kui tekib H<sub>2<\/sub>CO<sub>3<\/sub>, laguneb see s\u00fcsinikdioksiidiks ja veeks)\n\t<\/li>\n<li>\n\t\tkarboks\u00fc\u00fclhape + alkohol <span lang=\"ET\" style=\",serif\">\u2192<\/span> ester + vesi (toimumiseks on vaja katal\u00fcsaatorit, nt hapet)\n\t<\/li>\n<li>\n\t\tester + vesi <span lang=\"ET\" style=\",serif\">\u2192<\/span> karboks\u00fc\u00fclhape + alkohol (toimumiseks on vaja katal\u00fcsaatorit, nt hapet)\n\t<\/li>\n<li>\n\t\tester + leelis <span lang=\"ET\" style=\",serif\">\u2192<\/span> karboks\u00fc\u00fclhappe sool + alkohol\n\t<\/li>\n<\/ol>\n","protected":false},"excerpt":{"rendered":"<p>Tabel 1. Orgaaniliste ainete polaarsus Praktiliselt mittepolaarsed ained V\u00e4hepolaarsed ained M\u00f5\u00f5dukaltpolaarsed ained Tugevalt polaarsed ained S\u00fcsivesinikud Eetrid, estrid, halogeeni\u00fchendid Amiinid, aldeh\u00fc\u00fcdid, ketoonid Amiidid, karboks\u00fc\u00fclhapped, alkoholid \u00a0 Tabel 2. Aineklassid ja vesiniksidemed Funktsionaalr\u00fchm\/iseloomulik struktuuriosa Aineklass Kas molekulid annavad omavahel vesiniksidemeid? \u2013OH &#8230;<\/p>\n","protected":false},"author":269,"featured_media":0,"parent":0,"menu_order":0,"comment_status":"closed","ping_status":"closed","template":"","meta":{"_acf_changed":false,"inline_featured_image":false,"footnotes":""},"class_list":["post-61","page","type-page","status-publish","hentry"],"acf":[],"_links":{"self":[{"href":"https:\/\/sisu.ut.ee\/huvitavkeemia\/wp-json\/wp\/v2\/pages\/61","targetHints":{"allow":["GET"]}}],"collection":[{"href":"https:\/\/sisu.ut.ee\/huvitavkeemia\/wp-json\/wp\/v2\/pages"}],"about":[{"href":"https:\/\/sisu.ut.ee\/huvitavkeemia\/wp-json\/wp\/v2\/types\/page"}],"author":[{"embeddable":true,"href":"https:\/\/sisu.ut.ee\/huvitavkeemia\/wp-json\/wp\/v2\/users\/269"}],"replies":[{"embeddable":true,"href":"https:\/\/sisu.ut.ee\/huvitavkeemia\/wp-json\/wp\/v2\/comments?post=61"}],"version-history":[{"count":1,"href":"https:\/\/sisu.ut.ee\/huvitavkeemia\/wp-json\/wp\/v2\/pages\/61\/revisions"}],"predecessor-version":[{"id":430,"href":"https:\/\/sisu.ut.ee\/huvitavkeemia\/wp-json\/wp\/v2\/pages\/61\/revisions\/430"}],"wp:attachment":[{"href":"https:\/\/sisu.ut.ee\/huvitavkeemia\/wp-json\/wp\/v2\/media?parent=61"}],"curies":[{"name":"wp","href":"https:\/\/api.w.org\/{rel}","templated":true}]}}