{"id":53,"date":"2024-04-04T07:30:19","date_gmt":"2024-04-04T04:30:19","guid":{"rendered":"https:\/\/sisu.ut.ee\/huvitavkeemia\/51-keemiline-side\/"},"modified":"2025-04-22T10:55:04","modified_gmt":"2025-04-22T07:55:04","slug":"51-keemiline-side","status":"publish","type":"page","link":"https:\/\/sisu.ut.ee\/huvitavkeemia\/51-keemiline-side\/","title":{"rendered":"5.1. Keemiline side"},"content":{"rendered":"<h5>Ainetes on \u00fcksikud aatomid enamasti ebap\u00fcsivad, mist\u00f5ttu \u00fchinevad nad molekulideks v\u00f5i kristallideks.<\/h5>\n<p>Ainult v\u00e4hesed keemilised elemendid\u00a0esinevad looduses vabade aatomitena. Ainetes on \u00fcksikud aatomid enamasti\u00a0ebap\u00fcsivad, mist\u00f5ttu \u00fchinevad nad suuremateks osakesteks \u2013 molekulideks v\u00f5i kristallideks. Seega enamike ainete korral on keemilise elemendi aatomid vastastiktoimes sama elemendi v\u00f5i m\u00f5ne teise elemendi aatomitega. Aatomitevahelist toimet nimetatakse keemiliseks sidemeks. Sideme konkreetseks tekkep\u00f5hjuseks on aatomeid siduvate \u00fchiste elektronpaaride moodustumine v\u00f5i aatomitest tekkinud vastaslaenguga ioonide t\u00f5mbumine.<\/p>\n<h2>Keemilise sideme moodustumine<\/h2>\n<h5>Keemilise sideme tekkimisel vabaneb alati energiat.<\/h5>\n<p>Keemilise sideme tekkimisel vabaneb alati energiat (vaata joonist 1). Molekulide tekkimine aatomitest ja molekulide lagunemine aatomiteks on kaks vastassuunalist protsessi. Molekuli lagundamiseks tuleb l\u00f5hkuda keemilisi sidemeid, milleks kulub energiat.<\/p>\n<p style=\"text-align: center;\"><img loading=\"lazy\" decoding=\"async\" width=\"722\" height=\"742\" class=\"alignnone wp-image-352\" style=\"width: 300px; height: 308px;\" title=\"screenshot_2022-03-25_at_16.07.58.png\" src=\"https:\/\/sisu.ut.ee\/wp-content\/uploads\/sites\/524\/screenshot_2022-03-25_at_16.07.58.png\" alt=\"pilt\" srcset=\"https:\/\/sisu.ut.ee\/wp-content\/uploads\/sites\/524\/screenshot_2022-03-25_at_16.07.58.png 722w, https:\/\/sisu.ut.ee\/wp-content\/uploads\/sites\/524\/screenshot_2022-03-25_at_16.07.58-292x300.png 292w\" sizes=\"auto, (max-width: 722px) 100vw, 722px\"><\/p>\n<h6 style=\"text-align: center;\">Joonis 1. Energiamuutused keemilise sideme tekkel (1) ja lagunemisel (2)<\/h6>\n<h5>Molekulil on alati madalam energia kui tema koosseisus olevatel \u00fcksikutel aatomitel.<\/h5>\n<p>Molekul\u00a0on v\u00e4ikseim iseseisev osake ja koosneb kovalentse(te) sideme(te)ga seotud aatomitest. Molekulil on alati madalam energia kui tema koosseisus olevatel \u00fcksikutel aatomitel.<\/p>\n<p>Keemiline side on aatomitevaheline vastastiktoime, mis on seotud aatomorbitaalide osalise kattumisega, mis v\u00e4hendab s\u00fcsteemi energiat. Keemilise sideme liigid on kovalentne side, iooniline side, metalliline side ja vesinikside.<\/p>\n<h2>Kovalentne side<\/h2>\n<p>Kovalentne side on aatomitevaheline side, mis tekib \u00fchiste elektronipaaride moodustumisel. Selleks on kaks v\u00f5imalust. K\u00f5ige sagedamini moodustub \u00fchine elektronipaar viisil, kus m\u00f5lemad aatomid annavad selleks \u00fche elektroni. N\u00e4iteks vesinikumolekul tekib, kui m\u00f5lemad vesinikuaatomid annavad oma elektroni sideme moodustamiseks (joonis 2).<\/p>\n<p style=\"text-align: center;\"><img loading=\"lazy\" decoding=\"async\" width=\"1198\" height=\"286\" class=\"alignnone wp-image-344\" style=\"width: 700px; height: 167px;\" title=\"screenshot_2022-03-25_at_14.18.39.png\" src=\"https:\/\/sisu.ut.ee\/wp-content\/uploads\/sites\/524\/screenshot_2022-03-25_at_14.18.39.png\" alt=\"pilt\" srcset=\"https:\/\/sisu.ut.ee\/wp-content\/uploads\/sites\/524\/screenshot_2022-03-25_at_14.18.39.png 1198w, https:\/\/sisu.ut.ee\/wp-content\/uploads\/sites\/524\/screenshot_2022-03-25_at_14.18.39-300x72.png 300w, https:\/\/sisu.ut.ee\/wp-content\/uploads\/sites\/524\/screenshot_2022-03-25_at_14.18.39-1024x244.png 1024w, https:\/\/sisu.ut.ee\/wp-content\/uploads\/sites\/524\/screenshot_2022-03-25_at_14.18.39-768x183.png 768w\" sizes=\"auto, (max-width: 1198px) 100vw, 1198px\"><\/p>\n<h6 style=\"text-align: center;\">Joonis 2. Vesinikumolekuli teke. Vasakul on kujutatud H<sub>2<\/sub> moelkuli teket ruutskeemina, paremal on toodud sf\u00e4\u00e4riliste 1s orbitaalide kattumine ja \u00fchise elektronpaari moodustumine. Allikas: <a title=\"\" href=\"https:\/\/en.wikipedia.org\/wiki\/Covalent_bond\" target=\"_blank\" rel=\"noopener\" data-url=\"https:\/\/en.wikipedia.org\/wiki\/Covalent_bond\"><span lang=\"ET\"><span style=\"line-height: 107%;\">https:\/\/en.wikipedia.org\/wiki\/Covalent_bond<\/span><\/span><\/a><\/h6>\n<p>L\u00e4mmastikuaatomil on v\u00e4liskihis 5 elektroni, 3 neist on paardumata. L\u00e4mmastikuaatomi paardumata elektronid \u00fchinevad vesinikuaatomite elektronidega \u2013 tekivad \u00fchised elektronpaarid ehk moodustub kolm keemilist sidet (joonis 3).<\/p>\n<p style=\"text-align: center;\"><img loading=\"lazy\" decoding=\"async\" width=\"1276\" height=\"526\" class=\"alignnone wp-image-345\" style=\"width: 600px; height: 247px;\" title=\"screenshot_2022-03-25_at_14.19.40.png\" src=\"https:\/\/sisu.ut.ee\/wp-content\/uploads\/sites\/524\/screenshot_2022-03-25_at_14.19.40.png\" alt=\"pilt\" srcset=\"https:\/\/sisu.ut.ee\/wp-content\/uploads\/sites\/524\/screenshot_2022-03-25_at_14.19.40.png 1276w, https:\/\/sisu.ut.ee\/wp-content\/uploads\/sites\/524\/screenshot_2022-03-25_at_14.19.40-300x124.png 300w, https:\/\/sisu.ut.ee\/wp-content\/uploads\/sites\/524\/screenshot_2022-03-25_at_14.19.40-1024x422.png 1024w, https:\/\/sisu.ut.ee\/wp-content\/uploads\/sites\/524\/screenshot_2022-03-25_at_14.19.40-768x317.png 768w\" sizes=\"auto, (max-width: 1276px) 100vw, 1276px\"><\/p>\n<h6 style=\"text-align: center;\">Joonis 3. NH<sub>3<\/sub> teke<\/h6>\n<p>Osakese v\u00e4liskihi elektrone ja keemilist sidet kujutatakse ka t\u00e4ppskeemina:<\/p>\n<p style=\"margin-left: 40px;\"><b>\u0387<\/b> \u00fcksik t\u00e4pp t\u00e4histab \u00fchte elektroni v\u00e4lisel elektronkihil,<\/p>\n<p style=\"margin-left: 40px;\"><b>:<\/b> kaks t\u00e4ppi t\u00e4histab elektronpaari,<\/p>\n<p style=\"margin-left: 40px;\">\u2011 t\u00e4histab \u00fcksiksidet,<\/p>\n<p style=\"margin-left: 40px;\"><b>=<\/b> t\u00e4histab kaksiksidet,<\/p>\n<p style=\"margin-left: 40px;\"><b>\u2261<\/b> t\u00e4histab kolmiksidet.<\/p>\n<p style=\"text-align: center;\"><img loading=\"lazy\" decoding=\"async\" width=\"920\" height=\"362\" class=\"alignnone wp-image-346\" style=\"width: 400px; height: 157px;\" title=\"screenshot_2022-03-25_at_14.20.27.png\" src=\"https:\/\/sisu.ut.ee\/wp-content\/uploads\/sites\/524\/screenshot_2022-03-25_at_14.20.27.png\" alt=\"pilt\" srcset=\"https:\/\/sisu.ut.ee\/wp-content\/uploads\/sites\/524\/screenshot_2022-03-25_at_14.20.27.png 920w, https:\/\/sisu.ut.ee\/wp-content\/uploads\/sites\/524\/screenshot_2022-03-25_at_14.20.27-300x118.png 300w, https:\/\/sisu.ut.ee\/wp-content\/uploads\/sites\/524\/screenshot_2022-03-25_at_14.20.27-768x302.png 768w\" sizes=\"auto, (max-width: 920px) 100vw, 920px\"><\/p>\n<h6 style=\"text-align: center;\">Joonis 4. NH<sub>3 <\/sub>molekuli tekkimine\u00a0t\u00e4ppskeemiga<\/h6>\n<p>Teine v\u00f5imalus keemilise sideme tekkeks on, kui \u00fcks osake annab elektronpaari ja teine t\u00fchja orbitaali. N\u00e4iteks NH<sub>3<\/sub> molekul seob prootoni H<sup>+<\/sup>, mille tulemusena tekib N-H side NH<sub>4<\/sub><sup>+\u00a0<\/sup>ioon (joonis 5).<\/p>\n<p style=\"text-align: center;\"><img loading=\"lazy\" decoding=\"async\" width=\"535\" height=\"315\" class=\"alignnone wp-image-353\" style=\"width: 500px; height: 294px;\" title=\"thumbnail_image005.png\" src=\"https:\/\/sisu.ut.ee\/wp-content\/uploads\/sites\/524\/thumbnail_image005.png\" alt=\"pilt\" srcset=\"https:\/\/sisu.ut.ee\/wp-content\/uploads\/sites\/524\/thumbnail_image005.png 535w, https:\/\/sisu.ut.ee\/wp-content\/uploads\/sites\/524\/thumbnail_image005-300x177.png 300w\" sizes=\"auto, (max-width: 535px) 100vw, 535px\"><\/p>\n<h6 style=\"text-align: center;\">Joonis 5. NH<sub>4<\/sub><sup>+<\/sup> iooni moodustumine<\/h6>\n<h2>Sideme polaarsus<\/h2>\n<p>Kovalentne side v\u00f5ib olla mittepolaarne (kui elektronpaar on jagatud v\u00f5rdselt m\u00f5lema aatomi vahel) v\u00f5i polaarne (kui elektronpaar on t\u00f5mmatud rohkem \u00fche aatomi poole). Kovalentse sideme hindamiseks kasutatakse keemias suurust <strong>elektronegatiivsus<\/strong> (elektronegatiivsust t\u00e4histatakse s\u00fcmboliga \u03c7, elektronegatiivsuste v\u00e4\u00e4rtusi vaata jooniselt 6). Elektronegatiivsus n\u00e4itab elemendi aatomite v\u00f5imet t\u00f5mmata enda poole \u00fchist elektronpaari. Elektronegatiivsus suureneb perioodis vasakult paremale ja r\u00fchmas alt \u00fcles. K\u00f5ige suurem elektronegatiivsus on fluoriaatomil ja k\u00f5ige v\u00e4iksem tseesiumiaatomil.<\/p>\n<p style=\"text-align: center;\"><img loading=\"lazy\" decoding=\"async\" width=\"2724\" height=\"1026\" class=\"alignnone wp-image-354\" style=\"width: 800px; height: 301px;\" title=\"screenshot_2022-04-01_at_09.49.32.png\" src=\"https:\/\/sisu.ut.ee\/wp-content\/uploads\/sites\/524\/screenshot_2022-04-01_at_09.49.32.png\" alt=\"pilt\" srcset=\"https:\/\/sisu.ut.ee\/wp-content\/uploads\/sites\/524\/screenshot_2022-04-01_at_09.49.32.png 2724w, https:\/\/sisu.ut.ee\/wp-content\/uploads\/sites\/524\/screenshot_2022-04-01_at_09.49.32-300x113.png 300w, https:\/\/sisu.ut.ee\/wp-content\/uploads\/sites\/524\/screenshot_2022-04-01_at_09.49.32-1024x386.png 1024w, https:\/\/sisu.ut.ee\/wp-content\/uploads\/sites\/524\/screenshot_2022-04-01_at_09.49.32-768x289.png 768w, https:\/\/sisu.ut.ee\/wp-content\/uploads\/sites\/524\/screenshot_2022-04-01_at_09.49.32-1536x579.png 1536w, https:\/\/sisu.ut.ee\/wp-content\/uploads\/sites\/524\/screenshot_2022-04-01_at_09.49.32-2048x771.png 2048w, https:\/\/sisu.ut.ee\/wp-content\/uploads\/sites\/524\/screenshot_2022-04-01_at_09.49.32-1920x723.png 1920w\" sizes=\"auto, (max-width: 2724px) 100vw, 2724px\"><\/p>\n<h6 style=\"text-align: center;\">Joonis 6. M\u00f5nede elementide elektronegatiivsuste v\u00e4\u00e4rtused. Allikas:\u00a0<a title=\"\" href=\"https:\/\/ptable.com\/?lang=et#Properties\/Electronegativity\" target=\"_blank\" rel=\"noopener\" data-url=\"https:\/\/ptable.com\/?lang=et#Properties\/Electronegativity\">https:\/\/ptable.com\/?lang=et#Properties\/Electronegativity<\/a><\/h6>\n<p>Lihtainete kaheaatomilistes molekulides (H<sub>2<\/sub>, O<sub>2<\/sub>, N<sub>2<\/sub> jt) on \u00fchine elektronpaar v\u00f5rdselt m\u00f5lema aatomi valduses, sest aatomid seovad elektronpaari \u00fchesuguse tugevusega (vt joonist 7). V\u00e4ga tihti on aga kovalentne side moodustunud eri t\u00fc\u00fcpi aatomite vahel (H<sub>2<\/sub>O, HI, NaCl jt). Need aatomid m\u00f5jutavad \u00fchist elektronpaari erinevalt, kuna on erineva suuruse\u00a0ning tuumalaenguga. \u00dchine elektronpaar on alati t\u00f5mmatud mittemetallilisema elemendi\u00a0ehk elektronegatiivsema elemendi aatomi poole.<\/p>\n<p style=\"text-align: center;\"><img loading=\"lazy\" decoding=\"async\" width=\"1566\" height=\"296\" class=\"alignnone wp-image-349\" style=\"width: 700px; height: 132px;\" title=\"screenshot_2022-03-25_at_14.22.39.png\" src=\"https:\/\/sisu.ut.ee\/wp-content\/uploads\/sites\/524\/screenshot_2022-03-25_at_14.22.39.png\" alt=\"pilt\" srcset=\"https:\/\/sisu.ut.ee\/wp-content\/uploads\/sites\/524\/screenshot_2022-03-25_at_14.22.39.png 1566w, https:\/\/sisu.ut.ee\/wp-content\/uploads\/sites\/524\/screenshot_2022-03-25_at_14.22.39-300x57.png 300w, https:\/\/sisu.ut.ee\/wp-content\/uploads\/sites\/524\/screenshot_2022-03-25_at_14.22.39-1024x194.png 1024w, https:\/\/sisu.ut.ee\/wp-content\/uploads\/sites\/524\/screenshot_2022-03-25_at_14.22.39-768x145.png 768w, https:\/\/sisu.ut.ee\/wp-content\/uploads\/sites\/524\/screenshot_2022-03-25_at_14.22.39-1536x290.png 1536w\" sizes=\"auto, (max-width: 1566px) 100vw, 1566px\"><\/p>\n<h6 style=\"text-align: center;\">Joonis 7. a) mittepolaarne kovalentne side, kus elektronpar on jagatud kahe aatomi vahel v\u00f5dselt, b) polaarne kovalentne side, kus \u00fchine elektronpaar on t\u00f5mmatud elektronegatiivsema elemendi poole, c) iooniline side, kus elektron on l\u00e4inud elektronegatiivsemale aatomile.<\/h6>\n<p><strong>Polaarse kovalentse sideme<\/strong> puhul on aatomeid siduv \u00fchine elektronpaar t\u00f5mmatud elektronegatiivsema elemendi aatomi poole ja molekulide osadel on erinimelised osalaengud. <span lang=\"ET\" style=\"color: black;\">Mida rohkem on \u00fchine elektronpaar ehk elektronpilv t\u00f5mmatud elektronegatiivsema elemendi aatomi poole, seda polaarsem on side. N\u00e4iteks vesinikkloriidi molekulis on vesinik v\u00e4iksema elektronegatiivusega\u00a0kui kloori aatom ning \u00fchine elektronpilv on t\u00f5mmatud kloori aatomi poole: <sup>\u03b4+<\/sup>H :Cl<sup>\u03b4-.<\/sup> Vesiniku aatom on laetud positiivselt ja kloori aatom negatiivselt.<\/span><\/p>\n<p><strong>Mittepolaarse kovalentse sideme<\/strong> korral on aatomeid siduv elektronpaar v\u00f5rdselt m\u00f5lema aatomi valduses.<\/p>\n<p><strong>Iooniline side <\/strong>esineb vastasm\u00e4rgiliste laengutega ioonide vahel\u00a0 kristalliv\u00f5res. Iooniline side kujutab endast polaarse kovalentse sideme \u00fcht \u00e4\u00e4rmuslikku piirjuhtu (teine piirjuht on mittepolaarne side). Ioonilise sideme korral on aatomeid siduv \u00fchine elektronpaar t\u00e4ielikult \u00fcle l\u00e4inud elektronegatiivsema elemendi aatomile, mille tulemusena on tekkinud vastasm\u00e4rgiliste laengutega ioonid. Vastasm\u00e4rgilisi ioone hoiavad koos elektrostaatilised t\u00f5mbej\u00f5ud (joonis 6 c).<\/p>\n<p>Elektronegatiivsuste suhtelise erinevuse j\u00e4rgi saab m\u00e4\u00e4rata kovalentse sideme alaliike. Elektronegatiivsuste suhtelist erinevust t\u00e4histatakse s\u00fcmboliga\u00a0\u0394\u03c7 ning selle leidmiseks tuleb lahutada \u00fchendis keemilist sidet moodustavate\u00a0elementide\u00a0elektronegatiivsuste v\u00e4\u00e4rtused.\u00a0HCl korral \u0394\u03c7 = \u03c7<sub>kloor\u00a0<\/sub>\u2013 \u03c7<sub>vesinik\u00a0<\/sub>= 3,2\u00a0\u2013 2,2 =1.<\/p>\n<p>Kui \u0394\u03c7 &lt; 0,5, siis on tegemist kovalentse mittepolaarse sidemega (H<sub>2<\/sub>, Cl<sub>2<\/sub>, aga ka molekulid, mille elektronegatiivsuste erinevus on v\u00e4ga v\u00e4ike).<\/p>\n<p>Kui 0,5 &lt; \u0394\u03c7 &lt; 2,0 loetakse side kovalentseks polaarseks (HF, HCl, H<sub>2<\/sub>O).<\/p>\n<p>Kui \u0394\u03c7 &gt; 2,0, loetakse side valdavalt iooniliseks (NaCl).<\/p>\n<h2>Vesinikside<\/h2>\n<p>Vesinikside on v\u00e4ga laialt levinud ning m\u00f5jutab paljude protsesside kulgemist. N\u00e4iteks vesiniksidemete teke soodustab aine lahustumist. \u00dche aatomiga tekib vesinikul tugev side \u2013 kovalentne polaarne side, teisega n\u00f5rgem \u2013 nn vesinikside (vaata joonist 8). HF molekulis on \u00fchine elektronpaar t\u00f5mmatud fluori aatomi poole, kusjuures vesiniku aatom on j\u00e4\u00e4nud peaaegu elektronpaarita. F aatomil on negatiivne osalaeng (\u03b4-) ning vesiniku aatomil positiivne osalaeng (\u03b4+). H-side tekib postiivse osalanguga vesinikuaatomi ja teise HF molekuli negatiivse osalaleguga fluoriaatomi vahel. H-sidet m\u00e4rgitakse skeemides punktiirjoonena.<\/p>\n<p style=\"text-align: center;\"><img loading=\"lazy\" decoding=\"async\" width=\"630\" height=\"342\" class=\"alignnone wp-image-350\" style=\"width: 300px; height: 163px;\" title=\"screenshot_2022-03-25_at_14.23.30.png\" src=\"https:\/\/sisu.ut.ee\/wp-content\/uploads\/sites\/524\/screenshot_2022-03-25_at_14.23.30.png\" alt=\"pilt\" srcset=\"https:\/\/sisu.ut.ee\/wp-content\/uploads\/sites\/524\/screenshot_2022-03-25_at_14.23.30.png 630w, https:\/\/sisu.ut.ee\/wp-content\/uploads\/sites\/524\/screenshot_2022-03-25_at_14.23.30-300x163.png 300w\" sizes=\"auto, (max-width: 630px) 100vw, 630px\"><\/p>\n<h6 style=\"text-align: center;\">Joonis 8. Vesinikside vesinikfluoriidis<\/h6>\n<p>Vesinikside on elektronegatiivse elemendiaatomi (F, O, N) ja polaarse sidemega seotud vesinikuaatomi vaheline t\u00e4iendav side ja on n\u00f5rgem, kui kovalentne side (H-sideme n\u00e4ide veemolekulide vahel joonis 9). Enamasti esineb H-side molekulide vahel, kuid v\u00f5ib esineda ka suuremate molekulide erinevate osade vahel (n\u00e4iteks DNAs ja RNAs).<\/p>\n<p style=\"text-align: center;\"><img loading=\"lazy\" decoding=\"async\" width=\"558\" height=\"576\" class=\"alignnone wp-image-351\" style=\"width: 200px; height: 206px;\" title=\"screenshot_2022-03-25_at_14.24.13.png\" src=\"https:\/\/sisu.ut.ee\/wp-content\/uploads\/sites\/524\/screenshot_2022-03-25_at_14.24.13.png\" alt=\"pilt\" srcset=\"https:\/\/sisu.ut.ee\/wp-content\/uploads\/sites\/524\/screenshot_2022-03-25_at_14.24.13.png 558w, https:\/\/sisu.ut.ee\/wp-content\/uploads\/sites\/524\/screenshot_2022-03-25_at_14.24.13-291x300.png 291w\" sizes=\"auto, (max-width: 558px) 100vw, 558px\"><\/p>\n<h6 style=\"text-align: center;\">Joonis 9. Vesinikside veemolekulide vahel (m\u00e4rgitud\u00a0 1-ga). Allikas: <a title=\"\" href=\"https:\/\/en.wikipedia.org\/wiki\/Hydrogen_bond\" target=\"_blank\" rel=\"noopener\" data-url=\"https:\/\/en.wikipedia.org\/wiki\/Hydrogen_bond\"><span style=\"line-height: 107%;\">https:\/\/en.wikipedia.org\/wiki\/Hydrogen_bond<\/span><\/a><\/h6>\n<p><\/p><div class=\"accordion mb-3\">\n        <div class=\"accordion-item accordion-item--white\">\n        <h2 class=\"accordion-header\" id=\"accordion-69d56f8200b42-heading\">\n            <button class=\"accordion-button collapsed\" type=\"button\" data-bs-toggle=\"collapse\" data-bs-target=\"#accordion-69d56f8200b42-collapse\" aria-expanded=\"true\" aria-controls=\"accordion-69d56f8200b42-collapse\">\u00dcleanne 1<\/button>\n        <\/h2>\n        <div id=\"accordion-69d56f8200b42-collapse\" class=\"accordion-collapse collapse\" aria-labelledby=\"accordion-69d56f8200b42-heading\">\n            <div class=\"accordion-body\">\n\n\n<div class=\"h5p-iframe-wrapper\"><div class=\"video-placeholder-wrapper video-placeholder-wrapper--fixed\" style=\"height: 366px;\">\n\t\t\t    <div class=\"video-placeholder d-flex justify-content-center align-items-center\">\n\t\t\t        <div class=\"overlay text-white p-2 w-100 text-center d-block justify-content-center align-items-center\">\n\t\t\t            <div>Kolmandate osapoolte sisu n\u00e4gemiseks palun n\u00f5ustu k\u00fcpsistega.<\/div>\n\t\t\t            <button class=\"btn btn-secondary btn-sm mt-1 consent-change\">Muuda n\u00f5usolekut<\/button>\n\t\t\t        <\/div>\n\t\t\t    <\/div>\n\t\t\t<\/div>\n<\/div>\n\n\n<p><\/p><\/div>\n        <\/div>\n        <\/div>\n    <\/div>","protected":false},"excerpt":{"rendered":"<p>Ainetes on \u00fcksikud aatomid enamasti ebap\u00fcsivad, mist\u00f5ttu \u00fchinevad nad molekulideks v\u00f5i kristallideks. Ainult v\u00e4hesed keemilised elemendid\u00a0esinevad looduses vabade aatomitena. Ainetes on \u00fcksikud aatomid enamasti\u00a0ebap\u00fcsivad, mist\u00f5ttu \u00fchinevad nad suuremateks osakesteks \u2013 molekulideks v\u00f5i kristallideks. Seega enamike ainete korral on keemilise elemendi &#8230;<\/p>\n","protected":false},"author":269,"featured_media":0,"parent":0,"menu_order":0,"comment_status":"closed","ping_status":"closed","template":"","meta":{"_acf_changed":false,"inline_featured_image":false,"footnotes":""},"class_list":["post-53","page","type-page","status-publish","hentry"],"acf":[],"_links":{"self":[{"href":"https:\/\/sisu.ut.ee\/huvitavkeemia\/wp-json\/wp\/v2\/pages\/53","targetHints":{"allow":["GET"]}}],"collection":[{"href":"https:\/\/sisu.ut.ee\/huvitavkeemia\/wp-json\/wp\/v2\/pages"}],"about":[{"href":"https:\/\/sisu.ut.ee\/huvitavkeemia\/wp-json\/wp\/v2\/types\/page"}],"author":[{"embeddable":true,"href":"https:\/\/sisu.ut.ee\/huvitavkeemia\/wp-json\/wp\/v2\/users\/269"}],"replies":[{"embeddable":true,"href":"https:\/\/sisu.ut.ee\/huvitavkeemia\/wp-json\/wp\/v2\/comments?post=53"}],"version-history":[{"count":6,"href":"https:\/\/sisu.ut.ee\/huvitavkeemia\/wp-json\/wp\/v2\/pages\/53\/revisions"}],"predecessor-version":[{"id":1268,"href":"https:\/\/sisu.ut.ee\/huvitavkeemia\/wp-json\/wp\/v2\/pages\/53\/revisions\/1268"}],"wp:attachment":[{"href":"https:\/\/sisu.ut.ee\/huvitavkeemia\/wp-json\/wp\/v2\/media?parent=53"}],"curies":[{"name":"wp","href":"https:\/\/api.w.org\/{rel}","templated":true}]}}