{"id":50,"date":"2024-04-04T07:30:19","date_gmt":"2024-04-04T04:30:19","guid":{"rendered":"https:\/\/sisu.ut.ee\/huvitavkeemia\/avaleht\/"},"modified":"2026-01-09T15:09:30","modified_gmt":"2026-01-09T13:09:30","slug":"avaleht","status":"publish","type":"page","link":"https:\/\/sisu.ut.ee\/huvitavkeemia\/","title":{"rendered":"Avaleht"},"content":{"rendered":"<h3 style=\"text-align: center;\"><div class=\"ratio ratio-16x9 mb-3\"><div class=\"video-placeholder-wrapper video-placeholder-wrapper--16x9\">\n\t\t\t    <div class=\"video-placeholder d-flex justify-content-center align-items-center\">\n\t\t\t        <div class=\"overlay text-white p-2 w-100 text-center d-block justify-content-center align-items-center\">\n\t\t\t            <div>Kolmandate osapoolte sisu n\u00e4gemiseks palun n\u00f5ustu k\u00fcpsistega.<\/div>\n\t\t\t            <button class=\"btn btn-secondary btn-sm mt-1 consent-change\">Muuda n\u00f5usolekut<\/button>\n\t\t\t        <\/div>\n\t\t\t    <\/div>\n\t\t\t<\/div>\n<\/div><\/h3>\n<p>Hea \u00f5ppija!<\/p>\n<p dir=\"ltr\">Kas soovid korrata g\u00fcmnaasiumi keemia l\u00f5pueksamiks v\u00f5i vajaks m\u00f5ni keemiatunnis k\u00e4sitletud teema kinnistamist? Kas Sind huvitab keemia ja soovid keemiaga seotud erialal oma \u00f5pinguid j\u00e4tkata? Kui \u201cjah\u201d, siis oled t\u00e4pselt \u00f5iges kohas!<\/p>\n<p dir=\"ltr\">Sul on v\u00f5imalus registreeruda e-kursusele ja l\u00e4bida see t\u00e4ies mahus. Lisaks s\u00fcstemaatilisele t\u00f6\u00f6le \u00f5ppematerjalidega saad igal n\u00e4dalal toimuvatel veebiseminaridel \u00f5ppej\u00f5ududelt vastused Sind huvitavatele k\u00fcsimustele. Kursuse \u00f5ppematerjale\u00a0saad ka iseseisvaks \u00f5ppimiseks kasutada ning endale sobivas tempos huvipakkuvad teemad \u00fcle korrata,\u00a0\u00fclesandeid lahendada ja \u00f5igeid lahendusk\u00e4ike vaadata.<\/p>\n<h5 dir=\"ltr\" style=\"text-align: center;\">Kursus toimub veebis<br>\n20.03-06.06.<br>\n<a href=\"https:\/\/ois2.ut.ee\/#\/trainings\/LTKT.TK.012\/version\/bef57ea4-53f0-2f87-a3a8-328149c269d5\/details\">Registreeri\u00a0kursusele!<\/a><\/h5>\n<p dir=\"ltr\">Sellel kursusel k\u00e4sitleme kaheksa n\u00e4dala jooksul g\u00fcmnaasiumi keemia ainekava teemasid:<\/p>\n<ul dir=\"ltr\">\n<li role=\"presentation\">tuletad meelde anorgaanilise keemia aineklassid ja nendevahelised seosed;<\/li>\n<li role=\"presentation\">teostad nii lahuse koostise kui ka molaararvutusi;<\/li>\n<li role=\"presentation\">\u00f5pid arvutama lahuse kontsentratsioni ning tegema arvutusi saagise, liia ja kaoga;<\/li>\n<li role=\"presentation\">saad teada, millised on keemiliste protsesside seadusp\u00e4rasused;<\/li>\n<li role=\"presentation\">\u00f5pid selgeks metallide f\u00fc\u00fcsikalised ja keemilised omadused ning oskad neid hinnata vastavalt metalli asukohtale perioodilisuse tabelis;<\/li>\n<li role=\"presentation\">tead, mis on mittemetallid, ja tunned t\u00fc\u00fcpiliste mittemetallide omadusi;<\/li>\n<li role=\"presentation\">tutvud orgaaniliste ainete p\u00f5hiklasside ja omadustega;<\/li>\n<li role=\"presentation\">saad teada, millised orgaanilised ained on meid \u00fcmbritsevas keskkonnas, millised on nende ainete omadused ja p\u00f5hilised kasutusalad.<\/li>\n<\/ul>\n<p>Teemade algusest leiad \u00f5ppevideod, mille j\u00e4rel on\u00a0selgitav tekstimaterjal ja n\u00e4idis\u00fclesanded. Iga teema juures leiad \u00fclesanded, millega saad oma teadmisi ja materjalist arusaamist kontrollida.<\/p>\n<p dir=\"ltr\">8-n\u00e4dalane\u00a0<a title=\"\" href=\"https:\/\/moodle.ut.ee\/course\/view.php?id=9630\" target=\"_blank\" rel=\"noopener\" data-url=\"https:\/\/moodle.ut.ee\/course\/view.php?id=9630\">e-kursus Moodle\u2019is<\/a> on jagatud teemadeks. Iga teema kohta toimub veebitund ning tuleb sooritada kokkuv\u00f5tlik test. Kursuse maht on 3 EAP ehk 78 tundi t\u00f6\u00f6d. Kuna sinna sisse on arvestatud igan\u00e4dalane 1,5-tunnine veebitund ning kokkuv\u00f5tliku testi sooritamise aeg, peaksid t\u00e4iendavalt igal n\u00e4dalal planeerima \u00f5ppimiseks umbes 6 tundi sulle sobival ajal.<\/p>\n<p dir=\"ltr\">Kui sooritad k\u00f5ik kursuse \u201cHuvitav keemia\u201d kokkuv\u00f5tlikud testid edukalt (v\u00e4hemalt 75%), siis saad selle kohta Tartu \u00dclikooli digitunnistuse.<\/p>\n<p dir=\"ltr\">Head \u00f5ppimist! Loodame, et saad sellelt kursuselt palju kasulikke teadmisi.<\/p>\n<p dir=\"ltr\">Kursuse on valmis meisterdanud Tartu \u00dclikooli keemia instituudi \u00f5ppej\u00f5ud Joana J\u00f5gela, Heili Kasuk, J\u00f6rgen Metsik, Erki Enkvist, Terje Raudsepp ja Karmen Lust. \u00d5ppematerjalide ja e-kursuse koostamisel abistas tehniliselt Tartu \u00dclikooli \u00f5ppeosakonna elukestva \u00f5ppe keskus.<\/p>\n<p class=\"x\">Kursuse \u00f5ppematerjalide loomist toetas Haridus- ja Teadusministeerium.<\/p>\n<p dir=\"ltr\">\n<\/p>","protected":false},"excerpt":{"rendered":"<p>Kolmandate osapoolte sisu n\u00e4gemiseks palun n\u00f5ustu k\u00fcpsistega. Muuda n\u00f5usolekut Hea \u00f5ppija! Kas soovid korrata g\u00fcmnaasiumi keemia l\u00f5pueksamiks v\u00f5i vajaks m\u00f5ni keemiatunnis k\u00e4sitletud teema kinnistamist? Kas Sind huvitab keemia ja soovid keemiaga seotud erialal oma \u00f5pinguid j\u00e4tkata? Kui \u201cjah\u201d, siis oled &#8230;<\/p>\n","protected":false},"author":269,"featured_media":0,"parent":0,"menu_order":0,"comment_status":"closed","ping_status":"closed","template":"","meta":{"_acf_changed":false,"inline_featured_image":false,"footnotes":""},"class_list":["post-50","page","type-page","status-publish","hentry"],"acf":[],"_links":{"self":[{"href":"https:\/\/sisu.ut.ee\/huvitavkeemia\/wp-json\/wp\/v2\/pages\/50","targetHints":{"allow":["GET"]}}],"collection":[{"href":"https:\/\/sisu.ut.ee\/huvitavkeemia\/wp-json\/wp\/v2\/pages"}],"about":[{"href":"https:\/\/sisu.ut.ee\/huvitavkeemia\/wp-json\/wp\/v2\/types\/page"}],"author":[{"embeddable":true,"href":"https:\/\/sisu.ut.ee\/huvitavkeemia\/wp-json\/wp\/v2\/users\/269"}],"replies":[{"embeddable":true,"href":"https:\/\/sisu.ut.ee\/huvitavkeemia\/wp-json\/wp\/v2\/comments?post=50"}],"version-history":[{"count":6,"href":"https:\/\/sisu.ut.ee\/huvitavkeemia\/wp-json\/wp\/v2\/pages\/50\/revisions"}],"predecessor-version":[{"id":1339,"href":"https:\/\/sisu.ut.ee\/huvitavkeemia\/wp-json\/wp\/v2\/pages\/50\/revisions\/1339"}],"wp:attachment":[{"href":"https:\/\/sisu.ut.ee\/huvitavkeemia\/wp-json\/wp\/v2\/media?parent=50"}],"curies":[{"name":"wp","href":"https:\/\/api.w.org\/{rel}","templated":true}]}}